{"id":10132,"date":"2024-03-07T19:15:02","date_gmt":"2024-03-07T22:15:02","guid":{"rendered":"https:\/\/astroceap.com.br\/ceap\/?page_id=10132"},"modified":"2026-01-30T17:55:18","modified_gmt":"2026-01-30T20:55:18","slug":"novo-curso-do-c-e-a-p-a-pratica-do-atendimento-astrologico","status":"publish","type":"page","link":"https:\/\/astroceap.com.br\/ceap\/novo-curso-do-c-e-a-p-a-pratica-do-atendimento-astrologico\/","title":{"rendered":"NOVO CURSO DO C.E.A.P. &#8211; A PR\u00c1TICA DO ATENDIMENTO ASTROL\u00d3GICO"},"content":{"rendered":"<h2 style=\"text-align: center;\"><span style=\"color: #800000;\">CURSO<\/span><\/h2>\n<h2 style=\"text-align: center;\"><span style=\"color: #800000;\">A PR\u00c1TICA DO ATENDIMENTO ASTROL\u00d3GICO<\/span><\/h2>\n<p><img decoding=\"async\" class=\"aligncenter wp-image-11632 size-full lazyload\" data-src=\"https:\/\/astroceap.com.br\/ceap\/wp-content\/uploads\/2025\/12\/IMAGEM-CURSO_A_PRATICA2.jpeg\" alt=\"\" width=\"640\" height=\"427\" data-srcset=\"https:\/\/astroceap.com.br\/ceap\/wp-content\/uploads\/2025\/12\/IMAGEM-CURSO_A_PRATICA2.jpeg 640w, https:\/\/astroceap.com.br\/ceap\/wp-content\/uploads\/2025\/12\/IMAGEM-CURSO_A_PRATICA2-300x200.jpeg 300w\" data-sizes=\"(max-width: 640px) 100vw, 640px\" src=\"data:image\/svg+xml;base64,PHN2ZyB3aWR0aD0iMSIgaGVpZ2h0PSIxIiB4bWxucz0iaHR0cDovL3d3dy53My5vcmcvMjAwMC9zdmciPjwvc3ZnPg==\" style=\"--smush-placeholder-width: 640px; --smush-placeholder-aspect-ratio: 640\/427;\" \/><\/p>\n<p style=\"text-align: center;\"><span style=\"color: #800000;\"><strong><br \/>\nCONHE\u00c7A NOSSA METODOLOGIA EXCLUSIVA<br \/>\nDE APROFUNDAMENTO DO MAPA EM 12 SESS\u00d5ES (M\u00f3d II)<\/strong><\/span><\/p>\n<p style=\"text-align: center;\"><a class=\"maxbutton-67 maxbutton maxbutton-aprofundamento-12-sessoes-2026\" target=\"_blank\" rel=\"noopener\" href=\"https:\/\/astroceap.com.br\/ceap\/aprofundamento-da-consulta-ao-processo-de-12-sessoes\/\"><span class='mb-text'>CONHE\u00c7A<\/span><\/a><\/p>\n<p><strong><span style=\"color: #000000;\"><br \/>\n<span style=\"color: #800000;\">DESCRITIVO DO CURSO:<\/span><\/span><\/strong><\/p>\n<p><span style=\"color: #000000;\">Este curso visa capacitar o astr\u00f3logo em sua pr\u00e1tica profissional, fornecendo-lhe o ferramental necess\u00e1rio para que possa realizar um atendimento astrol\u00f3gico de excel\u00eancia junto a seus clientes.<\/span><\/p>\n<p><span style=\"color: #000000;\">Na forma\u00e7\u00e3o de astr\u00f3logo, o aluno em geral aprende a parte te\u00f3rica e t\u00e9cnica da astrologia, mas carece de um treinamento sobre o que fazer quando estiver face a face com o seu cliente e como conduzir a consulta e toda a intera\u00e7\u00e3o, de forma eficaz e \u00e9tica.&nbsp;<\/span><\/p>\n<p><span style=\"color: #000000;\">Este curso abordar\u00e1 todas as vicissitudes envolvidas neste processo, desde o primeiro contato na pr\u00e9-consulta com o cliente, passando pelas quest\u00f5es gerais e abrangentes da consulta em si, incluindo um acompanhamento terap\u00eautico p\u00f3s-consulta com 12 sess\u00f5es.<\/span><\/p>\n<p><span style=\"color: #000000;\">Este curso abordar\u00e1 todas as vicissitudes envolvidas neste processo, desde o primeiro contato na pr\u00e9-consulta com o cliente, passando pelas quest\u00f5es gerais e abrangentes da consulta em si, incluindo um acompanhamento terap\u00eautico p\u00f3s-consulta com 12 sess\u00f5es.<\/span><\/p>\n<p style=\"text-align: center;\"><a class=\"maxbutton-61 maxbutton maxbutton-inscricao-a-pratica-2026\" target=\"_blank\" rel=\"noopener\" href=\"https:\/\/astroceap.com.br\/ceap\/inscricoes-a-pratica-do-atendimento-astrologico-2026\/\"><span class='mb-text'>INSCREVA-SE<\/span><\/a><\/p>\n<div style=\"padding: 32.6% 0 0 0; position: relative;\"><iframe style=\"position: absolute; top: 0; left: 0; width: 100%; height: 100%;\" title=\"compilado_depoimentos_alunos\" data-src=\"https:\/\/player.vimeo.com\/video\/1024779793?badge=0&amp;autopause=0&amp;player_id=0&amp;app_id=58479\" frameborder=\"0\" src=\"data:image\/svg+xml;base64,PHN2ZyB3aWR0aD0iMSIgaGVpZ2h0PSIxIiB4bWxucz0iaHR0cDovL3d3dy53My5vcmcvMjAwMC9zdmciPjwvc3ZnPg==\" class=\"lazyload\" data-load-mode=\"1\"><\/iframe><\/div>\n<p><script src=\"https:\/\/player.vimeo.com\/api\/player.js\"><\/script><\/p>\n<p>&nbsp;<\/p>\n<div style=\"padding: 40.6% 0 0 0; position: relative;\"><iframe style=\"position: absolute; top: 0; left: 0; width: 100%; height: 100%;\" title=\"depoimento_monica\" data-src=\"https:\/\/player.vimeo.com\/video\/957940799?badge=0&amp;autopause=0&amp;player_id=0&amp;app_id=58479\" frameborder=\"0\" src=\"data:image\/svg+xml;base64,PHN2ZyB3aWR0aD0iMSIgaGVpZ2h0PSIxIiB4bWxucz0iaHR0cDovL3d3dy53My5vcmcvMjAwMC9zdmciPjwvc3ZnPg==\" class=\"lazyload\" data-load-mode=\"1\"><\/iframe><\/div>\n<p><script src=\"https:\/\/player.vimeo.com\/api\/player.js\"><\/script><\/p>\n<p>&nbsp;<\/p>\n<p style=\"text-align: center;\"><img decoding=\"async\" class=\"alignnone wp-image-10365 lazyload\" data-src=\"https:\/\/astroceap.com.br\/ceap\/wp-content\/uploads\/2024\/06\/depoimento_thatiana-1-300x300.png\" alt=\"\" width=\"321\" height=\"321\" data-srcset=\"https:\/\/astroceap.com.br\/ceap\/wp-content\/uploads\/2024\/06\/depoimento_thatiana-1-300x300.png 300w, https:\/\/astroceap.com.br\/ceap\/wp-content\/uploads\/2024\/06\/depoimento_thatiana-1-150x150.png 150w, https:\/\/astroceap.com.br\/ceap\/wp-content\/uploads\/2024\/06\/depoimento_thatiana-1-768x768.png 768w, https:\/\/astroceap.com.br\/ceap\/wp-content\/uploads\/2024\/06\/depoimento_thatiana-1-230x230.png 230w, https:\/\/astroceap.com.br\/ceap\/wp-content\/uploads\/2024\/06\/depoimento_thatiana-1-330x330.png 330w, https:\/\/astroceap.com.br\/ceap\/wp-content\/uploads\/2024\/06\/depoimento_thatiana-1.png 1024w\" data-sizes=\"(max-width: 321px) 100vw, 321px\" src=\"data:image\/svg+xml;base64,PHN2ZyB3aWR0aD0iMSIgaGVpZ2h0PSIxIiB4bWxucz0iaHR0cDovL3d3dy53My5vcmcvMjAwMC9zdmciPjwvc3ZnPg==\" style=\"--smush-placeholder-width: 321px; --smush-placeholder-aspect-ratio: 321\/321;\" \/> <img decoding=\"async\" class=\"alignnone wp-image-10399 lazyload\" data-src=\"https:\/\/astroceap.com.br\/ceap\/wp-content\/uploads\/2024\/07\/depoimento_monica-300x300.png\" alt=\"\" width=\"320\" height=\"320\" data-srcset=\"https:\/\/astroceap.com.br\/ceap\/wp-content\/uploads\/2024\/07\/depoimento_monica-300x300.png 300w, https:\/\/astroceap.com.br\/ceap\/wp-content\/uploads\/2024\/07\/depoimento_monica-150x150.png 150w, https:\/\/astroceap.com.br\/ceap\/wp-content\/uploads\/2024\/07\/depoimento_monica-768x768.png 768w, https:\/\/astroceap.com.br\/ceap\/wp-content\/uploads\/2024\/07\/depoimento_monica-230x230.png 230w, https:\/\/astroceap.com.br\/ceap\/wp-content\/uploads\/2024\/07\/depoimento_monica-330x330.png 330w, https:\/\/astroceap.com.br\/ceap\/wp-content\/uploads\/2024\/07\/depoimento_monica.png 1024w\" data-sizes=\"(max-width: 320px) 100vw, 320px\" src=\"data:image\/svg+xml;base64,PHN2ZyB3aWR0aD0iMSIgaGVpZ2h0PSIxIiB4bWxucz0iaHR0cDovL3d3dy53My5vcmcvMjAwMC9zdmciPjwvc3ZnPg==\" style=\"--smush-placeholder-width: 320px; --smush-placeholder-aspect-ratio: 320\/320;\" \/> <img decoding=\"async\" class=\"alignnone wp-image-10400 lazyload\" data-src=\"https:\/\/astroceap.com.br\/ceap\/wp-content\/uploads\/2024\/07\/depoimento_joana-300x300.png\" alt=\"\" width=\"320\" height=\"320\" data-srcset=\"https:\/\/astroceap.com.br\/ceap\/wp-content\/uploads\/2024\/07\/depoimento_joana-300x300.png 300w, https:\/\/astroceap.com.br\/ceap\/wp-content\/uploads\/2024\/07\/depoimento_joana-150x150.png 150w, https:\/\/astroceap.com.br\/ceap\/wp-content\/uploads\/2024\/07\/depoimento_joana-768x768.png 768w, https:\/\/astroceap.com.br\/ceap\/wp-content\/uploads\/2024\/07\/depoimento_joana-230x230.png 230w, https:\/\/astroceap.com.br\/ceap\/wp-content\/uploads\/2024\/07\/depoimento_joana-330x330.png 330w, https:\/\/astroceap.com.br\/ceap\/wp-content\/uploads\/2024\/07\/depoimento_joana.png 1024w\" data-sizes=\"(max-width: 320px) 100vw, 320px\" src=\"data:image\/svg+xml;base64,PHN2ZyB3aWR0aD0iMSIgaGVpZ2h0PSIxIiB4bWxucz0iaHR0cDovL3d3dy53My5vcmcvMjAwMC9zdmciPjwvc3ZnPg==\" style=\"--smush-placeholder-width: 320px; --smush-placeholder-aspect-ratio: 320\/320;\" \/><\/p>\n<p style=\"text-align: center;\"><a class=\"maxbutton-61 maxbutton maxbutton-inscricao-a-pratica-2026\" target=\"_blank\" rel=\"noopener\" href=\"https:\/\/astroceap.com.br\/ceap\/inscricoes-a-pratica-do-atendimento-astrologico-2026\/\"><span class='mb-text'>INSCREVA-SE<\/span><\/a><\/p>\n<p>&nbsp;<\/p>\n<p style=\"text-align: center;\"><span style=\"color: #800000;\"><strong>A PR\u00c1TICA DO ATENDIMENTO ASTROL\u00d3GICO &#8211; Voc\u00ea na pr\u00e1tica astrol\u00f3gica!<br \/>\n<\/strong><\/span><\/p>\n<p>&nbsp;<\/p>\n<p><span style=\"color: #800000;\"><strong>DURA\u00c7\u00c3O \/ HOR\u00c1RIO:<\/strong><\/span><\/p>\n<p><strong><span style=\"color: #000000;\">O curso tem dura\u00e7\u00e3o de 120 horas, divididas em 02 m\u00f3dulos:<br \/>\n<\/span><\/strong><\/p>\n<p><strong><span style=\"color: #000000;\">M\u00d3DULO I = conte\u00fado correspondente ao presencial de 50 h ( constando no Diploma ) + 08 encontros tira-d\u00favidas de acompanhamento da professora*<br \/>\n<\/span><\/strong><\/p>\n<p><strong><span style=\"color: #000000;\">M\u00d3DULO II = correspondente ao presencial de 70 h ( constando no Diploma ) + 10 encontros tira-d\u00favidas de acompanhamento da professora*<\/span><\/strong><\/p>\n<p><strong><span style=\"color: #000000;\">Todo o conte\u00fado dentro da plataforma e + encontros de 02 horas com a professora e a turma toda*<br \/>\n<\/span><\/strong><\/p>\n<p><strong><span style=\"color: #000000;\">* N\u00famero de encontros tira-d\u00favidas para turmas maiores de 08 alunos<br \/>\n* Para turmas menores de 08 alunos &gt; 04 encontros tira-d\u00favidas<\/span><\/strong><\/p>\n<p><strong><span style=\"color: #000000;\">D\u00e1 direito a Certificado de Curso de Especializa\u00e7\u00e3o do C.E.A.P., com reconhecimento internacional<\/span><\/strong><\/p>\n<p><span style=\"color: #000000;\"><span style=\"color: #800000;\"><strong><br \/>\nCURSO A PR\u00c1TICA DO ATENDIMENTO ASTROL\u00d3GICO &#8211; M\u00d3DULOS I e II<\/strong><\/span><\/span><br \/>\n<span style=\"color: #000000;\"><b><br \/>\n<\/b><span style=\"color: #800000;\"><strong>DESTINADO A:<\/strong><\/span><\/span><\/p>\n<p><span style=\"color: #000000;\">Estudantes e profissionais em geral de astrologia&nbsp;<\/span><\/p>\n<p><span style=\"color: #800000;\"><strong>Pr\u00e9-requisito para M\u00f3d I:&nbsp;<\/strong><\/span><\/p>\n<ul>\n<li><span style=\"color: #000000;\">Conhecimento b\u00e1sico de astrologia<\/span><\/li>\n<\/ul>\n<p><strong><span style=\"color: #000000;\"><span style=\"color: #800000;\">Pr\u00e9-requisito para M\u00f3d II:<\/span>&nbsp;<\/span><\/strong><\/p>\n<ul>\n<li><span style=\"color: #000000;\">M\u00f3d I do curso &#8220;A Pr\u00e1tica do Atendimento Astrol\u00f3gico&#8221;<\/span><\/li>\n<li><span style=\"color: #000000;\">Especializa\u00e7\u00e3o no C.E.A.P.<\/span><\/li>\n<\/ul>\n<p><strong><span style=\"color: #000000;\"><br \/>\n<span style=\"color: #800000;\">CONTE\u00daDO PROGRAM\u00c1TICO DO CURSO:<\/span><\/span><\/strong><\/p>\n<p><strong><span style=\"color: #800000;\">&nbsp; &nbsp; &nbsp; &nbsp; &nbsp;M\u00d3DULO I &#8211; Sobre o atendimento astrol\u00f3gico &#8211; abordagem geral<\/span><\/strong><\/p>\n<ul>\n<li><strong><span style=\"color: #000000;\">Apresenta\u00e7\u00e3o e Conceitos B\u00e1sicos<\/span><\/strong><\/li>\n<li><strong><span style=\"color: #000000;\">O papel do astr\u00f3logo e as suas ansiedades<\/span><\/strong><\/li>\n<li><strong><span style=\"color: #000000;\">Exerc\u00edcios de atendimento com foco no cliente<\/span><\/strong><\/li>\n<li><strong><span style=\"color: #000000;\">Comunica\u00e7\u00e3o N\u00e3o-Verbal ( CNV )<br \/>\n<\/span><\/strong><\/li>\n<li><strong><span style=\"color: #000000;\">A Pr\u00e9-Consulta com o cliente<\/span><\/strong><\/li>\n<li><strong><span style=\"color: #000000;\">A empatia e as consultas astrol\u00f3gicas<\/span><\/strong><\/li>\n<li><strong><span style=\"color: #000000;\">Comunica\u00e7\u00e3o N\u00e3o-Violenta ( CNV )<br \/>\n<\/span><\/strong><\/li>\n<li><strong><span style=\"color: #000000;\">Atendimento e Escuta Emp\u00e1tica<\/span><\/strong><\/li>\n<li><strong><span style=\"color: #000000;\">O Aparelho Ps\u00edquico<\/span><\/strong><\/li>\n<li><strong><span style=\"color: #000000;\">Ferramentas no Atendimento Emp\u00e1tico<\/span><\/strong><\/li>\n<li><strong><span style=\"color: #000000;\">Integra\u00e7\u00e3o das Ferramentas<\/span><\/strong><\/li>\n<li><strong><span style=\"color: #000000;\">Revis\u00e3o e Considera\u00e7\u00f5es Finais: como abordar quest\u00f5es dif\u00edceis no mapa&nbsp;<\/span><\/strong><\/li>\n<\/ul>\n<p><strong><strong><span style=\"color: #800000;\">&nbsp; &nbsp; &nbsp; &nbsp;M\u00d3DULO II &#8211; Aprofundamento &#8211; consulta astrol\u00f3gica seguida de atendimentos com at\u00e9 12 sess\u00f5es<br \/>\n<\/span><\/strong><\/strong><\/p>\n<ul>\n<li><strong><span style=\"color: #000000;\"><strong>Revis\u00e3o &#8211; M\u00f3d I<\/strong><\/span><\/strong><\/li>\n<li><strong><span style=\"color: #000000;\"><strong>As 12 Sess\u00f5es &#8211; Primeiras Considera\u00e7\u00f5es<\/strong><\/span><\/strong><\/li>\n<li><strong><span style=\"color: #000000;\"><strong>As 12 Sess\u00f5es e Modelo de Anamnese<\/strong><\/span><\/strong><\/li>\n<li><strong><span style=\"color: #000000;\"><strong>Treinamento da Entrevista de Anamnese + Estudo de Caso<\/strong><\/span><\/strong><\/li>\n<li><strong><span style=\"color: #000000;\"><strong>Indica\u00e7\u00f5es para o Atendimento em 12 Sess\u00f5es + Setting + Contrato<\/strong><\/span><\/strong><\/li>\n<li><strong><span style=\"color: #000000;\"><strong>Tipologia C.E.A.P + C\u00e9rebro Trino + Tipologia Freud<\/strong><\/span><\/strong><\/li>\n<li><strong><span style=\"color: #000000;\"><strong> As Quatro Tarefas &#8211; Foco<\/strong><\/span><\/strong><\/li>\n<li><strong><span style=\"color: #000000;\"><strong>Como proceder com o cliente de acordo com as tipologias e condi\u00e7\u00f5es para os atendimentos<\/strong><\/span><\/strong><\/li>\n<li><strong><span style=\"color: #000000;\"><strong>Aula Pr\u00e1tica &#8211; Estudo de Casos<\/strong><\/span><\/strong><\/li>\n<li><strong><span style=\"color: #000000;\"><strong>Revis\u00e3o de Alguns Conceitos + Estudo de Casos<\/strong><\/span><\/strong><\/li>\n<\/ul>\n<p style=\"text-align: center;\"><a class=\"maxbutton-61 maxbutton maxbutton-inscricao-a-pratica-2026\" target=\"_blank\" rel=\"noopener\" href=\"https:\/\/astroceap.com.br\/ceap\/inscricoes-a-pratica-do-atendimento-astrologico-2026\/\"><span class='mb-text'>INSCREVA-SE<\/span><\/a><\/p>\n<p>&nbsp;<\/p>\n","protected":false},"excerpt":{"rendered":"<p>CURSO A PR\u00c1TICA DO ATENDIMENTO ASTROL\u00d3GICO CONHE\u00c7A NOSSA METODOLOGIA EXCLUSIVA DE APROFUNDAMENTO DO MAPA EM 12 SESS\u00d5ES (M\u00f3d II) DESCRITIVO DO CURSO: Este curso visa capacitar o astr\u00f3logo em sua pr\u00e1tica profissional, fornecendo-lhe o ferramental necess\u00e1rio para que possa realizar<\/p>\n","protected":false},"author":8,"featured_media":0,"parent":0,"menu_order":0,"comment_status":"closed","ping_status":"closed","template":"","meta":{"ngg_post_thumbnail":0,"footnotes":""},"class_list":["post-10132","page","type-page","status-publish","hentry"],"yoast_head":"<!-- This site is optimized with the Yoast SEO plugin v27.5 - https:\/\/yoast.com\/product\/yoast-seo-wordpress\/ -->\n<title>NOVO CURSO DO C.E.A.P. - A PR\u00c1TICA DO ATENDIMENTO ASTROL\u00d3GICO - C.E.A.P.<\/title>\n<meta name=\"robots\" content=\"index, follow, max-snippet:-1, max-image-preview:large, max-video-preview:-1\" \/>\n<link rel=\"canonical\" href=\"https:\/\/astroceap.com.br\/ceap\/novo-curso-do-c-e-a-p-a-pratica-do-atendimento-astrologico\/\" \/>\n<meta property=\"og:locale\" content=\"pt_BR\" \/>\n<meta property=\"og:type\" content=\"article\" \/>\n<meta property=\"og:title\" content=\"NOVO CURSO DO C.E.A.P. - A PR\u00c1TICA DO ATENDIMENTO ASTROL\u00d3GICO - C.E.A.P.\" \/>\n<meta property=\"og:description\" content=\"CURSO A PR\u00c1TICA DO ATENDIMENTO ASTROL\u00d3GICO CONHE\u00c7A NOSSA METODOLOGIA EXCLUSIVA DE APROFUNDAMENTO DO MAPA EM 12 SESS\u00d5ES (M\u00f3d II) DESCRITIVO DO CURSO: Este curso visa capacitar o astr\u00f3logo em sua pr\u00e1tica profissional, fornecendo-lhe o ferramental necess\u00e1rio para que possa realizar\" \/>\n<meta property=\"og:url\" content=\"https:\/\/astroceap.com.br\/ceap\/novo-curso-do-c-e-a-p-a-pratica-do-atendimento-astrologico\/\" \/>\n<meta property=\"og:site_name\" content=\"C.E.A.P.\" \/>\n<meta property=\"article:publisher\" content=\"https:\/\/www.facebook.com\/astroceap\/\" \/>\n<meta property=\"article:modified_time\" content=\"2026-01-30T20:55:18+00:00\" \/>\n<meta property=\"og:image\" content=\"https:\/\/astroceap.com.br\/ceap\/wp-content\/uploads\/2025\/12\/IMAGEM-CURSO_A_PRATICA2.jpeg\" \/>\n\t<meta property=\"og:image:width\" content=\"640\" \/>\n\t<meta property=\"og:image:height\" content=\"427\" \/>\n\t<meta property=\"og:image:type\" content=\"image\/jpeg\" \/>\n<meta name=\"twitter:card\" content=\"summary_large_image\" \/>\n<meta name=\"twitter:site\" content=\"@astrologiaceap\" \/>\n<meta name=\"twitter:label1\" content=\"Est. tempo de leitura\" \/>\n\t<meta name=\"twitter:data1\" content=\"4 minutos\" \/>\n<script type=\"application\/ld+json\" class=\"yoast-schema-graph\">{\"@context\":\"https:\\\/\\\/schema.org\",\"@graph\":[{\"@type\":\"WebPage\",\"@id\":\"https:\\\/\\\/astroceap.com.br\\\/ceap\\\/novo-curso-do-c-e-a-p-a-pratica-do-atendimento-astrologico\\\/\",\"url\":\"https:\\\/\\\/astroceap.com.br\\\/ceap\\\/novo-curso-do-c-e-a-p-a-pratica-do-atendimento-astrologico\\\/\",\"name\":\"NOVO CURSO DO C.E.A.P. - A PR\u00c1TICA DO ATENDIMENTO ASTROL\u00d3GICO - C.E.A.P.\",\"isPartOf\":{\"@id\":\"https:\\\/\\\/astroceap.com.br\\\/ceap\\\/#website\"},\"primaryImageOfPage\":{\"@id\":\"https:\\\/\\\/astroceap.com.br\\\/ceap\\\/novo-curso-do-c-e-a-p-a-pratica-do-atendimento-astrologico\\\/#primaryimage\"},\"image\":{\"@id\":\"https:\\\/\\\/astroceap.com.br\\\/ceap\\\/novo-curso-do-c-e-a-p-a-pratica-do-atendimento-astrologico\\\/#primaryimage\"},\"thumbnailUrl\":\"https:\\\/\\\/astroceap.com.br\\\/ceap\\\/wp-content\\\/uploads\\\/2025\\\/12\\\/IMAGEM-CURSO_A_PRATICA2.jpeg\",\"datePublished\":\"2024-03-07T22:15:02+00:00\",\"dateModified\":\"2026-01-30T20:55:18+00:00\",\"breadcrumb\":{\"@id\":\"https:\\\/\\\/astroceap.com.br\\\/ceap\\\/novo-curso-do-c-e-a-p-a-pratica-do-atendimento-astrologico\\\/#breadcrumb\"},\"inLanguage\":\"pt-BR\",\"potentialAction\":[{\"@type\":\"ReadAction\",\"target\":[\"https:\\\/\\\/astroceap.com.br\\\/ceap\\\/novo-curso-do-c-e-a-p-a-pratica-do-atendimento-astrologico\\\/\"]}]},{\"@type\":\"ImageObject\",\"inLanguage\":\"pt-BR\",\"@id\":\"https:\\\/\\\/astroceap.com.br\\\/ceap\\\/novo-curso-do-c-e-a-p-a-pratica-do-atendimento-astrologico\\\/#primaryimage\",\"url\":\"https:\\\/\\\/astroceap.com.br\\\/ceap\\\/wp-content\\\/uploads\\\/2025\\\/12\\\/IMAGEM-CURSO_A_PRATICA2.jpeg\",\"contentUrl\":\"https:\\\/\\\/astroceap.com.br\\\/ceap\\\/wp-content\\\/uploads\\\/2025\\\/12\\\/IMAGEM-CURSO_A_PRATICA2.jpeg\",\"width\":640,\"height\":427},{\"@type\":\"BreadcrumbList\",\"@id\":\"https:\\\/\\\/astroceap.com.br\\\/ceap\\\/novo-curso-do-c-e-a-p-a-pratica-do-atendimento-astrologico\\\/#breadcrumb\",\"itemListElement\":[{\"@type\":\"ListItem\",\"position\":1,\"name\":\"In\u00edcio\",\"item\":\"https:\\\/\\\/astroceap.com.br\\\/ceap\\\/\"},{\"@type\":\"ListItem\",\"position\":2,\"name\":\"NOVO CURSO DO C.E.A.P. &#8211; A PR\u00c1TICA DO ATENDIMENTO ASTROL\u00d3GICO\"}]},{\"@type\":\"WebSite\",\"@id\":\"https:\\\/\\\/astroceap.com.br\\\/ceap\\\/#website\",\"url\":\"https:\\\/\\\/astroceap.com.br\\\/ceap\\\/\",\"name\":\"C.E.A.P.\",\"description\":\"Centro de Estudos de Astrologia Psicol\u00f3gica\",\"publisher\":{\"@id\":\"https:\\\/\\\/astroceap.com.br\\\/ceap\\\/#organization\"},\"potentialAction\":[{\"@type\":\"SearchAction\",\"target\":{\"@type\":\"EntryPoint\",\"urlTemplate\":\"https:\\\/\\\/astroceap.com.br\\\/ceap\\\/?s={search_term_string}\"},\"query-input\":{\"@type\":\"PropertyValueSpecification\",\"valueRequired\":true,\"valueName\":\"search_term_string\"}}],\"inLanguage\":\"pt-BR\"},{\"@type\":\"Organization\",\"@id\":\"https:\\\/\\\/astroceap.com.br\\\/ceap\\\/#organization\",\"name\":\"CEAP Centro de Estudos de Astrologia Psicol\u00f3gica\",\"url\":\"https:\\\/\\\/astroceap.com.br\\\/ceap\\\/\",\"logo\":{\"@type\":\"ImageObject\",\"inLanguage\":\"pt-BR\",\"@id\":\"https:\\\/\\\/astroceap.com.br\\\/ceap\\\/#\\\/schema\\\/logo\\\/image\\\/\",\"url\":\"http:\\\/\\\/astroceap.com.br\\\/ceap\\\/wp-content\\\/uploads\\\/2018\\\/03\\\/LOGO_CEAP_New4site.jpg\",\"contentUrl\":\"http:\\\/\\\/astroceap.com.br\\\/ceap\\\/wp-content\\\/uploads\\\/2018\\\/03\\\/LOGO_CEAP_New4site.jpg\",\"width\":140,\"height\":174,\"caption\":\"CEAP Centro de Estudos de Astrologia Psicol\u00f3gica\"},\"image\":{\"@id\":\"https:\\\/\\\/astroceap.com.br\\\/ceap\\\/#\\\/schema\\\/logo\\\/image\\\/\"},\"sameAs\":[\"https:\\\/\\\/www.facebook.com\\\/astroceap\\\/\",\"https:\\\/\\\/x.com\\\/astrologiaceap\",\"https:\\\/\\\/www.instagram.com\\\/ceap.astrologia\\\/\",\"https:\\\/\\\/www.youtube.com\\\/channel\\\/UCDsKeXx5S7f2xoPUxNpARSQ\"]}]}<\/script>\n<!-- \/ Yoast SEO plugin. -->","yoast_head_json":{"title":"NOVO CURSO DO C.E.A.P. - A PR\u00c1TICA DO ATENDIMENTO ASTROL\u00d3GICO - C.E.A.P.","robots":{"index":"index","follow":"follow","max-snippet":"max-snippet:-1","max-image-preview":"max-image-preview:large","max-video-preview":"max-video-preview:-1"},"canonical":"https:\/\/astroceap.com.br\/ceap\/novo-curso-do-c-e-a-p-a-pratica-do-atendimento-astrologico\/","og_locale":"pt_BR","og_type":"article","og_title":"NOVO CURSO DO C.E.A.P. - A PR\u00c1TICA DO ATENDIMENTO ASTROL\u00d3GICO - C.E.A.P.","og_description":"CURSO A PR\u00c1TICA DO ATENDIMENTO ASTROL\u00d3GICO CONHE\u00c7A NOSSA METODOLOGIA EXCLUSIVA DE APROFUNDAMENTO DO MAPA EM 12 SESS\u00d5ES (M\u00f3d II) DESCRITIVO DO CURSO: Este curso visa capacitar o astr\u00f3logo em sua pr\u00e1tica profissional, fornecendo-lhe o ferramental necess\u00e1rio para que possa realizar","og_url":"https:\/\/astroceap.com.br\/ceap\/novo-curso-do-c-e-a-p-a-pratica-do-atendimento-astrologico\/","og_site_name":"C.E.A.P.","article_publisher":"https:\/\/www.facebook.com\/astroceap\/","article_modified_time":"2026-01-30T20:55:18+00:00","og_image":[{"width":640,"height":427,"url":"https:\/\/astroceap.com.br\/ceap\/wp-content\/uploads\/2025\/12\/IMAGEM-CURSO_A_PRATICA2.jpeg","type":"image\/jpeg"}],"twitter_card":"summary_large_image","twitter_site":"@astrologiaceap","twitter_misc":{"Est. tempo de leitura":"4 minutos"},"schema":{"@context":"https:\/\/schema.org","@graph":[{"@type":"WebPage","@id":"https:\/\/astroceap.com.br\/ceap\/novo-curso-do-c-e-a-p-a-pratica-do-atendimento-astrologico\/","url":"https:\/\/astroceap.com.br\/ceap\/novo-curso-do-c-e-a-p-a-pratica-do-atendimento-astrologico\/","name":"NOVO CURSO DO C.E.A.P. - A PR\u00c1TICA DO ATENDIMENTO ASTROL\u00d3GICO - C.E.A.P.","isPartOf":{"@id":"https:\/\/astroceap.com.br\/ceap\/#website"},"primaryImageOfPage":{"@id":"https:\/\/astroceap.com.br\/ceap\/novo-curso-do-c-e-a-p-a-pratica-do-atendimento-astrologico\/#primaryimage"},"image":{"@id":"https:\/\/astroceap.com.br\/ceap\/novo-curso-do-c-e-a-p-a-pratica-do-atendimento-astrologico\/#primaryimage"},"thumbnailUrl":"https:\/\/astroceap.com.br\/ceap\/wp-content\/uploads\/2025\/12\/IMAGEM-CURSO_A_PRATICA2.jpeg","datePublished":"2024-03-07T22:15:02+00:00","dateModified":"2026-01-30T20:55:18+00:00","breadcrumb":{"@id":"https:\/\/astroceap.com.br\/ceap\/novo-curso-do-c-e-a-p-a-pratica-do-atendimento-astrologico\/#breadcrumb"},"inLanguage":"pt-BR","potentialAction":[{"@type":"ReadAction","target":["https:\/\/astroceap.com.br\/ceap\/novo-curso-do-c-e-a-p-a-pratica-do-atendimento-astrologico\/"]}]},{"@type":"ImageObject","inLanguage":"pt-BR","@id":"https:\/\/astroceap.com.br\/ceap\/novo-curso-do-c-e-a-p-a-pratica-do-atendimento-astrologico\/#primaryimage","url":"https:\/\/astroceap.com.br\/ceap\/wp-content\/uploads\/2025\/12\/IMAGEM-CURSO_A_PRATICA2.jpeg","contentUrl":"https:\/\/astroceap.com.br\/ceap\/wp-content\/uploads\/2025\/12\/IMAGEM-CURSO_A_PRATICA2.jpeg","width":640,"height":427},{"@type":"BreadcrumbList","@id":"https:\/\/astroceap.com.br\/ceap\/novo-curso-do-c-e-a-p-a-pratica-do-atendimento-astrologico\/#breadcrumb","itemListElement":[{"@type":"ListItem","position":1,"name":"In\u00edcio","item":"https:\/\/astroceap.com.br\/ceap\/"},{"@type":"ListItem","position":2,"name":"NOVO CURSO DO C.E.A.P. &#8211; A PR\u00c1TICA DO ATENDIMENTO ASTROL\u00d3GICO"}]},{"@type":"WebSite","@id":"https:\/\/astroceap.com.br\/ceap\/#website","url":"https:\/\/astroceap.com.br\/ceap\/","name":"C.E.A.P.","description":"Centro de Estudos de Astrologia Psicol\u00f3gica","publisher":{"@id":"https:\/\/astroceap.com.br\/ceap\/#organization"},"potentialAction":[{"@type":"SearchAction","target":{"@type":"EntryPoint","urlTemplate":"https:\/\/astroceap.com.br\/ceap\/?s={search_term_string}"},"query-input":{"@type":"PropertyValueSpecification","valueRequired":true,"valueName":"search_term_string"}}],"inLanguage":"pt-BR"},{"@type":"Organization","@id":"https:\/\/astroceap.com.br\/ceap\/#organization","name":"CEAP Centro de Estudos de Astrologia Psicol\u00f3gica","url":"https:\/\/astroceap.com.br\/ceap\/","logo":{"@type":"ImageObject","inLanguage":"pt-BR","@id":"https:\/\/astroceap.com.br\/ceap\/#\/schema\/logo\/image\/","url":"http:\/\/astroceap.com.br\/ceap\/wp-content\/uploads\/2018\/03\/LOGO_CEAP_New4site.jpg","contentUrl":"http:\/\/astroceap.com.br\/ceap\/wp-content\/uploads\/2018\/03\/LOGO_CEAP_New4site.jpg","width":140,"height":174,"caption":"CEAP Centro de Estudos de Astrologia Psicol\u00f3gica"},"image":{"@id":"https:\/\/astroceap.com.br\/ceap\/#\/schema\/logo\/image\/"},"sameAs":["https:\/\/www.facebook.com\/astroceap\/","https:\/\/x.com\/astrologiaceap","https:\/\/www.instagram.com\/ceap.astrologia\/","https:\/\/www.youtube.com\/channel\/UCDsKeXx5S7f2xoPUxNpARSQ"]}]}},"_links":{"self":[{"href":"https:\/\/astroceap.com.br\/ceap\/wp-json\/wp\/v2\/pages\/10132","targetHints":{"allow":["GET"]}}],"collection":[{"href":"https:\/\/astroceap.com.br\/ceap\/wp-json\/wp\/v2\/pages"}],"about":[{"href":"https:\/\/astroceap.com.br\/ceap\/wp-json\/wp\/v2\/types\/page"}],"author":[{"embeddable":true,"href":"https:\/\/astroceap.com.br\/ceap\/wp-json\/wp\/v2\/users\/8"}],"replies":[{"embeddable":true,"href":"https:\/\/astroceap.com.br\/ceap\/wp-json\/wp\/v2\/comments?post=10132"}],"version-history":[{"count":76,"href":"https:\/\/astroceap.com.br\/ceap\/wp-json\/wp\/v2\/pages\/10132\/revisions"}],"predecessor-version":[{"id":11844,"href":"https:\/\/astroceap.com.br\/ceap\/wp-json\/wp\/v2\/pages\/10132\/revisions\/11844"}],"wp:attachment":[{"href":"https:\/\/astroceap.com.br\/ceap\/wp-json\/wp\/v2\/media?parent=10132"}],"curies":[{"name":"wp","href":"https:\/\/api.w.org\/{rel}","templated":true}]}}