{"id":1041,"date":"2018-04-02T17:06:39","date_gmt":"2018-04-02T19:06:39","guid":{"rendered":"http:\/\/astroceap.com.br\/ceap\/?page_id=1041"},"modified":"2025-09-07T17:53:42","modified_gmt":"2025-09-07T20:53:42","slug":"ebook-c-e-a-p","status":"publish","type":"page","link":"https:\/\/astroceap.com.br\/ceap\/ebook-c-e-a-p\/","title":{"rendered":"Cadastro para acesso ao eBook &#8211; Astrologia Psicol\u00f3gica"},"content":{"rendered":"<h3 style=\"text-align: center;\"><span style=\"color: #000000;\">Astrologia Psicol\u00f3gica<\/span><\/h3>\n<p>&nbsp;<\/p>\n<p style=\"text-align: center;\"><img decoding=\"async\" class=\"aligncenter wp-image-11418 size-full lazyload\" data-src=\"https:\/\/astroceap.com.br\/ceap\/wp-content\/uploads\/2025\/09\/capa_ebook_peq.png\" alt=\"\" width=\"300\" height=\"424\" data-srcset=\"https:\/\/astroceap.com.br\/ceap\/wp-content\/uploads\/2025\/09\/capa_ebook_peq.png 300w, https:\/\/astroceap.com.br\/ceap\/wp-content\/uploads\/2025\/09\/capa_ebook_peq-212x300.png 212w\" data-sizes=\"(max-width: 300px) 100vw, 300px\" src=\"data:image\/svg+xml;base64,PHN2ZyB3aWR0aD0iMSIgaGVpZ2h0PSIxIiB4bWxucz0iaHR0cDovL3d3dy53My5vcmcvMjAwMC9zdmciPjwvc3ZnPg==\" style=\"--smush-placeholder-width: 300px; --smush-placeholder-aspect-ratio: 300\/424;\" \/><\/p>\n<p>&nbsp;<\/p>\n<p style=\"text-align: center;\">&nbsp;<\/p>\n<p><span style=\"color: #000000;\">Ol\u00e1, conhe\u00e7a nosso eBook, onde M\u00e1rcia Ferreira, Psicanalista e Astr\u00f3loga, apresenta a voc\u00ea a abordagem da Astrologia Psicol\u00f3gica e o trabalho desenvolvido com essa linha no C.E.A.P. e tudo o que a escola oferece.<\/span><\/p>\n<p><span style=\"color: #000000;\">Venha conosco conhecer esta jornada de despertar!<\/span><\/p>\n<p><span style=\"color: #000000;\">Basta preencher seus dados abaixo.<\/span><\/p>\n\n\t\t\t<form id=\"sib_signup_form_6\" method=\"post\" class=\"sib_signup_form\">\n\t\t\t\t<div class=\"sib_loader\" style=\"display:none;\"><img\n\t\t\t\t\t\t\tdata-src=\"https:\/\/astroceap.com.br\/ceap\/wp-includes\/images\/spinner.gif\" alt=\"loader\" src=\"data:image\/svg+xml;base64,PHN2ZyB3aWR0aD0iMSIgaGVpZ2h0PSIxIiB4bWxucz0iaHR0cDovL3d3dy53My5vcmcvMjAwMC9zdmciPjwvc3ZnPg==\" class=\"lazyload\"><\/div>\n\t\t\t\t<input type=\"hidden\" name=\"sib_form_action\" value=\"subscribe_form_submit\">\n\t\t\t\t<input type=\"hidden\" name=\"sib_form_id\" value=\"6\">\n                <input type=\"hidden\" name=\"sib_form_alert_notice\" value=\"Por favor, preencha esse campo...\">\n                <input type=\"hidden\" name=\"sib_form_invalid_email_notice\" value=\"Esse endere\u00e7o de email, infelizmente, \u00e9 invalido...\">\n                <input type=\"hidden\" name=\"sib_security\" value=\"b64432e0e3\">\n\t\t\t\t<div class=\"sib_signup_box_inside_6\">\n\t\t\t\t\t<div style=\"\/*display:none*\/\" class=\"sib_msg_disp\">\n\t\t\t\t\t<\/div>\n                    \t\t\t\t\t<p class=\"sib-FIRST_NAME-area\">\r\n    NOME*\r\n    <input type=\"text\" class=\"sib-FIRST_NAME-area\" name=\"FIRST_NAME\" required=\"required\">\r\n<\/p>\r\n<p class=\"sib-email-area\">\r\n    EMAIL*\r\n    <input type=\"email\" class=\"sib-email-area\" name=\"email\" required=\"required\">\r\n<\/p>\r\n<p>\r\n    <input type=\"submit\" class=\"sib-default-btn\" value=\"ENVIAR\">\r\n<\/p>\r\n\t\t\t\t<\/div>\n\t\t\t<\/form>\n\t\t\t<style>\n\t\t\t\tform#sib_signup_form_6 p.sib-alert-message {\n    padding: 6px 12px;\n    margin-bottom: 20px;\n    border: 1px solid transparent;\n    border-radius: 4px;\n    -webkit-box-sizing: border-box;\n    -moz-box-sizing: border-box;\n    box-sizing: border-box;\n}\nform#sib_signup_form_6 p.sib-alert-message-error {\n    background-color: #f2dede;\n    border-color: #ebccd1;\n    color: #a94442;\n}\nform#sib_signup_form_6 p.sib-alert-message-success {\n    background-color: #dff0d8;\n    border-color: #d6e9c6;\n    color: #3c763d;\n}\nform#sib_signup_form_6 p.sib-alert-message-warning {\n    background-color: #fcf8e3;\n    border-color: #faebcc;\n    color: #8a6d3b;\n}\n\t\t\t<\/style>\n\t\t\t\n<p><span style=\"color: #000000;\">Seus dados ser\u00e3o mantidos exclusivamente conosco, assim poderemos lhe enviar informa\u00e7\u00f5es quando tivermos novas promo\u00e7\u00f5es ou assuntos do seu interesse.<\/span><\/p>\n","protected":false},"excerpt":{"rendered":"<p>Astrologia Psicol\u00f3gica &nbsp; &nbsp; &nbsp; Ol\u00e1, conhe\u00e7a nosso eBook, onde M\u00e1rcia Ferreira, Psicanalista e Astr\u00f3loga, apresenta a voc\u00ea a abordagem da Astrologia Psicol\u00f3gica e o trabalho desenvolvido com essa linha no C.E.A.P. e tudo o que a escola oferece. Venha<\/p>\n","protected":false},"author":1,"featured_media":0,"parent":0,"menu_order":0,"comment_status":"closed","ping_status":"closed","template":"","meta":{"ngg_post_thumbnail":0,"footnotes":""},"class_list":["post-1041","page","type-page","status-publish","hentry"],"yoast_head":"<!-- This site is optimized with the Yoast SEO plugin v27.5 - https:\/\/yoast.com\/product\/yoast-seo-wordpress\/ -->\n<title>Cadastro para acesso ao eBook - Astrologia Psicol\u00f3gica - C.E.A.P.<\/title>\n<meta name=\"robots\" content=\"index, follow, max-snippet:-1, max-image-preview:large, max-video-preview:-1\" \/>\n<link rel=\"canonical\" href=\"https:\/\/astroceap.com.br\/ceap\/ebook-c-e-a-p\/\" \/>\n<meta property=\"og:locale\" content=\"pt_BR\" \/>\n<meta property=\"og:type\" content=\"article\" \/>\n<meta property=\"og:title\" content=\"Cadastro para acesso ao eBook - Astrologia Psicol\u00f3gica - C.E.A.P.\" \/>\n<meta property=\"og:description\" content=\"Astrologia Psicol\u00f3gica &nbsp; &nbsp; &nbsp; Ol\u00e1, conhe\u00e7a nosso eBook, onde M\u00e1rcia Ferreira, Psicanalista e Astr\u00f3loga, apresenta a voc\u00ea a abordagem da Astrologia Psicol\u00f3gica e o trabalho desenvolvido com essa linha no C.E.A.P. e tudo o que a escola oferece. Venha\" \/>\n<meta property=\"og:url\" content=\"https:\/\/astroceap.com.br\/ceap\/ebook-c-e-a-p\/\" \/>\n<meta property=\"og:site_name\" content=\"C.E.A.P.\" \/>\n<meta property=\"article:publisher\" content=\"https:\/\/www.facebook.com\/astroceap\/\" \/>\n<meta property=\"article:modified_time\" content=\"2025-09-07T20:53:42+00:00\" \/>\n<meta property=\"og:image\" content=\"https:\/\/astroceap.com.br\/ceap\/wp-content\/uploads\/2025\/09\/capa_ebook_peq.png\" \/>\n<meta name=\"twitter:card\" content=\"summary_large_image\" \/>\n<meta name=\"twitter:site\" content=\"@astrologiaceap\" \/>\n<meta name=\"twitter:label1\" content=\"Est. tempo de leitura\" \/>\n\t<meta name=\"twitter:data1\" content=\"1 minuto\" \/>\n<script type=\"application\/ld+json\" class=\"yoast-schema-graph\">{\"@context\":\"https:\\\/\\\/schema.org\",\"@graph\":[{\"@type\":\"WebPage\",\"@id\":\"https:\\\/\\\/astroceap.com.br\\\/ceap\\\/ebook-c-e-a-p\\\/\",\"url\":\"https:\\\/\\\/astroceap.com.br\\\/ceap\\\/ebook-c-e-a-p\\\/\",\"name\":\"Cadastro para acesso ao eBook - Astrologia Psicol\u00f3gica - C.E.A.P.\",\"isPartOf\":{\"@id\":\"https:\\\/\\\/astroceap.com.br\\\/ceap\\\/#website\"},\"primaryImageOfPage\":{\"@id\":\"https:\\\/\\\/astroceap.com.br\\\/ceap\\\/ebook-c-e-a-p\\\/#primaryimage\"},\"image\":{\"@id\":\"https:\\\/\\\/astroceap.com.br\\\/ceap\\\/ebook-c-e-a-p\\\/#primaryimage\"},\"thumbnailUrl\":\"https:\\\/\\\/astroceap.com.br\\\/ceap\\\/wp-content\\\/uploads\\\/2025\\\/09\\\/capa_ebook_peq.png\",\"datePublished\":\"2018-04-02T19:06:39+00:00\",\"dateModified\":\"2025-09-07T20:53:42+00:00\",\"breadcrumb\":{\"@id\":\"https:\\\/\\\/astroceap.com.br\\\/ceap\\\/ebook-c-e-a-p\\\/#breadcrumb\"},\"inLanguage\":\"pt-BR\",\"potentialAction\":[{\"@type\":\"ReadAction\",\"target\":[\"https:\\\/\\\/astroceap.com.br\\\/ceap\\\/ebook-c-e-a-p\\\/\"]}]},{\"@type\":\"ImageObject\",\"inLanguage\":\"pt-BR\",\"@id\":\"https:\\\/\\\/astroceap.com.br\\\/ceap\\\/ebook-c-e-a-p\\\/#primaryimage\",\"url\":\"https:\\\/\\\/astroceap.com.br\\\/ceap\\\/wp-content\\\/uploads\\\/2025\\\/09\\\/capa_ebook_peq.png\",\"contentUrl\":\"https:\\\/\\\/astroceap.com.br\\\/ceap\\\/wp-content\\\/uploads\\\/2025\\\/09\\\/capa_ebook_peq.png\",\"width\":300,\"height\":424},{\"@type\":\"BreadcrumbList\",\"@id\":\"https:\\\/\\\/astroceap.com.br\\\/ceap\\\/ebook-c-e-a-p\\\/#breadcrumb\",\"itemListElement\":[{\"@type\":\"ListItem\",\"position\":1,\"name\":\"In\u00edcio\",\"item\":\"https:\\\/\\\/astroceap.com.br\\\/ceap\\\/\"},{\"@type\":\"ListItem\",\"position\":2,\"name\":\"Cadastro para acesso ao eBook &#8211; Astrologia Psicol\u00f3gica\"}]},{\"@type\":\"WebSite\",\"@id\":\"https:\\\/\\\/astroceap.com.br\\\/ceap\\\/#website\",\"url\":\"https:\\\/\\\/astroceap.com.br\\\/ceap\\\/\",\"name\":\"C.E.A.P.\",\"description\":\"Centro de Estudos de Astrologia Psicol\u00f3gica\",\"publisher\":{\"@id\":\"https:\\\/\\\/astroceap.com.br\\\/ceap\\\/#organization\"},\"potentialAction\":[{\"@type\":\"SearchAction\",\"target\":{\"@type\":\"EntryPoint\",\"urlTemplate\":\"https:\\\/\\\/astroceap.com.br\\\/ceap\\\/?s={search_term_string}\"},\"query-input\":{\"@type\":\"PropertyValueSpecification\",\"valueRequired\":true,\"valueName\":\"search_term_string\"}}],\"inLanguage\":\"pt-BR\"},{\"@type\":\"Organization\",\"@id\":\"https:\\\/\\\/astroceap.com.br\\\/ceap\\\/#organization\",\"name\":\"CEAP Centro de Estudos de Astrologia Psicol\u00f3gica\",\"url\":\"https:\\\/\\\/astroceap.com.br\\\/ceap\\\/\",\"logo\":{\"@type\":\"ImageObject\",\"inLanguage\":\"pt-BR\",\"@id\":\"https:\\\/\\\/astroceap.com.br\\\/ceap\\\/#\\\/schema\\\/logo\\\/image\\\/\",\"url\":\"http:\\\/\\\/astroceap.com.br\\\/ceap\\\/wp-content\\\/uploads\\\/2018\\\/03\\\/LOGO_CEAP_New4site.jpg\",\"contentUrl\":\"http:\\\/\\\/astroceap.com.br\\\/ceap\\\/wp-content\\\/uploads\\\/2018\\\/03\\\/LOGO_CEAP_New4site.jpg\",\"width\":140,\"height\":174,\"caption\":\"CEAP Centro de Estudos de Astrologia Psicol\u00f3gica\"},\"image\":{\"@id\":\"https:\\\/\\\/astroceap.com.br\\\/ceap\\\/#\\\/schema\\\/logo\\\/image\\\/\"},\"sameAs\":[\"https:\\\/\\\/www.facebook.com\\\/astroceap\\\/\",\"https:\\\/\\\/x.com\\\/astrologiaceap\",\"https:\\\/\\\/www.instagram.com\\\/ceap.astrologia\\\/\",\"https:\\\/\\\/www.youtube.com\\\/channel\\\/UCDsKeXx5S7f2xoPUxNpARSQ\"]}]}<\/script>\n<!-- \/ Yoast SEO plugin. -->","yoast_head_json":{"title":"Cadastro para acesso ao eBook - Astrologia Psicol\u00f3gica - C.E.A.P.","robots":{"index":"index","follow":"follow","max-snippet":"max-snippet:-1","max-image-preview":"max-image-preview:large","max-video-preview":"max-video-preview:-1"},"canonical":"https:\/\/astroceap.com.br\/ceap\/ebook-c-e-a-p\/","og_locale":"pt_BR","og_type":"article","og_title":"Cadastro para acesso ao eBook - Astrologia Psicol\u00f3gica - C.E.A.P.","og_description":"Astrologia Psicol\u00f3gica &nbsp; &nbsp; &nbsp; Ol\u00e1, conhe\u00e7a nosso eBook, onde M\u00e1rcia Ferreira, Psicanalista e Astr\u00f3loga, apresenta a voc\u00ea a abordagem da Astrologia Psicol\u00f3gica e o trabalho desenvolvido com essa linha no C.E.A.P. e tudo o que a escola oferece. Venha","og_url":"https:\/\/astroceap.com.br\/ceap\/ebook-c-e-a-p\/","og_site_name":"C.E.A.P.","article_publisher":"https:\/\/www.facebook.com\/astroceap\/","article_modified_time":"2025-09-07T20:53:42+00:00","og_image":[{"url":"https:\/\/astroceap.com.br\/ceap\/wp-content\/uploads\/2025\/09\/capa_ebook_peq.png","type":"","width":"","height":""}],"twitter_card":"summary_large_image","twitter_site":"@astrologiaceap","twitter_misc":{"Est. tempo de leitura":"1 minuto"},"schema":{"@context":"https:\/\/schema.org","@graph":[{"@type":"WebPage","@id":"https:\/\/astroceap.com.br\/ceap\/ebook-c-e-a-p\/","url":"https:\/\/astroceap.com.br\/ceap\/ebook-c-e-a-p\/","name":"Cadastro para acesso ao eBook - Astrologia Psicol\u00f3gica - C.E.A.P.","isPartOf":{"@id":"https:\/\/astroceap.com.br\/ceap\/#website"},"primaryImageOfPage":{"@id":"https:\/\/astroceap.com.br\/ceap\/ebook-c-e-a-p\/#primaryimage"},"image":{"@id":"https:\/\/astroceap.com.br\/ceap\/ebook-c-e-a-p\/#primaryimage"},"thumbnailUrl":"https:\/\/astroceap.com.br\/ceap\/wp-content\/uploads\/2025\/09\/capa_ebook_peq.png","datePublished":"2018-04-02T19:06:39+00:00","dateModified":"2025-09-07T20:53:42+00:00","breadcrumb":{"@id":"https:\/\/astroceap.com.br\/ceap\/ebook-c-e-a-p\/#breadcrumb"},"inLanguage":"pt-BR","potentialAction":[{"@type":"ReadAction","target":["https:\/\/astroceap.com.br\/ceap\/ebook-c-e-a-p\/"]}]},{"@type":"ImageObject","inLanguage":"pt-BR","@id":"https:\/\/astroceap.com.br\/ceap\/ebook-c-e-a-p\/#primaryimage","url":"https:\/\/astroceap.com.br\/ceap\/wp-content\/uploads\/2025\/09\/capa_ebook_peq.png","contentUrl":"https:\/\/astroceap.com.br\/ceap\/wp-content\/uploads\/2025\/09\/capa_ebook_peq.png","width":300,"height":424},{"@type":"BreadcrumbList","@id":"https:\/\/astroceap.com.br\/ceap\/ebook-c-e-a-p\/#breadcrumb","itemListElement":[{"@type":"ListItem","position":1,"name":"In\u00edcio","item":"https:\/\/astroceap.com.br\/ceap\/"},{"@type":"ListItem","position":2,"name":"Cadastro para acesso ao eBook &#8211; Astrologia Psicol\u00f3gica"}]},{"@type":"WebSite","@id":"https:\/\/astroceap.com.br\/ceap\/#website","url":"https:\/\/astroceap.com.br\/ceap\/","name":"C.E.A.P.","description":"Centro de Estudos de Astrologia Psicol\u00f3gica","publisher":{"@id":"https:\/\/astroceap.com.br\/ceap\/#organization"},"potentialAction":[{"@type":"SearchAction","target":{"@type":"EntryPoint","urlTemplate":"https:\/\/astroceap.com.br\/ceap\/?s={search_term_string}"},"query-input":{"@type":"PropertyValueSpecification","valueRequired":true,"valueName":"search_term_string"}}],"inLanguage":"pt-BR"},{"@type":"Organization","@id":"https:\/\/astroceap.com.br\/ceap\/#organization","name":"CEAP Centro de Estudos de Astrologia Psicol\u00f3gica","url":"https:\/\/astroceap.com.br\/ceap\/","logo":{"@type":"ImageObject","inLanguage":"pt-BR","@id":"https:\/\/astroceap.com.br\/ceap\/#\/schema\/logo\/image\/","url":"http:\/\/astroceap.com.br\/ceap\/wp-content\/uploads\/2018\/03\/LOGO_CEAP_New4site.jpg","contentUrl":"http:\/\/astroceap.com.br\/ceap\/wp-content\/uploads\/2018\/03\/LOGO_CEAP_New4site.jpg","width":140,"height":174,"caption":"CEAP Centro de Estudos de Astrologia Psicol\u00f3gica"},"image":{"@id":"https:\/\/astroceap.com.br\/ceap\/#\/schema\/logo\/image\/"},"sameAs":["https:\/\/www.facebook.com\/astroceap\/","https:\/\/x.com\/astrologiaceap","https:\/\/www.instagram.com\/ceap.astrologia\/","https:\/\/www.youtube.com\/channel\/UCDsKeXx5S7f2xoPUxNpARSQ"]}]}},"_links":{"self":[{"href":"https:\/\/astroceap.com.br\/ceap\/wp-json\/wp\/v2\/pages\/1041","targetHints":{"allow":["GET"]}}],"collection":[{"href":"https:\/\/astroceap.com.br\/ceap\/wp-json\/wp\/v2\/pages"}],"about":[{"href":"https:\/\/astroceap.com.br\/ceap\/wp-json\/wp\/v2\/types\/page"}],"author":[{"embeddable":true,"href":"https:\/\/astroceap.com.br\/ceap\/wp-json\/wp\/v2\/users\/1"}],"replies":[{"embeddable":true,"href":"https:\/\/astroceap.com.br\/ceap\/wp-json\/wp\/v2\/comments?post=1041"}],"version-history":[{"count":28,"href":"https:\/\/astroceap.com.br\/ceap\/wp-json\/wp\/v2\/pages\/1041\/revisions"}],"predecessor-version":[{"id":11431,"href":"https:\/\/astroceap.com.br\/ceap\/wp-json\/wp\/v2\/pages\/1041\/revisions\/11431"}],"wp:attachment":[{"href":"https:\/\/astroceap.com.br\/ceap\/wp-json\/wp\/v2\/media?parent=1041"}],"curies":[{"name":"wp","href":"https:\/\/api.w.org\/{rel}","templated":true}]}}