{"id":1049,"date":"2018-03-29T20:50:17","date_gmt":"2018-03-29T22:50:17","guid":{"rendered":"http:\/\/astroceap.com.br\/ceap\/?page_id=1049"},"modified":"2020-11-18T17:25:30","modified_gmt":"2020-11-18T20:25:30","slug":"cursos-nivel3","status":"publish","type":"page","link":"https:\/\/astroceap.com.br\/ceap\/cursos-nivel3\/","title":{"rendered":"N\u00cdVEL III &#8211; ESPECIALIZA\u00c7\u00c3O"},"content":{"rendered":"<p><span style=\"color: #ffffff;\">cursos especializa\u00e7\u00e3o online astrologia<\/span><\/p>\n<div class=\"pt-cv-wrapper\"><div class=\"pt-cv-view pt-cv-grid pt-cv-colsys\" id=\"pt-cv-view-ce27eb7vsw\"><div data-id=\"pt-cv-page-1\" class=\"pt-cv-page\" data-cvc=\"3\"><div class=\"col-md-4 col-sm-6 col-xs-12 pt-cv-content-item pt-cv-1-col\" ><div class='pt-cv-ifield'><a href=\"https:\/\/astroceap.com.br\/ceap\/curso-astrologia-e-psicopatologia-2\/\" class=\"_blank pt-cv-href-thumbnail pt-cv-thumb-default\" target=\"_blank\" ><img decoding=\"async\" width=\"300\" height=\"225\" data-src=\"https:\/\/astroceap.com.br\/ceap\/wp-content\/uploads\/2018\/03\/IMAGEM-PSICOPATOLOGIA-6-300x225.jpg\" class=\"pt-cv-thumbnail lazyload\" alt=\"\" data-srcset=\"https:\/\/astroceap.com.br\/ceap\/wp-content\/uploads\/2018\/03\/IMAGEM-PSICOPATOLOGIA-6-300x225.jpg 300w, https:\/\/astroceap.com.br\/ceap\/wp-content\/uploads\/2018\/03\/IMAGEM-PSICOPATOLOGIA-6.jpg 500w\" data-sizes=\"(max-width: 300px) 100vw, 300px\" src=\"data:image\/svg+xml;base64,PHN2ZyB3aWR0aD0iMSIgaGVpZ2h0PSIxIiB4bWxucz0iaHR0cDovL3d3dy53My5vcmcvMjAwMC9zdmciPjwvc3ZnPg==\" style=\"--smush-placeholder-width: 300px; --smush-placeholder-aspect-ratio: 300\/225;\" \/><\/a>\n<h4 class=\"pt-cv-title\"><a href=\"https:\/\/astroceap.com.br\/ceap\/curso-astrologia-e-psicopatologia-2\/\" class=\"_blank\" target=\"_blank\" >CURSO ASTROLOGIA E PSICOPATOLOGIA<\/a><\/h4>\n<div class=\"pt-cv-content\">CURSO ASTROLOGIA E PSICOPATOLOGIA O Curso \"Astrologia e Psicopatologia\" nos possibilita o conhecimento das tend\u00eancias existentes em um mapa, e ...<br \/><div class=\"pt-cv-rmwrap\"><a href=\"https:\/\/astroceap.com.br\/ceap\/curso-astrologia-e-psicopatologia-2\/\" class=\"_blank pt-cv-readmore btn btn-success\" target=\"_blank\">Leia Mais<\/a><\/div><\/div><\/div><\/div>\n<div class=\"col-md-4 col-sm-6 col-xs-12 pt-cv-content-item pt-cv-1-col\" ><div class='pt-cv-ifield'><a href=\"https:\/\/astroceap.com.br\/ceap\/curso-astrologia-eletiva\/\" class=\"_blank pt-cv-href-thumbnail pt-cv-thumb-default\" target=\"_blank\" ><img decoding=\"async\" width=\"300\" height=\"225\" data-src=\"https:\/\/astroceap.com.br\/ceap\/wp-content\/uploads\/2018\/04\/eletiva2-300x225.jpg\" class=\"pt-cv-thumbnail lazyload\" alt=\"\" data-srcset=\"https:\/\/astroceap.com.br\/ceap\/wp-content\/uploads\/2018\/04\/eletiva2-300x225.jpg 300w, https:\/\/astroceap.com.br\/ceap\/wp-content\/uploads\/2018\/04\/eletiva2-768x575.jpg 768w, https:\/\/astroceap.com.br\/ceap\/wp-content\/uploads\/2018\/04\/eletiva2.jpg 800w\" data-sizes=\"(max-width: 300px) 100vw, 300px\" src=\"data:image\/svg+xml;base64,PHN2ZyB3aWR0aD0iMSIgaGVpZ2h0PSIxIiB4bWxucz0iaHR0cDovL3d3dy53My5vcmcvMjAwMC9zdmciPjwvc3ZnPg==\" style=\"--smush-placeholder-width: 300px; --smush-placeholder-aspect-ratio: 300\/225;\" \/><\/a>\n<h4 class=\"pt-cv-title\"><a href=\"https:\/\/astroceap.com.br\/ceap\/curso-astrologia-eletiva\/\" class=\"_blank\" target=\"_blank\" >CURSO ASTROLOGIA ELETIVA<\/a><\/h4>\n<div class=\"pt-cv-content\">CURSO ASTROLOGIA ELETIVA Este curso refere-se \u00e0 escolha da data e hor\u00e1rio mais adequados para a abertura de um neg\u00f3cio, ...<br \/><div class=\"pt-cv-rmwrap\"><a href=\"https:\/\/astroceap.com.br\/ceap\/curso-astrologia-eletiva\/\" class=\"_blank pt-cv-readmore btn btn-success\" target=\"_blank\">Leia Mais<\/a><\/div><\/div><\/div><\/div>\n<div class=\"col-md-4 col-sm-6 col-xs-12 pt-cv-content-item pt-cv-1-col\" ><div class='pt-cv-ifield'><a href=\"https:\/\/astroceap.com.br\/ceap\/curso-astrologia-horaria\/\" class=\"_blank pt-cv-href-thumbnail pt-cv-thumb-default\" target=\"_blank\" ><img decoding=\"async\" width=\"300\" height=\"225\" data-src=\"https:\/\/astroceap.com.br\/ceap\/wp-content\/uploads\/2018\/03\/HORARY-ASTROLOGY-300x225.jpg\" class=\"pt-cv-thumbnail lazyload\" alt=\"\" data-srcset=\"https:\/\/astroceap.com.br\/ceap\/wp-content\/uploads\/2018\/03\/HORARY-ASTROLOGY-300x225.jpg 300w, https:\/\/astroceap.com.br\/ceap\/wp-content\/uploads\/2018\/03\/HORARY-ASTROLOGY-768x576.jpg 768w, https:\/\/astroceap.com.br\/ceap\/wp-content\/uploads\/2018\/03\/HORARY-ASTROLOGY.jpg 960w\" data-sizes=\"(max-width: 300px) 100vw, 300px\" src=\"data:image\/svg+xml;base64,PHN2ZyB3aWR0aD0iMSIgaGVpZ2h0PSIxIiB4bWxucz0iaHR0cDovL3d3dy53My5vcmcvMjAwMC9zdmciPjwvc3ZnPg==\" style=\"--smush-placeholder-width: 300px; --smush-placeholder-aspect-ratio: 300\/225;\" \/><\/a>\n<h4 class=\"pt-cv-title\"><a href=\"https:\/\/astroceap.com.br\/ceap\/curso-astrologia-horaria\/\" class=\"_blank\" target=\"_blank\" >CURSO ASTROLOGIA HOR\u00c1RIA<\/a><\/h4>\n<div class=\"pt-cv-content\">CURSO ASTROLOGIA HOR\u00c1RIA O Curso Astrologia Hor\u00e1ria responde a perguntas formuladas, como a um or\u00e1culo. Levanta-se um Mapa Hor\u00e1rio para ...<br \/><div class=\"pt-cv-rmwrap\"><a href=\"https:\/\/astroceap.com.br\/ceap\/curso-astrologia-horaria\/\" class=\"_blank pt-cv-readmore btn btn-success\" target=\"_blank\">Leia Mais<\/a><\/div><\/div><\/div><\/div>\n<div class=\"col-md-4 col-sm-6 col-xs-12 pt-cv-content-item pt-cv-1-col\" ><div class='pt-cv-ifield'><a href=\"https:\/\/astroceap.com.br\/ceap\/curso-mapas-infantis\/\" class=\"_blank pt-cv-href-thumbnail pt-cv-thumb-default\" target=\"_blank\" ><img decoding=\"async\" width=\"300\" height=\"225\" data-src=\"https:\/\/astroceap.com.br\/ceap\/wp-content\/uploads\/2018\/04\/Bebe2-300x225.png\" class=\"pt-cv-thumbnail lazyload\" alt=\"\" data-srcset=\"https:\/\/astroceap.com.br\/ceap\/wp-content\/uploads\/2018\/04\/Bebe2-300x225.png 300w, https:\/\/astroceap.com.br\/ceap\/wp-content\/uploads\/2018\/04\/Bebe2-768x576.png 768w, https:\/\/astroceap.com.br\/ceap\/wp-content\/uploads\/2018\/04\/Bebe2.png 800w\" data-sizes=\"(max-width: 300px) 100vw, 300px\" src=\"data:image\/svg+xml;base64,PHN2ZyB3aWR0aD0iMSIgaGVpZ2h0PSIxIiB4bWxucz0iaHR0cDovL3d3dy53My5vcmcvMjAwMC9zdmciPjwvc3ZnPg==\" style=\"--smush-placeholder-width: 300px; --smush-placeholder-aspect-ratio: 300\/225;\" \/><\/a>\n<h4 class=\"pt-cv-title\"><a href=\"https:\/\/astroceap.com.br\/ceap\/curso-mapas-infantis\/\" class=\"_blank\" target=\"_blank\" >CURSO MAPAS INFANTIS<\/a><\/h4>\n<div class=\"pt-cv-content\">CURSO MAPAS INFANTIS A orienta\u00e7\u00e3o de pais em rela\u00e7\u00e3o \u00e0 educa\u00e7\u00e3o de seus filhos segundo as tend\u00eancias apontadas no Mapa ...<br \/><div class=\"pt-cv-rmwrap\"><a href=\"https:\/\/astroceap.com.br\/ceap\/curso-mapas-infantis\/\" class=\"_blank pt-cv-readmore btn btn-success\" target=\"_blank\">Leia Mais<\/a><\/div><\/div><\/div><\/div>\n<div class=\"col-md-4 col-sm-6 col-xs-12 pt-cv-content-item pt-cv-1-col\" ><div class='pt-cv-ifield'><a href=\"https:\/\/astroceap.com.br\/ceap\/curso-astrologia-vocacional\/\" class=\"_blank pt-cv-href-thumbnail pt-cv-thumb-default\" target=\"_blank\" ><img decoding=\"async\" width=\"300\" height=\"224\" data-src=\"https:\/\/astroceap.com.br\/ceap\/wp-content\/uploads\/2018\/03\/vocation-300x224.jpg\" class=\"pt-cv-thumbnail lazyload\" alt=\"\" data-srcset=\"https:\/\/astroceap.com.br\/ceap\/wp-content\/uploads\/2018\/03\/vocation-300x224.jpg 300w, https:\/\/astroceap.com.br\/ceap\/wp-content\/uploads\/2018\/03\/vocation-768x575.jpg 768w, https:\/\/astroceap.com.br\/ceap\/wp-content\/uploads\/2018\/03\/vocation.jpg 802w\" data-sizes=\"(max-width: 300px) 100vw, 300px\" src=\"data:image\/svg+xml;base64,PHN2ZyB3aWR0aD0iMSIgaGVpZ2h0PSIxIiB4bWxucz0iaHR0cDovL3d3dy53My5vcmcvMjAwMC9zdmciPjwvc3ZnPg==\" style=\"--smush-placeholder-width: 300px; --smush-placeholder-aspect-ratio: 300\/224;\" \/><\/a>\n<h4 class=\"pt-cv-title\"><a href=\"https:\/\/astroceap.com.br\/ceap\/curso-astrologia-vocacional\/\" class=\"_blank\" target=\"_blank\" >CURSO ASTROLOGIA VOCACIONAL<\/a><\/h4>\n<div class=\"pt-cv-content\">CURSO ASTROLOGIA VOCACIONAL Neste curso vamos aprender a diferenciar no Mapa Natal, Habilidade de Voca\u00e7\u00e3o, pois \u00e0s vezes temos determinada ...<br \/><div class=\"pt-cv-rmwrap\"><a href=\"https:\/\/astroceap.com.br\/ceap\/curso-astrologia-vocacional\/\" class=\"_blank pt-cv-readmore btn btn-success\" target=\"_blank\">Leia Mais<\/a><\/div><\/div><\/div><\/div>\n<div class=\"col-md-4 col-sm-6 col-xs-12 pt-cv-content-item pt-cv-1-col\" ><div class='pt-cv-ifield'><a href=\"https:\/\/astroceap.com.br\/ceap\/curso-sinastria\/\" class=\"_blank pt-cv-href-thumbnail pt-cv-thumb-default\" target=\"_blank\" ><img decoding=\"async\" width=\"300\" height=\"225\" data-src=\"https:\/\/astroceap.com.br\/ceap\/wp-content\/uploads\/2018\/04\/sinastria2-300x225.jpg\" class=\"pt-cv-thumbnail lazyload\" alt=\"\" data-srcset=\"https:\/\/astroceap.com.br\/ceap\/wp-content\/uploads\/2018\/04\/sinastria2-300x225.jpg 300w, https:\/\/astroceap.com.br\/ceap\/wp-content\/uploads\/2018\/04\/sinastria2-768x576.jpg 768w, https:\/\/astroceap.com.br\/ceap\/wp-content\/uploads\/2018\/04\/sinastria2.jpg 800w\" data-sizes=\"(max-width: 300px) 100vw, 300px\" src=\"data:image\/svg+xml;base64,PHN2ZyB3aWR0aD0iMSIgaGVpZ2h0PSIxIiB4bWxucz0iaHR0cDovL3d3dy53My5vcmcvMjAwMC9zdmciPjwvc3ZnPg==\" style=\"--smush-placeholder-width: 300px; --smush-placeholder-aspect-ratio: 300\/225;\" \/><\/a>\n<h4 class=\"pt-cv-title\"><a href=\"https:\/\/astroceap.com.br\/ceap\/curso-sinastria\/\" class=\"_blank\" target=\"_blank\" >CURSO SINASTRIA<\/a><\/h4>\n<div class=\"pt-cv-content\">CURSO SINASTRIA \u00c9 a combina\u00e7\u00e3o de dois ou mais mapas. Atrav\u00e9s desta t\u00e9cnica conhecida como Sinastria, vamos conseguir entender o ...<br \/><div class=\"pt-cv-rmwrap\"><a href=\"https:\/\/astroceap.com.br\/ceap\/curso-sinastria\/\" class=\"_blank pt-cv-readmore btn btn-success\" target=\"_blank\">Leia Mais<\/a><\/div><\/div><\/div><\/div>\n<div class=\"col-md-4 col-sm-6 col-xs-12 pt-cv-content-item pt-cv-1-col\" ><div class='pt-cv-ifield'><a href=\"https:\/\/astroceap.com.br\/ceap\/curso-a-astrologia-psicologica-e-a-psicologia-analitica\/\" class=\"_blank pt-cv-href-thumbnail pt-cv-thumb-default\" target=\"_blank\" ><img decoding=\"async\" width=\"300\" height=\"222\" data-src=\"https:\/\/astroceap.com.br\/ceap\/wp-content\/uploads\/2018\/03\/IMAGEM-CURSO-ASTROLOGIA-E-PSICOLOGIA-300x222.jpg\" class=\"pt-cv-thumbnail lazyload\" alt=\"\" data-srcset=\"https:\/\/astroceap.com.br\/ceap\/wp-content\/uploads\/2018\/03\/IMAGEM-CURSO-ASTROLOGIA-E-PSICOLOGIA-300x222.jpg 300w, https:\/\/astroceap.com.br\/ceap\/wp-content\/uploads\/2018\/03\/IMAGEM-CURSO-ASTROLOGIA-E-PSICOLOGIA-768x568.jpg 768w, https:\/\/astroceap.com.br\/ceap\/wp-content\/uploads\/2018\/03\/IMAGEM-CURSO-ASTROLOGIA-E-PSICOLOGIA-1024x758.jpg 1024w\" data-sizes=\"(max-width: 300px) 100vw, 300px\" src=\"data:image\/svg+xml;base64,PHN2ZyB3aWR0aD0iMSIgaGVpZ2h0PSIxIiB4bWxucz0iaHR0cDovL3d3dy53My5vcmcvMjAwMC9zdmciPjwvc3ZnPg==\" style=\"--smush-placeholder-width: 300px; --smush-placeholder-aspect-ratio: 300\/222;\" \/><\/a>\n<h4 class=\"pt-cv-title\"><a href=\"https:\/\/astroceap.com.br\/ceap\/curso-a-astrologia-psicologica-e-a-psicologia-analitica\/\" class=\"_blank\" target=\"_blank\" >CURSO ASTROLOGIA E PSICOLOGIA ANAL\u00cdTICA<\/a><\/h4>\n<div class=\"pt-cv-content\">CURSO ASTROLOGIA E A PSICOLOGIA ANAL\u00cdTICA Este curso conta com: 07 aulas \/ 07 v\u00eddeos = 311 min de v\u00eddeo-aulas ...<br \/><div class=\"pt-cv-rmwrap\"><a href=\"https:\/\/astroceap.com.br\/ceap\/curso-a-astrologia-psicologica-e-a-psicologia-analitica\/\" class=\"_blank pt-cv-readmore btn btn-success\" target=\"_blank\">Leia Mais<\/a><\/div><\/div><\/div><\/div>\n<div class=\"col-md-4 col-sm-6 col-xs-12 pt-cv-content-item pt-cv-1-col\" ><div class='pt-cv-ifield'><a href=\"https:\/\/astroceap.com.br\/ceap\/curso-tipos-psicologicos-2\/\" class=\"_blank pt-cv-href-thumbnail pt-cv-thumb-default\" target=\"_blank\" ><img decoding=\"async\" width=\"300\" height=\"232\" data-src=\"https:\/\/astroceap.com.br\/ceap\/wp-content\/uploads\/2018\/03\/IMAGEM-TIPOS-2-300x232.jpg\" class=\"pt-cv-thumbnail lazyload\" alt=\"\" src=\"data:image\/svg+xml;base64,PHN2ZyB3aWR0aD0iMSIgaGVpZ2h0PSIxIiB4bWxucz0iaHR0cDovL3d3dy53My5vcmcvMjAwMC9zdmciPjwvc3ZnPg==\" style=\"--smush-placeholder-width: 300px; --smush-placeholder-aspect-ratio: 300\/232;\" \/><\/a>\n<h4 class=\"pt-cv-title\"><a href=\"https:\/\/astroceap.com.br\/ceap\/curso-tipos-psicologicos-2\/\" class=\"_blank\" target=\"_blank\" >CURSO TIPOS PSICOL\u00d3GICOS<\/a><\/h4>\n<div class=\"pt-cv-content\">CURSO TIPOS PSICOL\u00d3GICOS Este curso proporciona uma ampla correla\u00e7\u00e3o entre a Astrologia e a Psicologia Anal\u00edtica de Jung com a ...<br \/><div class=\"pt-cv-rmwrap\"><a href=\"https:\/\/astroceap.com.br\/ceap\/curso-tipos-psicologicos-2\/\" class=\"_blank pt-cv-readmore btn btn-success\" target=\"_blank\">Leia Mais<\/a><\/div><\/div><\/div><\/div><\/div><\/div><\/div>\n<p>&nbsp;<\/p>\n<p><a href=\"https:\/\/astroceap.com.br\/ceap\/inscricoes-cursos-online\/\">INSCREVA-SE<\/a><\/p>\n<p><a href=\"https:\/\/www.astro.com\/astrowiki\/en\/Main_Page\">QUER SABER MAIS SOBRE ASTROLOGIA? CLIQUE AQUI<\/a><\/p>\n<p><span style=\"color: #ffffff;\">cursos especializa\u00e7\u00e3o online astrologia<\/span><\/p>\n","protected":false},"excerpt":{"rendered":"<p>cursos especializa\u00e7\u00e3o online astrologia &nbsp; INSCREVA-SE QUER SABER MAIS SOBRE ASTROLOGIA? CLIQUE AQUI cursos especializa\u00e7\u00e3o online astrologia<\/p>\n","protected":false},"author":1,"featured_media":0,"parent":0,"menu_order":0,"comment_status":"closed","ping_status":"closed","template":"","meta":{"ngg_post_thumbnail":0,"footnotes":""},"class_list":["post-1049","page","type-page","status-publish","hentry"],"yoast_head":"<!-- This site is optimized with the Yoast SEO plugin v27.4 - https:\/\/yoast.com\/product\/yoast-seo-wordpress\/ -->\n<title>Cursos especializa\u00e7\u00e3o online astrologia psicol\u00f3gica<\/title>\n<meta name=\"description\" content=\"Nivel III - O C.E.A.P. oferece cursos online de Especializa\u00e7\u00e3o em Astrologia Psicol\u00f3gica com certifica\u00e7\u00e3o internacional.\" \/>\n<meta name=\"robots\" content=\"index, follow, max-snippet:-1, max-image-preview:large, max-video-preview:-1\" \/>\n<link rel=\"canonical\" href=\"https:\/\/astroceap.com.br\/ceap\/cursos-nivel3\/\" \/>\n<meta property=\"og:locale\" content=\"pt_BR\" \/>\n<meta property=\"og:type\" content=\"article\" \/>\n<meta property=\"og:title\" content=\"Cursos especializa\u00e7\u00e3o online astrologia psicol\u00f3gica\" \/>\n<meta property=\"og:description\" content=\"Nivel III - O C.E.A.P. oferece cursos online de Especializa\u00e7\u00e3o em Astrologia Psicol\u00f3gica com certifica\u00e7\u00e3o internacional.\" \/>\n<meta property=\"og:url\" content=\"https:\/\/astroceap.com.br\/ceap\/cursos-nivel3\/\" \/>\n<meta property=\"og:site_name\" content=\"C.E.A.P.\" \/>\n<meta property=\"article:publisher\" content=\"https:\/\/www.facebook.com\/astroceap\/\" \/>\n<meta property=\"article:modified_time\" content=\"2020-11-18T20:25:30+00:00\" \/>\n<meta name=\"twitter:card\" content=\"summary_large_image\" \/>\n<meta name=\"twitter:site\" content=\"@astrologiaceap\" \/>\n<script type=\"application\/ld+json\" class=\"yoast-schema-graph\">{\"@context\":\"https:\\\/\\\/schema.org\",\"@graph\":[{\"@type\":\"WebPage\",\"@id\":\"https:\\\/\\\/astroceap.com.br\\\/ceap\\\/cursos-nivel3\\\/\",\"url\":\"https:\\\/\\\/astroceap.com.br\\\/ceap\\\/cursos-nivel3\\\/\",\"name\":\"Cursos especializa\u00e7\u00e3o online astrologia psicol\u00f3gica\",\"isPartOf\":{\"@id\":\"https:\\\/\\\/astroceap.com.br\\\/ceap\\\/#website\"},\"datePublished\":\"2018-03-29T22:50:17+00:00\",\"dateModified\":\"2020-11-18T20:25:30+00:00\",\"description\":\"Nivel III - O C.E.A.P. oferece cursos online de Especializa\u00e7\u00e3o em Astrologia Psicol\u00f3gica com certifica\u00e7\u00e3o internacional.\",\"breadcrumb\":{\"@id\":\"https:\\\/\\\/astroceap.com.br\\\/ceap\\\/cursos-nivel3\\\/#breadcrumb\"},\"inLanguage\":\"pt-BR\",\"potentialAction\":[{\"@type\":\"ReadAction\",\"target\":[\"https:\\\/\\\/astroceap.com.br\\\/ceap\\\/cursos-nivel3\\\/\"]}]},{\"@type\":\"BreadcrumbList\",\"@id\":\"https:\\\/\\\/astroceap.com.br\\\/ceap\\\/cursos-nivel3\\\/#breadcrumb\",\"itemListElement\":[{\"@type\":\"ListItem\",\"position\":1,\"name\":\"In\u00edcio\",\"item\":\"https:\\\/\\\/astroceap.com.br\\\/ceap\\\/\"},{\"@type\":\"ListItem\",\"position\":2,\"name\":\"N\u00cdVEL III &#8211; ESPECIALIZA\u00c7\u00c3O\"}]},{\"@type\":\"WebSite\",\"@id\":\"https:\\\/\\\/astroceap.com.br\\\/ceap\\\/#website\",\"url\":\"https:\\\/\\\/astroceap.com.br\\\/ceap\\\/\",\"name\":\"C.E.A.P.\",\"description\":\"Centro de Estudos de Astrologia Psicol\u00f3gica\",\"publisher\":{\"@id\":\"https:\\\/\\\/astroceap.com.br\\\/ceap\\\/#organization\"},\"potentialAction\":[{\"@type\":\"SearchAction\",\"target\":{\"@type\":\"EntryPoint\",\"urlTemplate\":\"https:\\\/\\\/astroceap.com.br\\\/ceap\\\/?s={search_term_string}\"},\"query-input\":{\"@type\":\"PropertyValueSpecification\",\"valueRequired\":true,\"valueName\":\"search_term_string\"}}],\"inLanguage\":\"pt-BR\"},{\"@type\":\"Organization\",\"@id\":\"https:\\\/\\\/astroceap.com.br\\\/ceap\\\/#organization\",\"name\":\"CEAP Centro de Estudos de Astrologia Psicol\u00f3gica\",\"url\":\"https:\\\/\\\/astroceap.com.br\\\/ceap\\\/\",\"logo\":{\"@type\":\"ImageObject\",\"inLanguage\":\"pt-BR\",\"@id\":\"https:\\\/\\\/astroceap.com.br\\\/ceap\\\/#\\\/schema\\\/logo\\\/image\\\/\",\"url\":\"http:\\\/\\\/astroceap.com.br\\\/ceap\\\/wp-content\\\/uploads\\\/2018\\\/03\\\/LOGO_CEAP_New4site.jpg\",\"contentUrl\":\"http:\\\/\\\/astroceap.com.br\\\/ceap\\\/wp-content\\\/uploads\\\/2018\\\/03\\\/LOGO_CEAP_New4site.jpg\",\"width\":140,\"height\":174,\"caption\":\"CEAP Centro de Estudos de Astrologia Psicol\u00f3gica\"},\"image\":{\"@id\":\"https:\\\/\\\/astroceap.com.br\\\/ceap\\\/#\\\/schema\\\/logo\\\/image\\\/\"},\"sameAs\":[\"https:\\\/\\\/www.facebook.com\\\/astroceap\\\/\",\"https:\\\/\\\/x.com\\\/astrologiaceap\",\"https:\\\/\\\/www.instagram.com\\\/ceap.astrologia\\\/\",\"https:\\\/\\\/www.youtube.com\\\/channel\\\/UCDsKeXx5S7f2xoPUxNpARSQ\"]}]}<\/script>\n<!-- \/ Yoast SEO plugin. -->","yoast_head_json":{"title":"Cursos especializa\u00e7\u00e3o online astrologia psicol\u00f3gica","description":"Nivel III - O C.E.A.P. oferece cursos online de Especializa\u00e7\u00e3o em Astrologia Psicol\u00f3gica com certifica\u00e7\u00e3o internacional.","robots":{"index":"index","follow":"follow","max-snippet":"max-snippet:-1","max-image-preview":"max-image-preview:large","max-video-preview":"max-video-preview:-1"},"canonical":"https:\/\/astroceap.com.br\/ceap\/cursos-nivel3\/","og_locale":"pt_BR","og_type":"article","og_title":"Cursos especializa\u00e7\u00e3o online astrologia psicol\u00f3gica","og_description":"Nivel III - O C.E.A.P. oferece cursos online de Especializa\u00e7\u00e3o em Astrologia Psicol\u00f3gica com certifica\u00e7\u00e3o internacional.","og_url":"https:\/\/astroceap.com.br\/ceap\/cursos-nivel3\/","og_site_name":"C.E.A.P.","article_publisher":"https:\/\/www.facebook.com\/astroceap\/","article_modified_time":"2020-11-18T20:25:30+00:00","twitter_card":"summary_large_image","twitter_site":"@astrologiaceap","schema":{"@context":"https:\/\/schema.org","@graph":[{"@type":"WebPage","@id":"https:\/\/astroceap.com.br\/ceap\/cursos-nivel3\/","url":"https:\/\/astroceap.com.br\/ceap\/cursos-nivel3\/","name":"Cursos especializa\u00e7\u00e3o online astrologia psicol\u00f3gica","isPartOf":{"@id":"https:\/\/astroceap.com.br\/ceap\/#website"},"datePublished":"2018-03-29T22:50:17+00:00","dateModified":"2020-11-18T20:25:30+00:00","description":"Nivel III - O C.E.A.P. oferece cursos online de Especializa\u00e7\u00e3o em Astrologia Psicol\u00f3gica com certifica\u00e7\u00e3o internacional.","breadcrumb":{"@id":"https:\/\/astroceap.com.br\/ceap\/cursos-nivel3\/#breadcrumb"},"inLanguage":"pt-BR","potentialAction":[{"@type":"ReadAction","target":["https:\/\/astroceap.com.br\/ceap\/cursos-nivel3\/"]}]},{"@type":"BreadcrumbList","@id":"https:\/\/astroceap.com.br\/ceap\/cursos-nivel3\/#breadcrumb","itemListElement":[{"@type":"ListItem","position":1,"name":"In\u00edcio","item":"https:\/\/astroceap.com.br\/ceap\/"},{"@type":"ListItem","position":2,"name":"N\u00cdVEL III &#8211; ESPECIALIZA\u00c7\u00c3O"}]},{"@type":"WebSite","@id":"https:\/\/astroceap.com.br\/ceap\/#website","url":"https:\/\/astroceap.com.br\/ceap\/","name":"C.E.A.P.","description":"Centro de Estudos de Astrologia Psicol\u00f3gica","publisher":{"@id":"https:\/\/astroceap.com.br\/ceap\/#organization"},"potentialAction":[{"@type":"SearchAction","target":{"@type":"EntryPoint","urlTemplate":"https:\/\/astroceap.com.br\/ceap\/?s={search_term_string}"},"query-input":{"@type":"PropertyValueSpecification","valueRequired":true,"valueName":"search_term_string"}}],"inLanguage":"pt-BR"},{"@type":"Organization","@id":"https:\/\/astroceap.com.br\/ceap\/#organization","name":"CEAP Centro de Estudos de Astrologia Psicol\u00f3gica","url":"https:\/\/astroceap.com.br\/ceap\/","logo":{"@type":"ImageObject","inLanguage":"pt-BR","@id":"https:\/\/astroceap.com.br\/ceap\/#\/schema\/logo\/image\/","url":"http:\/\/astroceap.com.br\/ceap\/wp-content\/uploads\/2018\/03\/LOGO_CEAP_New4site.jpg","contentUrl":"http:\/\/astroceap.com.br\/ceap\/wp-content\/uploads\/2018\/03\/LOGO_CEAP_New4site.jpg","width":140,"height":174,"caption":"CEAP Centro de Estudos de Astrologia Psicol\u00f3gica"},"image":{"@id":"https:\/\/astroceap.com.br\/ceap\/#\/schema\/logo\/image\/"},"sameAs":["https:\/\/www.facebook.com\/astroceap\/","https:\/\/x.com\/astrologiaceap","https:\/\/www.instagram.com\/ceap.astrologia\/","https:\/\/www.youtube.com\/channel\/UCDsKeXx5S7f2xoPUxNpARSQ"]}]}},"_links":{"self":[{"href":"https:\/\/astroceap.com.br\/ceap\/wp-json\/wp\/v2\/pages\/1049","targetHints":{"allow":["GET"]}}],"collection":[{"href":"https:\/\/astroceap.com.br\/ceap\/wp-json\/wp\/v2\/pages"}],"about":[{"href":"https:\/\/astroceap.com.br\/ceap\/wp-json\/wp\/v2\/types\/page"}],"author":[{"embeddable":true,"href":"https:\/\/astroceap.com.br\/ceap\/wp-json\/wp\/v2\/users\/1"}],"replies":[{"embeddable":true,"href":"https:\/\/astroceap.com.br\/ceap\/wp-json\/wp\/v2\/comments?post=1049"}],"version-history":[{"count":6,"href":"https:\/\/astroceap.com.br\/ceap\/wp-json\/wp\/v2\/pages\/1049\/revisions"}],"predecessor-version":[{"id":8402,"href":"https:\/\/astroceap.com.br\/ceap\/wp-json\/wp\/v2\/pages\/1049\/revisions\/8402"}],"wp:attachment":[{"href":"https:\/\/astroceap.com.br\/ceap\/wp-json\/wp\/v2\/media?parent=1049"}],"curies":[{"name":"wp","href":"https:\/\/api.w.org\/{rel}","templated":true}]}}