{"id":11009,"date":"2025-01-09T19:26:49","date_gmt":"2025-01-09T22:26:49","guid":{"rendered":"https:\/\/astroceap.com.br\/ceap\/?page_id=11009"},"modified":"2025-12-19T16:05:37","modified_gmt":"2025-12-19T19:05:37","slug":"cursos-rapidos-do-c-e-a-p","status":"publish","type":"page","link":"https:\/\/astroceap.com.br\/ceap\/cursos-rapidos-do-c-e-a-p\/","title":{"rendered":"CURSOS R\u00c1PIDOS DO C.E.A.P."},"content":{"rendered":"<p style=\"text-align: center;\"><img decoding=\"async\" class=\"alignnone size-medium wp-image-11021 lazyload\" data-src=\"https:\/\/astroceap.com.br\/ceap\/wp-content\/uploads\/2025\/01\/curso_rapido_V1-300x300.png\" alt=\"\" width=\"300\" height=\"300\" data-srcset=\"https:\/\/astroceap.com.br\/ceap\/wp-content\/uploads\/2025\/01\/curso_rapido_V1-300x300.png 300w, https:\/\/astroceap.com.br\/ceap\/wp-content\/uploads\/2025\/01\/curso_rapido_V1-1024x1024.png 1024w, https:\/\/astroceap.com.br\/ceap\/wp-content\/uploads\/2025\/01\/curso_rapido_V1-150x150.png 150w, https:\/\/astroceap.com.br\/ceap\/wp-content\/uploads\/2025\/01\/curso_rapido_V1-768x768.png 768w, https:\/\/astroceap.com.br\/ceap\/wp-content\/uploads\/2025\/01\/curso_rapido_V1-230x230.png 230w, https:\/\/astroceap.com.br\/ceap\/wp-content\/uploads\/2025\/01\/curso_rapido_V1-330x330.png 330w, https:\/\/astroceap.com.br\/ceap\/wp-content\/uploads\/2025\/01\/curso_rapido_V1.png 1080w\" data-sizes=\"(max-width: 300px) 100vw, 300px\" src=\"data:image\/svg+xml;base64,PHN2ZyB3aWR0aD0iMSIgaGVpZ2h0PSIxIiB4bWxucz0iaHR0cDovL3d3dy53My5vcmcvMjAwMC9zdmciPjwvc3ZnPg==\" style=\"--smush-placeholder-width: 300px; --smush-placeholder-aspect-ratio: 300\/300;\" \/><\/p>\n<p><span style=\"color: #000000; font-family: arial, helvetica, sans-serif;\">Se voc\u00ea acha Astrologia interessante e nunca teve tempo para se dedicar ao estudo, mas ainda assim sente uma curiosidade e gostaria de saber alguma coisa, ent\u00e3o estes cursos s\u00e3o para voc\u00ea!<\/span><br \/>\n<span style=\"color: #000000; font-family: arial, helvetica, sans-serif;\">&nbsp;<\/span><\/p>\n<p><span style=\"color: #000000; font-family: arial, helvetica, sans-serif;\">Os Cursos R\u00e1pidos do C.E.A.P. foram criados para que voc\u00ea possa ter uma primeira no\u00e7\u00e3o dos planetas nos signos e nas casas, e tamb\u00e9m ao mesmo tempo te possibilitar uma pequena ideia de como os nossos cursos s\u00e3o por dentro e do conte\u00fado que temos para te oferecer, que vai muito al\u00e9m disso.<\/span><br \/>\n<span style=\"color: #000000; font-family: arial, helvetica, sans-serif;\">&nbsp;<\/span><\/p>\n<p><span style=\"color: #000000; font-family: arial, helvetica, sans-serif;\">S\u00e3o v\u00eddeos curtos sobre os planetas nos 12 signos e sobre os planetas nas 12 casas astrol\u00f3gicas, de forma a permitir que voc\u00ea, assim como aconteceu conosco, se deixe &#8220;fisgar&#8221; por este conhecimento fascinante, que \u00e9 a Astrologia!<\/span><\/p>\n<p>&nbsp;<\/p>\n<p style=\"text-align: center;\"><span style=\"font-family: arial, helvetica, sans-serif;\"><strong><span style=\"color: #000000;\">CURSO R\u00c1PIDO &#8211; PLANETAS NOS 12 SIGNOS<\/span><\/strong><\/span><\/p>\n<p>&nbsp;<\/p>\n<p><span style=\"color: #000000; font-family: arial, helvetica, sans-serif;\">Neste curso, voc\u00ea vai ter uma primeira ideia dos itens mais b\u00e1sicos em Astrologia conhecendo os n\u00facleos arquet\u00edpicos fundamentais de cada signo.<\/span><\/p>\n<p><span style=\"color: #000000; font-family: arial, helvetica, sans-serif;\">Por exemplo, voc\u00ea sabia que cada signo \u00e9 de um elemento \u2013 fogo, terra, ar ou \u00e1gua, e de uma modalidade espec\u00edfica \u2013 cardinal, fixo ou mut\u00e1vel? E com isso formam-se combina\u00e7\u00f5es do tipo: fogo\/cardinal ou ar\/mut\u00e1vel e assim por diante, e \u00e9 isso o que comp\u00f5e os signos. Quando voc\u00ea entende bem essa forma\u00e7\u00e3o, fica muito mais f\u00e1cil compreender os n\u00facleos de cada signo.<\/span><\/p>\n<p><span style=\"color: #000000; font-family: arial, helvetica, sans-serif;\">E voc\u00ea sabia tamb\u00e9m que cada signo tem o seu regente? Voc\u00ea vai aprender tudo isso neste curso r\u00e1pido.<\/span><\/p>\n<p><span style=\"color: #000000; font-family: arial, helvetica, sans-serif;\">Esse \u00e9 o primeiro e breve contato que voc\u00ea vai ter com a Astrologia, vendo um pedacinho dos nossos cursos, mas se voc\u00ea gostar, tem muito mais!! Veja s\u00f3: v\u00eddeo-aulas completas, question\u00e1rios, textos, avalia\u00e7\u00f5es, app para celular, f\u00f3rum de discuss\u00f5es e muito mais!<\/span><\/p>\n<p><span style=\"color: #000000; font-family: arial, helvetica, sans-serif;\">Al\u00e9m disso, quando se formam as turmas, voc\u00ea tem tamb\u00e9m pode optar pelo acompanhamento de perto da professora M\u00e1rcia Ferreira, que al\u00e9m de astr\u00f3loga certificada internacionalmente, tem uma extensa forma\u00e7\u00e3o em Psican\u00e1lise e em Psicologia Anal\u00edtica.<\/span><\/p>\n<p><span style=\"color: #000000; font-family: arial, helvetica, sans-serif;\">Sinta esse primeiro gostinho de como funcionam os cursos do C.E.A.P. e esperamos voc\u00ea para nossos cursos completos!<\/span><\/p>\n<p style=\"text-align: center;\"><span style=\"color: #000000; font-family: arial, helvetica, sans-serif;\"><strong>&nbsp;<\/strong><\/span><\/p>\n<p style=\"text-align: center;\"><span style=\"color: #000000; font-family: arial, helvetica, sans-serif;\"> <strong><a class=\"maxbutton-32 maxbutton maxbutton-inscricao-curso-rapido-planetas-nos-12-signos-jan25\" target=\"_blank\" rel=\"noopener\" href=\"https:\/\/pag.ae\/7_giS8kVq\"><span class='mb-text'>INSCREVA-SE<\/span><\/a><\/strong><\/span><\/p>\n<p>&nbsp;<\/p>\n<p style=\"text-align: center;\"><span style=\"color: #000000; font-family: arial, helvetica, sans-serif;\"><strong>CURSO R\u00c1PIDO PLANETAS NAS 12 CASAS<\/strong><\/span><\/p>\n<p>&nbsp;<\/p>\n<p><span style=\"color: #000000; font-family: arial, helvetica, sans-serif;\">Neste curso, voc\u00ea vai ter uma primeira ideia dos itens mais b\u00e1sicos em Astrologia conhecendo os n\u00facleos arquet\u00edpicos fundamentais de cada signo.<\/span><\/p>\n<p><span style=\"color: #000000; font-family: arial, helvetica, sans-serif;\">Por exemplo, voc\u00ea sabia que cada signo \u00e9 de um elemento \u2013 fogo, terra, ar ou \u00e1gua, e de uma modalidade espec\u00edfica \u2013 cardinal, fixo ou mut\u00e1vel? E com isso formam-se combina\u00e7\u00f5es do tipo: fogo\/cardinal ou ar\/mut\u00e1vel e assim por diante, e \u00e9 isso o que comp\u00f5e os signos. Quando voc\u00ea entende bem essa forma\u00e7\u00e3o, fica muito mais f\u00e1cil compreender os n\u00facleos de cada signo.<\/span><\/p>\n<p><span style=\"color: #000000; font-family: arial, helvetica, sans-serif;\">E voc\u00ea sabia tamb\u00e9m que cada signo tem o seu regente? Voc\u00ea vai aprender tudo isso neste curso r\u00e1pido.<\/span><\/p>\n<p><span style=\"color: #000000; font-family: arial, helvetica, sans-serif;\">Esse \u00e9 o primeiro e breve contato que voc\u00ea vai ter com a Astrologia, vendo um pedacinho dos nossos cursos, mas se voc\u00ea gostar, tem muito mais!! Veja s\u00f3: v\u00eddeo-aulas completas, question\u00e1rios, textos, avalia\u00e7\u00f5es, app para celular, f\u00f3rum de discuss\u00f5es e muito mais!<\/span><\/p>\n<p><span style=\"color: #000000; font-family: arial, helvetica, sans-serif;\">Al\u00e9m disso, quando se formam as turmas, voc\u00ea tem tamb\u00e9m o acompanhamento de perto da professora M\u00e1rcia Ferreira, que al\u00e9m de astr\u00f3loga certificada internacionalmente, tem uma extensa forma\u00e7\u00e3o em Psican\u00e1lise e em Psicologia Anal\u00edtica.<\/span><\/p>\n<p><span style=\"color: #000000; font-family: arial, helvetica, sans-serif;\">Sinta esse primeiro gostinho de como funcionam os cursos do C.E.A.P. e esperamos voc\u00ea para nossos cursos completos!<\/span><\/p>\n<p style=\"text-align: center;\"><span style=\"color: #000000; font-family: arial, helvetica, sans-serif;\"><strong>&nbsp;<\/strong><\/span><\/p>\n<p style=\"text-align: center;\"><span style=\"color: #000000; font-family: arial, helvetica, sans-serif;\"> <strong><a class=\"maxbutton-33 maxbutton maxbutton-inscricao-curso-rapido-planetas-nas-12-casas-jan25\" target=\"_blank\" rel=\"noopener\" href=\"https:\/\/pag.ae\/7_giSJrzq\"><span class='mb-text'>INSCREVA-SE<\/span><\/a><\/strong><\/span><\/p>\n<p>&nbsp;<\/p>\n<p>&nbsp;<\/p>\n","protected":false},"excerpt":{"rendered":"<p>Se voc\u00ea acha Astrologia interessante e nunca teve tempo para se dedicar ao estudo, mas ainda assim sente uma curiosidade e gostaria de saber alguma coisa, ent\u00e3o estes cursos s\u00e3o para voc\u00ea! &nbsp; Os Cursos R\u00e1pidos do C.E.A.P. foram criados<\/p>\n","protected":false},"author":8,"featured_media":0,"parent":0,"menu_order":0,"comment_status":"closed","ping_status":"closed","template":"","meta":{"ngg_post_thumbnail":0,"footnotes":""},"class_list":["post-11009","page","type-page","status-publish","hentry"],"yoast_head":"<!-- This site is optimized with the Yoast SEO plugin v27.4 - https:\/\/yoast.com\/product\/yoast-seo-wordpress\/ -->\n<title>CURSOS R\u00c1PIDOS DO C.E.A.P. - C.E.A.P.<\/title>\n<meta name=\"robots\" content=\"index, follow, max-snippet:-1, max-image-preview:large, max-video-preview:-1\" \/>\n<link rel=\"canonical\" href=\"https:\/\/astroceap.com.br\/ceap\/cursos-rapidos-do-c-e-a-p\/\" \/>\n<meta property=\"og:locale\" content=\"pt_BR\" \/>\n<meta property=\"og:type\" content=\"article\" \/>\n<meta property=\"og:title\" content=\"CURSOS R\u00c1PIDOS DO C.E.A.P. - C.E.A.P.\" \/>\n<meta property=\"og:description\" content=\"Se voc\u00ea acha Astrologia interessante e nunca teve tempo para se dedicar ao estudo, mas ainda assim sente uma curiosidade e gostaria de saber alguma coisa, ent\u00e3o estes cursos s\u00e3o para voc\u00ea! &nbsp; Os Cursos R\u00e1pidos do C.E.A.P. foram criados\" \/>\n<meta property=\"og:url\" content=\"https:\/\/astroceap.com.br\/ceap\/cursos-rapidos-do-c-e-a-p\/\" \/>\n<meta property=\"og:site_name\" content=\"C.E.A.P.\" \/>\n<meta property=\"article:publisher\" content=\"https:\/\/www.facebook.com\/astroceap\/\" \/>\n<meta property=\"article:modified_time\" content=\"2025-12-19T19:05:37+00:00\" \/>\n<meta property=\"og:image\" content=\"https:\/\/astroceap.com.br\/ceap\/wp-content\/uploads\/2025\/01\/curso_rapido_V1.png\" \/>\n\t<meta property=\"og:image:width\" content=\"1080\" \/>\n\t<meta property=\"og:image:height\" content=\"1080\" \/>\n\t<meta property=\"og:image:type\" content=\"image\/png\" \/>\n<meta name=\"twitter:card\" content=\"summary_large_image\" \/>\n<meta name=\"twitter:site\" content=\"@astrologiaceap\" \/>\n<meta name=\"twitter:label1\" content=\"Est. tempo de leitura\" \/>\n\t<meta name=\"twitter:data1\" content=\"4 minutos\" \/>\n<script type=\"application\/ld+json\" class=\"yoast-schema-graph\">{\"@context\":\"https:\\\/\\\/schema.org\",\"@graph\":[{\"@type\":\"WebPage\",\"@id\":\"https:\\\/\\\/astroceap.com.br\\\/ceap\\\/cursos-rapidos-do-c-e-a-p\\\/\",\"url\":\"https:\\\/\\\/astroceap.com.br\\\/ceap\\\/cursos-rapidos-do-c-e-a-p\\\/\",\"name\":\"CURSOS R\u00c1PIDOS DO C.E.A.P. - C.E.A.P.\",\"isPartOf\":{\"@id\":\"https:\\\/\\\/astroceap.com.br\\\/ceap\\\/#website\"},\"primaryImageOfPage\":{\"@id\":\"https:\\\/\\\/astroceap.com.br\\\/ceap\\\/cursos-rapidos-do-c-e-a-p\\\/#primaryimage\"},\"image\":{\"@id\":\"https:\\\/\\\/astroceap.com.br\\\/ceap\\\/cursos-rapidos-do-c-e-a-p\\\/#primaryimage\"},\"thumbnailUrl\":\"https:\\\/\\\/astroceap.com.br\\\/ceap\\\/wp-content\\\/uploads\\\/2025\\\/01\\\/curso_rapido_V1-300x300.png\",\"datePublished\":\"2025-01-09T22:26:49+00:00\",\"dateModified\":\"2025-12-19T19:05:37+00:00\",\"breadcrumb\":{\"@id\":\"https:\\\/\\\/astroceap.com.br\\\/ceap\\\/cursos-rapidos-do-c-e-a-p\\\/#breadcrumb\"},\"inLanguage\":\"pt-BR\",\"potentialAction\":[{\"@type\":\"ReadAction\",\"target\":[\"https:\\\/\\\/astroceap.com.br\\\/ceap\\\/cursos-rapidos-do-c-e-a-p\\\/\"]}]},{\"@type\":\"ImageObject\",\"inLanguage\":\"pt-BR\",\"@id\":\"https:\\\/\\\/astroceap.com.br\\\/ceap\\\/cursos-rapidos-do-c-e-a-p\\\/#primaryimage\",\"url\":\"https:\\\/\\\/astroceap.com.br\\\/ceap\\\/wp-content\\\/uploads\\\/2025\\\/01\\\/curso_rapido_V1.png\",\"contentUrl\":\"https:\\\/\\\/astroceap.com.br\\\/ceap\\\/wp-content\\\/uploads\\\/2025\\\/01\\\/curso_rapido_V1.png\",\"width\":1080,\"height\":1080},{\"@type\":\"BreadcrumbList\",\"@id\":\"https:\\\/\\\/astroceap.com.br\\\/ceap\\\/cursos-rapidos-do-c-e-a-p\\\/#breadcrumb\",\"itemListElement\":[{\"@type\":\"ListItem\",\"position\":1,\"name\":\"In\u00edcio\",\"item\":\"https:\\\/\\\/astroceap.com.br\\\/ceap\\\/\"},{\"@type\":\"ListItem\",\"position\":2,\"name\":\"CURSOS R\u00c1PIDOS DO C.E.A.P.\"}]},{\"@type\":\"WebSite\",\"@id\":\"https:\\\/\\\/astroceap.com.br\\\/ceap\\\/#website\",\"url\":\"https:\\\/\\\/astroceap.com.br\\\/ceap\\\/\",\"name\":\"C.E.A.P.\",\"description\":\"Centro de Estudos de Astrologia Psicol\u00f3gica\",\"publisher\":{\"@id\":\"https:\\\/\\\/astroceap.com.br\\\/ceap\\\/#organization\"},\"potentialAction\":[{\"@type\":\"SearchAction\",\"target\":{\"@type\":\"EntryPoint\",\"urlTemplate\":\"https:\\\/\\\/astroceap.com.br\\\/ceap\\\/?s={search_term_string}\"},\"query-input\":{\"@type\":\"PropertyValueSpecification\",\"valueRequired\":true,\"valueName\":\"search_term_string\"}}],\"inLanguage\":\"pt-BR\"},{\"@type\":\"Organization\",\"@id\":\"https:\\\/\\\/astroceap.com.br\\\/ceap\\\/#organization\",\"name\":\"CEAP Centro de Estudos de Astrologia Psicol\u00f3gica\",\"url\":\"https:\\\/\\\/astroceap.com.br\\\/ceap\\\/\",\"logo\":{\"@type\":\"ImageObject\",\"inLanguage\":\"pt-BR\",\"@id\":\"https:\\\/\\\/astroceap.com.br\\\/ceap\\\/#\\\/schema\\\/logo\\\/image\\\/\",\"url\":\"http:\\\/\\\/astroceap.com.br\\\/ceap\\\/wp-content\\\/uploads\\\/2018\\\/03\\\/LOGO_CEAP_New4site.jpg\",\"contentUrl\":\"http:\\\/\\\/astroceap.com.br\\\/ceap\\\/wp-content\\\/uploads\\\/2018\\\/03\\\/LOGO_CEAP_New4site.jpg\",\"width\":140,\"height\":174,\"caption\":\"CEAP Centro de Estudos de Astrologia Psicol\u00f3gica\"},\"image\":{\"@id\":\"https:\\\/\\\/astroceap.com.br\\\/ceap\\\/#\\\/schema\\\/logo\\\/image\\\/\"},\"sameAs\":[\"https:\\\/\\\/www.facebook.com\\\/astroceap\\\/\",\"https:\\\/\\\/x.com\\\/astrologiaceap\",\"https:\\\/\\\/www.instagram.com\\\/ceap.astrologia\\\/\",\"https:\\\/\\\/www.youtube.com\\\/channel\\\/UCDsKeXx5S7f2xoPUxNpARSQ\"]}]}<\/script>\n<!-- \/ Yoast SEO plugin. -->","yoast_head_json":{"title":"CURSOS R\u00c1PIDOS DO C.E.A.P. - C.E.A.P.","robots":{"index":"index","follow":"follow","max-snippet":"max-snippet:-1","max-image-preview":"max-image-preview:large","max-video-preview":"max-video-preview:-1"},"canonical":"https:\/\/astroceap.com.br\/ceap\/cursos-rapidos-do-c-e-a-p\/","og_locale":"pt_BR","og_type":"article","og_title":"CURSOS R\u00c1PIDOS DO C.E.A.P. - C.E.A.P.","og_description":"Se voc\u00ea acha Astrologia interessante e nunca teve tempo para se dedicar ao estudo, mas ainda assim sente uma curiosidade e gostaria de saber alguma coisa, ent\u00e3o estes cursos s\u00e3o para voc\u00ea! &nbsp; Os Cursos R\u00e1pidos do C.E.A.P. foram criados","og_url":"https:\/\/astroceap.com.br\/ceap\/cursos-rapidos-do-c-e-a-p\/","og_site_name":"C.E.A.P.","article_publisher":"https:\/\/www.facebook.com\/astroceap\/","article_modified_time":"2025-12-19T19:05:37+00:00","og_image":[{"width":1080,"height":1080,"url":"https:\/\/astroceap.com.br\/ceap\/wp-content\/uploads\/2025\/01\/curso_rapido_V1.png","type":"image\/png"}],"twitter_card":"summary_large_image","twitter_site":"@astrologiaceap","twitter_misc":{"Est. tempo de leitura":"4 minutos"},"schema":{"@context":"https:\/\/schema.org","@graph":[{"@type":"WebPage","@id":"https:\/\/astroceap.com.br\/ceap\/cursos-rapidos-do-c-e-a-p\/","url":"https:\/\/astroceap.com.br\/ceap\/cursos-rapidos-do-c-e-a-p\/","name":"CURSOS R\u00c1PIDOS DO C.E.A.P. - C.E.A.P.","isPartOf":{"@id":"https:\/\/astroceap.com.br\/ceap\/#website"},"primaryImageOfPage":{"@id":"https:\/\/astroceap.com.br\/ceap\/cursos-rapidos-do-c-e-a-p\/#primaryimage"},"image":{"@id":"https:\/\/astroceap.com.br\/ceap\/cursos-rapidos-do-c-e-a-p\/#primaryimage"},"thumbnailUrl":"https:\/\/astroceap.com.br\/ceap\/wp-content\/uploads\/2025\/01\/curso_rapido_V1-300x300.png","datePublished":"2025-01-09T22:26:49+00:00","dateModified":"2025-12-19T19:05:37+00:00","breadcrumb":{"@id":"https:\/\/astroceap.com.br\/ceap\/cursos-rapidos-do-c-e-a-p\/#breadcrumb"},"inLanguage":"pt-BR","potentialAction":[{"@type":"ReadAction","target":["https:\/\/astroceap.com.br\/ceap\/cursos-rapidos-do-c-e-a-p\/"]}]},{"@type":"ImageObject","inLanguage":"pt-BR","@id":"https:\/\/astroceap.com.br\/ceap\/cursos-rapidos-do-c-e-a-p\/#primaryimage","url":"https:\/\/astroceap.com.br\/ceap\/wp-content\/uploads\/2025\/01\/curso_rapido_V1.png","contentUrl":"https:\/\/astroceap.com.br\/ceap\/wp-content\/uploads\/2025\/01\/curso_rapido_V1.png","width":1080,"height":1080},{"@type":"BreadcrumbList","@id":"https:\/\/astroceap.com.br\/ceap\/cursos-rapidos-do-c-e-a-p\/#breadcrumb","itemListElement":[{"@type":"ListItem","position":1,"name":"In\u00edcio","item":"https:\/\/astroceap.com.br\/ceap\/"},{"@type":"ListItem","position":2,"name":"CURSOS R\u00c1PIDOS DO C.E.A.P."}]},{"@type":"WebSite","@id":"https:\/\/astroceap.com.br\/ceap\/#website","url":"https:\/\/astroceap.com.br\/ceap\/","name":"C.E.A.P.","description":"Centro de Estudos de Astrologia Psicol\u00f3gica","publisher":{"@id":"https:\/\/astroceap.com.br\/ceap\/#organization"},"potentialAction":[{"@type":"SearchAction","target":{"@type":"EntryPoint","urlTemplate":"https:\/\/astroceap.com.br\/ceap\/?s={search_term_string}"},"query-input":{"@type":"PropertyValueSpecification","valueRequired":true,"valueName":"search_term_string"}}],"inLanguage":"pt-BR"},{"@type":"Organization","@id":"https:\/\/astroceap.com.br\/ceap\/#organization","name":"CEAP Centro de Estudos de Astrologia Psicol\u00f3gica","url":"https:\/\/astroceap.com.br\/ceap\/","logo":{"@type":"ImageObject","inLanguage":"pt-BR","@id":"https:\/\/astroceap.com.br\/ceap\/#\/schema\/logo\/image\/","url":"http:\/\/astroceap.com.br\/ceap\/wp-content\/uploads\/2018\/03\/LOGO_CEAP_New4site.jpg","contentUrl":"http:\/\/astroceap.com.br\/ceap\/wp-content\/uploads\/2018\/03\/LOGO_CEAP_New4site.jpg","width":140,"height":174,"caption":"CEAP Centro de Estudos de Astrologia Psicol\u00f3gica"},"image":{"@id":"https:\/\/astroceap.com.br\/ceap\/#\/schema\/logo\/image\/"},"sameAs":["https:\/\/www.facebook.com\/astroceap\/","https:\/\/x.com\/astrologiaceap","https:\/\/www.instagram.com\/ceap.astrologia\/","https:\/\/www.youtube.com\/channel\/UCDsKeXx5S7f2xoPUxNpARSQ"]}]}},"_links":{"self":[{"href":"https:\/\/astroceap.com.br\/ceap\/wp-json\/wp\/v2\/pages\/11009","targetHints":{"allow":["GET"]}}],"collection":[{"href":"https:\/\/astroceap.com.br\/ceap\/wp-json\/wp\/v2\/pages"}],"about":[{"href":"https:\/\/astroceap.com.br\/ceap\/wp-json\/wp\/v2\/types\/page"}],"author":[{"embeddable":true,"href":"https:\/\/astroceap.com.br\/ceap\/wp-json\/wp\/v2\/users\/8"}],"replies":[{"embeddable":true,"href":"https:\/\/astroceap.com.br\/ceap\/wp-json\/wp\/v2\/comments?post=11009"}],"version-history":[{"count":15,"href":"https:\/\/astroceap.com.br\/ceap\/wp-json\/wp\/v2\/pages\/11009\/revisions"}],"predecessor-version":[{"id":11765,"href":"https:\/\/astroceap.com.br\/ceap\/wp-json\/wp\/v2\/pages\/11009\/revisions\/11765"}],"wp:attachment":[{"href":"https:\/\/astroceap.com.br\/ceap\/wp-json\/wp\/v2\/media?parent=11009"}],"curies":[{"name":"wp","href":"https:\/\/api.w.org\/{rel}","templated":true}]}}