{"id":11545,"date":"2025-12-07T18:27:09","date_gmt":"2025-12-07T21:27:09","guid":{"rendered":"https:\/\/astroceap.com.br\/ceap\/?page_id=11545"},"modified":"2026-02-06T09:07:47","modified_gmt":"2026-02-06T12:07:47","slug":"inscricoes-cursos-especializacao-2026","status":"publish","type":"page","link":"https:\/\/astroceap.com.br\/ceap\/inscricoes-cursos-especializacao-2026\/","title":{"rendered":"INSCRI\u00c7\u00d5ES &#8211; CURSOS ESPECIALIZA\u00c7\u00c3O &#8211; 2026"},"content":{"rendered":"<div style=\"text-align: center;\">\n<div style=\"text-align: center; font-size: x-large;\"><span style=\"color: #000000; font-weight: bold;\"><span style=\"color: #ff0000;\">CURSOS DE ESPECIALIZA\u00c7\u00c3O<\/span><\/span><\/div>\n<div>&nbsp;<\/div>\n<\/div>\n<h4 style=\"text-align: center;\"><span style=\"color: #ff0000;\"><span style=\"font-size: large;\"><strong><span style=\"color: #000000;\">Tr\u00eas cursos em conjunto para voc\u00ea, que deseja aprofundar a Astrologia Psicol\u00f3gica, com <\/span><\/strong><\/span><\/span><span style=\"color: #ff0000;\"><span style=\"font-size: large;\"><strong><span style=\"color: #000000;\">o acr\u00e9scimo dos olhares da Psicologia Anal\u00edtica e Psican\u00e1lise.<\/span><br \/>\n<span style=\"color: #000000;\">Sua interpreta\u00e7\u00e3o de mapas indo para outro n\u00edvel!<\/span><\/strong><\/span><\/span><\/h4>\n<ul>\n<li><span style=\"color: #ff0000;\"><span style=\"font-size: large;\"><strong>120 h\/aula constando no Diploma Internacional<\/strong><\/span><\/span><\/li>\n<li><span style=\"color: #ff0000;\"><span style=\"font-size: large;\"><strong>14 h de v\u00eddeo-aulas + acompanhamento personalizado o<b>nline com a turma toda e a prof M\u00e1rcia Ferreira para exerc\u00edcios em conjunto e esclarecimento de d\u00favidas<\/b><\/strong><\/span><\/span><\/li>\n<li><span style=\"color: #ff0000;\"><span style=\"font-size: large;\"><strong>48 mapas <\/strong><strong>com exerc\u00edcios pr\u00e1ticos<\/strong><\/span><\/span><\/li>\n<li><span style=\"color: #ff0000;\"><span style=\"font-size: large;\"><strong>114 p\u00e1gs de apostila<\/strong><\/span><\/span><\/li>\n<\/ul>\n<h4 style=\"text-align: center;\"><span style=\"font-size: large; color: #000000;\">Aten\u00e7\u00e3o: A FORMA\u00c7\u00c3O EM ASTROLOGIA PSICOL\u00d3GICA \u00e9 pr\u00e9-requisito para os CURSOS DE ESPECIALIZA\u00c7\u00c3O, no C.E.A.P. ou em qualquer outra escola.<\/span><span style=\"color: #ff0000;\"><span style=\"font-size: large; color: #000000;\"><br \/>\nSe voc\u00ea j\u00e1 possui conhecimentos e gostaria de ir direto para os Cursos de Especializa\u00e7\u00e3o, <a href=\"mailto: contato1@astrologiaceap.com.br\">entre em Contato com o C.E.A.P<\/a><\/span><\/span><\/h4>\n<div style=\"text-align: center;\">\n<div style=\"text-align: center;\">\n<p style=\"text-align: left;\"><span style=\"color: #ffffff;\">inscri\u00e7\u00f5es para os cursos onli<\/span><\/p>\n<\/div>\n<div style=\"text-align: center;\">\n<div style=\"text-align: center;\">\n<table border=\"1\" width=\"100%\">\n<tbody>\n<tr>\n<td valign=\"top\" width=\"15%\">&nbsp;<\/td>\n<td style=\"text-align: center; font-family: arial, helvetica, sans-serif; font-weight: bold;\" valign=\"top\" width=\"20%\"><span style=\"color: #000000;\">Curso<\/span><\/td>\n<td style=\"text-align: center; font-family: arial, helvetica, sans-serif; font-weight: bold;\" valign=\"top\" width=\"49%\"><span style=\"color: #000000;\">Descri\u00e7\u00e3o<\/span><\/td>\n<td style=\"text-align: center; font-family: arial, helvetica, sans-serif; font-weight: bold;\" valign=\"top\" width=\"8%\">&nbsp;<\/td>\n<td style=\"text-align: center; font-family: arial, helvetica, sans-serif; font-weight: bold;\" valign=\"top\" width=\"8%\">&nbsp;<\/td>\n<\/tr>\n<tr style=\"font-weight: bold;\">\n<td style=\"text-align: center;\" valign=\"top\" width=\"5%\"><img decoding=\"async\" class=\"alignnone size-full wp-image-3398 lazyload\" data-src=\"https:\/\/astroceap.com.br\/ceap\/wp-content\/uploads\/2019\/08\/thum_tipos.jpg\" alt=\"\" width=\"120\" height=\"120\" align=\"middle\" border=\"0\" hspace=\"0\" vspace=\"0\" src=\"data:image\/svg+xml;base64,PHN2ZyB3aWR0aD0iMSIgaGVpZ2h0PSIxIiB4bWxucz0iaHR0cDovL3d3dy53My5vcmcvMjAwMC9zdmciPjwvc3ZnPg==\" style=\"--smush-placeholder-width: 120px; --smush-placeholder-aspect-ratio: 120\/120;\"><\/td>\n<td style=\"text-align: center; font-family: arial, helvetica, sans-serif;\" valign=\"top\" width=\"20%\"><span style=\"color: #0000ff;\">Curso<br \/>\n<\/span><br \/>\n<span style=\"font-weight: bold;\"><span style=\"color: #333333;\"><br \/>\nTipos Psicol\u00f3gicos<\/span><br \/>\n<\/span><\/td>\n<td style=\"font-weight: normal;\" align=\"left\" valign=\"top\" width=\"49%\"><span style=\"font-size: 10pt; color: #000000;\">Este curso proporciona uma ampla correla\u00e7\u00e3o entre a Astrologia e a Psicologia Anal\u00edtica de Jung com a sua Tipologia. Veremos, atrav\u00e9s dos Mapas Natais, que tamb\u00e9m \u00e9 poss\u00edvel tra\u00e7armos uma Tipologia dentro da Astrologia, enriquecendo assim muito o nosso conhecimento sobre o ser humano.<br \/>\nO conte\u00fado deste curso corresponde a praticamente o de 02 cursos condensados em 01 s\u00f3.<\/span><span style=\"font-weight: bold;\"><span style=\"font-weight: bold;\"><span style=\"color: #ff0000;\"><br \/>\n<\/span><\/span><\/span><strong><span style=\"color: #ff0000;\">06 aulas \/ 06 v\u00eddeos =&nbsp; 248 min de v\u00eddeo-aulas ( 04 h 08 min )<\/span><\/strong><br \/>\n<strong><span style=\"color: #ff0000;\">21 mapas com exerc\u00edcios pr\u00e1ticos<\/span><\/strong><br \/>\n<strong><span style=\"color: #ff0000;\">01 apostila com 28 p\u00e1gs ( em formato .pdf )<br \/>\n06 question\u00e1rios e 01 avalia\u00e7\u00e3o final com 02 mapas<\/span><\/strong><\/td>\n<td valign=\"top\" width=\"8%\"><span style=\"font-weight: normal; font-size: small;\"><span style=\"color: #ffffff;\">00\/00\/00<\/span><br \/>\n<span style=\"font-size: small;\"><br \/>\n<\/span><\/span><\/p>\n<div align=\"center\">&nbsp;<\/div>\n<div align=\"center\">&nbsp;<\/div>\n<\/td>\n<td style=\"text-align: center;\" valign=\"top\" width=\"18%\"><!-- INICIO FORMULARIO BOTAO PAGSEGURO --><!-- FINAL FORMULARIO BOTAO PAGSEGURO --><\/p>\n<div align=\"center\">&nbsp;<\/div>\n<p>&nbsp;<\/td>\n<\/tr>\n<tr style=\"font-weight: bold;\">\n<td style=\"text-align: center;\" valign=\"top\" width=\"5%\"><img decoding=\"async\" class=\"alignnone size-full wp-image-3399 lazyload\" data-src=\"https:\/\/astroceap.com.br\/ceap\/wp-content\/uploads\/2019\/08\/PSICOPATOLOGIA-120x120.jpg\" alt=\"\" width=\"120\" height=\"120\" border=\"0\" src=\"data:image\/svg+xml;base64,PHN2ZyB3aWR0aD0iMSIgaGVpZ2h0PSIxIiB4bWxucz0iaHR0cDovL3d3dy53My5vcmcvMjAwMC9zdmciPjwvc3ZnPg==\" style=\"--smush-placeholder-width: 120px; --smush-placeholder-aspect-ratio: 120\/120;\"><\/td>\n<td style=\"text-align: center; font-family: arial, helvetica, sans-serif;\" valign=\"top\" width=\"20%\"><span style=\"color: #0000ff;\">Curso<br \/>\n<\/span><br \/>\n<span style=\"color: #333333;\"><br \/>\nAstrologia e Psicopatologia<br \/>\n<\/span><\/td>\n<td style=\"font-weight: normal;\" align=\"left\" valign=\"top\" width=\"49%\">\n<p align=\"justify\"><span style=\"font-size: 10pt; color: #000000;\"><span class=\"s1\">Para que lado mais provavelmente uma psicopatologia se manifestar\u00e1 no Mapa Natal? Quais s\u00e3o as tend\u00eancias patol\u00f3gicas de cada signo? Quais os mecanismos de defesa mais comumente utilizados por determinados signos ou configura\u00e7\u00f5es preponderantes em um Mapa?<\/span><\/span><span style=\"font-weight: bold;\"><span style=\"color: #ff0000;\"><span style=\"font-weight: bold;\"><span style=\"font-weight: bold;\"><span style=\"color: #ff0000;\"><br \/>\n<\/span><\/span><\/span><\/span><\/span><\/p>\n<p align=\"justify\"><span style=\"font-weight: bold;\"><span style=\"color: #ff0000;\"><span style=\"font-weight: bold;\"><span style=\"font-weight: bold;\"><span style=\"color: #ff0000;\">04 aulas \/ 04 v\u00eddeos =&nbsp; 277 min de v\u00eddeo-aulas ( 04 h 37 min )<br \/>\n25 mapas com exerc\u00edcios pr\u00e1ticos<br \/>\n01 apostila com 42 p\u00e1gs<\/span><\/span><\/span><\/span><span style=\"color: #ff0000; font-weight: bold;\"> ( em formato .pdf )<br \/>\n<strong><span style=\"color: #ff0000;\">04 question\u00e1rios e 01 avalia\u00e7\u00e3o final com 03 mapas<\/span><\/strong><br \/>\n<\/span><\/span><\/p>\n<\/td>\n<td valign=\"top\" width=\"8%\"><span style=\"font-weight: normal; font-size: small;\"><span style=\"color: #ffffff;\">00\/00\/00<\/span><br \/>\n<span style=\"font-size: small;\"><br \/>\n<\/span><\/span><\/p>\n<div align=\"center\">&nbsp;<\/div>\n<div align=\"center\"><span style=\"font-weight: bold; color: #000000;\">&nbsp;<\/span><\/div>\n<\/td>\n<td style=\"text-align: center;\" valign=\"top\" width=\"18%\"><!-- INICIO FORMULARIO BOTAO PAGSEGURO --><!-- FINAL FORMULARIO BOTAO PAGSEGURO --><\/td>\n<\/tr>\n<tr style=\"font-weight: bold;\">\n<td style=\"text-align: center;\" valign=\"top\" width=\"5%\"><img decoding=\"async\" class=\"alignnone size-full wp-image-3400 lazyload\" data-src=\"https:\/\/astroceap.com.br\/ceap\/wp-content\/uploads\/2019\/08\/PSICOL-ANALITICA-120x120.jpg\" alt=\"\" width=\"120\" height=\"120\" align=\"middle\" border=\"0\" src=\"data:image\/svg+xml;base64,PHN2ZyB3aWR0aD0iMSIgaGVpZ2h0PSIxIiB4bWxucz0iaHR0cDovL3d3dy53My5vcmcvMjAwMC9zdmciPjwvc3ZnPg==\" style=\"--smush-placeholder-width: 120px; --smush-placeholder-aspect-ratio: 120\/120;\"><\/td>\n<td style=\"text-align: center; font-family: arial, helvetica, sans-serif;\" valign=\"top\" width=\"20%\"><span style=\"color: #0000ff;\">Curso<br \/>\n<\/span><br \/>\n<span style=\"color: #333333;\"><br \/>\nAstrologia e Psicologia Anal\u00edtica<\/span><\/td>\n<td style=\"font-weight: normal;\" align=\"left\" valign=\"top\" width=\"49%\">\n<p align=\"justify\"><span style=\"font-size: 10pt; color: #000000;\">Este curso intensifica a correla\u00e7\u00e3o entre a Psicologia e a Astrologia, j\u00e1 iniciada na Forma\u00e7\u00e3o Completa Natal. Agora aprofundaremos a compreens\u00e3o dos conte\u00fados da Psicologia Anal\u00edtica e da Psican\u00e1lise, correlacionando-os sempre com a interpreta\u00e7\u00e3o do Mapa Natal.<\/span><br \/>\n<span style=\"font-weight: bold;\"><span style=\"color: #ff0000;\">07 aulas \/ 07 v\u00eddeos =&nbsp; 311 min de v\u00eddeo-aulas ( 05 h 11 min )<\/span><br \/>\n<span style=\"color: #ff0000;\">02 mapas com an\u00e1lises completas &#8211; Jung e Frida Kahlo<br \/>\n<\/span><span style=\"color: #ff0000; font-weight: bold;\">01 apostila com 44 p\u00e1gs ( em formato .pdf )<br \/>\n<strong><span style=\"color: #ff0000;\">07 question\u00e1rios e 01 avalia\u00e7\u00e3o final com 03 mapas<\/span><\/strong><br \/>\n<\/span><\/span><\/p>\n<\/td>\n<td valign=\"top\" width=\"8%\"><span style=\"font-weight: normal; font-size: small;\"><span style=\"color: #ffffff;\">00\/00\/00<\/span><br \/>\n<span style=\"font-size: small;\"><br \/>\n<\/span><\/span><\/p>\n<div align=\"center\">&nbsp;<\/div>\n<div align=\"center\"><span style=\"font-weight: bold; color: #000000;\">&nbsp;<\/span><\/div>\n<\/td>\n<td style=\"text-align: center;\" valign=\"top\" width=\"18%\"><!-- INICIO FORMULARIO BOTAO PAGSEGURO --><!-- FINAL FORMULARIO BOTAO PAGSEGURO --><\/td>\n<\/tr>\n<tr>\n<td valign=\"top\"><span style=\"color: #ff0000;\"><strong>03 Cursos<\/strong><\/span><\/td>\n<td valign=\"top\"><span style=\"color: #ff0000;\"><strong>Avalia\u00e7\u00e3o Final<\/strong><\/span><\/td>\n<td valign=\"top\"><strong><span style=\"color: #ff0000;\">05 Mapas &#8211; 16 Quest\u00f5es<\/span><\/strong><\/td>\n<td valign=\"top\">&nbsp;<\/td>\n<td valign=\"top\">&nbsp;<\/td>\n<\/tr>\n<tr>\n<td colspan=\"4\" rowspan=\"1\" valign=\"top\">\n<div align=\"center\">\n<p><a name=\"especializacao\"><\/a><\/p>\n<div style=\"text-align: center;\" align=\"justify\"><span style=\"font-size: medium;\"><span style=\"font-size: medium;\"><span style=\"color: #ff0000; font-weight: bold;\"><span style=\"color: #0000cc;\">Se voc\u00ea&nbsp; est\u00e1 fora do Brasil e deseja se inscrever na Forma\u00e7\u00e3o<br \/>\n-&gt; <a title=\"Inscri\u00e7\u00f5es Internacionais\" href=\"https:\/\/astroceap.com.br\/ceap\/inscricao-internacional\/\" target=\"_blank\" rel=\"noopener noreferrer\"><strong><span style=\"color: #0000ff;\">CLIQUE AQUI<\/span><\/strong><\/a><\/span><\/span><\/span><\/span><\/div>\n<div align=\"center\"><strong><strong><strong><strong><strong><strong><span style=\"font-size: large;\"><strong><br \/>\nPARA ALUNOS DO C.E.A.P<br \/>\nR$ 2.199,00 \u00c0 Vista com <span style=\"color: #ff0000;\">24%<\/span> de desconto<br \/>\nou <span style=\"color: #ff0000;\">12 x R$ 227,43<\/span>*<span style=\"color: #ff0000;\"><br \/>\n<\/span>*valores aproximados<\/strong><\/span><\/strong><\/strong><\/strong><\/strong><\/strong><\/strong><br \/>\n<a class=\"maxbutton-53 maxbutton maxbutton-inscricao-especializacao-alunos-ceap-2026\" target=\"_blank\" rel=\"noopener\" href=\"https:\/\/pag.ae\/81fovXD17\"><span class='mb-text'>INSCREVA-SE<\/span><\/a><br \/>\n<span style=\"font-size: large;\"><span style=\"font-size: large;\"><strong><br \/>\nPARA NOVOS ALUNOS<br \/>\nR$ 2.790,00 \u00e0 vista com <span style=\"color: #ff0000;\">24%<\/span> de desconto<br \/>\nou <span style=\"color: #ff0000;\">12 x R$ 288,56<\/span>*<span style=\"color: #ff0000;\"><br \/>\n<\/span>*valores aproximados<\/strong><\/span><\/span><br \/>\n<a class=\"maxbutton-54 maxbutton maxbutton-inscricao-especializacao-nao-alunos-ceap-2026\" target=\"_blank\" rel=\"noopener\" href=\"https:\/\/pag.ae\/81foxdu9m\"><span class='mb-text'>INSCREVA-SE<\/span><\/a><br \/>\n<span style=\"font-size: large;\"><span style=\"font-size: large;\"><strong><br \/>\n<\/strong><\/span><\/span><\/div>\n<div align=\"center\">&nbsp;<\/div>\n<div align=\"center\">\n<hr>\n<\/div>\n<\/div>\n<\/td>\n<\/tr>\n<\/tbody>\n<\/table>\n<\/div>\n<\/div>\n<\/div>\n","protected":false},"excerpt":{"rendered":"<p>CURSOS DE ESPECIALIZA\u00c7\u00c3O &nbsp; Tr\u00eas cursos em conjunto para voc\u00ea, que deseja aprofundar a Astrologia Psicol\u00f3gica, com o acr\u00e9scimo dos olhares da Psicologia Anal\u00edtica e Psican\u00e1lise. Sua interpreta\u00e7\u00e3o de mapas indo para outro n\u00edvel! 120 h\/aula constando no Diploma Internacional<\/p>\n","protected":false},"author":1,"featured_media":0,"parent":0,"menu_order":0,"comment_status":"closed","ping_status":"closed","template":"","meta":{"ngg_post_thumbnail":0,"footnotes":""},"class_list":["post-11545","page","type-page","status-publish","hentry"],"yoast_head":"<!-- This site is optimized with the Yoast SEO plugin v27.5 - https:\/\/yoast.com\/product\/yoast-seo-wordpress\/ -->\n<title>C.E.A.P. - Inscri\u00e7\u00f5es dos cursos online de astrologia psicol\u00f3gica<\/title>\n<meta name=\"description\" content=\"Inscri\u00e7\u00f5es para os cursos online de Forma\u00e7\u00e3o e Especializa\u00e7\u00e3o em Astrologia Psicol\u00f3gica com certifica\u00e7\u00e3o internacional.\" \/>\n<meta name=\"robots\" content=\"index, follow, max-snippet:-1, max-image-preview:large, max-video-preview:-1\" \/>\n<link rel=\"canonical\" href=\"https:\/\/astroceap.com.br\/ceap\/inscricoes-cursos-especializacao-2026\/\" \/>\n<meta property=\"og:locale\" content=\"pt_BR\" \/>\n<meta property=\"og:type\" content=\"article\" \/>\n<meta property=\"og:title\" content=\"C.E.A.P. - Inscri\u00e7\u00f5es dos cursos online de astrologia psicol\u00f3gica\" \/>\n<meta property=\"og:description\" content=\"Inscri\u00e7\u00f5es para os cursos online de Forma\u00e7\u00e3o e Especializa\u00e7\u00e3o em Astrologia Psicol\u00f3gica com certifica\u00e7\u00e3o internacional.\" \/>\n<meta property=\"og:url\" content=\"https:\/\/astroceap.com.br\/ceap\/inscricoes-cursos-especializacao-2026\/\" \/>\n<meta property=\"og:site_name\" content=\"C.E.A.P.\" \/>\n<meta property=\"article:publisher\" content=\"https:\/\/www.facebook.com\/astroceap\/\" \/>\n<meta property=\"article:modified_time\" content=\"2026-02-06T12:07:47+00:00\" \/>\n<meta property=\"og:image\" content=\"http:\/\/astroceap.com.br\/ceap\/wp-content\/uploads\/2019\/08\/thum_tipos.jpg\" \/>\n<meta name=\"twitter:card\" content=\"summary_large_image\" \/>\n<meta name=\"twitter:site\" content=\"@astrologiaceap\" \/>\n<meta name=\"twitter:label1\" content=\"Est. tempo de leitura\" \/>\n\t<meta name=\"twitter:data1\" content=\"4 minutos\" \/>\n<script type=\"application\/ld+json\" class=\"yoast-schema-graph\">{\"@context\":\"https:\\\/\\\/schema.org\",\"@graph\":[{\"@type\":\"WebPage\",\"@id\":\"https:\\\/\\\/astroceap.com.br\\\/ceap\\\/inscricoes-cursos-especializacao-2026\\\/\",\"url\":\"https:\\\/\\\/astroceap.com.br\\\/ceap\\\/inscricoes-cursos-especializacao-2026\\\/\",\"name\":\"C.E.A.P. - Inscri\u00e7\u00f5es dos cursos online de astrologia psicol\u00f3gica\",\"isPartOf\":{\"@id\":\"https:\\\/\\\/astroceap.com.br\\\/ceap\\\/#website\"},\"primaryImageOfPage\":{\"@id\":\"https:\\\/\\\/astroceap.com.br\\\/ceap\\\/inscricoes-cursos-especializacao-2026\\\/#primaryimage\"},\"image\":{\"@id\":\"https:\\\/\\\/astroceap.com.br\\\/ceap\\\/inscricoes-cursos-especializacao-2026\\\/#primaryimage\"},\"thumbnailUrl\":\"http:\\\/\\\/astroceap.com.br\\\/ceap\\\/wp-content\\\/uploads\\\/2019\\\/08\\\/thum_tipos.jpg\",\"datePublished\":\"2025-12-07T21:27:09+00:00\",\"dateModified\":\"2026-02-06T12:07:47+00:00\",\"description\":\"Inscri\u00e7\u00f5es para os cursos online de Forma\u00e7\u00e3o e Especializa\u00e7\u00e3o em Astrologia Psicol\u00f3gica com certifica\u00e7\u00e3o internacional.\",\"breadcrumb\":{\"@id\":\"https:\\\/\\\/astroceap.com.br\\\/ceap\\\/inscricoes-cursos-especializacao-2026\\\/#breadcrumb\"},\"inLanguage\":\"pt-BR\",\"potentialAction\":[{\"@type\":\"ReadAction\",\"target\":[\"https:\\\/\\\/astroceap.com.br\\\/ceap\\\/inscricoes-cursos-especializacao-2026\\\/\"]}]},{\"@type\":\"ImageObject\",\"inLanguage\":\"pt-BR\",\"@id\":\"https:\\\/\\\/astroceap.com.br\\\/ceap\\\/inscricoes-cursos-especializacao-2026\\\/#primaryimage\",\"url\":\"http:\\\/\\\/astroceap.com.br\\\/ceap\\\/wp-content\\\/uploads\\\/2019\\\/08\\\/thum_tipos.jpg\",\"contentUrl\":\"http:\\\/\\\/astroceap.com.br\\\/ceap\\\/wp-content\\\/uploads\\\/2019\\\/08\\\/thum_tipos.jpg\"},{\"@type\":\"BreadcrumbList\",\"@id\":\"https:\\\/\\\/astroceap.com.br\\\/ceap\\\/inscricoes-cursos-especializacao-2026\\\/#breadcrumb\",\"itemListElement\":[{\"@type\":\"ListItem\",\"position\":1,\"name\":\"In\u00edcio\",\"item\":\"https:\\\/\\\/astroceap.com.br\\\/ceap\\\/\"},{\"@type\":\"ListItem\",\"position\":2,\"name\":\"INSCRI\u00c7\u00d5ES &#8211; CURSOS ESPECIALIZA\u00c7\u00c3O &#8211; 2026\"}]},{\"@type\":\"WebSite\",\"@id\":\"https:\\\/\\\/astroceap.com.br\\\/ceap\\\/#website\",\"url\":\"https:\\\/\\\/astroceap.com.br\\\/ceap\\\/\",\"name\":\"C.E.A.P.\",\"description\":\"Centro de Estudos de Astrologia Psicol\u00f3gica\",\"publisher\":{\"@id\":\"https:\\\/\\\/astroceap.com.br\\\/ceap\\\/#organization\"},\"potentialAction\":[{\"@type\":\"SearchAction\",\"target\":{\"@type\":\"EntryPoint\",\"urlTemplate\":\"https:\\\/\\\/astroceap.com.br\\\/ceap\\\/?s={search_term_string}\"},\"query-input\":{\"@type\":\"PropertyValueSpecification\",\"valueRequired\":true,\"valueName\":\"search_term_string\"}}],\"inLanguage\":\"pt-BR\"},{\"@type\":\"Organization\",\"@id\":\"https:\\\/\\\/astroceap.com.br\\\/ceap\\\/#organization\",\"name\":\"CEAP Centro de Estudos de Astrologia Psicol\u00f3gica\",\"url\":\"https:\\\/\\\/astroceap.com.br\\\/ceap\\\/\",\"logo\":{\"@type\":\"ImageObject\",\"inLanguage\":\"pt-BR\",\"@id\":\"https:\\\/\\\/astroceap.com.br\\\/ceap\\\/#\\\/schema\\\/logo\\\/image\\\/\",\"url\":\"http:\\\/\\\/astroceap.com.br\\\/ceap\\\/wp-content\\\/uploads\\\/2018\\\/03\\\/LOGO_CEAP_New4site.jpg\",\"contentUrl\":\"http:\\\/\\\/astroceap.com.br\\\/ceap\\\/wp-content\\\/uploads\\\/2018\\\/03\\\/LOGO_CEAP_New4site.jpg\",\"width\":140,\"height\":174,\"caption\":\"CEAP Centro de Estudos de Astrologia Psicol\u00f3gica\"},\"image\":{\"@id\":\"https:\\\/\\\/astroceap.com.br\\\/ceap\\\/#\\\/schema\\\/logo\\\/image\\\/\"},\"sameAs\":[\"https:\\\/\\\/www.facebook.com\\\/astroceap\\\/\",\"https:\\\/\\\/x.com\\\/astrologiaceap\",\"https:\\\/\\\/www.instagram.com\\\/ceap.astrologia\\\/\",\"https:\\\/\\\/www.youtube.com\\\/channel\\\/UCDsKeXx5S7f2xoPUxNpARSQ\"]}]}<\/script>\n<!-- \/ Yoast SEO plugin. -->","yoast_head_json":{"title":"C.E.A.P. - Inscri\u00e7\u00f5es dos cursos online de astrologia psicol\u00f3gica","description":"Inscri\u00e7\u00f5es para os cursos online de Forma\u00e7\u00e3o e Especializa\u00e7\u00e3o em Astrologia Psicol\u00f3gica com certifica\u00e7\u00e3o internacional.","robots":{"index":"index","follow":"follow","max-snippet":"max-snippet:-1","max-image-preview":"max-image-preview:large","max-video-preview":"max-video-preview:-1"},"canonical":"https:\/\/astroceap.com.br\/ceap\/inscricoes-cursos-especializacao-2026\/","og_locale":"pt_BR","og_type":"article","og_title":"C.E.A.P. - Inscri\u00e7\u00f5es dos cursos online de astrologia psicol\u00f3gica","og_description":"Inscri\u00e7\u00f5es para os cursos online de Forma\u00e7\u00e3o e Especializa\u00e7\u00e3o em Astrologia Psicol\u00f3gica com certifica\u00e7\u00e3o internacional.","og_url":"https:\/\/astroceap.com.br\/ceap\/inscricoes-cursos-especializacao-2026\/","og_site_name":"C.E.A.P.","article_publisher":"https:\/\/www.facebook.com\/astroceap\/","article_modified_time":"2026-02-06T12:07:47+00:00","og_image":[{"url":"http:\/\/astroceap.com.br\/ceap\/wp-content\/uploads\/2019\/08\/thum_tipos.jpg","type":"","width":"","height":""}],"twitter_card":"summary_large_image","twitter_site":"@astrologiaceap","twitter_misc":{"Est. tempo de leitura":"4 minutos"},"schema":{"@context":"https:\/\/schema.org","@graph":[{"@type":"WebPage","@id":"https:\/\/astroceap.com.br\/ceap\/inscricoes-cursos-especializacao-2026\/","url":"https:\/\/astroceap.com.br\/ceap\/inscricoes-cursos-especializacao-2026\/","name":"C.E.A.P. - Inscri\u00e7\u00f5es dos cursos online de astrologia psicol\u00f3gica","isPartOf":{"@id":"https:\/\/astroceap.com.br\/ceap\/#website"},"primaryImageOfPage":{"@id":"https:\/\/astroceap.com.br\/ceap\/inscricoes-cursos-especializacao-2026\/#primaryimage"},"image":{"@id":"https:\/\/astroceap.com.br\/ceap\/inscricoes-cursos-especializacao-2026\/#primaryimage"},"thumbnailUrl":"http:\/\/astroceap.com.br\/ceap\/wp-content\/uploads\/2019\/08\/thum_tipos.jpg","datePublished":"2025-12-07T21:27:09+00:00","dateModified":"2026-02-06T12:07:47+00:00","description":"Inscri\u00e7\u00f5es para os cursos online de Forma\u00e7\u00e3o e Especializa\u00e7\u00e3o em Astrologia Psicol\u00f3gica com certifica\u00e7\u00e3o internacional.","breadcrumb":{"@id":"https:\/\/astroceap.com.br\/ceap\/inscricoes-cursos-especializacao-2026\/#breadcrumb"},"inLanguage":"pt-BR","potentialAction":[{"@type":"ReadAction","target":["https:\/\/astroceap.com.br\/ceap\/inscricoes-cursos-especializacao-2026\/"]}]},{"@type":"ImageObject","inLanguage":"pt-BR","@id":"https:\/\/astroceap.com.br\/ceap\/inscricoes-cursos-especializacao-2026\/#primaryimage","url":"http:\/\/astroceap.com.br\/ceap\/wp-content\/uploads\/2019\/08\/thum_tipos.jpg","contentUrl":"http:\/\/astroceap.com.br\/ceap\/wp-content\/uploads\/2019\/08\/thum_tipos.jpg"},{"@type":"BreadcrumbList","@id":"https:\/\/astroceap.com.br\/ceap\/inscricoes-cursos-especializacao-2026\/#breadcrumb","itemListElement":[{"@type":"ListItem","position":1,"name":"In\u00edcio","item":"https:\/\/astroceap.com.br\/ceap\/"},{"@type":"ListItem","position":2,"name":"INSCRI\u00c7\u00d5ES &#8211; CURSOS ESPECIALIZA\u00c7\u00c3O &#8211; 2026"}]},{"@type":"WebSite","@id":"https:\/\/astroceap.com.br\/ceap\/#website","url":"https:\/\/astroceap.com.br\/ceap\/","name":"C.E.A.P.","description":"Centro de Estudos de Astrologia Psicol\u00f3gica","publisher":{"@id":"https:\/\/astroceap.com.br\/ceap\/#organization"},"potentialAction":[{"@type":"SearchAction","target":{"@type":"EntryPoint","urlTemplate":"https:\/\/astroceap.com.br\/ceap\/?s={search_term_string}"},"query-input":{"@type":"PropertyValueSpecification","valueRequired":true,"valueName":"search_term_string"}}],"inLanguage":"pt-BR"},{"@type":"Organization","@id":"https:\/\/astroceap.com.br\/ceap\/#organization","name":"CEAP Centro de Estudos de Astrologia Psicol\u00f3gica","url":"https:\/\/astroceap.com.br\/ceap\/","logo":{"@type":"ImageObject","inLanguage":"pt-BR","@id":"https:\/\/astroceap.com.br\/ceap\/#\/schema\/logo\/image\/","url":"http:\/\/astroceap.com.br\/ceap\/wp-content\/uploads\/2018\/03\/LOGO_CEAP_New4site.jpg","contentUrl":"http:\/\/astroceap.com.br\/ceap\/wp-content\/uploads\/2018\/03\/LOGO_CEAP_New4site.jpg","width":140,"height":174,"caption":"CEAP Centro de Estudos de Astrologia Psicol\u00f3gica"},"image":{"@id":"https:\/\/astroceap.com.br\/ceap\/#\/schema\/logo\/image\/"},"sameAs":["https:\/\/www.facebook.com\/astroceap\/","https:\/\/x.com\/astrologiaceap","https:\/\/www.instagram.com\/ceap.astrologia\/","https:\/\/www.youtube.com\/channel\/UCDsKeXx5S7f2xoPUxNpARSQ"]}]}},"_links":{"self":[{"href":"https:\/\/astroceap.com.br\/ceap\/wp-json\/wp\/v2\/pages\/11545","targetHints":{"allow":["GET"]}}],"collection":[{"href":"https:\/\/astroceap.com.br\/ceap\/wp-json\/wp\/v2\/pages"}],"about":[{"href":"https:\/\/astroceap.com.br\/ceap\/wp-json\/wp\/v2\/types\/page"}],"author":[{"embeddable":true,"href":"https:\/\/astroceap.com.br\/ceap\/wp-json\/wp\/v2\/users\/1"}],"replies":[{"embeddable":true,"href":"https:\/\/astroceap.com.br\/ceap\/wp-json\/wp\/v2\/comments?post=11545"}],"version-history":[{"count":19,"href":"https:\/\/astroceap.com.br\/ceap\/wp-json\/wp\/v2\/pages\/11545\/revisions"}],"predecessor-version":[{"id":11847,"href":"https:\/\/astroceap.com.br\/ceap\/wp-json\/wp\/v2\/pages\/11545\/revisions\/11847"}],"wp:attachment":[{"href":"https:\/\/astroceap.com.br\/ceap\/wp-json\/wp\/v2\/media?parent=11545"}],"curies":[{"name":"wp","href":"https:\/\/api.w.org\/{rel}","templated":true}]}}