{"id":11686,"date":"2025-12-10T17:32:55","date_gmt":"2025-12-10T20:32:55","guid":{"rendered":"https:\/\/astroceap.com.br\/ceap\/?page_id=11686"},"modified":"2025-12-10T17:52:54","modified_gmt":"2025-12-10T20:52:54","slug":"inscricoes-internacionais-a-pratica-do-atendimento-astrologico-2026","status":"publish","type":"page","link":"https:\/\/astroceap.com.br\/ceap\/inscricoes-internacionais-a-pratica-do-atendimento-astrologico-2026\/","title":{"rendered":"INSCRI\u00c7\u00d5ES INTERNACIONAIS &#8211; A PR\u00c1TICA DO ATENDIMENTO ASTROL\u00d3GICO &#8211; 2026"},"content":{"rendered":"<div style=\"text-align: center;\">\n<div style=\"text-align: center; font-size: x-large;\"><span style=\"color: #000000; font-weight: bold;\"><span style=\"color: #ff0000;\">MENTORIA<br \/>\n\u201cA PR\u00c1TICA DO ATENDIMENTO ASTROL\u00d3GICO\u201d<\/span><\/span><\/div>\n<\/div>\n<p style=\"text-align: center;\"><strong><br \/>\n<\/strong><span style=\"color: #000000;\"><span style=\"font-size: large;\"><strong>Treinamento para astr\u00f3logos para al\u00e9m de uma \u00fanica consulta<br \/>\n<\/strong><\/span><strong>Seu atendimento astrol\u00f3gico indo para outro n\u00edvel!<\/strong><\/span><\/p>\n<p>&nbsp;<\/p>\n<table border=\"1\" width=\"100%\">\n<tbody>\n<tr>\n<td valign=\"top\" width=\"15%\">&nbsp;<\/td>\n<td style=\"text-align: center; font-family: arial, helvetica, sans-serif; font-weight: bold;\" valign=\"top\" width=\"20%\"><span style=\"color: #000000;\">Curso<\/span><\/td>\n<td style=\"text-align: center; font-family: arial, helvetica, sans-serif; font-weight: bold;\" valign=\"top\" width=\"49%\"><span style=\"color: #000000;\">Descri\u00e7\u00e3o<\/span><\/td>\n<td style=\"text-align: center; font-family: arial, helvetica, sans-serif; font-weight: bold;\" valign=\"top\" width=\"8%\">&nbsp;<\/td>\n<td style=\"text-align: center; font-family: arial, helvetica, sans-serif; font-weight: bold;\" valign=\"top\" width=\"8%\">&nbsp;<\/td>\n<\/tr>\n<tr>\n<td style=\"text-align: center; vertical-align: middle; background-image: none;\" valign=\"top\" width=\"5%\"><img decoding=\"async\" class=\"alignnone lazyload\" title=\"A Pratica Mod I\" data-src=\"https:\/\/astroceap.com.br\/ceap\/wp-content\/uploads\/2024\/11\/IMAGEM_CURSO_-A-PRATICA_120x120-1.jpeg\" alt=\"Pratica_Mod_I\" width=\"120\" height=\"120\" align=\"middle\" border=\"0\" hspace=\"0\" vspace=\"0\" src=\"data:image\/svg+xml;base64,PHN2ZyB3aWR0aD0iMSIgaGVpZ2h0PSIxIiB4bWxucz0iaHR0cDovL3d3dy53My5vcmcvMjAwMC9zdmciPjwvc3ZnPg==\" style=\"--smush-placeholder-width: 120px; --smush-placeholder-aspect-ratio: 120\/120;\"><\/td>\n<td style=\"text-align: center; font-family: arial, helvetica, sans-serif;\" valign=\"top\" width=\"20%\"><span style=\"color: #0000ff; font-weight: bold;\">Curso I<br \/>\n<\/span><br style=\"font-weight: bold;\"><span style=\"font-weight: bold;\"><span style=\"color: #333333;\">M\u00f3dulo I<\/span><\/span><span style=\"color: #ff0000; font-weight: bold;\"><br \/>\n<\/span><\/td>\n<td style=\"vertical-align: top;\" align=\"left\"><span style=\"font-size: 10pt;\"><strong><span style=\"color: #000000;\">Vamos abordar todas as d\u00favidas e ansiedades do astr\u00f3logo em seus atendimentos astrol\u00f3gicos utilizando treinamentos<\/span><\/strong><br \/>\n<\/span><span style=\"color: #ff0000; font-weight: bold;\"><strong>50 h\/aul<\/strong>a<\/span><span style=\"color: #ff0000; font-weight: bold;\"><br \/>\n* Pr\u00e9-requisito para este M\u00f3dulo: Conhecimento b\u00e1sico de Astrologia<br \/>\n<\/span><\/td>\n<td style=\"vertical-align: top;\">&nbsp;<\/p>\n<div align=\"center\"><span style=\"font-weight: bold;\">&nbsp;<\/span><\/div>\n<\/td>\n<td style=\"font-weight: bold; vertical-align: top;\">\n<div align=\"center\">&nbsp;<\/div>\n<\/td>\n<\/tr>\n<tr style=\"font-weight: bold;\">\n<td style=\"text-align: center; vertical-align: middle; background-image: none;\" valign=\"top\" width=\"5%\"><img decoding=\"async\" title=\"A Pratica Mod II\" data-src=\"https:\/\/astroceap.com.br\/ceap\/wp-content\/uploads\/2024\/11\/IMAGEM_CURSO_-A-PRATICA_120x120-1.jpeg\" alt=\"Pratica_Mod_II\" width=\"120\" height=\"120\" align=\"middle\" border=\"0\" hspace=\"0\" vspace=\"0\" src=\"data:image\/svg+xml;base64,PHN2ZyB3aWR0aD0iMSIgaGVpZ2h0PSIxIiB4bWxucz0iaHR0cDovL3d3dy53My5vcmcvMjAwMC9zdmciPjwvc3ZnPg==\" class=\"lazyload\" style=\"--smush-placeholder-width: 120px; --smush-placeholder-aspect-ratio: 120\/120;\"><\/td>\n<td style=\"text-align: center; font-family: arial, helvetica, sans-serif; vertical-align: top; background-image: none;\" valign=\"top\" width=\"20%\"><span style=\"color: #0000ff;\">Curso II<br \/>\n<\/span><br \/>\n<span style=\"color: #333333;\">M\u00f3dulo II<\/span><\/td>\n<td style=\"font-weight: normal;\" align=\"left\" valign=\"top\" width=\"49%\"><span style=\"font-size: 10pt;\"><strong><span style=\"color: #000000;\">A<span class=\"s1\">profundamento \u2013 consulta astrol\u00f3gica seguida de atendimentos em at\u00e9 12 sess\u00f5e<\/span>s<\/span><\/strong>*<br \/>\n<\/span><strong><span style=\"color: #ff0000;\">70 h\/aula<\/span><\/strong><span style=\"color: #ff0000; font-weight: bold;\"><br \/>\n* Pr\u00e9-requisito para este M\u00f3dulo: Cursos de Especializa\u00e7\u00e3o do C.E.A.P.<\/span><\/td>\n<td valign=\"top\" width=\"8%\">&nbsp;<\/p>\n<div align=\"center\"><span style=\"font-weight: bold;\">&nbsp;<\/span><\/div>\n<\/td>\n<td valign=\"top\" width=\"18%\">\n<div style=\"text-align: center;\">&nbsp;<\/div>\n<\/td>\n<\/tr>\n<tr>\n<td style=\"text-align: center;\" colspan=\"4\" rowspan=\"1\" valign=\"top\" width=\"5%\">&nbsp;<\/td>\n<\/tr>\n<\/tbody>\n<\/table>\n<div align=\"center\"><strong><strong><strong><strong><strong><strong><span style=\"font-size: x-large;\"><strong><br \/>\nM\u00d3DULO I<\/strong><\/span><\/strong><br \/>\n<span style=\"font-size: large;\"><strong><br \/>\nPARA ALUNOS DO C.E.A.P<br \/>\nCOM DESCONTO ESPECIAL!<br \/>\n<span style=\"color: #ff0000;\">\u20ac 145,00<\/span><\/strong><\/span><\/strong><\/strong><\/strong><\/strong><\/strong><\/p>\n<form action=\"https:\/\/www.paypal.com\/cgi-bin\/webscr\" method=\"post\" target=\"_top\"><input name=\"cmd\" type=\"hidden\" value=\"_s-xclick\"><input name=\"hosted_button_id\" type=\"hidden\" value=\"WQ6QVU2VTWLKJ\"><input name=\"currency_code\" type=\"hidden\" value=\"EUR\"><input title=\"O PayPal \u00e9 a forma f\u00e1cil e segura de pagar suas compras on-line.\" alt=\"Comprar agora\" name=\"submit\" src=\"https:\/\/www.paypalobjects.com\/pt_BR\/BR\/i\/btn\/btn_paynowCC_LG.gif\" type=\"image\"><\/form>\n<p><span style=\"font-size: large;\"><span style=\"font-size: large;\"><strong><br \/>\n<span style=\"color: #000000;\">PARA NOVOS ALUNOS<\/span><br \/>\n<span style=\"color: #000000;\">PROMO\u00c7\u00c3O!<\/span><\/strong><\/span><br \/>\n<strong><span style=\"color: #ff0000;\">\u20ac 180,00<\/span><\/strong><\/span><\/p>\n<form action=\"https:\/\/www.paypal.com\/cgi-bin\/webscr\" method=\"post\" target=\"_top\"><input name=\"cmd\" type=\"hidden\" value=\"_s-xclick\"><input name=\"hosted_button_id\" type=\"hidden\" value=\"GZB2RAAVVZBGJ\"><input name=\"currency_code\" type=\"hidden\" value=\"EUR\"><input title=\"O PayPal \u00e9 a forma f\u00e1cil e segura de pagar suas compras on-line.\" alt=\"Comprar agora\" name=\"submit\" src=\"https:\/\/www.paypalobjects.com\/pt_BR\/BR\/i\/btn\/btn_paynowCC_LG.gif\" type=\"image\"><\/form>\n<\/div>\n<div align=\"center\"><strong><strong><strong><strong><strong><strong><span style=\"font-size: x-large;\"><strong><br \/>\nM\u00d3DULO II<\/strong><\/span><\/strong><br \/>\n<span style=\"font-size: large;\"><strong><br \/>\nPARA ALUNOS DO C.E.A.P<br \/>\nCOM DESCONTO ESPECIAL!<br \/>\n<span style=\"color: #ff0000;\">\u20ac 180,00<\/span><\/strong><\/span><\/strong><\/strong><\/strong><\/strong><\/strong><\/p>\n<form action=\"https:\/\/www.paypal.com\/cgi-bin\/webscr\" method=\"post\" target=\"_top\"><input name=\"cmd\" type=\"hidden\" value=\"_s-xclick\"><input name=\"hosted_button_id\" type=\"hidden\" value=\"J5Y44SJ9CGR5S\"><input name=\"currency_code\" type=\"hidden\" value=\"EUR\"><input title=\"O PayPal \u00e9 a forma f\u00e1cil e segura de pagar suas compras on-line.\" alt=\"Comprar agora\" name=\"submit\" src=\"https:\/\/www.paypalobjects.com\/pt_BR\/BR\/i\/btn\/btn_paynowCC_LG.gif\" type=\"image\"><\/form>\n<p><span style=\"font-size: large;\"><span style=\"font-size: large;\"><strong><br \/>\n<span style=\"color: #000000;\">PARA NOVOS ALUNOS<\/span><br \/>\n<span style=\"color: #000000;\">PROMO\u00c7\u00c3O!<\/span><br \/>\n<span style=\"color: #ff0000;\">\u20ac 218,00<\/span><\/strong><\/span><\/span><\/p>\n<form action=\"https:\/\/www.paypal.com\/cgi-bin\/webscr\" method=\"post\" target=\"_top\"><input name=\"cmd\" type=\"hidden\" value=\"_s-xclick\"><input name=\"hosted_button_id\" type=\"hidden\" value=\"29ENMKKAFS5TS\"><input name=\"currency_code\" type=\"hidden\" value=\"EUR\"><input title=\"O PayPal \u00e9 a forma f\u00e1cil e segura de pagar suas compras on-line.\" alt=\"Comprar agora\" name=\"submit\" src=\"https:\/\/www.paypalobjects.com\/pt_BR\/BR\/i\/btn\/btn_paynowCC_LG.gif\" type=\"image\"><\/form>\n<\/div>\n<div align=\"center\">\n<div style=\"text-align: center;\">&nbsp;<\/div>\n<\/div>\n<div align=\"center\">&nbsp;<\/div>\n<div style=\"text-align: center;\" align=\"justify\">&nbsp;<\/div>\n<p>&nbsp;<\/p>\n<div align=\"center\">\n<div align=\"center\">\n<hr>\n<\/div>\n<\/div>\n","protected":false},"excerpt":{"rendered":"<p>MENTORIA \u201cA PR\u00c1TICA DO ATENDIMENTO ASTROL\u00d3GICO\u201d Treinamento para astr\u00f3logos para al\u00e9m de uma \u00fanica consulta Seu atendimento astrol\u00f3gico indo para outro n\u00edvel! &nbsp; &nbsp; Curso Descri\u00e7\u00e3o &nbsp; &nbsp; Curso I M\u00f3dulo I Vamos abordar todas as d\u00favidas e ansiedades do<\/p>\n","protected":false},"author":1,"featured_media":0,"parent":0,"menu_order":0,"comment_status":"closed","ping_status":"closed","template":"","meta":{"ngg_post_thumbnail":0,"footnotes":""},"class_list":["post-11686","page","type-page","status-publish","hentry"],"yoast_head":"<!-- This site is optimized with the Yoast SEO plugin v27.4 - https:\/\/yoast.com\/product\/yoast-seo-wordpress\/ -->\n<title>C.E.A.P. - Inscri\u00e7\u00f5es dos cursos online de astrologia psicol\u00f3gica<\/title>\n<meta name=\"description\" content=\"Inscri\u00e7\u00f5es para os cursos online de Forma\u00e7\u00e3o e Especializa\u00e7\u00e3o em Astrologia Psicol\u00f3gica com certifica\u00e7\u00e3o internacional.\" \/>\n<meta name=\"robots\" content=\"index, follow, max-snippet:-1, max-image-preview:large, max-video-preview:-1\" \/>\n<link rel=\"canonical\" href=\"https:\/\/astroceap.com.br\/ceap\/inscricoes-internacionais-a-pratica-do-atendimento-astrologico-2026\/\" \/>\n<meta property=\"og:locale\" content=\"pt_BR\" \/>\n<meta property=\"og:type\" content=\"article\" \/>\n<meta property=\"og:title\" content=\"C.E.A.P. - Inscri\u00e7\u00f5es dos cursos online de astrologia psicol\u00f3gica\" \/>\n<meta property=\"og:description\" content=\"Inscri\u00e7\u00f5es para os cursos online de Forma\u00e7\u00e3o e Especializa\u00e7\u00e3o em Astrologia Psicol\u00f3gica com certifica\u00e7\u00e3o internacional.\" \/>\n<meta property=\"og:url\" content=\"https:\/\/astroceap.com.br\/ceap\/inscricoes-internacionais-a-pratica-do-atendimento-astrologico-2026\/\" \/>\n<meta property=\"og:site_name\" content=\"C.E.A.P.\" \/>\n<meta property=\"article:publisher\" content=\"https:\/\/www.facebook.com\/astroceap\/\" \/>\n<meta property=\"article:modified_time\" content=\"2025-12-10T20:52:54+00:00\" \/>\n<meta property=\"og:image\" content=\"https:\/\/astroceap.com.br\/ceap\/wp-content\/uploads\/2024\/11\/IMAGEM_CURSO_-A-PRATICA_120x120-1.jpeg\" \/>\n<meta name=\"twitter:card\" content=\"summary_large_image\" \/>\n<meta name=\"twitter:site\" content=\"@astrologiaceap\" \/>\n<meta name=\"twitter:label1\" content=\"Est. tempo de leitura\" \/>\n\t<meta name=\"twitter:data1\" content=\"2 minutos\" \/>\n<script type=\"application\/ld+json\" class=\"yoast-schema-graph\">{\"@context\":\"https:\\\/\\\/schema.org\",\"@graph\":[{\"@type\":\"WebPage\",\"@id\":\"https:\\\/\\\/astroceap.com.br\\\/ceap\\\/inscricoes-internacionais-a-pratica-do-atendimento-astrologico-2026\\\/\",\"url\":\"https:\\\/\\\/astroceap.com.br\\\/ceap\\\/inscricoes-internacionais-a-pratica-do-atendimento-astrologico-2026\\\/\",\"name\":\"C.E.A.P. - Inscri\u00e7\u00f5es dos cursos online de astrologia psicol\u00f3gica\",\"isPartOf\":{\"@id\":\"https:\\\/\\\/astroceap.com.br\\\/ceap\\\/#website\"},\"primaryImageOfPage\":{\"@id\":\"https:\\\/\\\/astroceap.com.br\\\/ceap\\\/inscricoes-internacionais-a-pratica-do-atendimento-astrologico-2026\\\/#primaryimage\"},\"image\":{\"@id\":\"https:\\\/\\\/astroceap.com.br\\\/ceap\\\/inscricoes-internacionais-a-pratica-do-atendimento-astrologico-2026\\\/#primaryimage\"},\"thumbnailUrl\":\"https:\\\/\\\/astroceap.com.br\\\/ceap\\\/wp-content\\\/uploads\\\/2024\\\/11\\\/IMAGEM_CURSO_-A-PRATICA_120x120-1.jpeg\",\"datePublished\":\"2025-12-10T20:32:55+00:00\",\"dateModified\":\"2025-12-10T20:52:54+00:00\",\"description\":\"Inscri\u00e7\u00f5es para os cursos online de Forma\u00e7\u00e3o e Especializa\u00e7\u00e3o em Astrologia Psicol\u00f3gica com certifica\u00e7\u00e3o internacional.\",\"breadcrumb\":{\"@id\":\"https:\\\/\\\/astroceap.com.br\\\/ceap\\\/inscricoes-internacionais-a-pratica-do-atendimento-astrologico-2026\\\/#breadcrumb\"},\"inLanguage\":\"pt-BR\",\"potentialAction\":[{\"@type\":\"ReadAction\",\"target\":[\"https:\\\/\\\/astroceap.com.br\\\/ceap\\\/inscricoes-internacionais-a-pratica-do-atendimento-astrologico-2026\\\/\"]}]},{\"@type\":\"ImageObject\",\"inLanguage\":\"pt-BR\",\"@id\":\"https:\\\/\\\/astroceap.com.br\\\/ceap\\\/inscricoes-internacionais-a-pratica-do-atendimento-astrologico-2026\\\/#primaryimage\",\"url\":\"https:\\\/\\\/astroceap.com.br\\\/ceap\\\/wp-content\\\/uploads\\\/2024\\\/11\\\/IMAGEM_CURSO_-A-PRATICA_120x120-1.jpeg\",\"contentUrl\":\"https:\\\/\\\/astroceap.com.br\\\/ceap\\\/wp-content\\\/uploads\\\/2024\\\/11\\\/IMAGEM_CURSO_-A-PRATICA_120x120-1.jpeg\",\"width\":120,\"height\":120},{\"@type\":\"BreadcrumbList\",\"@id\":\"https:\\\/\\\/astroceap.com.br\\\/ceap\\\/inscricoes-internacionais-a-pratica-do-atendimento-astrologico-2026\\\/#breadcrumb\",\"itemListElement\":[{\"@type\":\"ListItem\",\"position\":1,\"name\":\"In\u00edcio\",\"item\":\"https:\\\/\\\/astroceap.com.br\\\/ceap\\\/\"},{\"@type\":\"ListItem\",\"position\":2,\"name\":\"INSCRI\u00c7\u00d5ES INTERNACIONAIS &#8211; A PR\u00c1TICA DO ATENDIMENTO ASTROL\u00d3GICO &#8211; 2026\"}]},{\"@type\":\"WebSite\",\"@id\":\"https:\\\/\\\/astroceap.com.br\\\/ceap\\\/#website\",\"url\":\"https:\\\/\\\/astroceap.com.br\\\/ceap\\\/\",\"name\":\"C.E.A.P.\",\"description\":\"Centro de Estudos de Astrologia Psicol\u00f3gica\",\"publisher\":{\"@id\":\"https:\\\/\\\/astroceap.com.br\\\/ceap\\\/#organization\"},\"potentialAction\":[{\"@type\":\"SearchAction\",\"target\":{\"@type\":\"EntryPoint\",\"urlTemplate\":\"https:\\\/\\\/astroceap.com.br\\\/ceap\\\/?s={search_term_string}\"},\"query-input\":{\"@type\":\"PropertyValueSpecification\",\"valueRequired\":true,\"valueName\":\"search_term_string\"}}],\"inLanguage\":\"pt-BR\"},{\"@type\":\"Organization\",\"@id\":\"https:\\\/\\\/astroceap.com.br\\\/ceap\\\/#organization\",\"name\":\"CEAP Centro de Estudos de Astrologia Psicol\u00f3gica\",\"url\":\"https:\\\/\\\/astroceap.com.br\\\/ceap\\\/\",\"logo\":{\"@type\":\"ImageObject\",\"inLanguage\":\"pt-BR\",\"@id\":\"https:\\\/\\\/astroceap.com.br\\\/ceap\\\/#\\\/schema\\\/logo\\\/image\\\/\",\"url\":\"http:\\\/\\\/astroceap.com.br\\\/ceap\\\/wp-content\\\/uploads\\\/2018\\\/03\\\/LOGO_CEAP_New4site.jpg\",\"contentUrl\":\"http:\\\/\\\/astroceap.com.br\\\/ceap\\\/wp-content\\\/uploads\\\/2018\\\/03\\\/LOGO_CEAP_New4site.jpg\",\"width\":140,\"height\":174,\"caption\":\"CEAP Centro de Estudos de Astrologia Psicol\u00f3gica\"},\"image\":{\"@id\":\"https:\\\/\\\/astroceap.com.br\\\/ceap\\\/#\\\/schema\\\/logo\\\/image\\\/\"},\"sameAs\":[\"https:\\\/\\\/www.facebook.com\\\/astroceap\\\/\",\"https:\\\/\\\/x.com\\\/astrologiaceap\",\"https:\\\/\\\/www.instagram.com\\\/ceap.astrologia\\\/\",\"https:\\\/\\\/www.youtube.com\\\/channel\\\/UCDsKeXx5S7f2xoPUxNpARSQ\"]}]}<\/script>\n<!-- \/ Yoast SEO plugin. -->","yoast_head_json":{"title":"C.E.A.P. - Inscri\u00e7\u00f5es dos cursos online de astrologia psicol\u00f3gica","description":"Inscri\u00e7\u00f5es para os cursos online de Forma\u00e7\u00e3o e Especializa\u00e7\u00e3o em Astrologia Psicol\u00f3gica com certifica\u00e7\u00e3o internacional.","robots":{"index":"index","follow":"follow","max-snippet":"max-snippet:-1","max-image-preview":"max-image-preview:large","max-video-preview":"max-video-preview:-1"},"canonical":"https:\/\/astroceap.com.br\/ceap\/inscricoes-internacionais-a-pratica-do-atendimento-astrologico-2026\/","og_locale":"pt_BR","og_type":"article","og_title":"C.E.A.P. - Inscri\u00e7\u00f5es dos cursos online de astrologia psicol\u00f3gica","og_description":"Inscri\u00e7\u00f5es para os cursos online de Forma\u00e7\u00e3o e Especializa\u00e7\u00e3o em Astrologia Psicol\u00f3gica com certifica\u00e7\u00e3o internacional.","og_url":"https:\/\/astroceap.com.br\/ceap\/inscricoes-internacionais-a-pratica-do-atendimento-astrologico-2026\/","og_site_name":"C.E.A.P.","article_publisher":"https:\/\/www.facebook.com\/astroceap\/","article_modified_time":"2025-12-10T20:52:54+00:00","og_image":[{"url":"https:\/\/astroceap.com.br\/ceap\/wp-content\/uploads\/2024\/11\/IMAGEM_CURSO_-A-PRATICA_120x120-1.jpeg","type":"","width":"","height":""}],"twitter_card":"summary_large_image","twitter_site":"@astrologiaceap","twitter_misc":{"Est. tempo de leitura":"2 minutos"},"schema":{"@context":"https:\/\/schema.org","@graph":[{"@type":"WebPage","@id":"https:\/\/astroceap.com.br\/ceap\/inscricoes-internacionais-a-pratica-do-atendimento-astrologico-2026\/","url":"https:\/\/astroceap.com.br\/ceap\/inscricoes-internacionais-a-pratica-do-atendimento-astrologico-2026\/","name":"C.E.A.P. - Inscri\u00e7\u00f5es dos cursos online de astrologia psicol\u00f3gica","isPartOf":{"@id":"https:\/\/astroceap.com.br\/ceap\/#website"},"primaryImageOfPage":{"@id":"https:\/\/astroceap.com.br\/ceap\/inscricoes-internacionais-a-pratica-do-atendimento-astrologico-2026\/#primaryimage"},"image":{"@id":"https:\/\/astroceap.com.br\/ceap\/inscricoes-internacionais-a-pratica-do-atendimento-astrologico-2026\/#primaryimage"},"thumbnailUrl":"https:\/\/astroceap.com.br\/ceap\/wp-content\/uploads\/2024\/11\/IMAGEM_CURSO_-A-PRATICA_120x120-1.jpeg","datePublished":"2025-12-10T20:32:55+00:00","dateModified":"2025-12-10T20:52:54+00:00","description":"Inscri\u00e7\u00f5es para os cursos online de Forma\u00e7\u00e3o e Especializa\u00e7\u00e3o em Astrologia Psicol\u00f3gica com certifica\u00e7\u00e3o internacional.","breadcrumb":{"@id":"https:\/\/astroceap.com.br\/ceap\/inscricoes-internacionais-a-pratica-do-atendimento-astrologico-2026\/#breadcrumb"},"inLanguage":"pt-BR","potentialAction":[{"@type":"ReadAction","target":["https:\/\/astroceap.com.br\/ceap\/inscricoes-internacionais-a-pratica-do-atendimento-astrologico-2026\/"]}]},{"@type":"ImageObject","inLanguage":"pt-BR","@id":"https:\/\/astroceap.com.br\/ceap\/inscricoes-internacionais-a-pratica-do-atendimento-astrologico-2026\/#primaryimage","url":"https:\/\/astroceap.com.br\/ceap\/wp-content\/uploads\/2024\/11\/IMAGEM_CURSO_-A-PRATICA_120x120-1.jpeg","contentUrl":"https:\/\/astroceap.com.br\/ceap\/wp-content\/uploads\/2024\/11\/IMAGEM_CURSO_-A-PRATICA_120x120-1.jpeg","width":120,"height":120},{"@type":"BreadcrumbList","@id":"https:\/\/astroceap.com.br\/ceap\/inscricoes-internacionais-a-pratica-do-atendimento-astrologico-2026\/#breadcrumb","itemListElement":[{"@type":"ListItem","position":1,"name":"In\u00edcio","item":"https:\/\/astroceap.com.br\/ceap\/"},{"@type":"ListItem","position":2,"name":"INSCRI\u00c7\u00d5ES INTERNACIONAIS &#8211; A PR\u00c1TICA DO ATENDIMENTO ASTROL\u00d3GICO &#8211; 2026"}]},{"@type":"WebSite","@id":"https:\/\/astroceap.com.br\/ceap\/#website","url":"https:\/\/astroceap.com.br\/ceap\/","name":"C.E.A.P.","description":"Centro de Estudos de Astrologia Psicol\u00f3gica","publisher":{"@id":"https:\/\/astroceap.com.br\/ceap\/#organization"},"potentialAction":[{"@type":"SearchAction","target":{"@type":"EntryPoint","urlTemplate":"https:\/\/astroceap.com.br\/ceap\/?s={search_term_string}"},"query-input":{"@type":"PropertyValueSpecification","valueRequired":true,"valueName":"search_term_string"}}],"inLanguage":"pt-BR"},{"@type":"Organization","@id":"https:\/\/astroceap.com.br\/ceap\/#organization","name":"CEAP Centro de Estudos de Astrologia Psicol\u00f3gica","url":"https:\/\/astroceap.com.br\/ceap\/","logo":{"@type":"ImageObject","inLanguage":"pt-BR","@id":"https:\/\/astroceap.com.br\/ceap\/#\/schema\/logo\/image\/","url":"http:\/\/astroceap.com.br\/ceap\/wp-content\/uploads\/2018\/03\/LOGO_CEAP_New4site.jpg","contentUrl":"http:\/\/astroceap.com.br\/ceap\/wp-content\/uploads\/2018\/03\/LOGO_CEAP_New4site.jpg","width":140,"height":174,"caption":"CEAP Centro de Estudos de Astrologia Psicol\u00f3gica"},"image":{"@id":"https:\/\/astroceap.com.br\/ceap\/#\/schema\/logo\/image\/"},"sameAs":["https:\/\/www.facebook.com\/astroceap\/","https:\/\/x.com\/astrologiaceap","https:\/\/www.instagram.com\/ceap.astrologia\/","https:\/\/www.youtube.com\/channel\/UCDsKeXx5S7f2xoPUxNpARSQ"]}]}},"_links":{"self":[{"href":"https:\/\/astroceap.com.br\/ceap\/wp-json\/wp\/v2\/pages\/11686","targetHints":{"allow":["GET"]}}],"collection":[{"href":"https:\/\/astroceap.com.br\/ceap\/wp-json\/wp\/v2\/pages"}],"about":[{"href":"https:\/\/astroceap.com.br\/ceap\/wp-json\/wp\/v2\/types\/page"}],"author":[{"embeddable":true,"href":"https:\/\/astroceap.com.br\/ceap\/wp-json\/wp\/v2\/users\/1"}],"replies":[{"embeddable":true,"href":"https:\/\/astroceap.com.br\/ceap\/wp-json\/wp\/v2\/comments?post=11686"}],"version-history":[{"count":7,"href":"https:\/\/astroceap.com.br\/ceap\/wp-json\/wp\/v2\/pages\/11686\/revisions"}],"predecessor-version":[{"id":11692,"href":"https:\/\/astroceap.com.br\/ceap\/wp-json\/wp\/v2\/pages\/11686\/revisions\/11692"}],"wp:attachment":[{"href":"https:\/\/astroceap.com.br\/ceap\/wp-json\/wp\/v2\/media?parent=11686"}],"curies":[{"name":"wp","href":"https:\/\/api.w.org\/{rel}","templated":true}]}}