{"id":11819,"date":"2025-12-27T11:50:43","date_gmt":"2025-12-27T14:50:43","guid":{"rendered":"https:\/\/astroceap.com.br\/ceap\/?page_id=11819"},"modified":"2026-01-30T18:20:28","modified_gmt":"2026-01-30T21:20:28","slug":"aprofundamento-da-consulta-ao-processo-de-12-sessoes","status":"publish","type":"page","link":"https:\/\/astroceap.com.br\/ceap\/aprofundamento-da-consulta-ao-processo-de-12-sessoes\/","title":{"rendered":"APROFUNDAMENTO &#8211; DA CONSULTA AO PROCESSO DE 12 SESS\u00d5ES"},"content":{"rendered":"<p>&nbsp;<\/p>\n<p><img decoding=\"async\" class=\"aligncenter wp-image-11837 size-full lazyload\" data-src=\"https:\/\/astroceap.com.br\/ceap\/wp-content\/uploads\/2026\/01\/analise-12-sessoes.jpg\" alt=\"\" width=\"612\" height=\"435\" data-srcset=\"https:\/\/astroceap.com.br\/ceap\/wp-content\/uploads\/2026\/01\/analise-12-sessoes.jpg 612w, https:\/\/astroceap.com.br\/ceap\/wp-content\/uploads\/2026\/01\/analise-12-sessoes-300x213.jpg 300w\" data-sizes=\"(max-width: 612px) 100vw, 612px\" src=\"data:image\/svg+xml;base64,PHN2ZyB3aWR0aD0iMSIgaGVpZ2h0PSIxIiB4bWxucz0iaHR0cDovL3d3dy53My5vcmcvMjAwMC9zdmciPjwvc3ZnPg==\" style=\"--smush-placeholder-width: 612px; --smush-placeholder-aspect-ratio: 612\/435;\" \/><\/p>\n<h3 style=\"text-align: center;\"><strong><br \/>\n<a class=\"maxbutton-61 maxbutton maxbutton-inscricao-a-pratica-2026\" target=\"_blank\" rel=\"noopener\" href=\"https:\/\/astroceap.com.br\/ceap\/inscricoes-a-pratica-do-atendimento-astrologico-2026\/\"><span class='mb-text'>INSCREVA-SE<\/span><\/a><\/strong><\/h3>\n<h3><span style=\"color: #000000;\"><br \/>\nA Pr\u00e1tica do Atendimento Astrol\u00f3gico \u2013 M\u00f3dulo II<\/span><\/h3>\n<h3><span style=\"color: #000000;\">Aprofundamento: Da Consulta ao Processo de 12 Sess\u00f5es<\/span><\/h3>\n<p><span style=\"color: #000000; font-family: arial, helvetica, sans-serif; font-size: 14px;\">O M\u00f3dulo II foi criado para quem j\u00e1 domina a base da interpreta\u00e7\u00e3o e deseja avan\u00e7ar para o campo mais profundo, humano e transformador da pr\u00e1tica cl\u00ednica em Astrologia Psicol\u00f3gica.<\/span><\/p>\n<p><span style=\"color: #000000; font-family: arial, helvetica, sans-serif; font-size: 14px;\">Aqui, voc\u00ea aprende a conduzir n\u00e3o apenas uma consulta, mas um processo estruturado de at\u00e9 12 sess\u00f5es, com foco terap\u00eautico, rigor t\u00e9cnico de psicoterapia e sensibilidade psicol\u00f3gica.<\/span><br \/>\n<span style=\"color: #000000; font-family: arial, helvetica, sans-serif; font-size: 14px;\">Trata-se do momento em que voc\u00ea integra teoria, m\u00e9todo, presen\u00e7a e escuta \u2014 tornando-se capaz de sustentar um caminho de autoconhecimento real para o seu cliente.<\/span><\/p>\n<p><span style=\"color: #000000;\"><strong><br \/>\nO QUE VOC\u00ca VAI APRENDER<\/strong><br \/>\n<\/span><br \/>\n<span style=\"color: #000000;\">\ud83d\udd39 <strong>Revis\u00e3o Integrada \u2013 M\u00f3dulo I<\/strong><\/span><br \/>\n<span style=\"color: #000000;\"><span style=\"font-family: arial, helvetica, sans-serif; font-size: 14px;\">Relembramos os fundamentos essenciais para que o aprofundamento seja consistente e seguro, alinhando teoria, t\u00e9cnica e postura do astr\u00f3logo.<\/span><br \/>\n<\/span><br \/>\n<span style=\"color: #000000;\">\ud83d\udd39 <strong>As 12 Sess\u00f5es \u2013 Primeiras Considera\u00e7\u00f5es<\/strong><\/span><br \/>\n<span style=\"color: #000000; font-family: arial, helvetica, sans-serif; font-size: 14px;\">Voc\u00ea entender\u00e1 o prop\u00f3sito, o ritmo e a l\u00f3gica do acompanhamento em 12 encontros, estruturando um processo que cria continuidade, profundidade e clareza<br \/>\n<\/span><br \/>\n<span style=\"color: #000000;\">\ud83d\udd39 <strong>As 12 Sess\u00f5es + Modelo de Anamnese<\/strong><\/span><br \/>\n<span style=\"color: #000000; font-family: arial, helvetica, sans-serif; font-size: 14px;\">Apresenta\u00e7\u00e3o do modelo oficial de anamnese utilizado no C.E.A.P., incluindo:<\/span><br \/>\n<span style=\"color: #000000; font-family: arial, helvetica, sans-serif; font-size: 14px;\">dire\u00e7\u00e3o da escuta<\/span><br \/>\n<span style=\"color: #000000; font-family: arial, helvetica, sans-serif; font-size: 14px;\">perguntas essenciais<\/span><br \/>\n<span style=\"color: #000000; font-family: arial, helvetica, sans-serif; font-size: 14px;\">leitura psicol\u00f3gica do discurso do cliente<\/span><br \/>\n<span style=\"color: #000000; font-family: arial, helvetica, sans-serif; font-size: 14px;\">indicadores para constru\u00e7\u00e3o do foco do processo<br \/>\n<\/span><br \/>\n<span style=\"color: #000000;\">\ud83d\udd39 <strong>Treinamento da Entrevista de Anamnese + Estudo de Caso<\/strong><\/span><br \/>\n<span style=\"color: #000000;\"><span style=\"font-family: arial, helvetica, sans-serif; font-size: 14px;\">Aula pr\u00e1tica com simula\u00e7\u00e3o da entrevista, an\u00e1lise dos dados obtidos e discuss\u00e3o de um caso real para fixa\u00e7\u00e3o do m\u00e9todo<\/span><br \/>\n<\/span><br \/>\n<span style=\"color: #000000;\">\ud83d\udd39 <strong>Indica\u00e7\u00f5es para Atendimento em 12 Sess\u00f5es + Setting + Contrato<\/strong><\/span><br \/>\n<span style=\"color: #000000; font-family: arial, helvetica, sans-serif; font-size: 14px;\">Voc\u00ea aprende como:<\/span><br \/>\n<span style=\"color: #000000; font-family: arial, helvetica, sans-serif; font-size: 14px;\">identificar quando o cliente precisa de acompanhamento<\/span><br \/>\n<span style=\"color: #000000; font-family: arial, helvetica, sans-serif; font-size: 14px;\">estabelecer o setting (limites, organiza\u00e7\u00e3o, postura)<\/span><br \/>\n<span style=\"color: #000000; font-family: arial, helvetica, sans-serif; font-size: 14px;\">construir um contrato claro, \u00e9tico e funcional<\/span><br \/>\n<span style=\"color: #000000;\"><span style=\"font-family: arial, helvetica, sans-serif; font-size: 14px;\">orientar expectativas e responsabilidades<\/span><br \/>\n<\/span><br \/>\n<span style=\"color: #000000;\">\ud83d\udd39 <strong>As Quatro Tarefas \u2013 Foco<\/strong><\/span><br \/>\n<span style=\"color: #000000; font-size: 14px; font-family: arial, helvetica, sans-serif;\">Voc\u00ea aprende a construir o foco terap\u00eautico do processo, compreendendo:<\/span><br \/>\n<span style=\"color: #000000; font-size: 14px; font-family: arial, helvetica, sans-serif;\">Como estabelecer o foco<\/span><br \/>\n<span style=\"color: #000000; font-size: 14px; font-family: arial, helvetica, sans-serif;\">O que priorizar<\/span><br \/>\n<span style=\"color: #000000;\"><span style=\"font-size: 14px; font-family: arial, helvetica, sans-serif;\">Como organizar o caminho de evolu\u00e7\u00e3o em 12 sess\u00f5es<\/span><br \/>\n<\/span><br \/>\n<span style=\"color: #000000;\">\ud83d\udd39 <strong>Tipologia C.E.A.P + C\u00e9rebro Trino + Tipologia Freud<\/strong> <\/span><br \/>\n<span style=\"color: #000000; font-size: 14px; font-family: arial, helvetica, sans-serif;\">Integra\u00e7\u00e3o das tr\u00eas grandes refer\u00eancias tipol\u00f3gicas utilizadas no C.E.A.P., oferecendo ao astr\u00f3logo ferramentas s\u00f3lidas para compreender:<\/span><br \/>\n<span style=\"color: #000000; font-size: 14px; font-family: arial, helvetica, sans-serif;\">din\u00e2mica interna do cliente<\/span><br \/>\n<span style=\"color: #000000; font-size: 14px; font-family: arial, helvetica, sans-serif;\">estilo emocional<\/span><br \/>\n<span style=\"color: #000000; font-size: 14px; font-family: arial, helvetica, sans-serif;\">tipo de ang\u00fastia subjacente<\/span><br \/>\n<span style=\"color: #000000; font-size: 14px; font-family: arial, helvetica, sans-serif;\">padr\u00f5es de defesa<\/span><br \/>\n<span style=\"color: #000000;\"><span style=\"font-size: 14px; font-family: arial, helvetica, sans-serif;\">Isso propicia aprofundar a abordagem, individualizando ara cada pessoa.<\/span><br \/>\n<\/span><br \/>\n<span style=\"color: #000000;\">\ud83d\udd39 <strong>Como Proceder de Acordo com as Tipologias e Condi\u00e7\u00f5es do Cliente<\/strong><\/span><br \/>\n<span style=\"color: #000000; font-family: arial, helvetica, sans-serif; font-size: 14px;\">Orienta\u00e7\u00f5es pr\u00e1ticas para adaptar sua condu\u00e7\u00e3o conforme:<\/span><br \/>\n<span style=\"color: #000000; font-family: arial, helvetica, sans-serif; font-size: 14px;\">ang\u00fastia de separa\u00e7\u00e3o<\/span><br \/>\n<span style=\"color: #000000; font-family: arial, helvetica, sans-serif; font-size: 14px;\">ang\u00fastia de castra\u00e7\u00e3o<\/span><br \/>\n<span style=\"color: #000000; font-family: arial, helvetica, sans-serif; font-size: 14px;\">ang\u00fastia de fragmenta\u00e7\u00e3o<br \/>\n<\/span><br \/>\n<span style=\"color: #000000;\">\ud83d\udd39 <strong>Aula Pr\u00e1tica \u2013 Estudo de Casos<\/strong><\/span><br \/>\n<span style=\"color: #000000; font-family: arial, helvetica, sans-serif; font-size: 14px;\">An\u00e1lise profunda de casos reais, discutindo:<\/span><br \/>\n<span style=\"color: #000000; font-family: arial, helvetica, sans-serif; font-size: 14px;\">postura do astr\u00f3logo<\/span><br \/>\n<span style=\"color: #000000; font-family: arial, helvetica, sans-serif; font-size: 14px;\">sele\u00e7\u00e3o de conte\u00fados astrol\u00f3gicos<\/span><br \/>\n<span style=\"color: #000000; font-family: arial, helvetica, sans-serif; font-size: 14px;\">condu\u00e7\u00e3o das sess\u00f5es<\/span><br \/>\n<span style=\"color: #000000; font-family: arial, helvetica, sans-serif;\"><span style=\"font-size: 14px;\">manejo de crises e resist\u00eancias<\/span><br \/>\n<\/span><br \/>\n<span style=\"color: #000000;\">\ud83d\udd39 <strong>Revis\u00e3o de Conceitos + Estudo de Casos Avan\u00e7ados<\/strong><\/span><br \/>\n<span style=\"color: #000000; font-family: arial, helvetica, sans-serif; font-size: 14px;\">Fechamento do m\u00f3dulo com revis\u00e3o dos pontos-chave e an\u00e1lise conjunta de casos que integram mapa, processo e conduta terapeutica<\/span><\/p>\n<p>&nbsp;<\/p>\n<p><strong><span style=\"color: #000000;\">PARA QUEM \u00c9 ESTE M\u00d3DULO<\/span><\/strong><br \/>\n<span style=\"color: #000000; font-family: arial, helvetica, sans-serif; font-size: 14px;\">Para astr\u00f3logos(as) que desejam:<\/span><br \/>\n<span style=\"color: #000000; font-family: arial, helvetica, sans-serif; font-size: 14px;\">&#8211; Ganhar seguran\u00e7a para conduzir atendimentos continuados<\/span><br \/>\n<span style=\"color: #000000; font-family: arial, helvetica, sans-serif; font-size: 14px;\">&#8211; Aprofundar o olhar psicol\u00f3gico dentro da astrologia<\/span><br \/>\n<span style=\"color: #000000; font-family: arial, helvetica, sans-serif; font-size: 14px;\">&#8211; Criar processos estruturados com seus clientes<\/span><br \/>\n<span style=\"color: #000000; font-family: arial, helvetica, sans-serif; font-size: 14px;\">&#8211; Unir teoria, t\u00e9cnica e postura cl\u00ednica<\/span><br \/>\n<span style=\"color: #000000; font-family: arial, helvetica, sans-serif; font-size: 14px;\">&#8211; Desenvolver maturidade e precis\u00e3o na escuta<\/span><\/p>\n<p><strong><span style=\"color: #000000;\">RESULTADOS QUE O ALUNO LEVA<\/span><\/strong><br \/>\n<span style=\"color: #000000; font-family: arial, helvetica, sans-serif; font-size: 14px;\">Ao final do M\u00f3dulo II, voc\u00ea ser\u00e1 capaz de:<\/span><br \/>\n<span style=\"color: #000000; font-family: arial, helvetica, sans-serif; font-size: 14px;\">&#8211; Aplicar o modelo de anamnese do C.E.A.P.<\/span><br \/>\n<span style=\"color: #000000; font-family: arial, helvetica, sans-serif; font-size: 14px;\">&#8211; Conduzir um processo completo de 12 sess\u00f5es<\/span><br \/>\n<span style=\"color: #000000; font-family: arial, helvetica, sans-serif; font-size: 14px;\">&#8211; Adaptar sua abordagem \u00e0s tipologias psicol\u00f3gicas<\/span><br \/>\n<span style=\"color: #000000; font-family: arial, helvetica, sans-serif; font-size: 14px;\">&#8211; Identificar o foco terap\u00eautico com clareza<\/span><br \/>\n<span style=\"color: #000000; font-family: arial, helvetica, sans-serif; font-size: 14px;\">&#8211; Sustentar um caminho evolutivo com o cliente<\/span><br \/>\n<span style=\"color: #000000; font-family: arial, helvetica, sans-serif; font-size: 14px;\">&#8211; Integrar mapa, discurso e din\u00e2mica emocional de forma \u00e9tica e profunda<\/span><\/p>\n<p>&nbsp;<\/p>\n<p style=\"text-align: center;\"><strong><a class=\"maxbutton-61 maxbutton maxbutton-inscricao-a-pratica-2026\" target=\"_blank\" rel=\"noopener\" href=\"https:\/\/astroceap.com.br\/ceap\/inscricoes-a-pratica-do-atendimento-astrologico-2026\/\"><span class='mb-text'>INSCREVA-SE<\/span><\/a><\/strong><\/p>\n<p>&nbsp;<\/p>\n<p>.<\/p>\n","protected":false},"excerpt":{"rendered":"<p>&nbsp; A Pr\u00e1tica do Atendimento Astrol\u00f3gico \u2013 M\u00f3dulo II Aprofundamento: Da Consulta ao Processo de 12 Sess\u00f5es O M\u00f3dulo II foi criado para quem j\u00e1 domina a base da interpreta\u00e7\u00e3o e deseja avan\u00e7ar para o campo mais profundo, humano e<\/p>\n","protected":false},"author":1,"featured_media":0,"parent":0,"menu_order":0,"comment_status":"closed","ping_status":"closed","template":"","meta":{"ngg_post_thumbnail":0,"footnotes":""},"class_list":["post-11819","page","type-page","status-publish","hentry"],"yoast_head":"<!-- This site is optimized with the Yoast SEO plugin v27.5 - https:\/\/yoast.com\/product\/yoast-seo-wordpress\/ -->\n<title>APROFUNDAMENTO - DA CONSULTA AO PROCESSO DE 12 SESS\u00d5ES - C.E.A.P.<\/title>\n<meta name=\"robots\" content=\"index, follow, max-snippet:-1, max-image-preview:large, max-video-preview:-1\" \/>\n<link rel=\"canonical\" href=\"https:\/\/astroceap.com.br\/ceap\/aprofundamento-da-consulta-ao-processo-de-12-sessoes\/\" \/>\n<meta property=\"og:locale\" content=\"pt_BR\" \/>\n<meta property=\"og:type\" content=\"article\" \/>\n<meta property=\"og:title\" content=\"APROFUNDAMENTO - DA CONSULTA AO PROCESSO DE 12 SESS\u00d5ES - C.E.A.P.\" \/>\n<meta property=\"og:description\" content=\"&nbsp; A Pr\u00e1tica do Atendimento Astrol\u00f3gico \u2013 M\u00f3dulo II Aprofundamento: Da Consulta ao Processo de 12 Sess\u00f5es O M\u00f3dulo II foi criado para quem j\u00e1 domina a base da interpreta\u00e7\u00e3o e deseja avan\u00e7ar para o campo mais profundo, humano e\" \/>\n<meta property=\"og:url\" content=\"https:\/\/astroceap.com.br\/ceap\/aprofundamento-da-consulta-ao-processo-de-12-sessoes\/\" \/>\n<meta property=\"og:site_name\" content=\"C.E.A.P.\" \/>\n<meta property=\"article:publisher\" content=\"https:\/\/www.facebook.com\/astroceap\/\" \/>\n<meta property=\"article:modified_time\" content=\"2026-01-30T21:20:28+00:00\" \/>\n<meta property=\"og:image\" content=\"https:\/\/astroceap.com.br\/ceap\/wp-content\/uploads\/2026\/01\/analise-12-sessoes.jpg\" \/>\n\t<meta property=\"og:image:width\" content=\"612\" \/>\n\t<meta property=\"og:image:height\" content=\"435\" \/>\n\t<meta property=\"og:image:type\" content=\"image\/jpeg\" \/>\n<meta name=\"twitter:card\" content=\"summary_large_image\" \/>\n<meta name=\"twitter:site\" content=\"@astrologiaceap\" \/>\n<meta name=\"twitter:label1\" content=\"Est. tempo de leitura\" \/>\n\t<meta name=\"twitter:data1\" content=\"4 minutos\" \/>\n<script type=\"application\/ld+json\" class=\"yoast-schema-graph\">{\"@context\":\"https:\\\/\\\/schema.org\",\"@graph\":[{\"@type\":\"WebPage\",\"@id\":\"https:\\\/\\\/astroceap.com.br\\\/ceap\\\/aprofundamento-da-consulta-ao-processo-de-12-sessoes\\\/\",\"url\":\"https:\\\/\\\/astroceap.com.br\\\/ceap\\\/aprofundamento-da-consulta-ao-processo-de-12-sessoes\\\/\",\"name\":\"APROFUNDAMENTO - DA CONSULTA AO PROCESSO DE 12 SESS\u00d5ES - C.E.A.P.\",\"isPartOf\":{\"@id\":\"https:\\\/\\\/astroceap.com.br\\\/ceap\\\/#website\"},\"primaryImageOfPage\":{\"@id\":\"https:\\\/\\\/astroceap.com.br\\\/ceap\\\/aprofundamento-da-consulta-ao-processo-de-12-sessoes\\\/#primaryimage\"},\"image\":{\"@id\":\"https:\\\/\\\/astroceap.com.br\\\/ceap\\\/aprofundamento-da-consulta-ao-processo-de-12-sessoes\\\/#primaryimage\"},\"thumbnailUrl\":\"https:\\\/\\\/astroceap.com.br\\\/ceap\\\/wp-content\\\/uploads\\\/2026\\\/01\\\/analise-12-sessoes.jpg\",\"datePublished\":\"2025-12-27T14:50:43+00:00\",\"dateModified\":\"2026-01-30T21:20:28+00:00\",\"breadcrumb\":{\"@id\":\"https:\\\/\\\/astroceap.com.br\\\/ceap\\\/aprofundamento-da-consulta-ao-processo-de-12-sessoes\\\/#breadcrumb\"},\"inLanguage\":\"pt-BR\",\"potentialAction\":[{\"@type\":\"ReadAction\",\"target\":[\"https:\\\/\\\/astroceap.com.br\\\/ceap\\\/aprofundamento-da-consulta-ao-processo-de-12-sessoes\\\/\"]}]},{\"@type\":\"ImageObject\",\"inLanguage\":\"pt-BR\",\"@id\":\"https:\\\/\\\/astroceap.com.br\\\/ceap\\\/aprofundamento-da-consulta-ao-processo-de-12-sessoes\\\/#primaryimage\",\"url\":\"https:\\\/\\\/astroceap.com.br\\\/ceap\\\/wp-content\\\/uploads\\\/2026\\\/01\\\/analise-12-sessoes.jpg\",\"contentUrl\":\"https:\\\/\\\/astroceap.com.br\\\/ceap\\\/wp-content\\\/uploads\\\/2026\\\/01\\\/analise-12-sessoes.jpg\",\"width\":612,\"height\":435,\"caption\":\"A psychoanalyst in a workshop listens to a female patient lying on a couch and talking about her problems.\"},{\"@type\":\"BreadcrumbList\",\"@id\":\"https:\\\/\\\/astroceap.com.br\\\/ceap\\\/aprofundamento-da-consulta-ao-processo-de-12-sessoes\\\/#breadcrumb\",\"itemListElement\":[{\"@type\":\"ListItem\",\"position\":1,\"name\":\"In\u00edcio\",\"item\":\"https:\\\/\\\/astroceap.com.br\\\/ceap\\\/\"},{\"@type\":\"ListItem\",\"position\":2,\"name\":\"APROFUNDAMENTO &#8211; DA CONSULTA AO PROCESSO DE 12 SESS\u00d5ES\"}]},{\"@type\":\"WebSite\",\"@id\":\"https:\\\/\\\/astroceap.com.br\\\/ceap\\\/#website\",\"url\":\"https:\\\/\\\/astroceap.com.br\\\/ceap\\\/\",\"name\":\"C.E.A.P.\",\"description\":\"Centro de Estudos de Astrologia Psicol\u00f3gica\",\"publisher\":{\"@id\":\"https:\\\/\\\/astroceap.com.br\\\/ceap\\\/#organization\"},\"potentialAction\":[{\"@type\":\"SearchAction\",\"target\":{\"@type\":\"EntryPoint\",\"urlTemplate\":\"https:\\\/\\\/astroceap.com.br\\\/ceap\\\/?s={search_term_string}\"},\"query-input\":{\"@type\":\"PropertyValueSpecification\",\"valueRequired\":true,\"valueName\":\"search_term_string\"}}],\"inLanguage\":\"pt-BR\"},{\"@type\":\"Organization\",\"@id\":\"https:\\\/\\\/astroceap.com.br\\\/ceap\\\/#organization\",\"name\":\"CEAP Centro de Estudos de Astrologia Psicol\u00f3gica\",\"url\":\"https:\\\/\\\/astroceap.com.br\\\/ceap\\\/\",\"logo\":{\"@type\":\"ImageObject\",\"inLanguage\":\"pt-BR\",\"@id\":\"https:\\\/\\\/astroceap.com.br\\\/ceap\\\/#\\\/schema\\\/logo\\\/image\\\/\",\"url\":\"http:\\\/\\\/astroceap.com.br\\\/ceap\\\/wp-content\\\/uploads\\\/2018\\\/03\\\/LOGO_CEAP_New4site.jpg\",\"contentUrl\":\"http:\\\/\\\/astroceap.com.br\\\/ceap\\\/wp-content\\\/uploads\\\/2018\\\/03\\\/LOGO_CEAP_New4site.jpg\",\"width\":140,\"height\":174,\"caption\":\"CEAP Centro de Estudos de Astrologia Psicol\u00f3gica\"},\"image\":{\"@id\":\"https:\\\/\\\/astroceap.com.br\\\/ceap\\\/#\\\/schema\\\/logo\\\/image\\\/\"},\"sameAs\":[\"https:\\\/\\\/www.facebook.com\\\/astroceap\\\/\",\"https:\\\/\\\/x.com\\\/astrologiaceap\",\"https:\\\/\\\/www.instagram.com\\\/ceap.astrologia\\\/\",\"https:\\\/\\\/www.youtube.com\\\/channel\\\/UCDsKeXx5S7f2xoPUxNpARSQ\"]}]}<\/script>\n<!-- \/ Yoast SEO plugin. -->","yoast_head_json":{"title":"APROFUNDAMENTO - DA CONSULTA AO PROCESSO DE 12 SESS\u00d5ES - C.E.A.P.","robots":{"index":"index","follow":"follow","max-snippet":"max-snippet:-1","max-image-preview":"max-image-preview:large","max-video-preview":"max-video-preview:-1"},"canonical":"https:\/\/astroceap.com.br\/ceap\/aprofundamento-da-consulta-ao-processo-de-12-sessoes\/","og_locale":"pt_BR","og_type":"article","og_title":"APROFUNDAMENTO - DA CONSULTA AO PROCESSO DE 12 SESS\u00d5ES - C.E.A.P.","og_description":"&nbsp; A Pr\u00e1tica do Atendimento Astrol\u00f3gico \u2013 M\u00f3dulo II Aprofundamento: Da Consulta ao Processo de 12 Sess\u00f5es O M\u00f3dulo II foi criado para quem j\u00e1 domina a base da interpreta\u00e7\u00e3o e deseja avan\u00e7ar para o campo mais profundo, humano e","og_url":"https:\/\/astroceap.com.br\/ceap\/aprofundamento-da-consulta-ao-processo-de-12-sessoes\/","og_site_name":"C.E.A.P.","article_publisher":"https:\/\/www.facebook.com\/astroceap\/","article_modified_time":"2026-01-30T21:20:28+00:00","og_image":[{"width":612,"height":435,"url":"https:\/\/astroceap.com.br\/ceap\/wp-content\/uploads\/2026\/01\/analise-12-sessoes.jpg","type":"image\/jpeg"}],"twitter_card":"summary_large_image","twitter_site":"@astrologiaceap","twitter_misc":{"Est. tempo de leitura":"4 minutos"},"schema":{"@context":"https:\/\/schema.org","@graph":[{"@type":"WebPage","@id":"https:\/\/astroceap.com.br\/ceap\/aprofundamento-da-consulta-ao-processo-de-12-sessoes\/","url":"https:\/\/astroceap.com.br\/ceap\/aprofundamento-da-consulta-ao-processo-de-12-sessoes\/","name":"APROFUNDAMENTO - DA CONSULTA AO PROCESSO DE 12 SESS\u00d5ES - C.E.A.P.","isPartOf":{"@id":"https:\/\/astroceap.com.br\/ceap\/#website"},"primaryImageOfPage":{"@id":"https:\/\/astroceap.com.br\/ceap\/aprofundamento-da-consulta-ao-processo-de-12-sessoes\/#primaryimage"},"image":{"@id":"https:\/\/astroceap.com.br\/ceap\/aprofundamento-da-consulta-ao-processo-de-12-sessoes\/#primaryimage"},"thumbnailUrl":"https:\/\/astroceap.com.br\/ceap\/wp-content\/uploads\/2026\/01\/analise-12-sessoes.jpg","datePublished":"2025-12-27T14:50:43+00:00","dateModified":"2026-01-30T21:20:28+00:00","breadcrumb":{"@id":"https:\/\/astroceap.com.br\/ceap\/aprofundamento-da-consulta-ao-processo-de-12-sessoes\/#breadcrumb"},"inLanguage":"pt-BR","potentialAction":[{"@type":"ReadAction","target":["https:\/\/astroceap.com.br\/ceap\/aprofundamento-da-consulta-ao-processo-de-12-sessoes\/"]}]},{"@type":"ImageObject","inLanguage":"pt-BR","@id":"https:\/\/astroceap.com.br\/ceap\/aprofundamento-da-consulta-ao-processo-de-12-sessoes\/#primaryimage","url":"https:\/\/astroceap.com.br\/ceap\/wp-content\/uploads\/2026\/01\/analise-12-sessoes.jpg","contentUrl":"https:\/\/astroceap.com.br\/ceap\/wp-content\/uploads\/2026\/01\/analise-12-sessoes.jpg","width":612,"height":435,"caption":"A psychoanalyst in a workshop listens to a female patient lying on a couch and talking about her problems."},{"@type":"BreadcrumbList","@id":"https:\/\/astroceap.com.br\/ceap\/aprofundamento-da-consulta-ao-processo-de-12-sessoes\/#breadcrumb","itemListElement":[{"@type":"ListItem","position":1,"name":"In\u00edcio","item":"https:\/\/astroceap.com.br\/ceap\/"},{"@type":"ListItem","position":2,"name":"APROFUNDAMENTO &#8211; DA CONSULTA AO PROCESSO DE 12 SESS\u00d5ES"}]},{"@type":"WebSite","@id":"https:\/\/astroceap.com.br\/ceap\/#website","url":"https:\/\/astroceap.com.br\/ceap\/","name":"C.E.A.P.","description":"Centro de Estudos de Astrologia Psicol\u00f3gica","publisher":{"@id":"https:\/\/astroceap.com.br\/ceap\/#organization"},"potentialAction":[{"@type":"SearchAction","target":{"@type":"EntryPoint","urlTemplate":"https:\/\/astroceap.com.br\/ceap\/?s={search_term_string}"},"query-input":{"@type":"PropertyValueSpecification","valueRequired":true,"valueName":"search_term_string"}}],"inLanguage":"pt-BR"},{"@type":"Organization","@id":"https:\/\/astroceap.com.br\/ceap\/#organization","name":"CEAP Centro de Estudos de Astrologia Psicol\u00f3gica","url":"https:\/\/astroceap.com.br\/ceap\/","logo":{"@type":"ImageObject","inLanguage":"pt-BR","@id":"https:\/\/astroceap.com.br\/ceap\/#\/schema\/logo\/image\/","url":"http:\/\/astroceap.com.br\/ceap\/wp-content\/uploads\/2018\/03\/LOGO_CEAP_New4site.jpg","contentUrl":"http:\/\/astroceap.com.br\/ceap\/wp-content\/uploads\/2018\/03\/LOGO_CEAP_New4site.jpg","width":140,"height":174,"caption":"CEAP Centro de Estudos de Astrologia Psicol\u00f3gica"},"image":{"@id":"https:\/\/astroceap.com.br\/ceap\/#\/schema\/logo\/image\/"},"sameAs":["https:\/\/www.facebook.com\/astroceap\/","https:\/\/x.com\/astrologiaceap","https:\/\/www.instagram.com\/ceap.astrologia\/","https:\/\/www.youtube.com\/channel\/UCDsKeXx5S7f2xoPUxNpARSQ"]}]}},"_links":{"self":[{"href":"https:\/\/astroceap.com.br\/ceap\/wp-json\/wp\/v2\/pages\/11819","targetHints":{"allow":["GET"]}}],"collection":[{"href":"https:\/\/astroceap.com.br\/ceap\/wp-json\/wp\/v2\/pages"}],"about":[{"href":"https:\/\/astroceap.com.br\/ceap\/wp-json\/wp\/v2\/types\/page"}],"author":[{"embeddable":true,"href":"https:\/\/astroceap.com.br\/ceap\/wp-json\/wp\/v2\/users\/1"}],"replies":[{"embeddable":true,"href":"https:\/\/astroceap.com.br\/ceap\/wp-json\/wp\/v2\/comments?post=11819"}],"version-history":[{"count":13,"href":"https:\/\/astroceap.com.br\/ceap\/wp-json\/wp\/v2\/pages\/11819\/revisions"}],"predecessor-version":[{"id":11845,"href":"https:\/\/astroceap.com.br\/ceap\/wp-json\/wp\/v2\/pages\/11819\/revisions\/11845"}],"wp:attachment":[{"href":"https:\/\/astroceap.com.br\/ceap\/wp-json\/wp\/v2\/media?parent=11819"}],"curies":[{"name":"wp","href":"https:\/\/api.w.org\/{rel}","templated":true}]}}