{"id":2003,"date":"2018-04-03T18:52:43","date_gmt":"2018-04-03T20:52:43","guid":{"rendered":"http:\/\/astroceap.com.br\/ceap\/?page_id=2003"},"modified":"2025-12-26T19:37:48","modified_gmt":"2025-12-26T22:37:48","slug":"cursos-especializacao","status":"publish","type":"page","link":"https:\/\/astroceap.com.br\/ceap\/cursos-especializacao\/","title":{"rendered":"CURSOS DE ESPECIALIZA\u00c7\u00c3O"},"content":{"rendered":"<p><span style=\"color: #ffffff;\">C.E.A.P. cursos online<\/span><\/p>\n<p style=\"text-align: center;\">\n<table id=\"tablepress-1\" class=\"tablepress tablepress-id-1\">\n<tbody class=\"row-striping row-hover\">\n<tr class=\"row-1\">\n\t<td class=\"column-1\"><\/td><td class=\"column-2\"><p align=\"center\"><a href=\"http:\/\/astroceap.com.br\/ceap\/inscricoes-cursos-online\/\" rel=\"noopener\" target=\"_blank\">INSCREVA-SE<\/a><\/p><\/td><td class=\"column-3\"><p align=\"center\"><a href=\"http:\/\/astroceap.com.br\/\" rel=\"noopener\" target=\"_blank\">\u00c1REA DOS ALUNOS<\/a><\/p><\/td><td class=\"column-4\"><p align=\"center\"><a href=\"http:\/\/astroceap.com.br\/ceap\/como-funciona\/\" rel=\"noopener\" target=\"_blank\">COMO FUNCIONA<\/a><\/p><\/td><td class=\"column-5\"><\/td>\n<\/tr>\n<\/tbody>\n<\/table>\n<!-- #tablepress-1 from cache --><\/p>\n<h2 style=\"text-align: center;\"><span style=\"color: #800000;\">CURSOS DE ESPECIALIZA\u00c7\u00c3O<\/span><\/h2>\n<p>&nbsp;<\/p>\n<p style=\"text-align: center;\"><img decoding=\"async\" class=\"alignnone wp-image-10571 lazyload\" data-src=\"https:\/\/astroceap.com.br\/ceap\/wp-content\/uploads\/2024\/10\/curso_especializacao-300x223.jpeg\" alt=\"\" width=\"452\" height=\"336\" data-srcset=\"https:\/\/astroceap.com.br\/ceap\/wp-content\/uploads\/2024\/10\/curso_especializacao-300x223.jpeg 300w, https:\/\/astroceap.com.br\/ceap\/wp-content\/uploads\/2024\/10\/curso_especializacao-1024x760.jpeg 1024w, https:\/\/astroceap.com.br\/ceap\/wp-content\/uploads\/2024\/10\/curso_especializacao-768x570.jpeg 768w, https:\/\/astroceap.com.br\/ceap\/wp-content\/uploads\/2024\/10\/curso_especializacao.jpeg 1390w\" data-sizes=\"(max-width: 452px) 100vw, 452px\" src=\"data:image\/svg+xml;base64,PHN2ZyB3aWR0aD0iMSIgaGVpZ2h0PSIxIiB4bWxucz0iaHR0cDovL3d3dy53My5vcmcvMjAwMC9zdmciPjwvc3ZnPg==\" style=\"--smush-placeholder-width: 452px; --smush-placeholder-aspect-ratio: 452\/336;\" \/>&nbsp;<iframe title=\"nugget_luciane_01\" data-src=\"https:\/\/player.vimeo.com\/video\/1025488560?badge=0&amp;autopause=0&amp;player_id=0&amp;app_id=58479\" width=\"600\" height=\"338\" frameborder=\"0\" src=\"data:image\/svg+xml;base64,PHN2ZyB3aWR0aD0iMSIgaGVpZ2h0PSIxIiB4bWxucz0iaHR0cDovL3d3dy53My5vcmcvMjAwMC9zdmciPjwvc3ZnPg==\" class=\"lazyload\" data-load-mode=\"1\"><\/iframe><\/p>\n<p>&nbsp;<\/p>\n<p style=\"text-align: center;\"><a class=\"maxbutton-62 maxbutton maxbutton-inscricao-especializacao-2026\" target=\"_blank\" rel=\"noopener\" href=\"https:\/\/astroceap.com.br\/ceap\/inscricoes-cursos-especializacao-2026\/\"><span class='mb-text'>INSCREVA-SE<\/span><\/a><br \/>\n<span style=\"color: #000000;\"><strong><br \/>\nBem-vindo aos Cursos de Especializa\u00e7\u00e3o Online do C.E.A.P. &#8211; Centro de Estudos de Astrologia Psicol\u00f3gica!<\/strong><\/span><\/p>\n<p><span style=\"color: #000000;\">Estes s\u00e3o os cursos que fazem as correla\u00e7\u00f5es entre a Psicologia e a Astrologia mais diretamente<\/span><\/p>\n<p><span style=\"color: #000000;\">Voc\u00ea segue com a professora e a turma toda em encontros quinzenais por 3,5 meses e ainda tem os cursos com um conte\u00fado extenso na plataforma liberados para voc\u00ea por 01 ano!<\/span><\/p>\n<p><span style=\"color: #000000;\">Se voc\u00ea j\u00e1 fez a Forma\u00e7\u00e3o no C.E.A.P. ou em outra escola e\/ou j\u00e1 faz leituras de mapas, mas sente ainda alguma dificuldade e a sensa\u00e7\u00e3o de que fica faltando alguma compreens\u00e3o mais aprofundada na suas interpreta\u00e7\u00f5es para poder ajudar seus clientes, estes cursos s\u00e3o ideais para voc\u00ea!<\/span><\/p>\n<p><span style=\"color: #000000;\">Estes cursos v\u00e3o propiciar um grande conhecimento astrol\u00f3gico atrav\u00e9s do acr\u00e9scimo da abordagem psicol\u00f3gica, mitol\u00f3gica e arquet\u00edpica e assim voc\u00ea vai poder entender mais sobre seu pr\u00f3prio mapa e mapas de pessoas pr\u00f3ximas a voc\u00ea.<\/span><\/p>\n<p><span style=\"color: #000000;\">Ideal para quem trabalhe ou queira trabalhar com&nbsp; RH, coaching, constela\u00e7\u00f5es familiares, psicoterapias, terapias hol\u00edsticas e transpessoais, psican\u00e1lise, e muitas outras \u00e1reas que lidam com o ser humano, e que possam acrescentar essa ferramenta incr\u00edvel de aprofundamento na psicodin\u00e2mica atrav\u00e9s do mapa natal.<\/span><\/p>\n<p><strong><span style=\"color: #993300;\">INSCRI\u00c7\u00d5ES ABERTAS<\/span><\/strong><\/p>\n<p><strong><span style=\"color: #000000;\">Veja todas as informa\u00e7\u00f5es de cada curso com os v\u00eddeos explicativos <\/span><\/strong><strong><span style=\"color: #000000;\">clicando na imagem de cada um abaixo!<\/span><br \/>\n<\/strong><\/p>\n<p>&nbsp;<\/p>\n<h2 style=\"text-align: center;\"><a href=\"https:\/\/astroceap.com.br\/ceap\/2018\/03\/29\/curso-tipos-psicologicos-2\/\" rel=\"noopener\"><img decoding=\"async\" class=\"alignnone wp-image-2531 size-full lazyload\" data-src=\"https:\/\/astroceap.com.br\/ceap\/wp-content\/uploads\/2018\/05\/tipos300x300texto.jpg\" alt=\"\" width=\"300\" height=\"300\" data-srcset=\"https:\/\/astroceap.com.br\/ceap\/wp-content\/uploads\/2018\/05\/tipos300x300texto.jpg 300w, https:\/\/astroceap.com.br\/ceap\/wp-content\/uploads\/2018\/05\/tipos300x300texto-150x150.jpg 150w, https:\/\/astroceap.com.br\/ceap\/wp-content\/uploads\/2018\/05\/tipos300x300texto-230x230.jpg 230w\" data-sizes=\"(max-width: 300px) 100vw, 300px\" src=\"data:image\/svg+xml;base64,PHN2ZyB3aWR0aD0iMSIgaGVpZ2h0PSIxIiB4bWxucz0iaHR0cDovL3d3dy53My5vcmcvMjAwMC9zdmciPjwvc3ZnPg==\" style=\"--smush-placeholder-width: 300px; --smush-placeholder-aspect-ratio: 300\/300;\" \/><\/a>&nbsp; <a href=\"https:\/\/astroceap.com.br\/ceap\/2018\/03\/29\/curso-astrologia-e-psicopatologia-2\/\"><img decoding=\"async\" class=\"alignnone wp-image-2831 size-full lazyload\" title=\"Psicopatologia\" data-src=\"https:\/\/astroceap.com.br\/ceap\/wp-content\/uploads\/2018\/09\/PSICOPATOLOGIA_300x300.jpg\" alt=\"Astrologia e Psicopatologia\" width=\"300\" height=\"300\" data-srcset=\"https:\/\/astroceap.com.br\/ceap\/wp-content\/uploads\/2018\/09\/PSICOPATOLOGIA_300x300.jpg 300w, https:\/\/astroceap.com.br\/ceap\/wp-content\/uploads\/2018\/09\/PSICOPATOLOGIA_300x300-150x150.jpg 150w, https:\/\/astroceap.com.br\/ceap\/wp-content\/uploads\/2018\/09\/PSICOPATOLOGIA_300x300-230x230.jpg 230w\" data-sizes=\"(max-width: 300px) 100vw, 300px\" src=\"data:image\/svg+xml;base64,PHN2ZyB3aWR0aD0iMSIgaGVpZ2h0PSIxIiB4bWxucz0iaHR0cDovL3d3dy53My5vcmcvMjAwMC9zdmciPjwvc3ZnPg==\" style=\"--smush-placeholder-width: 300px; --smush-placeholder-aspect-ratio: 300\/300;\" \/><\/a>&nbsp; <a href=\" https:\/\/astroceap.com.br\/ceap\/2018\/11\/05\/curso-astrologia-e-psicologia-analitica-2\"><img decoding=\"async\" class=\"alignnone wp-image-2760 size-full lazyload\" data-src=\"https:\/\/astroceap.com.br\/ceap\/wp-content\/uploads\/2018\/06\/ASTROLOGIA_E_PSICOLOGIA_300x300.png\" alt=\"\" width=\"300\" height=\"300\" data-srcset=\"https:\/\/astroceap.com.br\/ceap\/wp-content\/uploads\/2018\/06\/ASTROLOGIA_E_PSICOLOGIA_300x300.png 300w, https:\/\/astroceap.com.br\/ceap\/wp-content\/uploads\/2018\/06\/ASTROLOGIA_E_PSICOLOGIA_300x300-150x150.png 150w, https:\/\/astroceap.com.br\/ceap\/wp-content\/uploads\/2018\/06\/ASTROLOGIA_E_PSICOLOGIA_300x300-230x230.png 230w\" data-sizes=\"(max-width: 300px) 100vw, 300px\" src=\"data:image\/svg+xml;base64,PHN2ZyB3aWR0aD0iMSIgaGVpZ2h0PSIxIiB4bWxucz0iaHR0cDovL3d3dy53My5vcmcvMjAwMC9zdmciPjwvc3ZnPg==\" style=\"--smush-placeholder-width: 300px; --smush-placeholder-aspect-ratio: 300\/300;\" \/><\/a><\/h2>\n<p>&nbsp;<\/p>\n<p style=\"text-align: center;\">QUER SABER MAIS SOBRE ASTROLOGIA?<br \/>\nSIGA-NOS NAS REDES!<\/p>\n","protected":false},"excerpt":{"rendered":"<p>C.E.A.P. cursos online CURSOS DE ESPECIALIZA\u00c7\u00c3O &nbsp; &nbsp; &nbsp; Bem-vindo aos Cursos de Especializa\u00e7\u00e3o Online do C.E.A.P. &#8211; Centro de Estudos de Astrologia Psicol\u00f3gica! Estes s\u00e3o os cursos que fazem as correla\u00e7\u00f5es entre a Psicologia e a Astrologia mais diretamente<\/p>\n","protected":false},"author":1,"featured_media":0,"parent":0,"menu_order":0,"comment_status":"closed","ping_status":"closed","template":"","meta":{"ngg_post_thumbnail":0,"footnotes":""},"class_list":["post-2003","page","type-page","status-publish","hentry"],"yoast_head":"<!-- This site is optimized with the Yoast SEO plugin v27.5 - https:\/\/yoast.com\/product\/yoast-seo-wordpress\/ -->\n<title>C.E.A.P. Cursos online de astrologia psicol\u00f3gica Diploma Internacional<\/title>\n<meta name=\"description\" content=\"C.E.A.P Astrologia: cursos online - mapa astral, signos, ascendente, previs\u00f5es, hor\u00f3scopo e o conhecimento da psicologia\" \/>\n<meta name=\"robots\" content=\"index, follow, max-snippet:-1, max-image-preview:large, max-video-preview:-1\" \/>\n<link rel=\"canonical\" href=\"https:\/\/astroceap.com.br\/ceap\/cursos-especializacao\/\" \/>\n<meta property=\"og:locale\" content=\"pt_BR\" \/>\n<meta property=\"og:type\" content=\"article\" \/>\n<meta property=\"og:title\" content=\"C.E.A.P. Cursos online de astrologia psicol\u00f3gica Diploma Internacional\" \/>\n<meta property=\"og:description\" content=\"C.E.A.P Astrologia: cursos online - mapa astral, signos, ascendente, previs\u00f5es, hor\u00f3scopo e o conhecimento da psicologia\" \/>\n<meta property=\"og:url\" content=\"https:\/\/astroceap.com.br\/ceap\/cursos-especializacao\/\" \/>\n<meta property=\"og:site_name\" content=\"C.E.A.P.\" \/>\n<meta property=\"article:publisher\" content=\"https:\/\/www.facebook.com\/astroceap\/\" \/>\n<meta property=\"article:modified_time\" content=\"2025-12-26T22:37:48+00:00\" \/>\n<meta property=\"og:image\" content=\"https:\/\/astroceap.com.br\/ceap\/wp-content\/uploads\/2024\/10\/curso_especializacao.jpeg\" \/>\n\t<meta property=\"og:image:width\" content=\"1390\" \/>\n\t<meta property=\"og:image:height\" content=\"1032\" \/>\n\t<meta property=\"og:image:type\" content=\"image\/jpeg\" \/>\n<meta name=\"twitter:card\" content=\"summary_large_image\" \/>\n<meta name=\"twitter:site\" content=\"@astrologiaceap\" \/>\n<meta name=\"twitter:label1\" content=\"Est. tempo de leitura\" \/>\n\t<meta name=\"twitter:data1\" content=\"3 minutos\" \/>\n<script type=\"application\/ld+json\" class=\"yoast-schema-graph\">{\"@context\":\"https:\\\/\\\/schema.org\",\"@graph\":[{\"@type\":\"WebPage\",\"@id\":\"https:\\\/\\\/astroceap.com.br\\\/ceap\\\/cursos-especializacao\\\/\",\"url\":\"https:\\\/\\\/astroceap.com.br\\\/ceap\\\/cursos-especializacao\\\/\",\"name\":\"C.E.A.P. Cursos online de astrologia psicol\u00f3gica Diploma Internacional\",\"isPartOf\":{\"@id\":\"https:\\\/\\\/astroceap.com.br\\\/ceap\\\/#website\"},\"primaryImageOfPage\":{\"@id\":\"https:\\\/\\\/astroceap.com.br\\\/ceap\\\/cursos-especializacao\\\/#primaryimage\"},\"image\":{\"@id\":\"https:\\\/\\\/astroceap.com.br\\\/ceap\\\/cursos-especializacao\\\/#primaryimage\"},\"thumbnailUrl\":\"https:\\\/\\\/astroceap.com.br\\\/ceap\\\/wp-content\\\/uploads\\\/2024\\\/10\\\/curso_especializacao-300x223.jpeg\",\"datePublished\":\"2018-04-03T20:52:43+00:00\",\"dateModified\":\"2025-12-26T22:37:48+00:00\",\"description\":\"C.E.A.P Astrologia: cursos online - mapa astral, signos, ascendente, previs\u00f5es, hor\u00f3scopo e o conhecimento da psicologia\",\"breadcrumb\":{\"@id\":\"https:\\\/\\\/astroceap.com.br\\\/ceap\\\/cursos-especializacao\\\/#breadcrumb\"},\"inLanguage\":\"pt-BR\",\"potentialAction\":[{\"@type\":\"ReadAction\",\"target\":[\"https:\\\/\\\/astroceap.com.br\\\/ceap\\\/cursos-especializacao\\\/\"]}]},{\"@type\":\"ImageObject\",\"inLanguage\":\"pt-BR\",\"@id\":\"https:\\\/\\\/astroceap.com.br\\\/ceap\\\/cursos-especializacao\\\/#primaryimage\",\"url\":\"https:\\\/\\\/astroceap.com.br\\\/ceap\\\/wp-content\\\/uploads\\\/2024\\\/10\\\/curso_especializacao.jpeg\",\"contentUrl\":\"https:\\\/\\\/astroceap.com.br\\\/ceap\\\/wp-content\\\/uploads\\\/2024\\\/10\\\/curso_especializacao.jpeg\",\"width\":1390,\"height\":1032},{\"@type\":\"BreadcrumbList\",\"@id\":\"https:\\\/\\\/astroceap.com.br\\\/ceap\\\/cursos-especializacao\\\/#breadcrumb\",\"itemListElement\":[{\"@type\":\"ListItem\",\"position\":1,\"name\":\"In\u00edcio\",\"item\":\"https:\\\/\\\/astroceap.com.br\\\/ceap\\\/\"},{\"@type\":\"ListItem\",\"position\":2,\"name\":\"CURSOS DE ESPECIALIZA\u00c7\u00c3O\"}]},{\"@type\":\"WebSite\",\"@id\":\"https:\\\/\\\/astroceap.com.br\\\/ceap\\\/#website\",\"url\":\"https:\\\/\\\/astroceap.com.br\\\/ceap\\\/\",\"name\":\"C.E.A.P.\",\"description\":\"Centro de Estudos de Astrologia Psicol\u00f3gica\",\"publisher\":{\"@id\":\"https:\\\/\\\/astroceap.com.br\\\/ceap\\\/#organization\"},\"potentialAction\":[{\"@type\":\"SearchAction\",\"target\":{\"@type\":\"EntryPoint\",\"urlTemplate\":\"https:\\\/\\\/astroceap.com.br\\\/ceap\\\/?s={search_term_string}\"},\"query-input\":{\"@type\":\"PropertyValueSpecification\",\"valueRequired\":true,\"valueName\":\"search_term_string\"}}],\"inLanguage\":\"pt-BR\"},{\"@type\":\"Organization\",\"@id\":\"https:\\\/\\\/astroceap.com.br\\\/ceap\\\/#organization\",\"name\":\"CEAP Centro de Estudos de Astrologia Psicol\u00f3gica\",\"url\":\"https:\\\/\\\/astroceap.com.br\\\/ceap\\\/\",\"logo\":{\"@type\":\"ImageObject\",\"inLanguage\":\"pt-BR\",\"@id\":\"https:\\\/\\\/astroceap.com.br\\\/ceap\\\/#\\\/schema\\\/logo\\\/image\\\/\",\"url\":\"http:\\\/\\\/astroceap.com.br\\\/ceap\\\/wp-content\\\/uploads\\\/2018\\\/03\\\/LOGO_CEAP_New4site.jpg\",\"contentUrl\":\"http:\\\/\\\/astroceap.com.br\\\/ceap\\\/wp-content\\\/uploads\\\/2018\\\/03\\\/LOGO_CEAP_New4site.jpg\",\"width\":140,\"height\":174,\"caption\":\"CEAP Centro de Estudos de Astrologia Psicol\u00f3gica\"},\"image\":{\"@id\":\"https:\\\/\\\/astroceap.com.br\\\/ceap\\\/#\\\/schema\\\/logo\\\/image\\\/\"},\"sameAs\":[\"https:\\\/\\\/www.facebook.com\\\/astroceap\\\/\",\"https:\\\/\\\/x.com\\\/astrologiaceap\",\"https:\\\/\\\/www.instagram.com\\\/ceap.astrologia\\\/\",\"https:\\\/\\\/www.youtube.com\\\/channel\\\/UCDsKeXx5S7f2xoPUxNpARSQ\"]}]}<\/script>\n<!-- \/ Yoast SEO plugin. -->","yoast_head_json":{"title":"C.E.A.P. Cursos online de astrologia psicol\u00f3gica Diploma Internacional","description":"C.E.A.P Astrologia: cursos online - mapa astral, signos, ascendente, previs\u00f5es, hor\u00f3scopo e o conhecimento da psicologia","robots":{"index":"index","follow":"follow","max-snippet":"max-snippet:-1","max-image-preview":"max-image-preview:large","max-video-preview":"max-video-preview:-1"},"canonical":"https:\/\/astroceap.com.br\/ceap\/cursos-especializacao\/","og_locale":"pt_BR","og_type":"article","og_title":"C.E.A.P. Cursos online de astrologia psicol\u00f3gica Diploma Internacional","og_description":"C.E.A.P Astrologia: cursos online - mapa astral, signos, ascendente, previs\u00f5es, hor\u00f3scopo e o conhecimento da psicologia","og_url":"https:\/\/astroceap.com.br\/ceap\/cursos-especializacao\/","og_site_name":"C.E.A.P.","article_publisher":"https:\/\/www.facebook.com\/astroceap\/","article_modified_time":"2025-12-26T22:37:48+00:00","og_image":[{"width":1390,"height":1032,"url":"https:\/\/astroceap.com.br\/ceap\/wp-content\/uploads\/2024\/10\/curso_especializacao.jpeg","type":"image\/jpeg"}],"twitter_card":"summary_large_image","twitter_site":"@astrologiaceap","twitter_misc":{"Est. tempo de leitura":"3 minutos"},"schema":{"@context":"https:\/\/schema.org","@graph":[{"@type":"WebPage","@id":"https:\/\/astroceap.com.br\/ceap\/cursos-especializacao\/","url":"https:\/\/astroceap.com.br\/ceap\/cursos-especializacao\/","name":"C.E.A.P. Cursos online de astrologia psicol\u00f3gica Diploma Internacional","isPartOf":{"@id":"https:\/\/astroceap.com.br\/ceap\/#website"},"primaryImageOfPage":{"@id":"https:\/\/astroceap.com.br\/ceap\/cursos-especializacao\/#primaryimage"},"image":{"@id":"https:\/\/astroceap.com.br\/ceap\/cursos-especializacao\/#primaryimage"},"thumbnailUrl":"https:\/\/astroceap.com.br\/ceap\/wp-content\/uploads\/2024\/10\/curso_especializacao-300x223.jpeg","datePublished":"2018-04-03T20:52:43+00:00","dateModified":"2025-12-26T22:37:48+00:00","description":"C.E.A.P Astrologia: cursos online - mapa astral, signos, ascendente, previs\u00f5es, hor\u00f3scopo e o conhecimento da psicologia","breadcrumb":{"@id":"https:\/\/astroceap.com.br\/ceap\/cursos-especializacao\/#breadcrumb"},"inLanguage":"pt-BR","potentialAction":[{"@type":"ReadAction","target":["https:\/\/astroceap.com.br\/ceap\/cursos-especializacao\/"]}]},{"@type":"ImageObject","inLanguage":"pt-BR","@id":"https:\/\/astroceap.com.br\/ceap\/cursos-especializacao\/#primaryimage","url":"https:\/\/astroceap.com.br\/ceap\/wp-content\/uploads\/2024\/10\/curso_especializacao.jpeg","contentUrl":"https:\/\/astroceap.com.br\/ceap\/wp-content\/uploads\/2024\/10\/curso_especializacao.jpeg","width":1390,"height":1032},{"@type":"BreadcrumbList","@id":"https:\/\/astroceap.com.br\/ceap\/cursos-especializacao\/#breadcrumb","itemListElement":[{"@type":"ListItem","position":1,"name":"In\u00edcio","item":"https:\/\/astroceap.com.br\/ceap\/"},{"@type":"ListItem","position":2,"name":"CURSOS DE ESPECIALIZA\u00c7\u00c3O"}]},{"@type":"WebSite","@id":"https:\/\/astroceap.com.br\/ceap\/#website","url":"https:\/\/astroceap.com.br\/ceap\/","name":"C.E.A.P.","description":"Centro de Estudos de Astrologia Psicol\u00f3gica","publisher":{"@id":"https:\/\/astroceap.com.br\/ceap\/#organization"},"potentialAction":[{"@type":"SearchAction","target":{"@type":"EntryPoint","urlTemplate":"https:\/\/astroceap.com.br\/ceap\/?s={search_term_string}"},"query-input":{"@type":"PropertyValueSpecification","valueRequired":true,"valueName":"search_term_string"}}],"inLanguage":"pt-BR"},{"@type":"Organization","@id":"https:\/\/astroceap.com.br\/ceap\/#organization","name":"CEAP Centro de Estudos de Astrologia Psicol\u00f3gica","url":"https:\/\/astroceap.com.br\/ceap\/","logo":{"@type":"ImageObject","inLanguage":"pt-BR","@id":"https:\/\/astroceap.com.br\/ceap\/#\/schema\/logo\/image\/","url":"http:\/\/astroceap.com.br\/ceap\/wp-content\/uploads\/2018\/03\/LOGO_CEAP_New4site.jpg","contentUrl":"http:\/\/astroceap.com.br\/ceap\/wp-content\/uploads\/2018\/03\/LOGO_CEAP_New4site.jpg","width":140,"height":174,"caption":"CEAP Centro de Estudos de Astrologia Psicol\u00f3gica"},"image":{"@id":"https:\/\/astroceap.com.br\/ceap\/#\/schema\/logo\/image\/"},"sameAs":["https:\/\/www.facebook.com\/astroceap\/","https:\/\/x.com\/astrologiaceap","https:\/\/www.instagram.com\/ceap.astrologia\/","https:\/\/www.youtube.com\/channel\/UCDsKeXx5S7f2xoPUxNpARSQ"]}]}},"_links":{"self":[{"href":"https:\/\/astroceap.com.br\/ceap\/wp-json\/wp\/v2\/pages\/2003","targetHints":{"allow":["GET"]}}],"collection":[{"href":"https:\/\/astroceap.com.br\/ceap\/wp-json\/wp\/v2\/pages"}],"about":[{"href":"https:\/\/astroceap.com.br\/ceap\/wp-json\/wp\/v2\/types\/page"}],"author":[{"embeddable":true,"href":"https:\/\/astroceap.com.br\/ceap\/wp-json\/wp\/v2\/users\/1"}],"replies":[{"embeddable":true,"href":"https:\/\/astroceap.com.br\/ceap\/wp-json\/wp\/v2\/comments?post=2003"}],"version-history":[{"count":81,"href":"https:\/\/astroceap.com.br\/ceap\/wp-json\/wp\/v2\/pages\/2003\/revisions"}],"predecessor-version":[{"id":11788,"href":"https:\/\/astroceap.com.br\/ceap\/wp-json\/wp\/v2\/pages\/2003\/revisions\/11788"}],"wp:attachment":[{"href":"https:\/\/astroceap.com.br\/ceap\/wp-json\/wp\/v2\/media?parent=2003"}],"curies":[{"name":"wp","href":"https:\/\/api.w.org\/{rel}","templated":true}]}}