{"id":2059,"date":"2018-04-16T18:49:47","date_gmt":"2018-04-16T20:49:47","guid":{"rendered":"http:\/\/astroceap.com.br\/ceap\/?page_id=2059"},"modified":"2020-10-15T16:38:21","modified_gmt":"2020-10-15T19:38:21","slug":"proximos-eventos","status":"publish","type":"page","link":"https:\/\/astroceap.com.br\/ceap\/proximos-eventos\/","title":{"rendered":"PR\u00d3XIMOS EVENTOS"},"content":{"rendered":"<div class=\"pt-cv-wrapper\"><div class=\"pt-cv-view pt-cv-grid pt-cv-colsys\" id=\"pt-cv-view-db07a8ft36\"><div data-id=\"pt-cv-page-1\" class=\"pt-cv-page\" data-cvc=\"3\"><div class=\"col-md-4 col-sm-6 col-xs-12 pt-cv-content-item pt-cv-1-col\" ><div class='pt-cv-ifield'><a href=\"https:\/\/astroceap.com.br\/ceap\/xxiv-simposio-nacional-e-xv-internacional-de-astrologia\/\" class=\"_self pt-cv-href-thumbnail pt-cv-thumb-default\" target=\"_self\" ><img decoding=\"async\" width=\"300\" height=\"300\" data-src=\"https:\/\/astroceap.com.br\/ceap\/wp-content\/uploads\/2025\/09\/cd_banner_nome_sinarj-300x300.png\" class=\"pt-cv-thumbnail lazyload\" alt=\"\" data-srcset=\"https:\/\/astroceap.com.br\/ceap\/wp-content\/uploads\/2025\/09\/cd_banner_nome_sinarj-300x300.png 300w, https:\/\/astroceap.com.br\/ceap\/wp-content\/uploads\/2025\/09\/cd_banner_nome_sinarj-1024x1024.png 1024w, https:\/\/astroceap.com.br\/ceap\/wp-content\/uploads\/2025\/09\/cd_banner_nome_sinarj-150x150.png 150w, https:\/\/astroceap.com.br\/ceap\/wp-content\/uploads\/2025\/09\/cd_banner_nome_sinarj-768x768.png 768w, https:\/\/astroceap.com.br\/ceap\/wp-content\/uploads\/2025\/09\/cd_banner_nome_sinarj-230x230.png 230w, https:\/\/astroceap.com.br\/ceap\/wp-content\/uploads\/2025\/09\/cd_banner_nome_sinarj-330x330.png 330w, https:\/\/astroceap.com.br\/ceap\/wp-content\/uploads\/2025\/09\/cd_banner_nome_sinarj.png 1080w\" data-sizes=\"(max-width: 300px) 100vw, 300px\" src=\"data:image\/svg+xml;base64,PHN2ZyB3aWR0aD0iMSIgaGVpZ2h0PSIxIiB4bWxucz0iaHR0cDovL3d3dy53My5vcmcvMjAwMC9zdmciPjwvc3ZnPg==\" style=\"--smush-placeholder-width: 300px; --smush-placeholder-aspect-ratio: 300\/300;\" \/><\/a>\n<h4 class=\"pt-cv-title\"><a href=\"https:\/\/astroceap.com.br\/ceap\/xxiv-simposio-nacional-e-xv-internacional-de-astrologia\/\" class=\"_self\" target=\"_self\" >XXIV Simp\u00f3sio Nacional e XV Internacional de Astrologia<\/a><\/h4>\n<div class=\"pt-cv-content\">O XXIV Simp\u00f3sio Nacional e XV Internacional de Astrologia reunir\u00e1 um grande elenco de palestrantes brasileiros e estrangeiros, celebrando mais ...<br \/><div class=\"pt-cv-rmwrap\"><a href=\"https:\/\/astroceap.com.br\/ceap\/xxiv-simposio-nacional-e-xv-internacional-de-astrologia\/\" class=\"_self pt-cv-readmore btn btn-success\" target=\"_self\">Leia Mais<\/a><\/div><\/div><\/div><\/div>\n<div class=\"col-md-4 col-sm-6 col-xs-12 pt-cv-content-item pt-cv-1-col\" ><div class='pt-cv-ifield'><a href=\"https:\/\/astroceap.com.br\/ceap\/aulao-a-pratica-do-atendimento-astrologico\/\" class=\"_self pt-cv-href-thumbnail pt-cv-thumb-default\" target=\"_self\" ><img decoding=\"async\" width=\"300\" height=\"300\" data-src=\"https:\/\/astroceap.com.br\/ceap\/wp-content\/uploads\/2025\/08\/banner_aulao_pratica-300x300.png\" class=\"pt-cv-thumbnail lazyload\" alt=\"\" data-srcset=\"https:\/\/astroceap.com.br\/ceap\/wp-content\/uploads\/2025\/08\/banner_aulao_pratica-300x300.png 300w, https:\/\/astroceap.com.br\/ceap\/wp-content\/uploads\/2025\/08\/banner_aulao_pratica-1024x1024.png 1024w, https:\/\/astroceap.com.br\/ceap\/wp-content\/uploads\/2025\/08\/banner_aulao_pratica-150x150.png 150w, https:\/\/astroceap.com.br\/ceap\/wp-content\/uploads\/2025\/08\/banner_aulao_pratica-768x768.png 768w, https:\/\/astroceap.com.br\/ceap\/wp-content\/uploads\/2025\/08\/banner_aulao_pratica-230x230.png 230w, https:\/\/astroceap.com.br\/ceap\/wp-content\/uploads\/2025\/08\/banner_aulao_pratica-330x330.png 330w, https:\/\/astroceap.com.br\/ceap\/wp-content\/uploads\/2025\/08\/banner_aulao_pratica.png 1080w\" data-sizes=\"(max-width: 300px) 100vw, 300px\" src=\"data:image\/svg+xml;base64,PHN2ZyB3aWR0aD0iMSIgaGVpZ2h0PSIxIiB4bWxucz0iaHR0cDovL3d3dy53My5vcmcvMjAwMC9zdmciPjwvc3ZnPg==\" style=\"--smush-placeholder-width: 300px; --smush-placeholder-aspect-ratio: 300\/300;\" \/><\/a>\n<h4 class=\"pt-cv-title\"><a href=\"https:\/\/astroceap.com.br\/ceap\/aulao-a-pratica-do-atendimento-astrologico\/\" class=\"_self\" target=\"_self\" >AUL\u00c3O &#8220;A PR\u00c1TICA DO ATENDIMENTO ASTROL\u00d3GICO&#8221;<\/a><\/h4>\n<div class=\"pt-cv-content\">20\/08 - 4a f - 18:30 - 20:30 h Vamos nos encontrar por 02 horas no zoom e voc\u00ea \u00e9 ...<br \/><div class=\"pt-cv-rmwrap\"><a href=\"https:\/\/astroceap.com.br\/ceap\/aulao-a-pratica-do-atendimento-astrologico\/\" class=\"_self pt-cv-readmore btn btn-success\" target=\"_self\">Leia Mais<\/a><\/div><\/div><\/div><\/div>\n<div class=\"col-md-4 col-sm-6 col-xs-12 pt-cv-content-item pt-cv-1-col\" ><div class='pt-cv-ifield'><a href=\"https:\/\/astroceap.com.br\/ceap\/palestra-sinarj\/\" class=\"_self pt-cv-href-thumbnail pt-cv-thumb-default\" target=\"_self\" ><img decoding=\"async\" width=\"300\" height=\"300\" data-src=\"https:\/\/astroceap.com.br\/ceap\/wp-content\/uploads\/2025\/08\/banner_sinarj-300x300.png\" class=\"pt-cv-thumbnail lazyload\" alt=\"\" data-srcset=\"https:\/\/astroceap.com.br\/ceap\/wp-content\/uploads\/2025\/08\/banner_sinarj-300x300.png 300w, https:\/\/astroceap.com.br\/ceap\/wp-content\/uploads\/2025\/08\/banner_sinarj-1024x1024.png 1024w, https:\/\/astroceap.com.br\/ceap\/wp-content\/uploads\/2025\/08\/banner_sinarj-150x150.png 150w, https:\/\/astroceap.com.br\/ceap\/wp-content\/uploads\/2025\/08\/banner_sinarj-768x768.png 768w, https:\/\/astroceap.com.br\/ceap\/wp-content\/uploads\/2025\/08\/banner_sinarj-230x230.png 230w, https:\/\/astroceap.com.br\/ceap\/wp-content\/uploads\/2025\/08\/banner_sinarj-330x330.png 330w, https:\/\/astroceap.com.br\/ceap\/wp-content\/uploads\/2025\/08\/banner_sinarj.png 1080w\" data-sizes=\"(max-width: 300px) 100vw, 300px\" src=\"data:image\/svg+xml;base64,PHN2ZyB3aWR0aD0iMSIgaGVpZ2h0PSIxIiB4bWxucz0iaHR0cDovL3d3dy53My5vcmcvMjAwMC9zdmciPjwvc3ZnPg==\" style=\"--smush-placeholder-width: 300px; --smush-placeholder-aspect-ratio: 300\/300;\" \/><\/a>\n<h4 class=\"pt-cv-title\"><a href=\"https:\/\/astroceap.com.br\/ceap\/palestra-sinarj\/\" class=\"_self\" target=\"_self\" >PALESTRA SINARJ<\/a><\/h4>\n<div class=\"pt-cv-content\">Cerca de 50% das vagas h\u00edbridas para assistir ao XXIV Simp\u00f3sio Nacional e XV Internacional de Astrologia j\u00e1 foram ocupadas, ...<br \/><div class=\"pt-cv-rmwrap\"><a href=\"https:\/\/astroceap.com.br\/ceap\/palestra-sinarj\/\" class=\"_self pt-cv-readmore btn btn-success\" target=\"_self\">Leia Mais<\/a><\/div><\/div><\/div><\/div>\n<div class=\"col-md-4 col-sm-6 col-xs-12 pt-cv-content-item pt-cv-1-col\" ><div class='pt-cv-ifield'><a href=\"https:\/\/astroceap.com.br\/ceap\/encontro-regulus-astrologia\/\" class=\"_self pt-cv-href-thumbnail pt-cv-thumb-default\" target=\"_self\" ><img decoding=\"async\" width=\"300\" height=\"300\" data-src=\"https:\/\/astroceap.com.br\/ceap\/wp-content\/uploads\/2025\/08\/palestra_regulus-300x300.jpg\" class=\"pt-cv-thumbnail lazyload\" alt=\"\" data-srcset=\"https:\/\/astroceap.com.br\/ceap\/wp-content\/uploads\/2025\/08\/palestra_regulus-300x300.jpg 300w, https:\/\/astroceap.com.br\/ceap\/wp-content\/uploads\/2025\/08\/palestra_regulus-1024x1024.jpg 1024w, https:\/\/astroceap.com.br\/ceap\/wp-content\/uploads\/2025\/08\/palestra_regulus-150x150.jpg 150w, https:\/\/astroceap.com.br\/ceap\/wp-content\/uploads\/2025\/08\/palestra_regulus-768x768.jpg 768w, https:\/\/astroceap.com.br\/ceap\/wp-content\/uploads\/2025\/08\/palestra_regulus-230x230.jpg 230w, https:\/\/astroceap.com.br\/ceap\/wp-content\/uploads\/2025\/08\/palestra_regulus-330x330.jpg 330w, https:\/\/astroceap.com.br\/ceap\/wp-content\/uploads\/2025\/08\/palestra_regulus.jpg 1080w\" data-sizes=\"(max-width: 300px) 100vw, 300px\" src=\"data:image\/svg+xml;base64,PHN2ZyB3aWR0aD0iMSIgaGVpZ2h0PSIxIiB4bWxucz0iaHR0cDovL3d3dy53My5vcmcvMjAwMC9zdmciPjwvc3ZnPg==\" style=\"--smush-placeholder-width: 300px; --smush-placeholder-aspect-ratio: 300\/300;\" \/><\/a>\n<h4 class=\"pt-cv-title\"><a href=\"https:\/\/astroceap.com.br\/ceap\/encontro-regulus-astrologia\/\" class=\"_self\" target=\"_self\" >ENCONTRO REGULUS ASTROLOGIA<\/a><\/h4>\n<div class=\"pt-cv-content\">T\u00e1 chegando! E \u00e9 gratuito, venha! \u00c9 s\u00f3 ativar o sininho para ser lembrad@! Minha palestra: \"O Astr\u00f3logo na Consulta ...<br \/><div class=\"pt-cv-rmwrap\"><a href=\"https:\/\/astroceap.com.br\/ceap\/encontro-regulus-astrologia\/\" class=\"_self pt-cv-readmore btn btn-success\" target=\"_self\">Leia Mais<\/a><\/div><\/div><\/div><\/div>\n<div class=\"col-md-4 col-sm-6 col-xs-12 pt-cv-content-item pt-cv-1-col\" ><div class='pt-cv-ifield'><a href=\"https:\/\/astroceap.com.br\/ceap\/aulao-especializacao\/\" class=\"_self pt-cv-href-thumbnail pt-cv-thumb-default\" target=\"_self\" ><img decoding=\"async\" width=\"300\" height=\"300\" data-src=\"https:\/\/astroceap.com.br\/ceap\/wp-content\/uploads\/2025\/07\/banner_aulao_psicologico-300x300.png\" class=\"pt-cv-thumbnail lazyload\" alt=\"\" data-srcset=\"https:\/\/astroceap.com.br\/ceap\/wp-content\/uploads\/2025\/07\/banner_aulao_psicologico-300x300.png 300w, https:\/\/astroceap.com.br\/ceap\/wp-content\/uploads\/2025\/07\/banner_aulao_psicologico-1024x1024.png 1024w, https:\/\/astroceap.com.br\/ceap\/wp-content\/uploads\/2025\/07\/banner_aulao_psicologico-150x150.png 150w, https:\/\/astroceap.com.br\/ceap\/wp-content\/uploads\/2025\/07\/banner_aulao_psicologico-768x768.png 768w, https:\/\/astroceap.com.br\/ceap\/wp-content\/uploads\/2025\/07\/banner_aulao_psicologico-230x230.png 230w, https:\/\/astroceap.com.br\/ceap\/wp-content\/uploads\/2025\/07\/banner_aulao_psicologico-330x330.png 330w, https:\/\/astroceap.com.br\/ceap\/wp-content\/uploads\/2025\/07\/banner_aulao_psicologico.png 1080w\" data-sizes=\"(max-width: 300px) 100vw, 300px\" src=\"data:image\/svg+xml;base64,PHN2ZyB3aWR0aD0iMSIgaGVpZ2h0PSIxIiB4bWxucz0iaHR0cDovL3d3dy53My5vcmcvMjAwMC9zdmciPjwvc3ZnPg==\" style=\"--smush-placeholder-width: 300px; --smush-placeholder-aspect-ratio: 300\/300;\" \/><\/a>\n<h4 class=\"pt-cv-title\"><a href=\"https:\/\/astroceap.com.br\/ceap\/aulao-especializacao\/\" class=\"_self\" target=\"_self\" >AUL\u00c3O ESPECIALIZA\u00c7\u00c3O<\/a><\/h4>\n<div class=\"pt-cv-content\">CURSO TIPOS PSICOL\u00d3GICOS - 30\/07\/25 - 4a f - 18:30 h \u00e0s 20:30 h Vamos nos encontrar por 02 horas ...<br \/><div class=\"pt-cv-rmwrap\"><a href=\"https:\/\/astroceap.com.br\/ceap\/aulao-especializacao\/\" class=\"_self pt-cv-readmore btn btn-success\" target=\"_self\">Leia Mais<\/a><\/div><\/div><\/div><\/div>\n<div class=\"col-md-4 col-sm-6 col-xs-12 pt-cv-content-item pt-cv-1-col\" ><div class='pt-cv-ifield'><a href=\"https:\/\/astroceap.com.br\/ceap\/aulao-sobre-a-formacao-em-astrologia-psicologica\/\" class=\"_self pt-cv-href-thumbnail pt-cv-thumb-default\" target=\"_self\" ><img decoding=\"async\" width=\"300\" height=\"300\" data-src=\"https:\/\/astroceap.com.br\/ceap\/wp-content\/uploads\/2025\/07\/banner_aulao_formacao-300x300.png\" class=\"pt-cv-thumbnail lazyload\" alt=\"\" data-srcset=\"https:\/\/astroceap.com.br\/ceap\/wp-content\/uploads\/2025\/07\/banner_aulao_formacao-300x300.png 300w, https:\/\/astroceap.com.br\/ceap\/wp-content\/uploads\/2025\/07\/banner_aulao_formacao-1024x1024.png 1024w, https:\/\/astroceap.com.br\/ceap\/wp-content\/uploads\/2025\/07\/banner_aulao_formacao-150x150.png 150w, https:\/\/astroceap.com.br\/ceap\/wp-content\/uploads\/2025\/07\/banner_aulao_formacao-768x768.png 768w, https:\/\/astroceap.com.br\/ceap\/wp-content\/uploads\/2025\/07\/banner_aulao_formacao-230x230.png 230w, https:\/\/astroceap.com.br\/ceap\/wp-content\/uploads\/2025\/07\/banner_aulao_formacao-330x330.png 330w, https:\/\/astroceap.com.br\/ceap\/wp-content\/uploads\/2025\/07\/banner_aulao_formacao.png 1080w\" data-sizes=\"(max-width: 300px) 100vw, 300px\" src=\"data:image\/svg+xml;base64,PHN2ZyB3aWR0aD0iMSIgaGVpZ2h0PSIxIiB4bWxucz0iaHR0cDovL3d3dy53My5vcmcvMjAwMC9zdmciPjwvc3ZnPg==\" style=\"--smush-placeholder-width: 300px; --smush-placeholder-aspect-ratio: 300\/300;\" \/><\/a>\n<h4 class=\"pt-cv-title\"><a href=\"https:\/\/astroceap.com.br\/ceap\/aulao-sobre-a-formacao-em-astrologia-psicologica\/\" class=\"_self\" target=\"_self\" >AUL\u00c3O SOBRE A FORMA\u00c7\u00c3O EM ASTROLOGIA PSICOL\u00d3GICA<\/a><\/h4>\n<div class=\"pt-cv-content\">CURSOS BASES E ZOD\u00cdACO - 29\/07\/25 - 3a f - 18:30 h \u00e0s 20:30 h Vamos nos encontrar por 02 ...<br \/><div class=\"pt-cv-rmwrap\"><a href=\"https:\/\/astroceap.com.br\/ceap\/aulao-sobre-a-formacao-em-astrologia-psicologica\/\" class=\"_self pt-cv-readmore btn btn-success\" target=\"_self\">Leia Mais<\/a><\/div><\/div><\/div><\/div>\n<div class=\"col-md-4 col-sm-6 col-xs-12 pt-cv-content-item pt-cv-1-col\" ><div class='pt-cv-ifield'><a href=\"https:\/\/astroceap.com.br\/ceap\/%e2%9c%85eventos-astrologicos-em-campinas-sp-presenciais\/\" class=\"_self pt-cv-href-thumbnail pt-cv-thumb-default\" target=\"_self\" ><img decoding=\"async\" width=\"300\" height=\"300\" data-src=\"https:\/\/astroceap.com.br\/ceap\/wp-content\/uploads\/2025\/07\/banner_evento_astrologico-300x300.png\" class=\"pt-cv-thumbnail lazyload\" alt=\"\" data-srcset=\"https:\/\/astroceap.com.br\/ceap\/wp-content\/uploads\/2025\/07\/banner_evento_astrologico-300x300.png 300w, https:\/\/astroceap.com.br\/ceap\/wp-content\/uploads\/2025\/07\/banner_evento_astrologico-1024x1024.png 1024w, https:\/\/astroceap.com.br\/ceap\/wp-content\/uploads\/2025\/07\/banner_evento_astrologico-150x150.png 150w, https:\/\/astroceap.com.br\/ceap\/wp-content\/uploads\/2025\/07\/banner_evento_astrologico-768x768.png 768w, https:\/\/astroceap.com.br\/ceap\/wp-content\/uploads\/2025\/07\/banner_evento_astrologico-230x230.png 230w, https:\/\/astroceap.com.br\/ceap\/wp-content\/uploads\/2025\/07\/banner_evento_astrologico-330x330.png 330w, https:\/\/astroceap.com.br\/ceap\/wp-content\/uploads\/2025\/07\/banner_evento_astrologico.png 1080w\" data-sizes=\"(max-width: 300px) 100vw, 300px\" src=\"data:image\/svg+xml;base64,PHN2ZyB3aWR0aD0iMSIgaGVpZ2h0PSIxIiB4bWxucz0iaHR0cDovL3d3dy53My5vcmcvMjAwMC9zdmciPjwvc3ZnPg==\" style=\"--smush-placeholder-width: 300px; --smush-placeholder-aspect-ratio: 300\/300;\" \/><\/a>\n<h4 class=\"pt-cv-title\"><a href=\"https:\/\/astroceap.com.br\/ceap\/%e2%9c%85eventos-astrologicos-em-campinas-sp-presenciais\/\" class=\"_self\" target=\"_self\" >\u2705EVENTOS ASTROL\u00d3GICOS EM CAMPINAS\/SP &#8211; PRESENCIAIS<\/a><\/h4>\n<div class=\"pt-cv-content\">Se voc\u00ea \u00e9 como n\u00f3s, que estava sentindo falta de encontros presenciais, e ainda com a chance de ter acesso ...<br \/><div class=\"pt-cv-rmwrap\"><a href=\"https:\/\/astroceap.com.br\/ceap\/%e2%9c%85eventos-astrologicos-em-campinas-sp-presenciais\/\" class=\"_self pt-cv-readmore btn btn-success\" target=\"_self\">Leia Mais<\/a><\/div><\/div><\/div><\/div>\n<div class=\"col-md-4 col-sm-6 col-xs-12 pt-cv-content-item pt-cv-1-col\" ><div class='pt-cv-ifield'><a href=\"https:\/\/astroceap.com.br\/ceap\/newsletter-mensal\/\" class=\"_self pt-cv-href-thumbnail pt-cv-thumb-default\" target=\"_self\" ><img decoding=\"async\" width=\"300\" height=\"188\" data-src=\"https:\/\/astroceap.com.br\/ceap\/wp-content\/uploads\/2022\/10\/imagem-newsletter-300x188.png\" class=\"pt-cv-thumbnail lazyload\" alt=\"\" data-srcset=\"https:\/\/astroceap.com.br\/ceap\/wp-content\/uploads\/2022\/10\/imagem-newsletter-300x188.png 300w, https:\/\/astroceap.com.br\/ceap\/wp-content\/uploads\/2022\/10\/imagem-newsletter-768x482.png 768w, https:\/\/astroceap.com.br\/ceap\/wp-content\/uploads\/2022\/10\/imagem-newsletter.png 860w\" data-sizes=\"(max-width: 300px) 100vw, 300px\" src=\"data:image\/svg+xml;base64,PHN2ZyB3aWR0aD0iMSIgaGVpZ2h0PSIxIiB4bWxucz0iaHR0cDovL3d3dy53My5vcmcvMjAwMC9zdmciPjwvc3ZnPg==\" style=\"--smush-placeholder-width: 300px; --smush-placeholder-aspect-ratio: 300\/188;\" \/><\/a>\n<h4 class=\"pt-cv-title\"><a href=\"https:\/\/astroceap.com.br\/ceap\/newsletter-mensal\/\" class=\"_self\" target=\"_self\" >NEWSLETTER MENSAL<\/a><\/h4>\n<div class=\"pt-cv-content\">AGORA NEWSLETTERS NO C.E.A.P. COM INFORMA\u00c7\u00d5ES DO M\u00caS! Veja s\u00f3: * Os tr\u00e2nsitos astrol\u00f3gicos do m\u00eas * An\u00e1lise dos fatores ...<br \/><div class=\"pt-cv-rmwrap\"><a href=\"https:\/\/astroceap.com.br\/ceap\/newsletter-mensal\/\" class=\"_self pt-cv-readmore btn btn-success\" target=\"_self\">Leia Mais<\/a><\/div><\/div><\/div><\/div>\n<div class=\"col-md-4 col-sm-6 col-xs-12 pt-cv-content-item pt-cv-1-col\" ><div class='pt-cv-ifield'><a href=\"https:\/\/astroceap.com.br\/ceap\/supervisoes-no-c-e-a-p\/\" class=\"_self pt-cv-href-thumbnail pt-cv-thumb-default\" target=\"_self\" ><img decoding=\"async\" width=\"300\" height=\"300\" data-src=\"https:\/\/astroceap.com.br\/ceap\/wp-content\/uploads\/2022\/10\/supervisoes_ceap-300x300.png\" class=\"pt-cv-thumbnail lazyload\" alt=\"\" data-srcset=\"https:\/\/astroceap.com.br\/ceap\/wp-content\/uploads\/2022\/10\/supervisoes_ceap-300x300.png 300w, https:\/\/astroceap.com.br\/ceap\/wp-content\/uploads\/2022\/10\/supervisoes_ceap-150x150.png 150w, https:\/\/astroceap.com.br\/ceap\/wp-content\/uploads\/2022\/10\/supervisoes_ceap-230x230.png 230w, https:\/\/astroceap.com.br\/ceap\/wp-content\/uploads\/2022\/10\/supervisoes_ceap-330x330.png 330w, https:\/\/astroceap.com.br\/ceap\/wp-content\/uploads\/2022\/10\/supervisoes_ceap.png 600w\" data-sizes=\"(max-width: 300px) 100vw, 300px\" src=\"data:image\/svg+xml;base64,PHN2ZyB3aWR0aD0iMSIgaGVpZ2h0PSIxIiB4bWxucz0iaHR0cDovL3d3dy53My5vcmcvMjAwMC9zdmciPjwvc3ZnPg==\" style=\"--smush-placeholder-width: 300px; --smush-placeholder-aspect-ratio: 300\/300;\" \/><\/a>\n<h4 class=\"pt-cv-title\"><a href=\"https:\/\/astroceap.com.br\/ceap\/supervisoes-no-c-e-a-p\/\" class=\"_self\" target=\"_self\" >SUPERVIS\u00d5ES NO C.E.A.P.<\/a><\/h4>\n<div class=\"pt-cv-content\">GRUPO DE SUPERVIS\u00c3O INICIANDO! Periodicamente, oferecemos supervis\u00e3o para nossos alun@s e ex-alun@s, com grupos de no m\u00e1ximo 08 pessoas e ...<br \/><div class=\"pt-cv-rmwrap\"><a href=\"https:\/\/astroceap.com.br\/ceap\/supervisoes-no-c-e-a-p\/\" class=\"_self pt-cv-readmore btn btn-success\" target=\"_self\">Leia Mais<\/a><\/div><\/div><\/div><\/div><\/div><\/div><\/div>\n","protected":false},"excerpt":{"rendered":"","protected":false},"author":1,"featured_media":0,"parent":0,"menu_order":0,"comment_status":"closed","ping_status":"closed","template":"","meta":{"ngg_post_thumbnail":0,"footnotes":""},"class_list":["post-2059","page","type-page","status-publish","hentry"],"yoast_head":"<!-- This site is optimized with the Yoast SEO plugin v27.5 - https:\/\/yoast.com\/product\/yoast-seo-wordpress\/ -->\n<title>PR\u00d3XIMOS EVENTOS - C.E.A.P.<\/title>\n<meta name=\"robots\" content=\"index, follow, max-snippet:-1, max-image-preview:large, max-video-preview:-1\" \/>\n<link rel=\"canonical\" href=\"https:\/\/astroceap.com.br\/ceap\/proximos-eventos\/\" \/>\n<meta property=\"og:locale\" content=\"pt_BR\" \/>\n<meta property=\"og:type\" content=\"article\" \/>\n<meta property=\"og:title\" content=\"PR\u00d3XIMOS EVENTOS - C.E.A.P.\" \/>\n<meta property=\"og:url\" content=\"https:\/\/astroceap.com.br\/ceap\/proximos-eventos\/\" \/>\n<meta property=\"og:site_name\" content=\"C.E.A.P.\" \/>\n<meta property=\"article:publisher\" content=\"https:\/\/www.facebook.com\/astroceap\/\" \/>\n<meta property=\"article:modified_time\" content=\"2020-10-15T19:38:21+00:00\" \/>\n<meta name=\"twitter:card\" content=\"summary_large_image\" \/>\n<meta name=\"twitter:site\" content=\"@astrologiaceap\" \/>\n<script type=\"application\/ld+json\" class=\"yoast-schema-graph\">{\"@context\":\"https:\\\/\\\/schema.org\",\"@graph\":[{\"@type\":\"WebPage\",\"@id\":\"https:\\\/\\\/astroceap.com.br\\\/ceap\\\/proximos-eventos\\\/\",\"url\":\"https:\\\/\\\/astroceap.com.br\\\/ceap\\\/proximos-eventos\\\/\",\"name\":\"PR\u00d3XIMOS EVENTOS - C.E.A.P.\",\"isPartOf\":{\"@id\":\"https:\\\/\\\/astroceap.com.br\\\/ceap\\\/#website\"},\"datePublished\":\"2018-04-16T20:49:47+00:00\",\"dateModified\":\"2020-10-15T19:38:21+00:00\",\"breadcrumb\":{\"@id\":\"https:\\\/\\\/astroceap.com.br\\\/ceap\\\/proximos-eventos\\\/#breadcrumb\"},\"inLanguage\":\"pt-BR\",\"potentialAction\":[{\"@type\":\"ReadAction\",\"target\":[\"https:\\\/\\\/astroceap.com.br\\\/ceap\\\/proximos-eventos\\\/\"]}]},{\"@type\":\"BreadcrumbList\",\"@id\":\"https:\\\/\\\/astroceap.com.br\\\/ceap\\\/proximos-eventos\\\/#breadcrumb\",\"itemListElement\":[{\"@type\":\"ListItem\",\"position\":1,\"name\":\"In\u00edcio\",\"item\":\"https:\\\/\\\/astroceap.com.br\\\/ceap\\\/\"},{\"@type\":\"ListItem\",\"position\":2,\"name\":\"PR\u00d3XIMOS EVENTOS\"}]},{\"@type\":\"WebSite\",\"@id\":\"https:\\\/\\\/astroceap.com.br\\\/ceap\\\/#website\",\"url\":\"https:\\\/\\\/astroceap.com.br\\\/ceap\\\/\",\"name\":\"C.E.A.P.\",\"description\":\"Centro de Estudos de Astrologia Psicol\u00f3gica\",\"publisher\":{\"@id\":\"https:\\\/\\\/astroceap.com.br\\\/ceap\\\/#organization\"},\"potentialAction\":[{\"@type\":\"SearchAction\",\"target\":{\"@type\":\"EntryPoint\",\"urlTemplate\":\"https:\\\/\\\/astroceap.com.br\\\/ceap\\\/?s={search_term_string}\"},\"query-input\":{\"@type\":\"PropertyValueSpecification\",\"valueRequired\":true,\"valueName\":\"search_term_string\"}}],\"inLanguage\":\"pt-BR\"},{\"@type\":\"Organization\",\"@id\":\"https:\\\/\\\/astroceap.com.br\\\/ceap\\\/#organization\",\"name\":\"CEAP Centro de Estudos de Astrologia Psicol\u00f3gica\",\"url\":\"https:\\\/\\\/astroceap.com.br\\\/ceap\\\/\",\"logo\":{\"@type\":\"ImageObject\",\"inLanguage\":\"pt-BR\",\"@id\":\"https:\\\/\\\/astroceap.com.br\\\/ceap\\\/#\\\/schema\\\/logo\\\/image\\\/\",\"url\":\"http:\\\/\\\/astroceap.com.br\\\/ceap\\\/wp-content\\\/uploads\\\/2018\\\/03\\\/LOGO_CEAP_New4site.jpg\",\"contentUrl\":\"http:\\\/\\\/astroceap.com.br\\\/ceap\\\/wp-content\\\/uploads\\\/2018\\\/03\\\/LOGO_CEAP_New4site.jpg\",\"width\":140,\"height\":174,\"caption\":\"CEAP Centro de Estudos de Astrologia Psicol\u00f3gica\"},\"image\":{\"@id\":\"https:\\\/\\\/astroceap.com.br\\\/ceap\\\/#\\\/schema\\\/logo\\\/image\\\/\"},\"sameAs\":[\"https:\\\/\\\/www.facebook.com\\\/astroceap\\\/\",\"https:\\\/\\\/x.com\\\/astrologiaceap\",\"https:\\\/\\\/www.instagram.com\\\/ceap.astrologia\\\/\",\"https:\\\/\\\/www.youtube.com\\\/channel\\\/UCDsKeXx5S7f2xoPUxNpARSQ\"]}]}<\/script>\n<!-- \/ Yoast SEO plugin. -->","yoast_head_json":{"title":"PR\u00d3XIMOS EVENTOS - C.E.A.P.","robots":{"index":"index","follow":"follow","max-snippet":"max-snippet:-1","max-image-preview":"max-image-preview:large","max-video-preview":"max-video-preview:-1"},"canonical":"https:\/\/astroceap.com.br\/ceap\/proximos-eventos\/","og_locale":"pt_BR","og_type":"article","og_title":"PR\u00d3XIMOS EVENTOS - C.E.A.P.","og_url":"https:\/\/astroceap.com.br\/ceap\/proximos-eventos\/","og_site_name":"C.E.A.P.","article_publisher":"https:\/\/www.facebook.com\/astroceap\/","article_modified_time":"2020-10-15T19:38:21+00:00","twitter_card":"summary_large_image","twitter_site":"@astrologiaceap","schema":{"@context":"https:\/\/schema.org","@graph":[{"@type":"WebPage","@id":"https:\/\/astroceap.com.br\/ceap\/proximos-eventos\/","url":"https:\/\/astroceap.com.br\/ceap\/proximos-eventos\/","name":"PR\u00d3XIMOS EVENTOS - C.E.A.P.","isPartOf":{"@id":"https:\/\/astroceap.com.br\/ceap\/#website"},"datePublished":"2018-04-16T20:49:47+00:00","dateModified":"2020-10-15T19:38:21+00:00","breadcrumb":{"@id":"https:\/\/astroceap.com.br\/ceap\/proximos-eventos\/#breadcrumb"},"inLanguage":"pt-BR","potentialAction":[{"@type":"ReadAction","target":["https:\/\/astroceap.com.br\/ceap\/proximos-eventos\/"]}]},{"@type":"BreadcrumbList","@id":"https:\/\/astroceap.com.br\/ceap\/proximos-eventos\/#breadcrumb","itemListElement":[{"@type":"ListItem","position":1,"name":"In\u00edcio","item":"https:\/\/astroceap.com.br\/ceap\/"},{"@type":"ListItem","position":2,"name":"PR\u00d3XIMOS EVENTOS"}]},{"@type":"WebSite","@id":"https:\/\/astroceap.com.br\/ceap\/#website","url":"https:\/\/astroceap.com.br\/ceap\/","name":"C.E.A.P.","description":"Centro de Estudos de Astrologia Psicol\u00f3gica","publisher":{"@id":"https:\/\/astroceap.com.br\/ceap\/#organization"},"potentialAction":[{"@type":"SearchAction","target":{"@type":"EntryPoint","urlTemplate":"https:\/\/astroceap.com.br\/ceap\/?s={search_term_string}"},"query-input":{"@type":"PropertyValueSpecification","valueRequired":true,"valueName":"search_term_string"}}],"inLanguage":"pt-BR"},{"@type":"Organization","@id":"https:\/\/astroceap.com.br\/ceap\/#organization","name":"CEAP Centro de Estudos de Astrologia Psicol\u00f3gica","url":"https:\/\/astroceap.com.br\/ceap\/","logo":{"@type":"ImageObject","inLanguage":"pt-BR","@id":"https:\/\/astroceap.com.br\/ceap\/#\/schema\/logo\/image\/","url":"http:\/\/astroceap.com.br\/ceap\/wp-content\/uploads\/2018\/03\/LOGO_CEAP_New4site.jpg","contentUrl":"http:\/\/astroceap.com.br\/ceap\/wp-content\/uploads\/2018\/03\/LOGO_CEAP_New4site.jpg","width":140,"height":174,"caption":"CEAP Centro de Estudos de Astrologia Psicol\u00f3gica"},"image":{"@id":"https:\/\/astroceap.com.br\/ceap\/#\/schema\/logo\/image\/"},"sameAs":["https:\/\/www.facebook.com\/astroceap\/","https:\/\/x.com\/astrologiaceap","https:\/\/www.instagram.com\/ceap.astrologia\/","https:\/\/www.youtube.com\/channel\/UCDsKeXx5S7f2xoPUxNpARSQ"]}]}},"_links":{"self":[{"href":"https:\/\/astroceap.com.br\/ceap\/wp-json\/wp\/v2\/pages\/2059","targetHints":{"allow":["GET"]}}],"collection":[{"href":"https:\/\/astroceap.com.br\/ceap\/wp-json\/wp\/v2\/pages"}],"about":[{"href":"https:\/\/astroceap.com.br\/ceap\/wp-json\/wp\/v2\/types\/page"}],"author":[{"embeddable":true,"href":"https:\/\/astroceap.com.br\/ceap\/wp-json\/wp\/v2\/users\/1"}],"replies":[{"embeddable":true,"href":"https:\/\/astroceap.com.br\/ceap\/wp-json\/wp\/v2\/comments?post=2059"}],"version-history":[{"count":1,"href":"https:\/\/astroceap.com.br\/ceap\/wp-json\/wp\/v2\/pages\/2059\/revisions"}],"predecessor-version":[{"id":2061,"href":"https:\/\/astroceap.com.br\/ceap\/wp-json\/wp\/v2\/pages\/2059\/revisions\/2061"}],"wp:attachment":[{"href":"https:\/\/astroceap.com.br\/ceap\/wp-json\/wp\/v2\/media?parent=2059"}],"curies":[{"name":"wp","href":"https:\/\/api.w.org\/{rel}","templated":true}]}}