{"id":2168,"date":"2018-04-18T14:40:17","date_gmt":"2018-04-18T17:40:17","guid":{"rendered":"http:\/\/astroceap.com.br\/ceap\/?page_id=2168"},"modified":"2024-11-27T23:01:57","modified_gmt":"2024-11-28T02:01:57","slug":"nossa-sede","status":"publish","type":"page","link":"https:\/\/astroceap.com.br\/ceap\/nossa-sede\/","title":{"rendered":"NOSSA SEDE"},"content":{"rendered":"<p><span style=\"color: #ffffff;\">sede C.E.A.P<\/span><\/p>\n<p>Conhe\u00e7a nossa sede localizada no subdistrito de Sousas em Campinas, \u00e1rea de preserva\u00e7\u00e3o ambiental, com muito verde ao redor e de acesso f\u00e1cil a partir de Campinas e das cidades pr\u00f3ximas. Com amplas facilidades de estacionamento.<\/p>\n<p><span style=\"color: #000000;\">Estamos em Sousas &#8211; Campinas &#8211; SP<\/span><br \/>\n<span style=\"color: #000000;\">R. Cabo Oscar Rossin, 72<br \/>\nCEP 13106-034<\/span><br \/>\n<span style=\"color: #000000;\">F: (19) 3258-8342<\/span><\/p>\nngg_shortcode_0_placeholder\n<p style=\"text-align: center;\"><a class=\"\" href=\"https:\/\/astroceap.com.br\/ceap\/inscricoes-cursos-online\/\" target=\"_blank\" rel=\"noopener\"><br \/>\n<button class=\"btnwpx\" type=\"button\"> INSCREVA-SE NOS CURSOS DO C.E.A.P. <\/button><\/a><\/p>\n<p style=\"text-align: center;\"><a href=\"https:\/\/www.astro.com\/astrowiki\/en\/Main_Page\">QUER SABER MAIS SOBRE ASTROLOGIA? CLIQUE AQUI<\/a><\/p>\n","protected":false},"excerpt":{"rendered":"<p>sede C.E.A.P Conhe\u00e7a nossa sede localizada no subdistrito de Sousas em Campinas, \u00e1rea de preserva\u00e7\u00e3o ambiental, com muito verde ao redor e de acesso f\u00e1cil a partir de Campinas e das cidades pr\u00f3ximas. Com amplas facilidades de estacionamento. Estamos em<\/p>\n","protected":false},"author":1,"featured_media":2170,"parent":0,"menu_order":0,"comment_status":"closed","ping_status":"closed","template":"","meta":{"ngg_post_thumbnail":0,"footnotes":""},"class_list":["post-2168","page","type-page","status-publish","has-post-thumbnail","hentry"],"yoast_head":"<!-- This site is optimized with the Yoast SEO plugin v27.5 - https:\/\/yoast.com\/product\/yoast-seo-wordpress\/ -->\n<title>Sede C.E.A.P. Cursos de astrologia psicol\u00f3gica com diploma<\/title>\n<meta name=\"description\" content=\"Sede C.E.A.P: cursos online - mapa astral, signos, ascendente, previs\u00f5es, hor\u00f3scopo e o conhecimento da psicologia - diploma internacional\" \/>\n<meta name=\"robots\" content=\"index, follow, max-snippet:-1, max-image-preview:large, max-video-preview:-1\" \/>\n<link rel=\"canonical\" href=\"https:\/\/astroceap.com.br\/ceap\/nossa-sede\/\" \/>\n<meta property=\"og:locale\" content=\"pt_BR\" \/>\n<meta property=\"og:type\" content=\"article\" \/>\n<meta property=\"og:title\" content=\"Sede C.E.A.P. Cursos de astrologia psicol\u00f3gica com diploma\" \/>\n<meta property=\"og:description\" content=\"Sede C.E.A.P: cursos online - mapa astral, signos, ascendente, previs\u00f5es, hor\u00f3scopo e o conhecimento da psicologia - diploma internacional\" \/>\n<meta property=\"og:url\" content=\"https:\/\/astroceap.com.br\/ceap\/nossa-sede\/\" \/>\n<meta property=\"og:site_name\" content=\"C.E.A.P.\" \/>\n<meta property=\"article:publisher\" content=\"https:\/\/www.facebook.com\/astroceap\/\" \/>\n<meta property=\"article:modified_time\" content=\"2024-11-28T02:01:57+00:00\" \/>\n<meta property=\"og:image\" content=\"https:\/\/astroceap.com.br\/ceap\/wp-content\/uploads\/ngg_featured\/IMG_3378.JPG\" \/>\n\t<meta property=\"og:image:width\" content=\"640\" \/>\n\t<meta property=\"og:image:height\" content=\"478\" \/>\n\t<meta property=\"og:image:type\" content=\"image\/jpeg\" \/>\n<meta name=\"twitter:card\" content=\"summary_large_image\" \/>\n<meta name=\"twitter:site\" content=\"@astrologiaceap\" \/>\n<meta name=\"twitter:label1\" content=\"Est. tempo de leitura\" \/>\n\t<meta name=\"twitter:data1\" content=\"1 minuto\" \/>\n<script type=\"application\/ld+json\" class=\"yoast-schema-graph\">{\"@context\":\"https:\\\/\\\/schema.org\",\"@graph\":[{\"@type\":\"WebPage\",\"@id\":\"https:\\\/\\\/astroceap.com.br\\\/ceap\\\/nossa-sede\\\/\",\"url\":\"https:\\\/\\\/astroceap.com.br\\\/ceap\\\/nossa-sede\\\/\",\"name\":\"Sede C.E.A.P. Cursos de astrologia psicol\u00f3gica com diploma\",\"isPartOf\":{\"@id\":\"https:\\\/\\\/astroceap.com.br\\\/ceap\\\/#website\"},\"primaryImageOfPage\":{\"@id\":\"https:\\\/\\\/astroceap.com.br\\\/ceap\\\/nossa-sede\\\/#primaryimage\"},\"image\":{\"@id\":\"https:\\\/\\\/astroceap.com.br\\\/ceap\\\/nossa-sede\\\/#primaryimage\"},\"thumbnailUrl\":\"https:\\\/\\\/astroceap.com.br\\\/ceap\\\/wp-content\\\/uploads\\\/ngg_featured\\\/IMG_3378.JPG\",\"datePublished\":\"2018-04-18T17:40:17+00:00\",\"dateModified\":\"2024-11-28T02:01:57+00:00\",\"description\":\"Sede C.E.A.P: cursos online - mapa astral, signos, ascendente, previs\u00f5es, hor\u00f3scopo e o conhecimento da psicologia - diploma internacional\",\"breadcrumb\":{\"@id\":\"https:\\\/\\\/astroceap.com.br\\\/ceap\\\/nossa-sede\\\/#breadcrumb\"},\"inLanguage\":\"pt-BR\",\"potentialAction\":[{\"@type\":\"ReadAction\",\"target\":[\"https:\\\/\\\/astroceap.com.br\\\/ceap\\\/nossa-sede\\\/\"]}]},{\"@type\":\"ImageObject\",\"inLanguage\":\"pt-BR\",\"@id\":\"https:\\\/\\\/astroceap.com.br\\\/ceap\\\/nossa-sede\\\/#primaryimage\",\"url\":\"https:\\\/\\\/astroceap.com.br\\\/ceap\\\/wp-content\\\/uploads\\\/ngg_featured\\\/IMG_3378.JPG\",\"contentUrl\":\"https:\\\/\\\/astroceap.com.br\\\/ceap\\\/wp-content\\\/uploads\\\/ngg_featured\\\/IMG_3378.JPG\",\"width\":\"640\",\"height\":\"478\"},{\"@type\":\"BreadcrumbList\",\"@id\":\"https:\\\/\\\/astroceap.com.br\\\/ceap\\\/nossa-sede\\\/#breadcrumb\",\"itemListElement\":[{\"@type\":\"ListItem\",\"position\":1,\"name\":\"In\u00edcio\",\"item\":\"https:\\\/\\\/astroceap.com.br\\\/ceap\\\/\"},{\"@type\":\"ListItem\",\"position\":2,\"name\":\"NOSSA SEDE\"}]},{\"@type\":\"WebSite\",\"@id\":\"https:\\\/\\\/astroceap.com.br\\\/ceap\\\/#website\",\"url\":\"https:\\\/\\\/astroceap.com.br\\\/ceap\\\/\",\"name\":\"C.E.A.P.\",\"description\":\"Centro de Estudos de Astrologia Psicol\u00f3gica\",\"publisher\":{\"@id\":\"https:\\\/\\\/astroceap.com.br\\\/ceap\\\/#organization\"},\"potentialAction\":[{\"@type\":\"SearchAction\",\"target\":{\"@type\":\"EntryPoint\",\"urlTemplate\":\"https:\\\/\\\/astroceap.com.br\\\/ceap\\\/?s={search_term_string}\"},\"query-input\":{\"@type\":\"PropertyValueSpecification\",\"valueRequired\":true,\"valueName\":\"search_term_string\"}}],\"inLanguage\":\"pt-BR\"},{\"@type\":\"Organization\",\"@id\":\"https:\\\/\\\/astroceap.com.br\\\/ceap\\\/#organization\",\"name\":\"CEAP Centro de Estudos de Astrologia Psicol\u00f3gica\",\"url\":\"https:\\\/\\\/astroceap.com.br\\\/ceap\\\/\",\"logo\":{\"@type\":\"ImageObject\",\"inLanguage\":\"pt-BR\",\"@id\":\"https:\\\/\\\/astroceap.com.br\\\/ceap\\\/#\\\/schema\\\/logo\\\/image\\\/\",\"url\":\"http:\\\/\\\/astroceap.com.br\\\/ceap\\\/wp-content\\\/uploads\\\/2018\\\/03\\\/LOGO_CEAP_New4site.jpg\",\"contentUrl\":\"http:\\\/\\\/astroceap.com.br\\\/ceap\\\/wp-content\\\/uploads\\\/2018\\\/03\\\/LOGO_CEAP_New4site.jpg\",\"width\":140,\"height\":174,\"caption\":\"CEAP Centro de Estudos de Astrologia Psicol\u00f3gica\"},\"image\":{\"@id\":\"https:\\\/\\\/astroceap.com.br\\\/ceap\\\/#\\\/schema\\\/logo\\\/image\\\/\"},\"sameAs\":[\"https:\\\/\\\/www.facebook.com\\\/astroceap\\\/\",\"https:\\\/\\\/x.com\\\/astrologiaceap\",\"https:\\\/\\\/www.instagram.com\\\/ceap.astrologia\\\/\",\"https:\\\/\\\/www.youtube.com\\\/channel\\\/UCDsKeXx5S7f2xoPUxNpARSQ\"]}]}<\/script>\n<!-- \/ Yoast SEO plugin. -->","yoast_head_json":{"title":"Sede C.E.A.P. Cursos de astrologia psicol\u00f3gica com diploma","description":"Sede C.E.A.P: cursos online - mapa astral, signos, ascendente, previs\u00f5es, hor\u00f3scopo e o conhecimento da psicologia - diploma internacional","robots":{"index":"index","follow":"follow","max-snippet":"max-snippet:-1","max-image-preview":"max-image-preview:large","max-video-preview":"max-video-preview:-1"},"canonical":"https:\/\/astroceap.com.br\/ceap\/nossa-sede\/","og_locale":"pt_BR","og_type":"article","og_title":"Sede C.E.A.P. Cursos de astrologia psicol\u00f3gica com diploma","og_description":"Sede C.E.A.P: cursos online - mapa astral, signos, ascendente, previs\u00f5es, hor\u00f3scopo e o conhecimento da psicologia - diploma internacional","og_url":"https:\/\/astroceap.com.br\/ceap\/nossa-sede\/","og_site_name":"C.E.A.P.","article_publisher":"https:\/\/www.facebook.com\/astroceap\/","article_modified_time":"2024-11-28T02:01:57+00:00","og_image":[{"width":640,"height":478,"url":"https:\/\/astroceap.com.br\/ceap\/wp-content\/uploads\/ngg_featured\/IMG_3378.JPG","type":"image\/jpeg"}],"twitter_card":"summary_large_image","twitter_site":"@astrologiaceap","twitter_misc":{"Est. tempo de leitura":"1 minuto"},"schema":{"@context":"https:\/\/schema.org","@graph":[{"@type":"WebPage","@id":"https:\/\/astroceap.com.br\/ceap\/nossa-sede\/","url":"https:\/\/astroceap.com.br\/ceap\/nossa-sede\/","name":"Sede C.E.A.P. Cursos de astrologia psicol\u00f3gica com diploma","isPartOf":{"@id":"https:\/\/astroceap.com.br\/ceap\/#website"},"primaryImageOfPage":{"@id":"https:\/\/astroceap.com.br\/ceap\/nossa-sede\/#primaryimage"},"image":{"@id":"https:\/\/astroceap.com.br\/ceap\/nossa-sede\/#primaryimage"},"thumbnailUrl":"https:\/\/astroceap.com.br\/ceap\/wp-content\/uploads\/ngg_featured\/IMG_3378.JPG","datePublished":"2018-04-18T17:40:17+00:00","dateModified":"2024-11-28T02:01:57+00:00","description":"Sede C.E.A.P: cursos online - mapa astral, signos, ascendente, previs\u00f5es, hor\u00f3scopo e o conhecimento da psicologia - diploma internacional","breadcrumb":{"@id":"https:\/\/astroceap.com.br\/ceap\/nossa-sede\/#breadcrumb"},"inLanguage":"pt-BR","potentialAction":[{"@type":"ReadAction","target":["https:\/\/astroceap.com.br\/ceap\/nossa-sede\/"]}]},{"@type":"ImageObject","inLanguage":"pt-BR","@id":"https:\/\/astroceap.com.br\/ceap\/nossa-sede\/#primaryimage","url":"https:\/\/astroceap.com.br\/ceap\/wp-content\/uploads\/ngg_featured\/IMG_3378.JPG","contentUrl":"https:\/\/astroceap.com.br\/ceap\/wp-content\/uploads\/ngg_featured\/IMG_3378.JPG","width":"640","height":"478"},{"@type":"BreadcrumbList","@id":"https:\/\/astroceap.com.br\/ceap\/nossa-sede\/#breadcrumb","itemListElement":[{"@type":"ListItem","position":1,"name":"In\u00edcio","item":"https:\/\/astroceap.com.br\/ceap\/"},{"@type":"ListItem","position":2,"name":"NOSSA SEDE"}]},{"@type":"WebSite","@id":"https:\/\/astroceap.com.br\/ceap\/#website","url":"https:\/\/astroceap.com.br\/ceap\/","name":"C.E.A.P.","description":"Centro de Estudos de Astrologia Psicol\u00f3gica","publisher":{"@id":"https:\/\/astroceap.com.br\/ceap\/#organization"},"potentialAction":[{"@type":"SearchAction","target":{"@type":"EntryPoint","urlTemplate":"https:\/\/astroceap.com.br\/ceap\/?s={search_term_string}"},"query-input":{"@type":"PropertyValueSpecification","valueRequired":true,"valueName":"search_term_string"}}],"inLanguage":"pt-BR"},{"@type":"Organization","@id":"https:\/\/astroceap.com.br\/ceap\/#organization","name":"CEAP Centro de Estudos de Astrologia Psicol\u00f3gica","url":"https:\/\/astroceap.com.br\/ceap\/","logo":{"@type":"ImageObject","inLanguage":"pt-BR","@id":"https:\/\/astroceap.com.br\/ceap\/#\/schema\/logo\/image\/","url":"http:\/\/astroceap.com.br\/ceap\/wp-content\/uploads\/2018\/03\/LOGO_CEAP_New4site.jpg","contentUrl":"http:\/\/astroceap.com.br\/ceap\/wp-content\/uploads\/2018\/03\/LOGO_CEAP_New4site.jpg","width":140,"height":174,"caption":"CEAP Centro de Estudos de Astrologia Psicol\u00f3gica"},"image":{"@id":"https:\/\/astroceap.com.br\/ceap\/#\/schema\/logo\/image\/"},"sameAs":["https:\/\/www.facebook.com\/astroceap\/","https:\/\/x.com\/astrologiaceap","https:\/\/www.instagram.com\/ceap.astrologia\/","https:\/\/www.youtube.com\/channel\/UCDsKeXx5S7f2xoPUxNpARSQ"]}]}},"_links":{"self":[{"href":"https:\/\/astroceap.com.br\/ceap\/wp-json\/wp\/v2\/pages\/2168","targetHints":{"allow":["GET"]}}],"collection":[{"href":"https:\/\/astroceap.com.br\/ceap\/wp-json\/wp\/v2\/pages"}],"about":[{"href":"https:\/\/astroceap.com.br\/ceap\/wp-json\/wp\/v2\/types\/page"}],"author":[{"embeddable":true,"href":"https:\/\/astroceap.com.br\/ceap\/wp-json\/wp\/v2\/users\/1"}],"replies":[{"embeddable":true,"href":"https:\/\/astroceap.com.br\/ceap\/wp-json\/wp\/v2\/comments?post=2168"}],"version-history":[{"count":23,"href":"https:\/\/astroceap.com.br\/ceap\/wp-json\/wp\/v2\/pages\/2168\/revisions"}],"predecessor-version":[{"id":10889,"href":"https:\/\/astroceap.com.br\/ceap\/wp-json\/wp\/v2\/pages\/2168\/revisions\/10889"}],"wp:featuredmedia":[{"embeddable":true,"href":"https:\/\/astroceap.com.br\/ceap\/wp-json\/wp\/v2\/media\/2170"}],"wp:attachment":[{"href":"https:\/\/astroceap.com.br\/ceap\/wp-json\/wp\/v2\/media?parent=2168"}],"curies":[{"name":"wp","href":"https:\/\/api.w.org\/{rel}","templated":true}]}}