{"id":2381,"date":"2018-04-23T23:20:18","date_gmt":"2018-04-24T02:20:18","guid":{"rendered":"http:\/\/astroceap.com.br\/ceap\/?page_id=2381"},"modified":"2025-12-27T10:10:34","modified_gmt":"2025-12-27T13:10:34","slug":"inscricao-internacional","status":"publish","type":"page","link":"https:\/\/astroceap.com.br\/ceap\/inscricao-internacional\/","title":{"rendered":"INSCRI\u00c7\u00c3O INTERNACIONAL"},"content":{"rendered":"<p><span style=\"color: #ffffff;\">cursos online de forma\u00e7\u00e3o e especializa\u00e7\u00e3o<\/span><\/p>\n<h4 style=\"text-align: center;\"><span style=\"color: #ff0000;\"><strong>FORMA\u00c7\u00c3O EM <\/strong><strong>ASTROLOGIA PSICOL\u00d3GICA<br \/>\ne<br \/>\nCURSOS DE ESPECIALIZA\u00c7\u00c3O<\/strong><\/span><\/h4>\n<p>&nbsp;<\/p>\n<p><span style=\"color: #ff0000; font-family: arial, helvetica, sans-serif; font-size: 14px;\">ATEN\u00c7\u00c3O: COMO O PAYPAL N\u00c3O PERMITE PARCELAMENTO, ACEITAMOS, EXCEPCIONALMENTE, PARA OS ALUNOS DE OUTROS PA\u00cdSES, O PAGAMENTO CURSO A CURSO. SE FOR ESSA A SUA NECESSIDADE, POR FAVOR, ENTRE EM CONTATO PARA MAIS DETALHES: CONTATO1@ASTROLOGIACEAP.COM.BR<\/span><\/p>\n<p>&nbsp;<\/p>\n<div style=\"text-align: center;\"><iframe data-src=\"https:\/\/www.youtube.com\/embed\/qb_yjCkIvWA?rel=0\" width=\"560\" height=\"315\" frameborder=\"0\" allowfullscreen=\"allowfullscreen\" src=\"data:image\/svg+xml;base64,PHN2ZyB3aWR0aD0iMSIgaGVpZ2h0PSIxIiB4bWxucz0iaHR0cDovL3d3dy53My5vcmcvMjAwMC9zdmciPjwvc3ZnPg==\" class=\"lazyload\" data-load-mode=\"1\"><\/iframe><\/div>\n<div style=\"text-align: center;\"><span style=\"color: #333333;\"><span style=\"color: #333333; font-family: arial;\"><span style=\"color: #000000; font-weight: bold;\"><span style=\"color: #ff0000; font-size: x-large;\"><span style=\"font-size: large;\">&nbsp;<\/span><\/span><\/span><\/span><\/span><\/div>\n<div style=\"text-align: justify;\">\n<p style=\"text-align: left;\"><span style=\"color: #000000;\"><strong>A Forma\u00e7\u00e3o em Astrologia Psicol\u00f3gica conta com:<\/strong><\/span><\/p>\n<p><span style=\"color: #ff0000;\"><span style=\"font-family: arial, helvetica, sans-serif; font-size: 14px;\"><strong>* 15 cursos<br \/>\n* 268 aulas \/ 268 v\u00eddeo-aulas ( 17 horas 45 min de grava\u00e7\u00f5es )<br \/>\n<\/strong><strong>* 182 mapas de personalidades mundiais do meio art\u00edstico, pol\u00edtico e esportivo com exerc\u00edcios pr\u00e1ticos<br \/>\n* 360 p\u00e1ginas de apostilas para voc\u00ea baixar em .pdf<br \/>\n*&nbsp;<b>Sess\u00f5es tira-d\u00favidas<\/b>&nbsp;grupais para cada curso com o professor<\/strong><strong><br \/>\n<\/strong><\/span><strong><span style=\"font-family: arial, helvetica, sans-serif; font-size: 14px;\">* Diploma Internacional<\/span><\/strong><\/span><\/p>\n<div style=\"text-align: left;\" align=\"left\"><a class=\"maxbutton-65 maxbutton maxbutton-inscricao-internacional-formacao-2026\" target=\"_blank\" rel=\"noopener\" href=\"https:\/\/astroceap.com.br\/ceap\/inscricao-internacional-formacao-2026\/\"><span class='mb-text'>INSCREVA-SE<\/span><\/a><\/div>\n<p><span style=\"color: #ff0000;\"><strong>&nbsp;<\/strong><\/span><\/p>\n<p><span style=\"color: #ff0000;\"><strong><span style=\"color: #000000;\">A Especializa\u00e7\u00e3o em Astrologia Psicol\u00f3gica conta com:<\/span><\/strong><\/span><\/p>\n<p><span style=\"color: #ff0000; font-family: arial, helvetica, sans-serif; font-size: 14px;\"><strong>* 03 cursos<br \/>\n* 17 aulas<br \/>\n<\/strong><strong>* 14 h de v\u00eddeo-aulas<br \/>\n<\/strong><strong>* 48 mapas&nbsp;<\/strong><strong>com exerc\u00edcios pr\u00e1ticos<br \/>\n<\/strong><strong>* 249 p\u00e1gs de apostila<br \/>\n* Diploma Internacional<\/strong><\/span><\/p>\n<\/div>\n<div style=\"text-align: left;\" align=\"left\"><a class=\"maxbutton-64 maxbutton maxbutton-inscricao-internacional-especializacao-2026\" target=\"_blank\" rel=\"noopener\" href=\"https:\/\/astroceap.com.br\/ceap\/inscricoes-internacionais-especializacao-2026\/\"><span class='mb-text'>INSCREVA-SE<\/span><\/a><\/div>\n<div style=\"text-align: center;\">\n<p style=\"text-align: left;\"><span style=\"color: #ffffff;\">cursos online de forma\u00e7\u00e3o e especializa\u00e7\u00e3o<\/span><\/p>\n<\/div>\n<p><span style=\"color: #ff0000;\"><strong><span style=\"color: #000000;\">A Pr\u00e1tica do Atendimento Astrol\u00f3gico conta com:<\/span><\/strong><\/span><\/p>\n<p><span style=\"color: #ff0000; font-family: arial, helvetica, sans-serif; font-size: 14px;\"><strong>* Curso I &#8211; M\u00f3dulo I<br \/>\n<\/strong><strong>* 50 h de aulas<br \/>\n<\/strong><strong>&nbsp;<br \/>\n<\/strong><strong>* Curso II &#8211; M\u00f3dulo II<br \/>\n<\/strong><strong>* 70 h de aulas<br \/>\n<\/strong><\/span><\/p>\n<div style=\"text-align: left;\" align=\"left\"><a class=\"maxbutton-66 maxbutton maxbutton-inscricao-internacional-a-pratica-2026\" target=\"_blank\" rel=\"noopener\" href=\"https:\/\/astroceap.com.br\/ceap\/inscricoes-internacionais-a-pratica-do-atendimento-astrologico-2026\/\"><span class='mb-text'>INSCREVA-SE<\/span><\/a><\/div>\n<div style=\"text-align: center;\">&nbsp;<\/div>\n","protected":false},"excerpt":{"rendered":"<p>cursos online de forma\u00e7\u00e3o e especializa\u00e7\u00e3o FORMA\u00c7\u00c3O EM ASTROLOGIA PSICOL\u00d3GICA e CURSOS DE ESPECIALIZA\u00c7\u00c3O &nbsp; ATEN\u00c7\u00c3O: COMO O PAYPAL N\u00c3O PERMITE PARCELAMENTO, ACEITAMOS, EXCEPCIONALMENTE, PARA OS ALUNOS DE OUTROS PA\u00cdSES, O PAGAMENTO CURSO A CURSO. SE FOR ESSA A SUA<\/p>\n","protected":false},"author":1,"featured_media":0,"parent":0,"menu_order":0,"comment_status":"closed","ping_status":"closed","template":"","meta":{"ngg_post_thumbnail":0,"footnotes":""},"class_list":["post-2381","page","type-page","status-publish","hentry"],"yoast_head":"<!-- This site is optimized with the Yoast SEO plugin v27.4 - https:\/\/yoast.com\/product\/yoast-seo-wordpress\/ -->\n<title>C.E.A.P - Cursos online de Forma\u00e7\u00e3o e Especializa\u00e7\u00e3o em Astrologia<\/title>\n<meta name=\"description\" content=\"O C.E.AP oferece cursos online de Forma\u00e7\u00e3o (M\u00f3dulo I e M\u00f3dulo II) e Especializa\u00e7\u00e3o em Astrologia Psicol\u00f3gia.\" \/>\n<meta name=\"robots\" content=\"index, follow, max-snippet:-1, max-image-preview:large, max-video-preview:-1\" \/>\n<link rel=\"canonical\" href=\"https:\/\/astroceap.com.br\/ceap\/inscricao-internacional\/\" \/>\n<meta property=\"og:locale\" content=\"pt_BR\" \/>\n<meta property=\"og:type\" content=\"article\" \/>\n<meta property=\"og:title\" content=\"C.E.A.P - Cursos online de Forma\u00e7\u00e3o e Especializa\u00e7\u00e3o em Astrologia\" \/>\n<meta property=\"og:description\" content=\"O C.E.AP oferece cursos online de Forma\u00e7\u00e3o (M\u00f3dulo I e M\u00f3dulo II) e Especializa\u00e7\u00e3o em Astrologia Psicol\u00f3gia.\" \/>\n<meta property=\"og:url\" content=\"https:\/\/astroceap.com.br\/ceap\/inscricao-internacional\/\" \/>\n<meta property=\"og:site_name\" content=\"C.E.A.P.\" \/>\n<meta property=\"article:publisher\" content=\"https:\/\/www.facebook.com\/astroceap\/\" \/>\n<meta property=\"article:modified_time\" content=\"2025-12-27T13:10:34+00:00\" \/>\n<meta name=\"twitter:card\" content=\"summary_large_image\" \/>\n<meta name=\"twitter:site\" content=\"@astrologiaceap\" \/>\n<meta name=\"twitter:label1\" content=\"Est. tempo de leitura\" \/>\n\t<meta name=\"twitter:data1\" content=\"1 minuto\" \/>\n<script type=\"application\/ld+json\" class=\"yoast-schema-graph\">{\"@context\":\"https:\\\/\\\/schema.org\",\"@graph\":[{\"@type\":\"WebPage\",\"@id\":\"https:\\\/\\\/astroceap.com.br\\\/ceap\\\/inscricao-internacional\\\/\",\"url\":\"https:\\\/\\\/astroceap.com.br\\\/ceap\\\/inscricao-internacional\\\/\",\"name\":\"C.E.A.P - Cursos online de Forma\u00e7\u00e3o e Especializa\u00e7\u00e3o em Astrologia\",\"isPartOf\":{\"@id\":\"https:\\\/\\\/astroceap.com.br\\\/ceap\\\/#website\"},\"datePublished\":\"2018-04-24T02:20:18+00:00\",\"dateModified\":\"2025-12-27T13:10:34+00:00\",\"description\":\"O C.E.AP oferece cursos online de Forma\u00e7\u00e3o (M\u00f3dulo I e M\u00f3dulo II) e Especializa\u00e7\u00e3o em Astrologia Psicol\u00f3gia.\",\"breadcrumb\":{\"@id\":\"https:\\\/\\\/astroceap.com.br\\\/ceap\\\/inscricao-internacional\\\/#breadcrumb\"},\"inLanguage\":\"pt-BR\",\"potentialAction\":[{\"@type\":\"ReadAction\",\"target\":[\"https:\\\/\\\/astroceap.com.br\\\/ceap\\\/inscricao-internacional\\\/\"]}]},{\"@type\":\"BreadcrumbList\",\"@id\":\"https:\\\/\\\/astroceap.com.br\\\/ceap\\\/inscricao-internacional\\\/#breadcrumb\",\"itemListElement\":[{\"@type\":\"ListItem\",\"position\":1,\"name\":\"In\u00edcio\",\"item\":\"https:\\\/\\\/astroceap.com.br\\\/ceap\\\/\"},{\"@type\":\"ListItem\",\"position\":2,\"name\":\"INSCRI\u00c7\u00c3O INTERNACIONAL\"}]},{\"@type\":\"WebSite\",\"@id\":\"https:\\\/\\\/astroceap.com.br\\\/ceap\\\/#website\",\"url\":\"https:\\\/\\\/astroceap.com.br\\\/ceap\\\/\",\"name\":\"C.E.A.P.\",\"description\":\"Centro de Estudos de Astrologia Psicol\u00f3gica\",\"publisher\":{\"@id\":\"https:\\\/\\\/astroceap.com.br\\\/ceap\\\/#organization\"},\"potentialAction\":[{\"@type\":\"SearchAction\",\"target\":{\"@type\":\"EntryPoint\",\"urlTemplate\":\"https:\\\/\\\/astroceap.com.br\\\/ceap\\\/?s={search_term_string}\"},\"query-input\":{\"@type\":\"PropertyValueSpecification\",\"valueRequired\":true,\"valueName\":\"search_term_string\"}}],\"inLanguage\":\"pt-BR\"},{\"@type\":\"Organization\",\"@id\":\"https:\\\/\\\/astroceap.com.br\\\/ceap\\\/#organization\",\"name\":\"CEAP Centro de Estudos de Astrologia Psicol\u00f3gica\",\"url\":\"https:\\\/\\\/astroceap.com.br\\\/ceap\\\/\",\"logo\":{\"@type\":\"ImageObject\",\"inLanguage\":\"pt-BR\",\"@id\":\"https:\\\/\\\/astroceap.com.br\\\/ceap\\\/#\\\/schema\\\/logo\\\/image\\\/\",\"url\":\"http:\\\/\\\/astroceap.com.br\\\/ceap\\\/wp-content\\\/uploads\\\/2018\\\/03\\\/LOGO_CEAP_New4site.jpg\",\"contentUrl\":\"http:\\\/\\\/astroceap.com.br\\\/ceap\\\/wp-content\\\/uploads\\\/2018\\\/03\\\/LOGO_CEAP_New4site.jpg\",\"width\":140,\"height\":174,\"caption\":\"CEAP Centro de Estudos de Astrologia Psicol\u00f3gica\"},\"image\":{\"@id\":\"https:\\\/\\\/astroceap.com.br\\\/ceap\\\/#\\\/schema\\\/logo\\\/image\\\/\"},\"sameAs\":[\"https:\\\/\\\/www.facebook.com\\\/astroceap\\\/\",\"https:\\\/\\\/x.com\\\/astrologiaceap\",\"https:\\\/\\\/www.instagram.com\\\/ceap.astrologia\\\/\",\"https:\\\/\\\/www.youtube.com\\\/channel\\\/UCDsKeXx5S7f2xoPUxNpARSQ\"]}]}<\/script>\n<!-- \/ Yoast SEO plugin. -->","yoast_head_json":{"title":"C.E.A.P - Cursos online de Forma\u00e7\u00e3o e Especializa\u00e7\u00e3o em Astrologia","description":"O C.E.AP oferece cursos online de Forma\u00e7\u00e3o (M\u00f3dulo I e M\u00f3dulo II) e Especializa\u00e7\u00e3o em Astrologia Psicol\u00f3gia.","robots":{"index":"index","follow":"follow","max-snippet":"max-snippet:-1","max-image-preview":"max-image-preview:large","max-video-preview":"max-video-preview:-1"},"canonical":"https:\/\/astroceap.com.br\/ceap\/inscricao-internacional\/","og_locale":"pt_BR","og_type":"article","og_title":"C.E.A.P - Cursos online de Forma\u00e7\u00e3o e Especializa\u00e7\u00e3o em Astrologia","og_description":"O C.E.AP oferece cursos online de Forma\u00e7\u00e3o (M\u00f3dulo I e M\u00f3dulo II) e Especializa\u00e7\u00e3o em Astrologia Psicol\u00f3gia.","og_url":"https:\/\/astroceap.com.br\/ceap\/inscricao-internacional\/","og_site_name":"C.E.A.P.","article_publisher":"https:\/\/www.facebook.com\/astroceap\/","article_modified_time":"2025-12-27T13:10:34+00:00","twitter_card":"summary_large_image","twitter_site":"@astrologiaceap","twitter_misc":{"Est. tempo de leitura":"1 minuto"},"schema":{"@context":"https:\/\/schema.org","@graph":[{"@type":"WebPage","@id":"https:\/\/astroceap.com.br\/ceap\/inscricao-internacional\/","url":"https:\/\/astroceap.com.br\/ceap\/inscricao-internacional\/","name":"C.E.A.P - Cursos online de Forma\u00e7\u00e3o e Especializa\u00e7\u00e3o em Astrologia","isPartOf":{"@id":"https:\/\/astroceap.com.br\/ceap\/#website"},"datePublished":"2018-04-24T02:20:18+00:00","dateModified":"2025-12-27T13:10:34+00:00","description":"O C.E.AP oferece cursos online de Forma\u00e7\u00e3o (M\u00f3dulo I e M\u00f3dulo II) e Especializa\u00e7\u00e3o em Astrologia Psicol\u00f3gia.","breadcrumb":{"@id":"https:\/\/astroceap.com.br\/ceap\/inscricao-internacional\/#breadcrumb"},"inLanguage":"pt-BR","potentialAction":[{"@type":"ReadAction","target":["https:\/\/astroceap.com.br\/ceap\/inscricao-internacional\/"]}]},{"@type":"BreadcrumbList","@id":"https:\/\/astroceap.com.br\/ceap\/inscricao-internacional\/#breadcrumb","itemListElement":[{"@type":"ListItem","position":1,"name":"In\u00edcio","item":"https:\/\/astroceap.com.br\/ceap\/"},{"@type":"ListItem","position":2,"name":"INSCRI\u00c7\u00c3O INTERNACIONAL"}]},{"@type":"WebSite","@id":"https:\/\/astroceap.com.br\/ceap\/#website","url":"https:\/\/astroceap.com.br\/ceap\/","name":"C.E.A.P.","description":"Centro de Estudos de Astrologia Psicol\u00f3gica","publisher":{"@id":"https:\/\/astroceap.com.br\/ceap\/#organization"},"potentialAction":[{"@type":"SearchAction","target":{"@type":"EntryPoint","urlTemplate":"https:\/\/astroceap.com.br\/ceap\/?s={search_term_string}"},"query-input":{"@type":"PropertyValueSpecification","valueRequired":true,"valueName":"search_term_string"}}],"inLanguage":"pt-BR"},{"@type":"Organization","@id":"https:\/\/astroceap.com.br\/ceap\/#organization","name":"CEAP Centro de Estudos de Astrologia Psicol\u00f3gica","url":"https:\/\/astroceap.com.br\/ceap\/","logo":{"@type":"ImageObject","inLanguage":"pt-BR","@id":"https:\/\/astroceap.com.br\/ceap\/#\/schema\/logo\/image\/","url":"http:\/\/astroceap.com.br\/ceap\/wp-content\/uploads\/2018\/03\/LOGO_CEAP_New4site.jpg","contentUrl":"http:\/\/astroceap.com.br\/ceap\/wp-content\/uploads\/2018\/03\/LOGO_CEAP_New4site.jpg","width":140,"height":174,"caption":"CEAP Centro de Estudos de Astrologia Psicol\u00f3gica"},"image":{"@id":"https:\/\/astroceap.com.br\/ceap\/#\/schema\/logo\/image\/"},"sameAs":["https:\/\/www.facebook.com\/astroceap\/","https:\/\/x.com\/astrologiaceap","https:\/\/www.instagram.com\/ceap.astrologia\/","https:\/\/www.youtube.com\/channel\/UCDsKeXx5S7f2xoPUxNpARSQ"]}]}},"_links":{"self":[{"href":"https:\/\/astroceap.com.br\/ceap\/wp-json\/wp\/v2\/pages\/2381","targetHints":{"allow":["GET"]}}],"collection":[{"href":"https:\/\/astroceap.com.br\/ceap\/wp-json\/wp\/v2\/pages"}],"about":[{"href":"https:\/\/astroceap.com.br\/ceap\/wp-json\/wp\/v2\/types\/page"}],"author":[{"embeddable":true,"href":"https:\/\/astroceap.com.br\/ceap\/wp-json\/wp\/v2\/users\/1"}],"replies":[{"embeddable":true,"href":"https:\/\/astroceap.com.br\/ceap\/wp-json\/wp\/v2\/comments?post=2381"}],"version-history":[{"count":91,"href":"https:\/\/astroceap.com.br\/ceap\/wp-json\/wp\/v2\/pages\/2381\/revisions"}],"predecessor-version":[{"id":11816,"href":"https:\/\/astroceap.com.br\/ceap\/wp-json\/wp\/v2\/pages\/2381\/revisions\/11816"}],"wp:attachment":[{"href":"https:\/\/astroceap.com.br\/ceap\/wp-json\/wp\/v2\/media?parent=2381"}],"curies":[{"name":"wp","href":"https:\/\/api.w.org\/{rel}","templated":true}]}}