{"id":2389,"date":"2018-04-25T00:11:45","date_gmt":"2018-04-25T03:11:45","guid":{"rendered":"http:\/\/astroceap.com.br\/ceap\/?page_id=2389"},"modified":"2025-12-26T19:55:59","modified_gmt":"2025-12-26T22:55:59","slug":"como-funciona-astrologia","status":"publish","type":"page","link":"https:\/\/astroceap.com.br\/ceap\/como-funciona-astrologia\/","title":{"rendered":"CERTIFICA\u00c7\u00c3O C.E.A.P. E COMO FUNCIONAM OS NOSSOS CURSOS"},"content":{"rendered":"<div class=\"qtext\">\n<div class=\"qtext\">\n<div class=\"qtext\">\n<h4 align=\"center\"><a class=\"\" href=\"https:\/\/astrologiaceap.com.br\/inscricao\" target=\"_blank\" rel=\"noopener\"><br \/>\n<button class=\"btnwpx\" type=\"button\"> INSCREVA-SE NOS CURSOS DO C.E.A.P. <\/button><\/a><\/h4>\n<h4 align=\"center\"><span style=\"color: #993300; font-family: arial, helvetica, sans-serif;\"><b><span style=\"font-size: medium;\">INFORMA\u00c7\u00d5ES GERAIS<\/span><\/b><\/span><\/h4>\n<p>&nbsp;<\/p>\n<p><span style=\"font-family: arial, helvetica, sans-serif;\"><span style=\"color: #000000;\"><span style=\"font-size: medium;\">Os cursos online do C.E.A.P. foram criados a partir de aulas presenciais, com a preocupa\u00e7\u00e3o de que o aluno pudesse sentir a presen\u00e7a do professor nas aulas. Com essa finalidade, foram criados v\u00eddeos explicativos para <em>cada<\/em> aula, com anima\u00e7\u00f5es nos mapas de personalidades p\u00fablicas, al\u00e9m das avalia\u00e7\u00f5es, question\u00e1rios e apostilas dos cursos.<\/span><\/span><\/span><\/p>\n<p><span style=\"font-family: arial, helvetica, sans-serif;\"><span style=\"color: #000000;\"><span style=\"font-size: medium;\">Os cursos da Forma\u00e7\u00e3o contam com:<\/span><\/span><\/span><\/p>\n<p><span style=\"font-family: arial, helvetica, sans-serif;\"><span style=\"color: #993300;\"><strong>* <\/strong><\/span><strong><span style=\"color: #993300;\">15 cursos<br \/>\n* Conte\u00fado correspondente a 160 hs ou a 01 ano de curso presencial<br \/>\n<\/span><\/strong><strong><span style=\"color: #993300;\">* 271 aulas com 17:45 horas de grava\u00e7\u00f5es com anima\u00e7\u00f5es em mapas <\/span><br \/>\n<span style=\"color: #993300;\">* 190 mapas de personalidades mundiais do meio art\u00edstico, pol\u00edtico e esportivo com exerc\u00edcios pr\u00e1ticos<\/span><br \/>\n<span style=\"color: #993300;\">* 373 p\u00e1ginas de apostilas para voc\u00ea baixar em .pdf<\/span><br \/>\n<span style=\"color: #993300;\">* <b>Sess\u00f5es peri\u00f3dicas aos s\u00e1bados com a turma toda e com a professora M\u00e1rcia Ferreira para exerc\u00edcios em conjunto e para tirar as d\u00favidas<\/b><\/span><br \/>\n<span style=\"color: #993300;\">* Diploma Internacional<\/span><\/strong><\/span><\/p>\n<p><span style=\"font-family: arial, helvetica, sans-serif;\"><span style=\"color: #000000;\"><span style=\"font-size: medium;\">O <b>C.E.A.P<\/b>. \u00e9 uma escola afiliada ao <b>ISAR<\/b> \u2013 International Society of Astrological Research, organiza\u00e7\u00e3o mundial de astrologia com sede nos EUA e portanto a <b>Certifica\u00e7\u00e3o C.E.A.P.<\/b> \u00e9 <b>Internacional<\/b>, com o reconhecimento deste \u00f3rg\u00e3o presente no mundo todo.<\/span><\/span><\/span><\/p>\n<\/div>\n<div class=\"qtext\">\n<p align=\"center\"><span style=\"font-size: medium; color: #993300; font-family: arial, helvetica, sans-serif;\"><strong><br \/>\nFORMA\u00c7\u00c3O EM ASTROLOGIA PSICOL\u00d3GICA<\/strong><\/span><\/p>\n<p>&nbsp;<\/p>\n<p><span style=\"font-family: arial, helvetica, sans-serif;\"><img decoding=\"async\" class=\"size-medium wp-image-9697 alignright lazyload\" data-src=\"https:\/\/astroceap.com.br\/ceap\/wp-content\/uploads\/2023\/12\/MODELO-DE-DIPLOMA_FORMAC\u0327A\u0303O_BLUR-300x225.png\" alt=\"\" width=\"300\" height=\"225\" data-srcset=\"https:\/\/astroceap.com.br\/ceap\/wp-content\/uploads\/2023\/12\/MODELO-DE-DIPLOMA_FORMAC\u0327A\u0303O_BLUR-300x225.png 300w, https:\/\/astroceap.com.br\/ceap\/wp-content\/uploads\/2023\/12\/MODELO-DE-DIPLOMA_FORMAC\u0327A\u0303O_BLUR.png 640w\" data-sizes=\"(max-width: 300px) 100vw, 300px\" src=\"data:image\/svg+xml;base64,PHN2ZyB3aWR0aD0iMSIgaGVpZ2h0PSIxIiB4bWxucz0iaHR0cDovL3d3dy53My5vcmcvMjAwMC9zdmciPjwvc3ZnPg==\" style=\"--smush-placeholder-width: 300px; --smush-placeholder-aspect-ratio: 300\/225;\" \/><\/span><\/p>\n<p><span style=\"font-family: arial, helvetica, sans-serif;\"><strong><span style=\"color: #993300;\">I) SOBRE OS CURSOS:<\/span><br \/>\n<\/strong><\/span><br \/>\n<span style=\"color: #000000; font-family: arial, helvetica, sans-serif;\">Os cursos seguem um sequencial e t\u00eam tamanhos diferentes, tanto no que diz respeito \u00e0 quantidade de v\u00eddeo\/aulas, n\u00famero de li\u00e7\u00f5es e p\u00e1ginas de apostila; sendo assim, voc\u00ea poder\u00e1 se demorar mais em um curso do que em outro.<\/span><\/p>\n<p>&nbsp;<\/p>\n<p><span style=\"font-family: arial, helvetica, sans-serif;\"><strong><span style=\"color: #993300;\">II) DURA\u00c7\u00c3O DOS CURSOS:<\/span><\/strong><\/span><br \/>\n<b><\/b><br \/>\n<span style=\"font-family: arial, helvetica, sans-serif;\"><span style=\"color: #000000;\">Os cursos ficam abertos por 01 ano a contar da data da aquisi\u00e7\u00e3o, o aluno vai navegando curso ap\u00f3s curso na plataforma<\/span>.<\/span><\/p>\n<p><span style=\"color: #993300;\"><strong>Qualquer aluno do C.E.A.P. que sinta necessidade, poder\u00e1 participar dos encontros com qualquer&nbsp; turma, sempre que houver<\/strong><\/span><\/p>\n<p>&nbsp;<\/p>\n<p><span style=\"font-family: arial, helvetica, sans-serif;\"><strong><span style=\"color: #993300;\">III) ENCONTROS COM A PROFESSORA E A TURMA:<\/span><br \/>\n<\/strong><b><br \/>\n<\/b><span style=\"color: #000000;\">a) As sess\u00f5es s\u00e3o peri\u00f3dicas, com a professora e a turma toda, com 02:00 h de dura\u00e7\u00e3o, conforme calend\u00e1rio divulgado em cada turma.&nbsp;<\/span><\/span><br \/>\n<span style=\"color: #000000; font-family: arial, helvetica, sans-serif;\">b) Estas sess\u00f5es t\u00eam uma finalidade did\u00e1tica, portanto os assuntos tratados dizem respeito somente aos conte\u00fados da li\u00e7\u00e3o em quest\u00e3o e n\u00e3o a quest\u00f5es outras, como problemas de ordem t\u00e9cnica, por exemplo. \u00c9 necess\u00e1rio que o aluno tenha realizado os cursos previamente aos encontros<\/span><br \/>\n<span style=\"color: #000000; font-family: arial, helvetica, sans-serif;\">c) \u00c9 necess\u00e1rio <b>70% de frequ\u00eancia nos encontros<\/b><\/span><\/p>\n<p>&nbsp;<\/p>\n<p><span style=\"font-family: arial, helvetica, sans-serif;\"><strong><span style=\"color: #993300;\">IV) AVALIA\u00c7\u00d5ES, APROVA\u00c7\u00c3O FINAL E OUTORGA DE DIPLOMA:<\/span><br \/>\n<\/strong><\/span><br \/>\n<span style=\"color: #000000; font-family: arial, helvetica, sans-serif;\">a)<b> Para a aprova\u00e7\u00e3o, \u00e9 necess\u00e1rio completar os seguintes crit\u00e9rios:<br \/>\n<\/b><\/span><br \/>\n<span style=\"color: #000000; font-family: arial, helvetica, sans-serif;\">&#8211; Ter completado a Avalia\u00e7\u00e3o Final de cada curso ( com exce\u00e7\u00e3o das Partes I dos cursos Casas e Aspectos e dos cursos Planetas nos Signos e nas Casas, <b>os quais n\u00e3o t\u00eam avalia\u00e7\u00e3o<\/b> )<\/span><br \/>\n<span style=\"color: #000000; font-family: arial, helvetica, sans-serif;\">&#8211; Avalia\u00e7\u00e3o Final do Curso de Interpreta\u00e7\u00e3o com nota m\u00ednima de 70% para aprova\u00e7\u00e3o<\/span><br \/>\n<span style=\"color: #000000; font-family: arial, helvetica, sans-serif;\">&#8211; 70% de participa\u00e7\u00e3o nos encontros<\/span><br \/>\n<span style=\"color: #000000; font-family: arial, helvetica, sans-serif;\">&#8211; Tempo despendido dentro de cada curso ( nossa equipe acompanha a evolu\u00e7\u00e3o do aluno na plataforma )<\/span><\/p>\n<p><span style=\"color: #000000; font-family: arial, helvetica, sans-serif;\">Uma vez completados os requisitos acima, o aluno receber\u00e1 o:<\/span><br \/>\n<span style=\"color: #800000; font-family: arial, helvetica, sans-serif;\"><strong> Diploma Internacional do C.E.A.P. de Forma\u00e7\u00e3o em Astrologia Psicol\u00f3gica (com (com 160 h e reconhecimento do ISAR)<\/strong><\/span><\/p>\n<p><span style=\"color: #000000; font-family: arial, helvetica, sans-serif;\">b) A cada li\u00e7\u00e3o voc\u00ea ter\u00e1 question\u00e1rios para serem respondidos, os quais t\u00eam prioritariamente o intuito da pr\u00e1tica do curso realizado<br \/>\n<\/span><\/p>\n<p><span style=\"color: #000000; font-family: arial, helvetica, sans-serif;\">c) O aluno dever\u00e1 imprimir seu Diploma em <b>papel bege brilhante duro, tamanho A4, modo paisagem<\/b><\/span><\/p>\n<p><span style=\"font-family: arial, helvetica, sans-serif;\"><strong><span style=\"color: #993300;\">V) MATERIAL DID\u00c1TICO:<\/span><br \/>\n<\/strong><b><br \/>\n<\/b><span style=\"color: #000000;\">As apostilas se encontram ao final de cada curso em pdf; voc\u00ea poder\u00e1 imprimi-las e encadern\u00e1-las, compondo assim o seu material did\u00e1tico.<\/span><\/span><\/p>\n<p><span style=\"color: #000000; font-family: arial, helvetica, sans-serif;\">Todos os direitos autorais est\u00e3o reservados ao C.E.A.P. \u00c9 proibida a reprodu\u00e7\u00e3o, c\u00f3pia ou distribui\u00e7\u00e3o, no todo ou em parte, do material did\u00e1tico destes cursos, tanto no formato v\u00eddeo-aulas como nos demais formatos impressos ou em \u00e1udio.<\/span><\/p>\n<p>&nbsp;<\/p>\n<p align=\"center\"><span style=\"font-size: medium; font-family: arial, helvetica, sans-serif;\"><strong><span style=\"color: #993300;\">ESPECIALIZA\u00c7\u00c3O EM ASTROLOGIA PSICOL\u00d3GICA<br \/>\n<\/span><br \/>\n<\/strong><\/span><\/p>\n<p align=\"center\"><span style=\"font-family: arial, helvetica, sans-serif;\"><img decoding=\"async\" class=\"size-medium wp-image-9698 alignleft lazyload\" data-src=\"https:\/\/astroceap.com.br\/ceap\/wp-content\/uploads\/2023\/12\/DIPLOMA-ESPECIALIZAC\u0327AO-MODELO_blur-300x225.png\" alt=\"\" width=\"300\" height=\"225\" data-srcset=\"https:\/\/astroceap.com.br\/ceap\/wp-content\/uploads\/2023\/12\/DIPLOMA-ESPECIALIZAC\u0327AO-MODELO_blur-300x225.png 300w, https:\/\/astroceap.com.br\/ceap\/wp-content\/uploads\/2023\/12\/DIPLOMA-ESPECIALIZAC\u0327AO-MODELO_blur.png 640w\" data-sizes=\"(max-width: 300px) 100vw, 300px\" src=\"data:image\/svg+xml;base64,PHN2ZyB3aWR0aD0iMSIgaGVpZ2h0PSIxIiB4bWxucz0iaHR0cDovL3d3dy53My5vcmcvMjAwMC9zdmciPjwvc3ZnPg==\" style=\"--smush-placeholder-width: 300px; --smush-placeholder-aspect-ratio: 300\/225;\" \/><\/span><\/p>\n<p><span style=\"font-family: arial, helvetica, sans-serif;\"><strong><span style=\"color: #993300;\">I) SOBRE OS CURSOS:<\/span><br \/>\n<\/strong><\/span><br \/>\n<span style=\"color: #000000; font-family: arial, helvetica, sans-serif;\">Os cursos seguem um sequencial e t\u00eam tamanhos diferentes, tanto no que diz respeito \u00e0 quantidade de v\u00eddeo\/aulas, n\u00famero de li\u00e7\u00f5es e p\u00e1ginas de apostila; sendo assim, voc\u00ea poder\u00e1 se demorar mais em um curso do que em outro.<\/span><\/p>\n<p><span style=\"font-family: arial, helvetica, sans-serif;\"><span style=\"color: #993300;\"><strong>* 03 cursos: Tipos Psicol\u00f3gicos, Astrologia e Psicopatologia, Astrologia e Psicologia Anal\u00edtica<br \/>\n* Conte\u00fado correspondente a 120 hs ou a 06 meses de curso presencial<br \/>\n<\/strong><\/span><span style=\"color: #993300;\"><strong>* 17 aulas<br \/>\n<\/strong><strong>* 14 h de v\u00eddeo-aulas<br \/>\n<\/strong><strong>* 48 mapas <\/strong><strong>com exerc\u00edcios pr\u00e1ticos<br \/>\n<\/strong><strong>* 114 p\u00e1gs de apostila<\/strong><\/span><\/span><\/p>\n<p><span style=\"font-family: arial, helvetica, sans-serif;\"><strong><span style=\"color: #993300;\"><br \/>\nII) DURA\u00c7\u00c3O DOS CURSOS:<\/span><\/strong><\/span><br \/>\n<span style=\"font-family: arial, helvetica, sans-serif;\"><b><br \/>\n<\/b><span style=\"color: #000000;\">Os cursos ficam abertos por 01 ano a contar da data da aquisi\u00e7\u00e3o, o aluno vai navegando curso ap\u00f3s curso na plataforma.<\/span><b><br \/>\n<\/b><b><br \/>\n<\/b><span style=\"color: #993300;\"><strong>Qualquer aluno do C.E.A.P. que sinta necessidade, poder\u00e1 participar dos encontros com qualquer&nbsp; turma, sempre que houver<br \/>\n<\/strong><\/span><\/span><\/p>\n<p>&nbsp;<\/p>\n<p><span style=\"font-family: arial, helvetica, sans-serif;\"><strong><span style=\"color: #993300;\">III) ENCONTROS COM A PROFESSORA E TURMA:<\/span><br \/>\n<\/strong><b><br \/>\n<\/b><span style=\"color: #000000;\">a) As sess\u00f5es s\u00e3o peri\u00f3dicas e grupais, com a professora e a turma toda, com <b>02:00 h<\/b> de dura\u00e7\u00e3o, conforme calend\u00e1rio divulgado em cada turma<\/span><\/span><br \/>\n<span style=\"color: #000000; font-family: arial, helvetica, sans-serif;\">b) Estas sess\u00f5es t\u00eam uma finalidade did\u00e1tica, portanto os assuntos tratados dizem respeito somente aos conte\u00fados da li\u00e7\u00e3o em quest\u00e3o e n\u00e3o a quest\u00f5es outras, como interpreta\u00e7\u00e3o de mapas particulares ou problemas de ordem t\u00e9cnica, por exemplo. \u00c9 necess\u00e1rio que o aluno tenha realizado os cursos previamente aos encontros<\/span><br \/>\n<span style=\"color: #000000; font-family: arial, helvetica, sans-serif;\">c) \u00c9 necess\u00e1rio <b>70% de frequ\u00eancia nos encontros<\/b><\/span><\/p>\n<p>&nbsp;<\/p>\n<p><span style=\"font-family: arial, helvetica, sans-serif;\"><strong><span style=\"color: #993300;\">IV) AVALIA\u00c7\u00d5ES, APROVA\u00c7\u00c3O FINAL E OUTORGA DE DIPLOMA:<\/span><br \/>\n<\/strong><\/span><br \/>\n<span style=\"color: #000000; font-family: arial, helvetica, sans-serif;\">a)<b> Para a aprova\u00e7\u00e3o, \u00e9 necess\u00e1rio completar os seguintes crit\u00e9rios:<br \/>\n<\/b><\/span><br \/>\n<span style=\"color: #000000; font-family: arial, helvetica, sans-serif;\">&#8211; Ter completado a Avalia\u00e7\u00e3o Final dos cursos com nota m\u00ednima de 70% para aprova\u00e7\u00e3o<\/span><br \/>\n<span style=\"color: #000000; font-family: arial, helvetica, sans-serif;\">&#8211; Avalia\u00e7\u00e3o Final Geral de Especializa\u00e7\u00e3o com nota m\u00ednima de 70% para aprova\u00e7\u00e3o<\/span><br \/>\n<span style=\"color: #000000; font-family: arial, helvetica, sans-serif;\">&#8211; 70% de participa\u00e7\u00e3o nos encontros<\/span><br \/>\n<span style=\"color: #000000; font-family: arial, helvetica, sans-serif;\">&#8211; Tempo despendido dentro de cada curso ( nossa equipe acompanha a evolu\u00e7\u00e3o do aluno na plataforma )<\/span><\/p>\n<p><span style=\"font-family: arial, helvetica, sans-serif;\"><span style=\"color: #000000;\">Uma vez completados os requisitos acima, o aluno que fizer somente <b>Especializa\u00e7\u00e3o<\/b> do C.E.A.P. receber\u00e1:<\/span><strong><br \/>\n<span style=\"color: #993300;\">Diploma Internacional do C.E.A.P. de Especializa\u00e7\u00e3o em Astrologia Psicol\u00f3gica (com reconhecimento do ISAR)<\/span><\/strong><\/span><\/p>\n<p><span style=\"color: #000000; font-family: arial, helvetica, sans-serif;\">Uma vez completados os requisitos acima, o aluno que fizer a <b>Forma\u00e7\u00e3o e a Especializa\u00e7\u00e3o no C.E.A.P.<\/b> receber\u00e1:<\/span><br \/>\n<span style=\"color: #993300; font-family: arial, helvetica, sans-serif;\"><strong>Diploma Internacional do C.E.A.P. de Forma\u00e7\u00e3o Completa em Astrologia Psicol\u00f3gica (com reconhecimento do ISAR)<\/strong><\/span><\/p>\n<p><span style=\"color: #000000; font-family: arial, helvetica, sans-serif;\">b) A cada li\u00e7\u00e3o voc\u00ea ter\u00e1 question\u00e1rios para serem respondidos, os quais t\u00eam o intuito da pr\u00e1tica do curso realizado<\/span><br \/>\n<span style=\"font-family: arial, helvetica, sans-serif;\"><span style=\"color: #000000;\">c) Todos os Certificados do C.E.A.P. s\u00e3o enviados via email e o aluno dever\u00e1 imprimi-los em <\/span><b><span style=\"color: #000000;\">papel beige brilhante duro, tamanho A4, modo paisagem<\/span><\/b><\/span><\/p>\n<p><span style=\"font-family: arial, helvetica, sans-serif;\"><strong><br \/>\n<span style=\"color: #993300;\">V) MATERIAL DID\u00c1TICO:<\/span><br \/>\n<\/strong><b><br \/>\n<\/b><span style=\"color: #000000;\">As apostilas se encontram ao final de cada curso em pdf; voc\u00ea poder\u00e1 imprimi-las e encadern\u00e1-las, compondo assim o seu material did\u00e1tico.<\/span><\/span><\/p>\n<p><strong><span style=\"color: #000000; font-family: arial, helvetica, sans-serif;\">Todos os direitos autorais est\u00e3o reservados ao C.E.A.P. \u00c9 proibida a reprodu\u00e7\u00e3o, c\u00f3pia ou distribui\u00e7\u00e3o, no todo ou em parte, do material did\u00e1tico destes cursos, tanto no formato v\u00eddeo-aulas como nos demais formatos impressos ou em \u00e1udio.<\/span><\/strong><\/p>\n<\/div>\n<\/div>\n<\/div>\n<p style=\"text-align: center;\"><span style=\"font-family: arial, helvetica, sans-serif;\"><a class=\"\" href=\"https:\/\/astrologiaceap.com.br\/inscricao\" target=\"_blank\" rel=\"noopener\"><br \/>\n<button class=\"btnwpx\" type=\"button\"> INSCREVA-SE NOS CURSOS DO C.E.A.P.<\/button><\/a><\/span><\/p>\n","protected":false},"excerpt":{"rendered":"<p>INSCREVA-SE NOS CURSOS DO C.E.A.P. INFORMA\u00c7\u00d5ES GERAIS &nbsp; Os cursos online do C.E.A.P. foram criados a partir de aulas presenciais, com a preocupa\u00e7\u00e3o de que o aluno pudesse sentir a presen\u00e7a do professor nas aulas. Com essa finalidade, foram criados<\/p>\n","protected":false},"author":1,"featured_media":0,"parent":0,"menu_order":0,"comment_status":"closed","ping_status":"closed","template":"","meta":{"ngg_post_thumbnail":0,"footnotes":""},"class_list":["post-2389","page","type-page","status-publish","hentry"],"yoast_head":"<!-- This site is optimized with the Yoast SEO plugin v27.4 - https:\/\/yoast.com\/product\/yoast-seo-wordpress\/ -->\n<title>C.E.A.P. Cursos online de forma\u00e7\u00e3o em astrologia psicol\u00f3gica<\/title>\n<meta name=\"description\" content=\"A forma\u00e7\u00e3o em astrologia psicol\u00f3gica oferece v\u00eddeos explicativos, mapas de personalidades p\u00fablicas, avalia\u00e7\u00f5es, question\u00e1rios e apostilas.\" \/>\n<meta name=\"robots\" content=\"index, follow, max-snippet:-1, max-image-preview:large, max-video-preview:-1\" \/>\n<link rel=\"canonical\" href=\"https:\/\/astroceap.com.br\/ceap\/como-funciona-astrologia\/\" \/>\n<meta property=\"og:locale\" content=\"pt_BR\" \/>\n<meta property=\"og:type\" content=\"article\" \/>\n<meta property=\"og:title\" content=\"C.E.A.P. Cursos online de forma\u00e7\u00e3o em astrologia psicol\u00f3gica\" \/>\n<meta property=\"og:description\" content=\"A forma\u00e7\u00e3o em astrologia psicol\u00f3gica oferece v\u00eddeos explicativos, mapas de personalidades p\u00fablicas, avalia\u00e7\u00f5es, question\u00e1rios e apostilas.\" \/>\n<meta property=\"og:url\" content=\"https:\/\/astroceap.com.br\/ceap\/como-funciona-astrologia\/\" \/>\n<meta property=\"og:site_name\" content=\"C.E.A.P.\" \/>\n<meta property=\"article:publisher\" content=\"https:\/\/www.facebook.com\/astroceap\/\" \/>\n<meta property=\"article:modified_time\" content=\"2025-12-26T22:55:59+00:00\" \/>\n<meta name=\"twitter:card\" content=\"summary_large_image\" \/>\n<meta name=\"twitter:site\" content=\"@astrologiaceap\" \/>\n<meta name=\"twitter:label1\" content=\"Est. tempo de leitura\" \/>\n\t<meta name=\"twitter:data1\" content=\"7 minutos\" \/>\n<script type=\"application\/ld+json\" class=\"yoast-schema-graph\">{\"@context\":\"https:\\\/\\\/schema.org\",\"@graph\":[{\"@type\":\"WebPage\",\"@id\":\"https:\\\/\\\/astroceap.com.br\\\/ceap\\\/como-funciona-astrologia\\\/\",\"url\":\"https:\\\/\\\/astroceap.com.br\\\/ceap\\\/como-funciona-astrologia\\\/\",\"name\":\"C.E.A.P. Cursos online de forma\u00e7\u00e3o em astrologia psicol\u00f3gica\",\"isPartOf\":{\"@id\":\"https:\\\/\\\/astroceap.com.br\\\/ceap\\\/#website\"},\"datePublished\":\"2018-04-25T03:11:45+00:00\",\"dateModified\":\"2025-12-26T22:55:59+00:00\",\"description\":\"A forma\u00e7\u00e3o em astrologia psicol\u00f3gica oferece v\u00eddeos explicativos, mapas de personalidades p\u00fablicas, avalia\u00e7\u00f5es, question\u00e1rios e apostilas.\",\"breadcrumb\":{\"@id\":\"https:\\\/\\\/astroceap.com.br\\\/ceap\\\/como-funciona-astrologia\\\/#breadcrumb\"},\"inLanguage\":\"pt-BR\",\"potentialAction\":[{\"@type\":\"ReadAction\",\"target\":[\"https:\\\/\\\/astroceap.com.br\\\/ceap\\\/como-funciona-astrologia\\\/\"]}]},{\"@type\":\"BreadcrumbList\",\"@id\":\"https:\\\/\\\/astroceap.com.br\\\/ceap\\\/como-funciona-astrologia\\\/#breadcrumb\",\"itemListElement\":[{\"@type\":\"ListItem\",\"position\":1,\"name\":\"In\u00edcio\",\"item\":\"https:\\\/\\\/astroceap.com.br\\\/ceap\\\/\"},{\"@type\":\"ListItem\",\"position\":2,\"name\":\"CERTIFICA\u00c7\u00c3O C.E.A.P. E COMO FUNCIONAM OS NOSSOS CURSOS\"}]},{\"@type\":\"WebSite\",\"@id\":\"https:\\\/\\\/astroceap.com.br\\\/ceap\\\/#website\",\"url\":\"https:\\\/\\\/astroceap.com.br\\\/ceap\\\/\",\"name\":\"C.E.A.P.\",\"description\":\"Centro de Estudos de Astrologia Psicol\u00f3gica\",\"publisher\":{\"@id\":\"https:\\\/\\\/astroceap.com.br\\\/ceap\\\/#organization\"},\"potentialAction\":[{\"@type\":\"SearchAction\",\"target\":{\"@type\":\"EntryPoint\",\"urlTemplate\":\"https:\\\/\\\/astroceap.com.br\\\/ceap\\\/?s={search_term_string}\"},\"query-input\":{\"@type\":\"PropertyValueSpecification\",\"valueRequired\":true,\"valueName\":\"search_term_string\"}}],\"inLanguage\":\"pt-BR\"},{\"@type\":\"Organization\",\"@id\":\"https:\\\/\\\/astroceap.com.br\\\/ceap\\\/#organization\",\"name\":\"CEAP Centro de Estudos de Astrologia Psicol\u00f3gica\",\"url\":\"https:\\\/\\\/astroceap.com.br\\\/ceap\\\/\",\"logo\":{\"@type\":\"ImageObject\",\"inLanguage\":\"pt-BR\",\"@id\":\"https:\\\/\\\/astroceap.com.br\\\/ceap\\\/#\\\/schema\\\/logo\\\/image\\\/\",\"url\":\"http:\\\/\\\/astroceap.com.br\\\/ceap\\\/wp-content\\\/uploads\\\/2018\\\/03\\\/LOGO_CEAP_New4site.jpg\",\"contentUrl\":\"http:\\\/\\\/astroceap.com.br\\\/ceap\\\/wp-content\\\/uploads\\\/2018\\\/03\\\/LOGO_CEAP_New4site.jpg\",\"width\":140,\"height\":174,\"caption\":\"CEAP Centro de Estudos de Astrologia Psicol\u00f3gica\"},\"image\":{\"@id\":\"https:\\\/\\\/astroceap.com.br\\\/ceap\\\/#\\\/schema\\\/logo\\\/image\\\/\"},\"sameAs\":[\"https:\\\/\\\/www.facebook.com\\\/astroceap\\\/\",\"https:\\\/\\\/x.com\\\/astrologiaceap\",\"https:\\\/\\\/www.instagram.com\\\/ceap.astrologia\\\/\",\"https:\\\/\\\/www.youtube.com\\\/channel\\\/UCDsKeXx5S7f2xoPUxNpARSQ\"]}]}<\/script>\n<!-- \/ Yoast SEO plugin. -->","yoast_head_json":{"title":"C.E.A.P. Cursos online de forma\u00e7\u00e3o em astrologia psicol\u00f3gica","description":"A forma\u00e7\u00e3o em astrologia psicol\u00f3gica oferece v\u00eddeos explicativos, mapas de personalidades p\u00fablicas, avalia\u00e7\u00f5es, question\u00e1rios e apostilas.","robots":{"index":"index","follow":"follow","max-snippet":"max-snippet:-1","max-image-preview":"max-image-preview:large","max-video-preview":"max-video-preview:-1"},"canonical":"https:\/\/astroceap.com.br\/ceap\/como-funciona-astrologia\/","og_locale":"pt_BR","og_type":"article","og_title":"C.E.A.P. Cursos online de forma\u00e7\u00e3o em astrologia psicol\u00f3gica","og_description":"A forma\u00e7\u00e3o em astrologia psicol\u00f3gica oferece v\u00eddeos explicativos, mapas de personalidades p\u00fablicas, avalia\u00e7\u00f5es, question\u00e1rios e apostilas.","og_url":"https:\/\/astroceap.com.br\/ceap\/como-funciona-astrologia\/","og_site_name":"C.E.A.P.","article_publisher":"https:\/\/www.facebook.com\/astroceap\/","article_modified_time":"2025-12-26T22:55:59+00:00","twitter_card":"summary_large_image","twitter_site":"@astrologiaceap","twitter_misc":{"Est. tempo de leitura":"7 minutos"},"schema":{"@context":"https:\/\/schema.org","@graph":[{"@type":"WebPage","@id":"https:\/\/astroceap.com.br\/ceap\/como-funciona-astrologia\/","url":"https:\/\/astroceap.com.br\/ceap\/como-funciona-astrologia\/","name":"C.E.A.P. Cursos online de forma\u00e7\u00e3o em astrologia psicol\u00f3gica","isPartOf":{"@id":"https:\/\/astroceap.com.br\/ceap\/#website"},"datePublished":"2018-04-25T03:11:45+00:00","dateModified":"2025-12-26T22:55:59+00:00","description":"A forma\u00e7\u00e3o em astrologia psicol\u00f3gica oferece v\u00eddeos explicativos, mapas de personalidades p\u00fablicas, avalia\u00e7\u00f5es, question\u00e1rios e apostilas.","breadcrumb":{"@id":"https:\/\/astroceap.com.br\/ceap\/como-funciona-astrologia\/#breadcrumb"},"inLanguage":"pt-BR","potentialAction":[{"@type":"ReadAction","target":["https:\/\/astroceap.com.br\/ceap\/como-funciona-astrologia\/"]}]},{"@type":"BreadcrumbList","@id":"https:\/\/astroceap.com.br\/ceap\/como-funciona-astrologia\/#breadcrumb","itemListElement":[{"@type":"ListItem","position":1,"name":"In\u00edcio","item":"https:\/\/astroceap.com.br\/ceap\/"},{"@type":"ListItem","position":2,"name":"CERTIFICA\u00c7\u00c3O C.E.A.P. E COMO FUNCIONAM OS NOSSOS CURSOS"}]},{"@type":"WebSite","@id":"https:\/\/astroceap.com.br\/ceap\/#website","url":"https:\/\/astroceap.com.br\/ceap\/","name":"C.E.A.P.","description":"Centro de Estudos de Astrologia Psicol\u00f3gica","publisher":{"@id":"https:\/\/astroceap.com.br\/ceap\/#organization"},"potentialAction":[{"@type":"SearchAction","target":{"@type":"EntryPoint","urlTemplate":"https:\/\/astroceap.com.br\/ceap\/?s={search_term_string}"},"query-input":{"@type":"PropertyValueSpecification","valueRequired":true,"valueName":"search_term_string"}}],"inLanguage":"pt-BR"},{"@type":"Organization","@id":"https:\/\/astroceap.com.br\/ceap\/#organization","name":"CEAP Centro de Estudos de Astrologia Psicol\u00f3gica","url":"https:\/\/astroceap.com.br\/ceap\/","logo":{"@type":"ImageObject","inLanguage":"pt-BR","@id":"https:\/\/astroceap.com.br\/ceap\/#\/schema\/logo\/image\/","url":"http:\/\/astroceap.com.br\/ceap\/wp-content\/uploads\/2018\/03\/LOGO_CEAP_New4site.jpg","contentUrl":"http:\/\/astroceap.com.br\/ceap\/wp-content\/uploads\/2018\/03\/LOGO_CEAP_New4site.jpg","width":140,"height":174,"caption":"CEAP Centro de Estudos de Astrologia Psicol\u00f3gica"},"image":{"@id":"https:\/\/astroceap.com.br\/ceap\/#\/schema\/logo\/image\/"},"sameAs":["https:\/\/www.facebook.com\/astroceap\/","https:\/\/x.com\/astrologiaceap","https:\/\/www.instagram.com\/ceap.astrologia\/","https:\/\/www.youtube.com\/channel\/UCDsKeXx5S7f2xoPUxNpARSQ"]}]}},"_links":{"self":[{"href":"https:\/\/astroceap.com.br\/ceap\/wp-json\/wp\/v2\/pages\/2389","targetHints":{"allow":["GET"]}}],"collection":[{"href":"https:\/\/astroceap.com.br\/ceap\/wp-json\/wp\/v2\/pages"}],"about":[{"href":"https:\/\/astroceap.com.br\/ceap\/wp-json\/wp\/v2\/types\/page"}],"author":[{"embeddable":true,"href":"https:\/\/astroceap.com.br\/ceap\/wp-json\/wp\/v2\/users\/1"}],"replies":[{"embeddable":true,"href":"https:\/\/astroceap.com.br\/ceap\/wp-json\/wp\/v2\/comments?post=2389"}],"version-history":[{"count":87,"href":"https:\/\/astroceap.com.br\/ceap\/wp-json\/wp\/v2\/pages\/2389\/revisions"}],"predecessor-version":[{"id":11789,"href":"https:\/\/astroceap.com.br\/ceap\/wp-json\/wp\/v2\/pages\/2389\/revisions\/11789"}],"wp:attachment":[{"href":"https:\/\/astroceap.com.br\/ceap\/wp-json\/wp\/v2\/media?parent=2389"}],"curies":[{"name":"wp","href":"https:\/\/api.w.org\/{rel}","templated":true}]}}