{"id":2558,"date":"2018-05-07T10:58:25","date_gmt":"2018-05-07T13:58:25","guid":{"rendered":"http:\/\/astroceap.com.br\/ceap\/?page_id=2558"},"modified":"2020-11-18T18:53:50","modified_gmt":"2020-11-18T21:53:50","slug":"inscricoes-cursos-para-terapeutas","status":"publish","type":"page","link":"https:\/\/astroceap.com.br\/ceap\/inscricoes-cursos-para-terapeutas\/","title":{"rendered":"CURSOS PARA TERAPEUTAS"},"content":{"rendered":"<p style=\"text-align: left;\"><span style=\"color: #000000;\">Se voc\u00ea \u00e9 psic\u00f3logo, terapeuta, psicanalista, coach ou desenvolve qualquer outra linha de atendimento, os cursos para terapeutas lhe acrescentar\u00e3o ferramentas importantes para o seu trabalho!<\/span><\/p>\n<p style=\"text-align: left;\"><span style=\"color: #000000;\">Com o enfoque na din\u00e2mica ps\u00edquica que estes cursos oferecem, voc\u00ea somar\u00e1 ao seu trabalho um profundo conhecimento dos complexos atuantes, conflitos e potencialidades de seu cliente.<\/span><\/p>\n<p>&nbsp;<\/p>\n<p style=\"text-align: center;\"><div class=\"pt-cv-wrapper\"><div class=\"pt-cv-view pt-cv-grid pt-cv-colsys\" id=\"pt-cv-view-138d0c554i\"><div data-id=\"pt-cv-page-1\" class=\"pt-cv-page\" data-cvc=\"2\"><div class=\"col-md-6 col-sm-6 col-xs-12 pt-cv-content-item pt-cv-1-col\" ><div class='pt-cv-ifield'><a href=\"https:\/\/astroceap.com.br\/ceap\/cursos-on-demand\/\" class=\"_blank pt-cv-href-thumbnail pt-cv-thumb-default\" target=\"_blank\" ><img decoding=\"async\" width=\"300\" height=\"188\" data-src=\"https:\/\/astroceap.com.br\/ceap\/wp-content\/uploads\/2018\/04\/Cursos-Presenciais-On-Demand-800x-500-300x188.jpg\" class=\"pt-cv-thumbnail lazyload\" alt=\"\" data-srcset=\"https:\/\/astroceap.com.br\/ceap\/wp-content\/uploads\/2018\/04\/Cursos-Presenciais-On-Demand-800x-500-300x188.jpg 300w, https:\/\/astroceap.com.br\/ceap\/wp-content\/uploads\/2018\/04\/Cursos-Presenciais-On-Demand-800x-500-768x480.jpg 768w, https:\/\/astroceap.com.br\/ceap\/wp-content\/uploads\/2018\/04\/Cursos-Presenciais-On-Demand-800x-500.jpg 800w\" data-sizes=\"(max-width: 300px) 100vw, 300px\" src=\"data:image\/svg+xml;base64,PHN2ZyB3aWR0aD0iMSIgaGVpZ2h0PSIxIiB4bWxucz0iaHR0cDovL3d3dy53My5vcmcvMjAwMC9zdmciPjwvc3ZnPg==\" style=\"--smush-placeholder-width: 300px; --smush-placeholder-aspect-ratio: 300\/188;\" \/><\/a>\n<h4 class=\"pt-cv-title\"><a href=\"https:\/\/astroceap.com.br\/ceap\/cursos-on-demand\/\" class=\"_blank\" target=\"_blank\" >CURSOS ON-DEMAND<\/a><\/h4>\n<div class=\"pt-cv-content\">Uma parte de nossos Cursos Presenciais t\u00eam acontecido no sistema On-Demand, ou seja, a partir da solicita\u00e7\u00e3o individual e da ...<br \/><div class=\"pt-cv-rmwrap\"><a href=\"https:\/\/astroceap.com.br\/ceap\/cursos-on-demand\/\" class=\"_blank pt-cv-readmore btn btn-success\" target=\"_blank\">Leia Mais<\/a><\/div><\/div><\/div><\/div><\/div><\/div><\/div><\/p>\n<p style=\"text-align: center;\">&nbsp;<\/p>\n<p style=\"text-align: center;\"><a href=\"https:\/\/astroceap.com.br\/ceap\/inscricoes-cursos-online\/\">INSCREVA-SE<\/a><\/p>\n<p style=\"text-align: center;\"><a href=\"https:\/\/www.astro.com\/astrowiki\/en\/Main_Page\">QUER SABER MAIS SOBRE ASTROLOGIA? CLIQUE AQUI<\/a><\/p>\n","protected":false},"excerpt":{"rendered":"<p>Se voc\u00ea \u00e9 psic\u00f3logo, terapeuta, psicanalista, coach ou desenvolve qualquer outra linha de atendimento, os cursos para terapeutas lhe acrescentar\u00e3o ferramentas importantes para o seu trabalho! Com o enfoque na din\u00e2mica ps\u00edquica que estes cursos oferecem, voc\u00ea somar\u00e1 ao seu<\/p>\n","protected":false},"author":1,"featured_media":0,"parent":0,"menu_order":0,"comment_status":"closed","ping_status":"closed","template":"","meta":{"ngg_post_thumbnail":0,"footnotes":""},"class_list":["post-2558","page","type-page","status-publish","hentry"],"yoast_head":"<!-- This site is optimized with the Yoast SEO plugin v27.4 - https:\/\/yoast.com\/product\/yoast-seo-wordpress\/ -->\n<title>C.E.A.P. Cursos online de astrologia psicol\u00f3gica para terapeutas<\/title>\n<meta name=\"description\" content=\"Terapeutas: cursos online - mapa astral, signos, ascendente, previs\u00f5es, hor\u00f3scopo e o conhecimento da psicologia - diploma internacional\" \/>\n<meta name=\"robots\" content=\"index, follow, max-snippet:-1, max-image-preview:large, max-video-preview:-1\" \/>\n<link rel=\"canonical\" href=\"https:\/\/astroceap.com.br\/ceap\/inscricoes-cursos-para-terapeutas\/\" \/>\n<meta property=\"og:locale\" content=\"pt_BR\" \/>\n<meta property=\"og:type\" content=\"article\" \/>\n<meta property=\"og:title\" content=\"C.E.A.P. Cursos online de astrologia psicol\u00f3gica para terapeutas\" \/>\n<meta property=\"og:description\" content=\"Terapeutas: cursos online - mapa astral, signos, ascendente, previs\u00f5es, hor\u00f3scopo e o conhecimento da psicologia - diploma internacional\" \/>\n<meta property=\"og:url\" content=\"https:\/\/astroceap.com.br\/ceap\/inscricoes-cursos-para-terapeutas\/\" \/>\n<meta property=\"og:site_name\" content=\"C.E.A.P.\" \/>\n<meta property=\"article:publisher\" content=\"https:\/\/www.facebook.com\/astroceap\/\" \/>\n<meta property=\"article:modified_time\" content=\"2020-11-18T21:53:50+00:00\" \/>\n<meta name=\"twitter:card\" content=\"summary_large_image\" \/>\n<meta name=\"twitter:site\" content=\"@astrologiaceap\" \/>\n<script type=\"application\/ld+json\" class=\"yoast-schema-graph\">{\"@context\":\"https:\\\/\\\/schema.org\",\"@graph\":[{\"@type\":\"WebPage\",\"@id\":\"https:\\\/\\\/astroceap.com.br\\\/ceap\\\/inscricoes-cursos-para-terapeutas\\\/\",\"url\":\"https:\\\/\\\/astroceap.com.br\\\/ceap\\\/inscricoes-cursos-para-terapeutas\\\/\",\"name\":\"C.E.A.P. Cursos online de astrologia psicol\u00f3gica para terapeutas\",\"isPartOf\":{\"@id\":\"https:\\\/\\\/astroceap.com.br\\\/ceap\\\/#website\"},\"datePublished\":\"2018-05-07T13:58:25+00:00\",\"dateModified\":\"2020-11-18T21:53:50+00:00\",\"description\":\"Terapeutas: cursos online - mapa astral, signos, ascendente, previs\u00f5es, hor\u00f3scopo e o conhecimento da psicologia - diploma internacional\",\"breadcrumb\":{\"@id\":\"https:\\\/\\\/astroceap.com.br\\\/ceap\\\/inscricoes-cursos-para-terapeutas\\\/#breadcrumb\"},\"inLanguage\":\"pt-BR\",\"potentialAction\":[{\"@type\":\"ReadAction\",\"target\":[\"https:\\\/\\\/astroceap.com.br\\\/ceap\\\/inscricoes-cursos-para-terapeutas\\\/\"]}]},{\"@type\":\"BreadcrumbList\",\"@id\":\"https:\\\/\\\/astroceap.com.br\\\/ceap\\\/inscricoes-cursos-para-terapeutas\\\/#breadcrumb\",\"itemListElement\":[{\"@type\":\"ListItem\",\"position\":1,\"name\":\"In\u00edcio\",\"item\":\"https:\\\/\\\/astroceap.com.br\\\/ceap\\\/\"},{\"@type\":\"ListItem\",\"position\":2,\"name\":\"CURSOS PARA TERAPEUTAS\"}]},{\"@type\":\"WebSite\",\"@id\":\"https:\\\/\\\/astroceap.com.br\\\/ceap\\\/#website\",\"url\":\"https:\\\/\\\/astroceap.com.br\\\/ceap\\\/\",\"name\":\"C.E.A.P.\",\"description\":\"Centro de Estudos de Astrologia Psicol\u00f3gica\",\"publisher\":{\"@id\":\"https:\\\/\\\/astroceap.com.br\\\/ceap\\\/#organization\"},\"potentialAction\":[{\"@type\":\"SearchAction\",\"target\":{\"@type\":\"EntryPoint\",\"urlTemplate\":\"https:\\\/\\\/astroceap.com.br\\\/ceap\\\/?s={search_term_string}\"},\"query-input\":{\"@type\":\"PropertyValueSpecification\",\"valueRequired\":true,\"valueName\":\"search_term_string\"}}],\"inLanguage\":\"pt-BR\"},{\"@type\":\"Organization\",\"@id\":\"https:\\\/\\\/astroceap.com.br\\\/ceap\\\/#organization\",\"name\":\"CEAP Centro de Estudos de Astrologia Psicol\u00f3gica\",\"url\":\"https:\\\/\\\/astroceap.com.br\\\/ceap\\\/\",\"logo\":{\"@type\":\"ImageObject\",\"inLanguage\":\"pt-BR\",\"@id\":\"https:\\\/\\\/astroceap.com.br\\\/ceap\\\/#\\\/schema\\\/logo\\\/image\\\/\",\"url\":\"http:\\\/\\\/astroceap.com.br\\\/ceap\\\/wp-content\\\/uploads\\\/2018\\\/03\\\/LOGO_CEAP_New4site.jpg\",\"contentUrl\":\"http:\\\/\\\/astroceap.com.br\\\/ceap\\\/wp-content\\\/uploads\\\/2018\\\/03\\\/LOGO_CEAP_New4site.jpg\",\"width\":140,\"height\":174,\"caption\":\"CEAP Centro de Estudos de Astrologia Psicol\u00f3gica\"},\"image\":{\"@id\":\"https:\\\/\\\/astroceap.com.br\\\/ceap\\\/#\\\/schema\\\/logo\\\/image\\\/\"},\"sameAs\":[\"https:\\\/\\\/www.facebook.com\\\/astroceap\\\/\",\"https:\\\/\\\/x.com\\\/astrologiaceap\",\"https:\\\/\\\/www.instagram.com\\\/ceap.astrologia\\\/\",\"https:\\\/\\\/www.youtube.com\\\/channel\\\/UCDsKeXx5S7f2xoPUxNpARSQ\"]}]}<\/script>\n<!-- \/ Yoast SEO plugin. -->","yoast_head_json":{"title":"C.E.A.P. Cursos online de astrologia psicol\u00f3gica para terapeutas","description":"Terapeutas: cursos online - mapa astral, signos, ascendente, previs\u00f5es, hor\u00f3scopo e o conhecimento da psicologia - diploma internacional","robots":{"index":"index","follow":"follow","max-snippet":"max-snippet:-1","max-image-preview":"max-image-preview:large","max-video-preview":"max-video-preview:-1"},"canonical":"https:\/\/astroceap.com.br\/ceap\/inscricoes-cursos-para-terapeutas\/","og_locale":"pt_BR","og_type":"article","og_title":"C.E.A.P. Cursos online de astrologia psicol\u00f3gica para terapeutas","og_description":"Terapeutas: cursos online - mapa astral, signos, ascendente, previs\u00f5es, hor\u00f3scopo e o conhecimento da psicologia - diploma internacional","og_url":"https:\/\/astroceap.com.br\/ceap\/inscricoes-cursos-para-terapeutas\/","og_site_name":"C.E.A.P.","article_publisher":"https:\/\/www.facebook.com\/astroceap\/","article_modified_time":"2020-11-18T21:53:50+00:00","twitter_card":"summary_large_image","twitter_site":"@astrologiaceap","schema":{"@context":"https:\/\/schema.org","@graph":[{"@type":"WebPage","@id":"https:\/\/astroceap.com.br\/ceap\/inscricoes-cursos-para-terapeutas\/","url":"https:\/\/astroceap.com.br\/ceap\/inscricoes-cursos-para-terapeutas\/","name":"C.E.A.P. Cursos online de astrologia psicol\u00f3gica para terapeutas","isPartOf":{"@id":"https:\/\/astroceap.com.br\/ceap\/#website"},"datePublished":"2018-05-07T13:58:25+00:00","dateModified":"2020-11-18T21:53:50+00:00","description":"Terapeutas: cursos online - mapa astral, signos, ascendente, previs\u00f5es, hor\u00f3scopo e o conhecimento da psicologia - diploma internacional","breadcrumb":{"@id":"https:\/\/astroceap.com.br\/ceap\/inscricoes-cursos-para-terapeutas\/#breadcrumb"},"inLanguage":"pt-BR","potentialAction":[{"@type":"ReadAction","target":["https:\/\/astroceap.com.br\/ceap\/inscricoes-cursos-para-terapeutas\/"]}]},{"@type":"BreadcrumbList","@id":"https:\/\/astroceap.com.br\/ceap\/inscricoes-cursos-para-terapeutas\/#breadcrumb","itemListElement":[{"@type":"ListItem","position":1,"name":"In\u00edcio","item":"https:\/\/astroceap.com.br\/ceap\/"},{"@type":"ListItem","position":2,"name":"CURSOS PARA TERAPEUTAS"}]},{"@type":"WebSite","@id":"https:\/\/astroceap.com.br\/ceap\/#website","url":"https:\/\/astroceap.com.br\/ceap\/","name":"C.E.A.P.","description":"Centro de Estudos de Astrologia Psicol\u00f3gica","publisher":{"@id":"https:\/\/astroceap.com.br\/ceap\/#organization"},"potentialAction":[{"@type":"SearchAction","target":{"@type":"EntryPoint","urlTemplate":"https:\/\/astroceap.com.br\/ceap\/?s={search_term_string}"},"query-input":{"@type":"PropertyValueSpecification","valueRequired":true,"valueName":"search_term_string"}}],"inLanguage":"pt-BR"},{"@type":"Organization","@id":"https:\/\/astroceap.com.br\/ceap\/#organization","name":"CEAP Centro de Estudos de Astrologia Psicol\u00f3gica","url":"https:\/\/astroceap.com.br\/ceap\/","logo":{"@type":"ImageObject","inLanguage":"pt-BR","@id":"https:\/\/astroceap.com.br\/ceap\/#\/schema\/logo\/image\/","url":"http:\/\/astroceap.com.br\/ceap\/wp-content\/uploads\/2018\/03\/LOGO_CEAP_New4site.jpg","contentUrl":"http:\/\/astroceap.com.br\/ceap\/wp-content\/uploads\/2018\/03\/LOGO_CEAP_New4site.jpg","width":140,"height":174,"caption":"CEAP Centro de Estudos de Astrologia Psicol\u00f3gica"},"image":{"@id":"https:\/\/astroceap.com.br\/ceap\/#\/schema\/logo\/image\/"},"sameAs":["https:\/\/www.facebook.com\/astroceap\/","https:\/\/x.com\/astrologiaceap","https:\/\/www.instagram.com\/ceap.astrologia\/","https:\/\/www.youtube.com\/channel\/UCDsKeXx5S7f2xoPUxNpARSQ"]}]}},"_links":{"self":[{"href":"https:\/\/astroceap.com.br\/ceap\/wp-json\/wp\/v2\/pages\/2558","targetHints":{"allow":["GET"]}}],"collection":[{"href":"https:\/\/astroceap.com.br\/ceap\/wp-json\/wp\/v2\/pages"}],"about":[{"href":"https:\/\/astroceap.com.br\/ceap\/wp-json\/wp\/v2\/types\/page"}],"author":[{"embeddable":true,"href":"https:\/\/astroceap.com.br\/ceap\/wp-json\/wp\/v2\/users\/1"}],"replies":[{"embeddable":true,"href":"https:\/\/astroceap.com.br\/ceap\/wp-json\/wp\/v2\/comments?post=2558"}],"version-history":[{"count":11,"href":"https:\/\/astroceap.com.br\/ceap\/wp-json\/wp\/v2\/pages\/2558\/revisions"}],"predecessor-version":[{"id":8409,"href":"https:\/\/astroceap.com.br\/ceap\/wp-json\/wp\/v2\/pages\/2558\/revisions\/8409"}],"wp:attachment":[{"href":"https:\/\/astroceap.com.br\/ceap\/wp-json\/wp\/v2\/media?parent=2558"}],"curies":[{"name":"wp","href":"https:\/\/api.w.org\/{rel}","templated":true}]}}