{"id":2907,"date":"2018-11-12T19:32:53","date_gmt":"2018-11-12T22:32:53","guid":{"rendered":"http:\/\/astroceap.com.br\/ceap\/?page_id=2907"},"modified":"2025-12-19T16:30:54","modified_gmt":"2025-12-19T19:30:54","slug":"programa-de-certificacao-internacional-isar","status":"publish","type":"page","link":"https:\/\/astroceap.com.br\/ceap\/programa-de-certificacao-internacional-isar\/","title":{"rendered":"PROGRAMA DE CERTIFICA\u00c7\u00c3O INTERNACIONAL ISAR NO BRASIL"},"content":{"rendered":"<p><span style=\"color: #ffffff;\">C.E.A<\/span><\/p>\n<p style=\"text-align: center;\"><a class=\"\" href=\"https:\/\/astroceap.com.br\/ceap\/inscricoes-cursos-online\/\" target=\"_blank\" rel=\"noopener\"><br \/>\n<button class=\"btnwpx\" type=\"button\"> INSCREVA-SE NOS CURSOS DO C.E.A.P. <\/button><\/a><\/p>\n<p style=\"text-align: center;\"><strong><span style=\"color: #993300;\">DIPLOMA INTERNACIONAL C.E.A.P.<\/span> <\/strong><\/p>\n<p>&nbsp;<\/p>\n<p><span style=\"color: #000000; font-family: arial, helvetica, sans-serif;\">Por ser uma Escola Afiliada ao ISAR &#8211; International Society for Astrological Research, o C.E.A.P. fornece a seus alun@s um Diploma com o reconhecimento de um \u00f3rg\u00e3o internacional, ISAR, sediado nos EUA, mas com alcance no mundo todo. Com a Forma\u00e7\u00e3o Completa do C.E.A.P. ( Forma\u00e7\u00e3o + Especializa\u00e7\u00e3o ), voc\u00ea j\u00e1 ter\u00e1 galgado v\u00e1rios passos para seguir um s\u00f3lido caminho na profiss\u00e3o da Astrologia!<\/span><\/p>\n<p><span style=\"color: #000000; font-family: arial, helvetica, sans-serif;\">M\u00e1rcia Ferreira, fundadora e diretora do C.E.A.P., foi aprovada na Certifica\u00e7\u00e3o ISAR em 2010 em Chicago nos EUA, recebendo o t\u00edtulo ISAR C.A.P. &#8211; CERTIFIED ASTROLOGICAL PROFESSIONAL, t\u00edtulo reconhecido nas comunidades astrol\u00f3gicas mundiais por ser muito completo, extenso e desafiador, contemplando v\u00e1rias vertentes astrol\u00f3gicas. Foi a 1a pessoa a obter essa Certifica\u00e7\u00e3o no Brasil. Depois dessa aprova\u00e7\u00e3o foi convidada por essa organiza\u00e7\u00e3o para ser VIP &#8211; Vice-President para o Brasil,&nbsp; ( t\u00edtulo que era usado na \u00e9poca ), e designado aos profissionais que se tornavam essa esp\u00e9cie de &#8220;correspondentes&#8221; e implementadores da certifica\u00e7\u00e3o para um outro pa\u00eds. Neste cargo, uma de suas principais atribui\u00e7\u00f5es foi justamente essa, a de implementar a Certifica\u00e7\u00e3o ISAR por aqui com as tr\u00eas etapas, tendo reunido diversos grupos em diversas ocasi\u00f5es diferentes, com pessoas de diferentes estados do Brasil e tamb\u00e9m de Portugal, foram oportunidades em que v\u00e1ri@s astr\u00f3log@s brasileir@s se certificaram, galgando assim um novo degrau em suas trajet\u00f3rias e propiciando um grande reconhecimento profissional, o que contribui para padr\u00f5es mais elevados na profiss\u00e3o. Ocupou essa posi\u00e7\u00e3o como ISAR VIP para o Brasil por 08 anos, encerrando suas atividades em concomit\u00e2ncia com a mudan\u00e7a total da diretoria de sua \u00e9poca.<\/span><\/p>\n<p><span style=\"color: #000000; font-family: arial, helvetica, sans-serif;\">Atualmente, dedica-se a uma outra organiza\u00e7\u00e3o internacional &#8211; OPA &#8211; Organization for Professional Astrologers &#8211; \u00e0 frente agora de um trabalho diferente, mais focado para o interc\u00e2mbio entre&nbsp; os pa\u00edses de l\u00edngua portuguesa, ( principalmente Brasil e Portugal ), e a comunidade internacional.<\/span><br \/>\n<span style=\"color: #000000; font-family: arial, helvetica, sans-serif;\">Conhe\u00e7a esse trabalho e junte-se a n\u00f3s no grupo OPA Brasil-Portugal no Facebook: https:\/\/www.facebook.com\/groups\/opabrasileportugal<\/span><\/p>\n<p><span style=\"color: #000000; font-family: arial, helvetica, sans-serif;\">Abaixo voc\u00ea tem todo o hist\u00f3rico do Programa de Certifica\u00e7\u00e3o ISAR, tal como foi desenvolvido no Brasil.<\/span><br \/>\n<strong><span style=\"color: #000000; font-family: arial, helvetica, sans-serif;\">No momento essas atividades est\u00e3o em suspenso na escola C.E.A.P.<\/span><\/strong><\/p>\n<p>&nbsp;<\/p>\n<p><span style=\"color: #ffffff; font-family: arial, helvetica, sans-serif;\">fica\u00e7\u00e3o internacional<\/span><\/p>\n<p style=\"text-align: center;\"><span style=\"font-family: arial, helvetica, sans-serif;\"><img decoding=\"async\" class=\"alignnone wp-image-2910 lazyload\" data-src=\"https:\/\/astroceap.com.br\/ceap\/wp-content\/uploads\/2018\/11\/ISAR-LOGO-Sem-Data-300x107.jpg\" alt=\"\" width=\"457\" height=\"163\" data-srcset=\"https:\/\/astroceap.com.br\/ceap\/wp-content\/uploads\/2018\/11\/ISAR-LOGO-Sem-Data-300x107.jpg 300w, https:\/\/astroceap.com.br\/ceap\/wp-content\/uploads\/2018\/11\/ISAR-LOGO-Sem-Data.jpg 472w\" data-sizes=\"(max-width: 457px) 100vw, 457px\" src=\"data:image\/svg+xml;base64,PHN2ZyB3aWR0aD0iMSIgaGVpZ2h0PSIxIiB4bWxucz0iaHR0cDovL3d3dy53My5vcmcvMjAwMC9zdmciPjwvc3ZnPg==\" style=\"--smush-placeholder-width: 457px; --smush-placeholder-aspect-ratio: 457\/163;\" \/><\/span><\/p>\n<p style=\"text-align: center;\"><span style=\"color: #800000; font-family: arial, helvetica, sans-serif;\"><br \/>\n<strong>PROGRAMA DE CERTIFICA\u00c7\u00c3O ISAR<\/strong><br \/>\n<\/span><\/p>\n<p style=\"text-align: center;\"><strong><span style=\"color: #800000; font-family: arial, helvetica, sans-serif;\">ISAR &#8211; INTERNATIONAL SOCIETY FOR ASTROLOGICAL RESEARCH<\/span><\/strong><\/p>\n<p style=\"text-align: center;\"><strong><span style=\"color: #800000; font-family: arial, helvetica, sans-serif;\">C.A.P. \u2013 CERTIFIED ASTROLOGICAL PROFESSIONAL<\/span><\/strong><\/p>\n<p style=\"text-align: center;\"><strong><span style=\"color: #800000; font-family: arial, helvetica, sans-serif;\">Sobre o Programa de Certifica\u00e7\u00e3o ISAR<\/span><\/strong><\/p>\n<p>&nbsp;<\/p>\n<p><span style=\"color: #333333; font-family: arial, helvetica, sans-serif;\">ISAR \u2013 International Society for Astrological Research&nbsp;\u00e9 uma organiza\u00e7\u00e3o internacional que congrega astr\u00f3logos de muitos pa\u00edses e que tem um&nbsp;Programa de Certifica\u00e7\u00e3o&nbsp;de alt\u00edssimo n\u00edvel e mundialmente reconhecido.<\/span><\/p>\n<p><span style=\"color: #333333; font-family: arial, helvetica, sans-serif;\">Para se estabelecer os crit\u00e9rios de forma\u00e7\u00e3o necess\u00e1rios para a Certifica\u00e7\u00e3o ISAR, v\u00e1rios educadores de escolas top de astrologia ao redor do mundo foram consultados, e muitas de suas recomenda\u00e7\u00f5es foram incorporadas neste programa, por isso este \u00e9 um Programa de Certifica\u00e7\u00e3o muito abrangente e que levou muitos anos para ser finalizado.<\/span><\/p>\n<h3>&nbsp;<\/h3>\n<p style=\"text-align: center;\"><strong><span style=\"color: #333333; font-family: arial, helvetica, sans-serif;\">O Programa como um todo abrange tr\u00eas etapas, as quais s\u00e3o:&nbsp;<\/span><\/strong><\/p>\n<p>&nbsp;<\/p>\n<p style=\"text-align: left;\"><strong><span style=\"color: #800000; font-family: arial, helvetica, sans-serif;\">* T\u00e9cnicas de Atendimento <\/span><\/strong><\/p>\n<p style=\"text-align: left;\"><strong><span style=\"color: #800000; font-family: arial, helvetica, sans-serif;\">* \u00c9tica&nbsp; <\/span><\/strong><\/p>\n<p style=\"text-align: left;\"><strong><span style=\"color: #800000; font-family: arial, helvetica, sans-serif;\">* Exame de Compet\u00eancia<\/span><\/strong><\/p>\n<p><span style=\"color: #333333; font-family: arial, helvetica, sans-serif;\">ATT: para as duas primeiras etapas, n\u00e3o h\u00e1 necessidade de conhecimento astrol\u00f3gico, qualquer pessoa dentro ou fora da Astrologia poder\u00e1 participar. Somente na \u00faltima etapa &#8211; Exame de Compet\u00eancia &#8211; \u00e9 que o conhecimento a n\u00edvel avan\u00e7ado se faz importante<\/span><\/p>\n<p><span style=\"color: #333333; font-family: arial, helvetica, sans-serif;\">Conhe\u00e7a todos os detalhes das tr\u00eas etapas na p\u00e1gina do Brasil no <a style=\"color: #333333;\" href=\"https:\/\/br.isarastrology.org\/certification\">site internacional do ISAR <\/a><\/span><\/p>\n<p><span style=\"color: #333333; font-family: arial, helvetica, sans-serif;\">Este Programa j\u00e1 est\u00e1 traduzido em cinco l\u00ednguas e conta com astr\u00f3logos certificados com o t\u00edtulo C.A.P. em diversos pa\u00edses do mundo, como: \u00c1frica do Sul, Argentina, Austr\u00e1lia, Canad\u00e1, Chile, China, Cro\u00e1cia, Eslov\u00eania, Fran\u00e7a, Holanda, Inglaterra, Jap\u00e3o, M\u00e9xico, R\u00fassia, S\u00e9rvia, Turquia, Ucr\u00e2nia,&nbsp;e agora tamb\u00e9m no Brasil.<\/span><\/p>\n<p><span style=\"color: #000000; font-family: arial, helvetica, sans-serif;\">&nbsp;<\/span><\/p>\n<p style=\"text-align: center;\"><span style=\"color: #000000; font-family: arial, helvetica, sans-serif;\"><img decoding=\"async\" class=\"wp-image-2919 alignleft lazyload\" data-src=\"https:\/\/astroceap.com.br\/ceap\/wp-content\/uploads\/2018\/11\/certificacao_internacional2-300x225.jpg\" alt=\"\" width=\"419\" height=\"314\" src=\"data:image\/svg+xml;base64,PHN2ZyB3aWR0aD0iMSIgaGVpZ2h0PSIxIiB4bWxucz0iaHR0cDovL3d3dy53My5vcmcvMjAwMC9zdmciPjwvc3ZnPg==\" style=\"--smush-placeholder-width: 419px; --smush-placeholder-aspect-ratio: 419\/314;\"><\/span><\/p>\n<p>&nbsp;<\/p>\n<p><span style=\"font-family: arial, helvetica, sans-serif;\"><strong><span style=\"color: #333333;\">Implementa\u00e7\u00e3o de T\u00e9cnicas de Atendimento<br \/>\n<\/span><\/strong><span style=\"color: #333333;\"><strong>( Consulting Skills ) no Brasil &#8211; Grupo I<\/strong><br \/>\n<\/span><\/span><\/p>\n<p>&nbsp;<\/p>\n<p>&nbsp;<\/p>\n<p>&nbsp;<\/p>\n<p>&nbsp;<\/p>\n<p>&nbsp;<\/p>\n<p>&nbsp;<\/p>\n<p>&nbsp;<\/p>\n<p>&nbsp;<\/p>\n<p style=\"text-align: center;\"><span style=\"color: #000000; font-family: arial, helvetica, sans-serif;\"><img decoding=\"async\" class=\"wp-image-2918 alignright lazyload\" data-src=\"https:\/\/astroceap.com.br\/ceap\/wp-content\/uploads\/2018\/11\/certificacao_internacional1-300x225.jpg\" alt=\"\" width=\"409\" height=\"307\" src=\"data:image\/svg+xml;base64,PHN2ZyB3aWR0aD0iMSIgaGVpZ2h0PSIxIiB4bWxucz0iaHR0cDovL3d3dy53My5vcmcvMjAwMC9zdmciPjwvc3ZnPg==\" style=\"--smush-placeholder-width: 409px; --smush-placeholder-aspect-ratio: 409\/307;\"><\/span><\/p>\n<p>&nbsp;<\/p>\n<p>&nbsp;<\/p>\n<p style=\"text-align: right;\"><span style=\"color: #000000; font-family: arial, helvetica, sans-serif;\"><strong>Implementa\u00e7\u00e3o de T\u00e9cnicas de Atendimento<\/strong><br \/>\n<strong>( Consulting Skills ) no Brasil &#8211; Grupo II<\/strong><br \/>\n<\/span><\/p>\n<h3><span style=\"font-family: arial, helvetica, sans-serif;\">&nbsp;<\/span><\/h3>\n<h2>&nbsp;<\/h2>\n<h2>&nbsp;<\/h2>\n<h2>&nbsp;<\/h2>\n<h2>&nbsp;<\/h2>\n<p><span style=\"color: #333333; font-family: arial, helvetica, sans-serif;\">Hoje em dia vivemos em um mundo globalizado e tornou-se muito comum a afilia\u00e7\u00e3o de uma institui\u00e7\u00e3o ou escola nacional a um \u00f3rg\u00e3o internacional, propiciando assim um interc\u00e2mbio de procedimentos e id\u00e9ias entre todos. Vemos isso com frequ\u00eancia em outras \u00e1reas, como por ex: Psican\u00e1lise, Psicologia Junguiana, Medicina, Acupuntura, Fisioterapia e em muitas outras, e agora essa inova\u00e7\u00e3o tamb\u00e9m chegou \u00e0 Astrologia.<\/span><\/p>\n<p><span style=\"color: #333333; font-family: arial, helvetica, sans-serif;\">Em geral estes \u00f3rg\u00e3os internacionais, por serem mais antigos, congregam, apoiam e recomendam seus participantes e suas escolas filiadas, proporcionando oportunidades de cursos, treinamentos, certifica\u00e7\u00f5es e reciclagens de conhecimento, favorecendo os profissionais mundialmente.<\/span><\/p>\n<p><span style=\"color: #333333; font-family: arial, helvetica, sans-serif;\">Esta troca \u00e9 muito enriquecedora pois n\u00e3o invalida as Certifica\u00e7\u00f5es Nacionais existentes e ainda agrega valor e conhecimento ao profissional, trazendo a possibilidade de atualiza\u00e7\u00e3o sobre o que est\u00e1 ocorrendo em outros pa\u00edses e trazendo tamb\u00e9m novos pensamentos e crit\u00e9rios, isso tudo sem a necessidade de sair de seu pr\u00f3prio pa\u00eds.<\/span><\/p>\n<p><span style=\"color: #333333; font-family: arial, helvetica, sans-serif;\">Hoje vivemos num mundo globalizado e se nos fecharmos ao que est\u00e1 acontecendo l\u00e1 fora, corremos o risco de uma estagna\u00e7\u00e3o.<\/span><\/p>\n<p><span style=\"color: #ffffff; font-family: arial, helvetica, sans-serif;\">C.E.A.P certifica\u00e7\u00e3o internacional<\/span><\/p>\n<p style=\"text-align: center;\"><span style=\"color: #000000; font-family: arial, helvetica, sans-serif;\"><img decoding=\"async\" class=\"wp-image-2920 alignleft lazyload\" data-src=\"https:\/\/astroceap.com.br\/ceap\/wp-content\/uploads\/2018\/11\/certificacao_internacional3-300x225.jpg\" alt=\"\" width=\"399\" height=\"299\" src=\"data:image\/svg+xml;base64,PHN2ZyB3aWR0aD0iMSIgaGVpZ2h0PSIxIiB4bWxucz0iaHR0cDovL3d3dy53My5vcmcvMjAwMC9zdmciPjwvc3ZnPg==\" style=\"--smush-placeholder-width: 399px; --smush-placeholder-aspect-ratio: 399\/299;\"><\/span><\/p>\n<p><span style=\"color: #333333; font-family: arial, helvetica, sans-serif;\"><strong>Implementa\u00e7\u00e3o de T\u00e9cnicas de Atendimento ISAR no Brasil com Monica DiMino dos EUA como trainer e M\u00e1rcia Ferreira do Brasil como co-trainer<\/strong><br \/>\n<\/span><\/p>\n<h2>&nbsp;<\/h2>\n<h2>&nbsp;<\/h2>\n<h2>&nbsp;<\/h2>\n<h2>&nbsp;<\/h2>\n<p style=\"text-align: left;\"><span style=\"color: #800000; font-family: arial, helvetica, sans-serif;\"><span style=\"font-size: 18px;\"><strong>Considera\u00e7\u00f5es finais<\/strong><\/span><br \/>\n<\/span><\/p>\n<p><span style=\"color: #000000; font-family: arial, helvetica, sans-serif;\">O estudo de Astrologia \u00e9 extenso. Para que o astr\u00f3logo alcance uma boa e completa forma\u00e7\u00e3o, \u00e9 preciso estudar anos a fio. Ao mesmo tempo, pessoas com pouca experi\u00eancia e viv\u00eancia real na profiss\u00e3o e muitas vezes com apenas pouco conhecimento ou um curso b\u00e1sico de Astrologia, j\u00e1 se intitulam &#8220;astr\u00f3logos&#8221;, levando a enganos sobre o que seria a verdadeira Astrologia. O resultado \u00e9 que o p\u00fablico tem pouco acesso \u00e0 Astrologia real, o que leva a um certo descr\u00e9dito por parte da sociedade, e a Astrologia acaba sendo vista muitas vezes somente como um entretenimento.<\/span><\/p>\n<p><span style=\"color: #000000; font-family: arial, helvetica, sans-serif;\">Com a obten\u00e7\u00e3o do t\u00edtulo ISAR C.A.P. &#8211; CERTIFIED ASTROLOGICAL PROFESSIONAL, fazemos parte deste grupo de Profissionais altamente valorizados mundialmente, que ir\u00e3o liderar a necessidade da profiss\u00e3o por \u00e9tica e padroniza\u00e7\u00e3o, assim como continuar\u00e3o a fornecer informa\u00e7\u00e3o astrol\u00f3gica precisa para o p\u00fablico.<\/span><\/p>\n<p style=\"text-align: center;\"><span style=\"font-family: arial, helvetica, sans-serif;\"><a class=\"\" href=\"https:\/\/astroceap.com.br\/ceap\/inscricoes-cursos-online\/\" target=\"_blank\" rel=\"noopener\"><br \/>\n<button class=\"btnwpx\" type=\"button\"> INSCREVA-SE NOS CURSOS DO C.E.A.P. <\/button><\/a><\/span><\/p>\n<p><span style=\"color: #ffffff; font-family: arial, helvetica, sans-serif;\">C.E.A.P certifica\u00e7\u00e3o internacional<\/span><\/p>\n","protected":false},"excerpt":{"rendered":"<p>C.E.A INSCREVA-SE NOS CURSOS DO C.E.A.P. DIPLOMA INTERNACIONAL C.E.A.P. &nbsp; Por ser uma Escola Afiliada ao ISAR &#8211; International Society for Astrological Research, o C.E.A.P. fornece a seus alun@s um Diploma com o reconhecimento de um \u00f3rg\u00e3o internacional, ISAR, sediado<\/p>\n","protected":false},"author":1,"featured_media":0,"parent":0,"menu_order":0,"comment_status":"closed","ping_status":"closed","template":"","meta":{"ngg_post_thumbnail":0,"footnotes":""},"class_list":["post-2907","page","type-page","status-publish","hentry"],"yoast_head":"<!-- This site is optimized with the Yoast SEO plugin v27.4 - https:\/\/yoast.com\/product\/yoast-seo-wordpress\/ -->\n<title>C.E.A.P. Cursos online de astrologia psicol\u00f3gica Certifica\u00e7\u00e3o Internacional<\/title>\n<meta name=\"description\" content=\"Torne-se profissional da Astrologia por meio de uma certifica\u00e7\u00e3o internacional do C.E.A.P. aceita em todo o mundo!\" \/>\n<meta name=\"robots\" content=\"index, follow, max-snippet:-1, max-image-preview:large, max-video-preview:-1\" \/>\n<link rel=\"canonical\" href=\"https:\/\/astroceap.com.br\/ceap\/programa-de-certificacao-internacional-isar\/\" \/>\n<meta property=\"og:locale\" content=\"pt_BR\" \/>\n<meta property=\"og:type\" content=\"article\" \/>\n<meta property=\"og:title\" content=\"C.E.A.P. Cursos online de astrologia psicol\u00f3gica Certifica\u00e7\u00e3o Internacional\" \/>\n<meta property=\"og:description\" content=\"Torne-se profissional da Astrologia por meio de uma certifica\u00e7\u00e3o internacional do C.E.A.P. aceita em todo o mundo!\" \/>\n<meta property=\"og:url\" content=\"https:\/\/astroceap.com.br\/ceap\/programa-de-certificacao-internacional-isar\/\" \/>\n<meta property=\"og:site_name\" content=\"C.E.A.P.\" \/>\n<meta property=\"article:publisher\" content=\"https:\/\/www.facebook.com\/astroceap\/\" \/>\n<meta property=\"article:modified_time\" content=\"2025-12-19T19:30:54+00:00\" \/>\n<meta property=\"og:image\" content=\"http:\/\/astroceap.com.br\/ceap\/wp-content\/uploads\/2018\/11\/ISAR-LOGO-Sem-Data-300x107.jpg\" \/>\n<meta name=\"twitter:card\" content=\"summary_large_image\" \/>\n<meta name=\"twitter:site\" content=\"@astrologiaceap\" \/>\n<meta name=\"twitter:label1\" content=\"Est. tempo de leitura\" \/>\n\t<meta name=\"twitter:data1\" content=\"6 minutos\" \/>\n<script type=\"application\/ld+json\" class=\"yoast-schema-graph\">{\"@context\":\"https:\\\/\\\/schema.org\",\"@graph\":[{\"@type\":\"WebPage\",\"@id\":\"https:\\\/\\\/astroceap.com.br\\\/ceap\\\/programa-de-certificacao-internacional-isar\\\/\",\"url\":\"https:\\\/\\\/astroceap.com.br\\\/ceap\\\/programa-de-certificacao-internacional-isar\\\/\",\"name\":\"C.E.A.P. Cursos online de astrologia psicol\u00f3gica Certifica\u00e7\u00e3o Internacional\",\"isPartOf\":{\"@id\":\"https:\\\/\\\/astroceap.com.br\\\/ceap\\\/#website\"},\"primaryImageOfPage\":{\"@id\":\"https:\\\/\\\/astroceap.com.br\\\/ceap\\\/programa-de-certificacao-internacional-isar\\\/#primaryimage\"},\"image\":{\"@id\":\"https:\\\/\\\/astroceap.com.br\\\/ceap\\\/programa-de-certificacao-internacional-isar\\\/#primaryimage\"},\"thumbnailUrl\":\"http:\\\/\\\/astroceap.com.br\\\/ceap\\\/wp-content\\\/uploads\\\/2018\\\/11\\\/ISAR-LOGO-Sem-Data-300x107.jpg\",\"datePublished\":\"2018-11-12T22:32:53+00:00\",\"dateModified\":\"2025-12-19T19:30:54+00:00\",\"description\":\"Torne-se profissional da Astrologia por meio de uma certifica\u00e7\u00e3o internacional do C.E.A.P. aceita em todo o mundo!\",\"breadcrumb\":{\"@id\":\"https:\\\/\\\/astroceap.com.br\\\/ceap\\\/programa-de-certificacao-internacional-isar\\\/#breadcrumb\"},\"inLanguage\":\"pt-BR\",\"potentialAction\":[{\"@type\":\"ReadAction\",\"target\":[\"https:\\\/\\\/astroceap.com.br\\\/ceap\\\/programa-de-certificacao-internacional-isar\\\/\"]}]},{\"@type\":\"ImageObject\",\"inLanguage\":\"pt-BR\",\"@id\":\"https:\\\/\\\/astroceap.com.br\\\/ceap\\\/programa-de-certificacao-internacional-isar\\\/#primaryimage\",\"url\":\"https:\\\/\\\/astroceap.com.br\\\/ceap\\\/wp-content\\\/uploads\\\/2018\\\/11\\\/ISAR-LOGO-Sem-Data.jpg\",\"contentUrl\":\"https:\\\/\\\/astroceap.com.br\\\/ceap\\\/wp-content\\\/uploads\\\/2018\\\/11\\\/ISAR-LOGO-Sem-Data.jpg\",\"width\":472,\"height\":168},{\"@type\":\"BreadcrumbList\",\"@id\":\"https:\\\/\\\/astroceap.com.br\\\/ceap\\\/programa-de-certificacao-internacional-isar\\\/#breadcrumb\",\"itemListElement\":[{\"@type\":\"ListItem\",\"position\":1,\"name\":\"In\u00edcio\",\"item\":\"https:\\\/\\\/astroceap.com.br\\\/ceap\\\/\"},{\"@type\":\"ListItem\",\"position\":2,\"name\":\"PROGRAMA DE CERTIFICA\u00c7\u00c3O INTERNACIONAL ISAR NO BRASIL\"}]},{\"@type\":\"WebSite\",\"@id\":\"https:\\\/\\\/astroceap.com.br\\\/ceap\\\/#website\",\"url\":\"https:\\\/\\\/astroceap.com.br\\\/ceap\\\/\",\"name\":\"C.E.A.P.\",\"description\":\"Centro de Estudos de Astrologia Psicol\u00f3gica\",\"publisher\":{\"@id\":\"https:\\\/\\\/astroceap.com.br\\\/ceap\\\/#organization\"},\"potentialAction\":[{\"@type\":\"SearchAction\",\"target\":{\"@type\":\"EntryPoint\",\"urlTemplate\":\"https:\\\/\\\/astroceap.com.br\\\/ceap\\\/?s={search_term_string}\"},\"query-input\":{\"@type\":\"PropertyValueSpecification\",\"valueRequired\":true,\"valueName\":\"search_term_string\"}}],\"inLanguage\":\"pt-BR\"},{\"@type\":\"Organization\",\"@id\":\"https:\\\/\\\/astroceap.com.br\\\/ceap\\\/#organization\",\"name\":\"CEAP Centro de Estudos de Astrologia Psicol\u00f3gica\",\"url\":\"https:\\\/\\\/astroceap.com.br\\\/ceap\\\/\",\"logo\":{\"@type\":\"ImageObject\",\"inLanguage\":\"pt-BR\",\"@id\":\"https:\\\/\\\/astroceap.com.br\\\/ceap\\\/#\\\/schema\\\/logo\\\/image\\\/\",\"url\":\"http:\\\/\\\/astroceap.com.br\\\/ceap\\\/wp-content\\\/uploads\\\/2018\\\/03\\\/LOGO_CEAP_New4site.jpg\",\"contentUrl\":\"http:\\\/\\\/astroceap.com.br\\\/ceap\\\/wp-content\\\/uploads\\\/2018\\\/03\\\/LOGO_CEAP_New4site.jpg\",\"width\":140,\"height\":174,\"caption\":\"CEAP Centro de Estudos de Astrologia Psicol\u00f3gica\"},\"image\":{\"@id\":\"https:\\\/\\\/astroceap.com.br\\\/ceap\\\/#\\\/schema\\\/logo\\\/image\\\/\"},\"sameAs\":[\"https:\\\/\\\/www.facebook.com\\\/astroceap\\\/\",\"https:\\\/\\\/x.com\\\/astrologiaceap\",\"https:\\\/\\\/www.instagram.com\\\/ceap.astrologia\\\/\",\"https:\\\/\\\/www.youtube.com\\\/channel\\\/UCDsKeXx5S7f2xoPUxNpARSQ\"]}]}<\/script>\n<!-- \/ Yoast SEO plugin. -->","yoast_head_json":{"title":"C.E.A.P. Cursos online de astrologia psicol\u00f3gica Certifica\u00e7\u00e3o Internacional","description":"Torne-se profissional da Astrologia por meio de uma certifica\u00e7\u00e3o internacional do C.E.A.P. aceita em todo o mundo!","robots":{"index":"index","follow":"follow","max-snippet":"max-snippet:-1","max-image-preview":"max-image-preview:large","max-video-preview":"max-video-preview:-1"},"canonical":"https:\/\/astroceap.com.br\/ceap\/programa-de-certificacao-internacional-isar\/","og_locale":"pt_BR","og_type":"article","og_title":"C.E.A.P. Cursos online de astrologia psicol\u00f3gica Certifica\u00e7\u00e3o Internacional","og_description":"Torne-se profissional da Astrologia por meio de uma certifica\u00e7\u00e3o internacional do C.E.A.P. aceita em todo o mundo!","og_url":"https:\/\/astroceap.com.br\/ceap\/programa-de-certificacao-internacional-isar\/","og_site_name":"C.E.A.P.","article_publisher":"https:\/\/www.facebook.com\/astroceap\/","article_modified_time":"2025-12-19T19:30:54+00:00","og_image":[{"url":"http:\/\/astroceap.com.br\/ceap\/wp-content\/uploads\/2018\/11\/ISAR-LOGO-Sem-Data-300x107.jpg","type":"","width":"","height":""}],"twitter_card":"summary_large_image","twitter_site":"@astrologiaceap","twitter_misc":{"Est. tempo de leitura":"6 minutos"},"schema":{"@context":"https:\/\/schema.org","@graph":[{"@type":"WebPage","@id":"https:\/\/astroceap.com.br\/ceap\/programa-de-certificacao-internacional-isar\/","url":"https:\/\/astroceap.com.br\/ceap\/programa-de-certificacao-internacional-isar\/","name":"C.E.A.P. Cursos online de astrologia psicol\u00f3gica Certifica\u00e7\u00e3o Internacional","isPartOf":{"@id":"https:\/\/astroceap.com.br\/ceap\/#website"},"primaryImageOfPage":{"@id":"https:\/\/astroceap.com.br\/ceap\/programa-de-certificacao-internacional-isar\/#primaryimage"},"image":{"@id":"https:\/\/astroceap.com.br\/ceap\/programa-de-certificacao-internacional-isar\/#primaryimage"},"thumbnailUrl":"http:\/\/astroceap.com.br\/ceap\/wp-content\/uploads\/2018\/11\/ISAR-LOGO-Sem-Data-300x107.jpg","datePublished":"2018-11-12T22:32:53+00:00","dateModified":"2025-12-19T19:30:54+00:00","description":"Torne-se profissional da Astrologia por meio de uma certifica\u00e7\u00e3o internacional do C.E.A.P. aceita em todo o mundo!","breadcrumb":{"@id":"https:\/\/astroceap.com.br\/ceap\/programa-de-certificacao-internacional-isar\/#breadcrumb"},"inLanguage":"pt-BR","potentialAction":[{"@type":"ReadAction","target":["https:\/\/astroceap.com.br\/ceap\/programa-de-certificacao-internacional-isar\/"]}]},{"@type":"ImageObject","inLanguage":"pt-BR","@id":"https:\/\/astroceap.com.br\/ceap\/programa-de-certificacao-internacional-isar\/#primaryimage","url":"https:\/\/astroceap.com.br\/ceap\/wp-content\/uploads\/2018\/11\/ISAR-LOGO-Sem-Data.jpg","contentUrl":"https:\/\/astroceap.com.br\/ceap\/wp-content\/uploads\/2018\/11\/ISAR-LOGO-Sem-Data.jpg","width":472,"height":168},{"@type":"BreadcrumbList","@id":"https:\/\/astroceap.com.br\/ceap\/programa-de-certificacao-internacional-isar\/#breadcrumb","itemListElement":[{"@type":"ListItem","position":1,"name":"In\u00edcio","item":"https:\/\/astroceap.com.br\/ceap\/"},{"@type":"ListItem","position":2,"name":"PROGRAMA DE CERTIFICA\u00c7\u00c3O INTERNACIONAL ISAR NO BRASIL"}]},{"@type":"WebSite","@id":"https:\/\/astroceap.com.br\/ceap\/#website","url":"https:\/\/astroceap.com.br\/ceap\/","name":"C.E.A.P.","description":"Centro de Estudos de Astrologia Psicol\u00f3gica","publisher":{"@id":"https:\/\/astroceap.com.br\/ceap\/#organization"},"potentialAction":[{"@type":"SearchAction","target":{"@type":"EntryPoint","urlTemplate":"https:\/\/astroceap.com.br\/ceap\/?s={search_term_string}"},"query-input":{"@type":"PropertyValueSpecification","valueRequired":true,"valueName":"search_term_string"}}],"inLanguage":"pt-BR"},{"@type":"Organization","@id":"https:\/\/astroceap.com.br\/ceap\/#organization","name":"CEAP Centro de Estudos de Astrologia Psicol\u00f3gica","url":"https:\/\/astroceap.com.br\/ceap\/","logo":{"@type":"ImageObject","inLanguage":"pt-BR","@id":"https:\/\/astroceap.com.br\/ceap\/#\/schema\/logo\/image\/","url":"http:\/\/astroceap.com.br\/ceap\/wp-content\/uploads\/2018\/03\/LOGO_CEAP_New4site.jpg","contentUrl":"http:\/\/astroceap.com.br\/ceap\/wp-content\/uploads\/2018\/03\/LOGO_CEAP_New4site.jpg","width":140,"height":174,"caption":"CEAP Centro de Estudos de Astrologia Psicol\u00f3gica"},"image":{"@id":"https:\/\/astroceap.com.br\/ceap\/#\/schema\/logo\/image\/"},"sameAs":["https:\/\/www.facebook.com\/astroceap\/","https:\/\/x.com\/astrologiaceap","https:\/\/www.instagram.com\/ceap.astrologia\/","https:\/\/www.youtube.com\/channel\/UCDsKeXx5S7f2xoPUxNpARSQ"]}]}},"_links":{"self":[{"href":"https:\/\/astroceap.com.br\/ceap\/wp-json\/wp\/v2\/pages\/2907","targetHints":{"allow":["GET"]}}],"collection":[{"href":"https:\/\/astroceap.com.br\/ceap\/wp-json\/wp\/v2\/pages"}],"about":[{"href":"https:\/\/astroceap.com.br\/ceap\/wp-json\/wp\/v2\/types\/page"}],"author":[{"embeddable":true,"href":"https:\/\/astroceap.com.br\/ceap\/wp-json\/wp\/v2\/users\/1"}],"replies":[{"embeddable":true,"href":"https:\/\/astroceap.com.br\/ceap\/wp-json\/wp\/v2\/comments?post=2907"}],"version-history":[{"count":76,"href":"https:\/\/astroceap.com.br\/ceap\/wp-json\/wp\/v2\/pages\/2907\/revisions"}],"predecessor-version":[{"id":11773,"href":"https:\/\/astroceap.com.br\/ceap\/wp-json\/wp\/v2\/pages\/2907\/revisions\/11773"}],"wp:attachment":[{"href":"https:\/\/astroceap.com.br\/ceap\/wp-json\/wp\/v2\/media?parent=2907"}],"curies":[{"name":"wp","href":"https:\/\/api.w.org\/{rel}","templated":true}]}}