{"id":383,"date":"2017-12-09T17:28:18","date_gmt":"2017-12-09T19:28:18","guid":{"rendered":"http:\/\/astroceap.com.br\/ceap\/?page_id=383"},"modified":"2025-12-26T20:14:51","modified_gmt":"2025-12-26T23:14:51","slug":"astrologia-psicologica","status":"publish","type":"page","link":"https:\/\/astroceap.com.br\/ceap\/astrologia-psicologica\/","title":{"rendered":"ASTROLOGIA PSICOL\u00d3GICA &#8211; Uni\u00e3o da Psicologia e Astrologia"},"content":{"rendered":"<p style=\"text-align: left;\"><span style=\"color: #ffffff;\">o que \u00e9 a astrologia psicol\u00f3gica<\/span><\/p>\n<h2 style=\"text-align: center;\"><span style=\"color: #993300;\"><strong>QUANDO A PSICOLOGIA E A ASTROLOGIA SE ENCONTRAM<\/strong><\/span><\/h2>\n<div style=\"padding: 56.25% 0 0 0; position: relative;\"><iframe style=\"position: absolute; top: 0; left: 0; width: 100%; height: 100%;\" title=\"QUANDO A PSICOLOGIA E A ASTROLOGIA SE ENCONTRAM\" data-src=\"https:\/\/player.vimeo.com\/video\/892272465?badge=0&amp;autopause=0&amp;quality_selector=1&amp;player_id=0&amp;app_id=58479\" frameborder=\"0\" src=\"data:image\/svg+xml;base64,PHN2ZyB3aWR0aD0iMSIgaGVpZ2h0PSIxIiB4bWxucz0iaHR0cDovL3d3dy53My5vcmcvMjAwMC9zdmciPjwvc3ZnPg==\" class=\"lazyload\" data-load-mode=\"1\"><\/iframe><\/div>\n<p>&nbsp;<\/p>\n<p style=\"text-align: center;\"><strong><a class=\"maxbutton-11 maxbutton maxbutton-inscreva-se-inscricao-geral\" href=\"https:\/\/astrologiaceap.com.br\/inscricao\"><span class='mb-text'>INSCREVA-SE<\/span><\/a><\/strong><\/p>\n<p>&lt;\/ br&gt; &lt;\/ br&gt;<br \/>\n<img decoding=\"async\" class=\"wp-image-384 alignleft lazyload\" data-src=\"https:\/\/astroceap.com.br\/ceap\/wp-content\/uploads\/2017\/12\/ASTROLOGIA-PSICOLO\u0301GICA-e1512847627800-1024x969.jpg\" alt=\"\" width=\"263\" height=\"248\" data-srcset=\"https:\/\/astroceap.com.br\/ceap\/wp-content\/uploads\/2017\/12\/ASTROLOGIA-PSICOLO\u0301GICA-e1512847627800-1024x969.jpg 1024w, https:\/\/astroceap.com.br\/ceap\/wp-content\/uploads\/2017\/12\/ASTROLOGIA-PSICOLO\u0301GICA-e1512847627800-300x284.jpg 300w, https:\/\/astroceap.com.br\/ceap\/wp-content\/uploads\/2017\/12\/ASTROLOGIA-PSICOLO\u0301GICA-e1512847627800-768x727.jpg 768w, https:\/\/astroceap.com.br\/ceap\/wp-content\/uploads\/2017\/12\/ASTROLOGIA-PSICOLO\u0301GICA-e1512847627800.jpg 1440w\" data-sizes=\"(max-width: 263px) 100vw, 263px\" src=\"data:image\/svg+xml;base64,PHN2ZyB3aWR0aD0iMSIgaGVpZ2h0PSIxIiB4bWxucz0iaHR0cDovL3d3dy53My5vcmcvMjAwMC9zdmciPjwvc3ZnPg==\" style=\"--smush-placeholder-width: 263px; --smush-placeholder-aspect-ratio: 263\/248;\" \/><span style=\"color: #800000; font-family: arial, helvetica, sans-serif;\"><strong>por M\u00e1rcia Ferreira<br \/>\n<\/strong><\/span><\/p>\n<p class=\"p1\"><span style=\"color: #000000; font-family: arial, helvetica, sans-serif;\">A Astrologia <em>n\u00e3o parte do modelo cartesiano de causa e efeito<\/em>, onde os causadores s\u00e3o os planetas e o efeito a altera\u00e7\u00e3o em nosso comportamento, mas sim de uma rela\u00e7\u00e3o de correspond\u00eancia entre o micro ( eventos terrestres ) e o macro ( cosmos ).<\/span><\/p>\n<p><span style=\"color: #000000; font-family: arial, helvetica, sans-serif;\">A designa\u00e7\u00e3o do nome <strong><span style=\"color: #993300;\">Astrologia Psicol\u00f3gica<\/span> <\/strong>serve para delinear a proposta de estudos e de trabalho do <span style=\"color: #993300;\"><strong>C.E.A.P.<\/strong><\/span>, pois assim como em muitas \u00e1reas do conhecimento humano, dentro da Astrologia tamb\u00e9m existem diversas &#8216;linhas&#8217;, ou seja, diversas formas de se encarar e de se trabalhar o mesmo objeto de estudo.<\/span><\/p>\n<p><span style=\"color: #000000; font-family: arial, helvetica, sans-serif;\">O que se conhece tradicionalmente como a Astrologia propriamente dita, vai ter como enfoque priorit\u00e1rio, principalmente na m\u00eddia, a descri\u00e7\u00e3o do car\u00e1ter de uma pessoa e a previs\u00e3o dos acontecimentos externos na vida daquela pessoa.<\/span><\/p>\n<p class=\"p1\"><span style=\"color: #000000; font-family: arial, helvetica, sans-serif;\">J\u00e1 no que chamamos de Astrologia Psicol\u00f3gica, isso acontece tamb\u00e9m, mas de uma forma um pouco diferente: para a Astrologia Psicol\u00f3gica, <em>n\u00e3o s\u00e3o os eventos externos propriamente ditos o que mais importa,<\/em> ou seja, se a pessoa ir\u00e1 se casar no m\u00eas que vem ou se arrumar\u00e1 um emprego, esses eventos externos t\u00eam sua import\u00e2ncia sim, mas o mais importante vem a ser <strong>a din\u00e2mica ps\u00edquica envolvida naquele processo e naquele determinado momento em particular.<\/strong> <strong>O que importa \u00e9 a qualidade ps\u00edquica de determinado momento e a import\u00e2ncia da pessoa estar consciente<\/strong><br \/>\n<\/span><\/p>\n<p><span style=\"color: #000000; font-family: arial, helvetica, sans-serif;\"><img decoding=\"async\" class=\"alignright wp-image-893 size-medium lazyload\" data-src=\"https:\/\/astroceap.com.br\/ceap\/wp-content\/uploads\/2018\/03\/cameron-gray-jung-citation-300x300.jpg\" alt=\"o que \u00e9 a astrologia psicol\u00f3gica\" width=\"300\" height=\"300\" data-srcset=\"https:\/\/astroceap.com.br\/ceap\/wp-content\/uploads\/2018\/03\/cameron-gray-jung-citation-300x300.jpg 300w, https:\/\/astroceap.com.br\/ceap\/wp-content\/uploads\/2018\/03\/cameron-gray-jung-citation-150x150.jpg 150w, https:\/\/astroceap.com.br\/ceap\/wp-content\/uploads\/2018\/03\/cameron-gray-jung-citation-230x230.jpg 230w, https:\/\/astroceap.com.br\/ceap\/wp-content\/uploads\/2018\/03\/cameron-gray-jung-citation-330x330.jpg 330w, https:\/\/astroceap.com.br\/ceap\/wp-content\/uploads\/2018\/03\/cameron-gray-jung-citation.jpg 500w\" data-sizes=\"(max-width: 300px) 100vw, 300px\" src=\"data:image\/svg+xml;base64,PHN2ZyB3aWR0aD0iMSIgaGVpZ2h0PSIxIiB4bWxucz0iaHR0cDovL3d3dy53My5vcmcvMjAwMC9zdmciPjwvc3ZnPg==\" style=\"--smush-placeholder-width: 300px; --smush-placeholder-aspect-ratio: 300\/300;\" \/> <strong>e alinhada com o processo<\/strong> para poder &#8220;remar a favor da mar\u00e9&#8221;, e assim, sua vida fluir melhor.<\/span><\/p>\n<p class=\"p1\"><span style=\"color: #000000; font-family: arial, helvetica, sans-serif;\">Uma das melhores coloca\u00e7\u00f5es que nos leva \u00e0 compreens\u00e3o do porqu\u00ea de n\u00e3o se carregar tanto as tintas nas previs\u00f5es de acontecimentos externos, \u00e9 atrav\u00e9s da frase do psic\u00f3logo e professor Richard Tarnas:<\/span><\/p>\n<p><span style=\"color: #000000;\"><strong><em>&#8221; A Astrologia \u00e9 arquetipicamente preditiva e n\u00e3o evento-preditiva&#8221;<\/em><\/strong><\/span><\/p>\n<p class=\"p1\"><span style=\"color: #000000;\"><span style=\"font-family: arial, helvetica, sans-serif;\">O intuito \u00e9 sempre <em>trazer para dentro a compreens\u00e3o do problema e n\u00e3o projetar fora, no mundo externo,<\/em> porque isso simplesmente n\u00e3o resolve, \u00e9 paliativo. Ao se conscientizar dos arqu\u00e9tipos em evid\u00eancia, outras elabora\u00e7\u00f5es correlatas vir\u00e3o simultaneamente, aumentando assim o espectro de consci\u00eancia a partir da leitura de um Mapa e, consequentemente, <em>seu poder de a\u00e7\u00e3o sobre os seus pr\u00f3prios conte\u00fados e sobre sua vida.<\/em> Entendemos que a rela\u00e7\u00e3o do mundo externo com o interno se d\u00e1 tal qual a rela\u00e7\u00e3o de um espelho, ou seja, <em>o que acontece externamente na vida de determinada pessoa, reflete a sua din\u00e2mica interna.<\/em><br \/>\nJung explorou bastante isso em seus trabalhos e segundo ele: <em>&#8220;quando uma situa\u00e7\u00e3o interna n\u00e3o \u00e9 conscientizada, acontece no mundo externo como destino&#8221;.<\/em><\/span><br \/>\n<\/span><\/p>\n<p class=\"p1\"><span style=\"font-family: arial, helvetica, sans-serif;\"><span style=\"color: #000000;\">Somos enfaticamente contra a utiliza\u00e7\u00e3o da Astrologia como instrumento gerador de medos, de vis\u00f5es onipotentes e\/ou como recept\u00e1culo de proje\u00e7\u00f5es ing\u00eanuas, pois se assim o for, o que era antes projetado no marido, esposa, filhos, ou quaisquer pessoas pr\u00f3ximas, agora passaria simplesmente a ser projetado nos planetas, na Lua, no Sol, mantendo-se assim o mesmo mecanismo primitivo, inconsciente, repetitivo e alienante. Delegar aos astros algo que \u00e9 de responsabilidade interna, no nosso entender, seria um enfoque em rela\u00e7\u00e3o \u00e0 Astrologia totalmente &#8216;naive&#8217;, uma atitude ing\u00eanua e simpl\u00f3ria, digna dos ataques por parte de nossos detratores. O enfoque da Astrologia Psicol\u00f3gica \u00e9 muito mais din\u00e2mico: momentos onde hajam previs\u00f5es &#8220;ruins&#8221;, s\u00e3o momentos de crise e de oportunidades de mudan\u00e7as, quando justamente n\u00e3o devemos nos furtar a que tais mudan\u00e7as ocorram.<\/span><\/span><\/p>\n<p><img decoding=\"async\" class=\"alignleft wp-image-894 size-medium lazyload\" data-src=\"https:\/\/astroceap.com.br\/ceap\/wp-content\/uploads\/2018\/03\/cameron-gray-pessoa-300x300.jpg\" alt=\"\" width=\"300\" height=\"300\" data-srcset=\"https:\/\/astroceap.com.br\/ceap\/wp-content\/uploads\/2018\/03\/cameron-gray-pessoa-300x300.jpg 300w, https:\/\/astroceap.com.br\/ceap\/wp-content\/uploads\/2018\/03\/cameron-gray-pessoa-150x150.jpg 150w, https:\/\/astroceap.com.br\/ceap\/wp-content\/uploads\/2018\/03\/cameron-gray-pessoa-768x768.jpg 768w, https:\/\/astroceap.com.br\/ceap\/wp-content\/uploads\/2018\/03\/cameron-gray-pessoa-1024x1024.jpg 1024w, https:\/\/astroceap.com.br\/ceap\/wp-content\/uploads\/2018\/03\/cameron-gray-pessoa-230x230.jpg 230w, https:\/\/astroceap.com.br\/ceap\/wp-content\/uploads\/2018\/03\/cameron-gray-pessoa-330x330.jpg 330w, https:\/\/astroceap.com.br\/ceap\/wp-content\/uploads\/2018\/03\/cameron-gray-pessoa.jpg 1080w\" data-sizes=\"(max-width: 300px) 100vw, 300px\" src=\"data:image\/svg+xml;base64,PHN2ZyB3aWR0aD0iMSIgaGVpZ2h0PSIxIiB4bWxucz0iaHR0cDovL3d3dy53My5vcmcvMjAwMC9zdmciPjwvc3ZnPg==\" style=\"--smush-placeholder-width: 300px; --smush-placeholder-aspect-ratio: 300\/300;\" \/><\/p>\n<p class=\"p1\"><strong><em><span style=\"color: #000000; font-family: arial, helvetica, sans-serif;\">Aumentando a consci\u00eancia e o poder internos, voc\u00ea passar\u00e1 a ter um instrumental maior para lidar com sua psique e consequentemente com sua pr\u00f3pria vida, saindo de uma posi\u00e7\u00e3o impotente de mero espectador.<\/span><\/em><\/strong><\/p>\n<p class=\"p1\"><span style=\"color: #000000; font-family: arial, helvetica, sans-serif;\">As dificuldades e bloqueios mostrados no Mapa trazem em si mesmos <em>o potencial para serem transcendidos e vivenciados de uma maneira totalmente nova<\/em> e diferente daquela condi\u00e7\u00e3o repetitiva que se mostrou inicialmente.<\/span><\/p>\n<p class=\"p1\"><span style=\"color: #000000; font-family: arial, helvetica, sans-serif;\">Neste sentido, com a uni\u00e3o dos dois saberes, da Astrologia como um guia para se desvendar a psique humana e da Psicologia com o pr\u00f3prio tratamento psicoterap\u00eautico e psicanal\u00edtico em si, temos a uni\u00e3o de poderosos aliados n\u00e3o s\u00f3 para a compreens\u00e3o humana e existencial em geral como tamb\u00e9m para o tratamento de cada paciente em particular.<\/span><\/p>\n<p style=\"text-align: center;\"><strong><a class=\"maxbutton-11 maxbutton maxbutton-inscreva-se-inscricao-geral\" href=\"https:\/\/astrologiaceap.com.br\/inscricao\"><span class='mb-text'>INSCREVA-SE<\/span><\/a><\/strong><\/p>\n","protected":false},"excerpt":{"rendered":"<p>o que \u00e9 a astrologia psicol\u00f3gica QUANDO A PSICOLOGIA E A ASTROLOGIA SE ENCONTRAM &nbsp; &lt;\/ br&gt; &lt;\/ br&gt; por M\u00e1rcia Ferreira A Astrologia n\u00e3o parte do modelo cartesiano de causa e efeito, onde os causadores s\u00e3o os planetas e<\/p>\n","protected":false},"author":1,"featured_media":355,"parent":0,"menu_order":0,"comment_status":"closed","ping_status":"closed","template":"","meta":{"ngg_post_thumbnail":0,"footnotes":""},"class_list":["post-383","page","type-page","status-publish","has-post-thumbnail","hentry"],"yoast_head":"<!-- This site is optimized with the Yoast SEO plugin v27.4 - https:\/\/yoast.com\/product\/yoast-seo-wordpress\/ -->\n<title>O que \u00e9 a Astrologia Psicol\u00f3gica? Cursos online e Diploma Internacional<\/title>\n<meta name=\"description\" content=\"Astrologia Psicol\u00f3gica: uni\u00e3o de duas \u00e1reas para compreens\u00e3o humana e existencial e para tratamento de cada paciente em particular.\" \/>\n<meta name=\"robots\" content=\"index, follow, max-snippet:-1, max-image-preview:large, max-video-preview:-1\" \/>\n<link rel=\"canonical\" href=\"https:\/\/astroceap.com.br\/ceap\/astrologia-psicologica\/\" \/>\n<meta property=\"og:locale\" content=\"pt_BR\" \/>\n<meta property=\"og:type\" content=\"article\" \/>\n<meta property=\"og:title\" content=\"O que \u00e9 a Astrologia Psicol\u00f3gica? Cursos online e Diploma Internacional\" \/>\n<meta property=\"og:description\" content=\"Astrologia Psicol\u00f3gica: uni\u00e3o de duas \u00e1reas para compreens\u00e3o humana e existencial e para tratamento de cada paciente em particular.\" \/>\n<meta property=\"og:url\" content=\"https:\/\/astroceap.com.br\/ceap\/astrologia-psicologica\/\" \/>\n<meta property=\"og:site_name\" content=\"C.E.A.P.\" \/>\n<meta property=\"article:publisher\" content=\"https:\/\/www.facebook.com\/astroceap\/\" \/>\n<meta property=\"article:modified_time\" content=\"2025-12-26T23:14:51+00:00\" \/>\n<meta property=\"og:image\" content=\"https:\/\/astroceap.com.br\/ceap\/wp-content\/uploads\/2017\/12\/IMAGEM-ASTROL-PSICOLO\u0301GICA-SLIDER-1-1_LOGO.jpg\" \/>\n\t<meta property=\"og:image:width\" content=\"1500\" \/>\n\t<meta property=\"og:image:height\" content=\"600\" \/>\n\t<meta property=\"og:image:type\" content=\"image\/jpeg\" \/>\n<meta name=\"twitter:card\" content=\"summary_large_image\" \/>\n<meta name=\"twitter:site\" content=\"@astrologiaceap\" \/>\n<meta name=\"twitter:label1\" content=\"Est. tempo de leitura\" \/>\n\t<meta name=\"twitter:data1\" content=\"5 minutos\" \/>\n<script type=\"application\/ld+json\" class=\"yoast-schema-graph\">{\"@context\":\"https:\\\/\\\/schema.org\",\"@graph\":[{\"@type\":\"WebPage\",\"@id\":\"https:\\\/\\\/astroceap.com.br\\\/ceap\\\/astrologia-psicologica\\\/\",\"url\":\"https:\\\/\\\/astroceap.com.br\\\/ceap\\\/astrologia-psicologica\\\/\",\"name\":\"O que \u00e9 a Astrologia Psicol\u00f3gica? Cursos online e Diploma Internacional\",\"isPartOf\":{\"@id\":\"https:\\\/\\\/astroceap.com.br\\\/ceap\\\/#website\"},\"primaryImageOfPage\":{\"@id\":\"https:\\\/\\\/astroceap.com.br\\\/ceap\\\/astrologia-psicologica\\\/#primaryimage\"},\"image\":{\"@id\":\"https:\\\/\\\/astroceap.com.br\\\/ceap\\\/astrologia-psicologica\\\/#primaryimage\"},\"thumbnailUrl\":\"https:\\\/\\\/astroceap.com.br\\\/ceap\\\/wp-content\\\/uploads\\\/2017\\\/12\\\/IMAGEM-ASTROL-PSICOLO\u0301GICA-SLIDER-1-1_LOGO.jpg\",\"datePublished\":\"2017-12-09T19:28:18+00:00\",\"dateModified\":\"2025-12-26T23:14:51+00:00\",\"description\":\"Astrologia Psicol\u00f3gica: uni\u00e3o de duas \u00e1reas para compreens\u00e3o humana e existencial e para tratamento de cada paciente em particular.\",\"breadcrumb\":{\"@id\":\"https:\\\/\\\/astroceap.com.br\\\/ceap\\\/astrologia-psicologica\\\/#breadcrumb\"},\"inLanguage\":\"pt-BR\",\"potentialAction\":[{\"@type\":\"ReadAction\",\"target\":[\"https:\\\/\\\/astroceap.com.br\\\/ceap\\\/astrologia-psicologica\\\/\"]}]},{\"@type\":\"ImageObject\",\"inLanguage\":\"pt-BR\",\"@id\":\"https:\\\/\\\/astroceap.com.br\\\/ceap\\\/astrologia-psicologica\\\/#primaryimage\",\"url\":\"https:\\\/\\\/astroceap.com.br\\\/ceap\\\/wp-content\\\/uploads\\\/2017\\\/12\\\/IMAGEM-ASTROL-PSICOLO\u0301GICA-SLIDER-1-1_LOGO.jpg\",\"contentUrl\":\"https:\\\/\\\/astroceap.com.br\\\/ceap\\\/wp-content\\\/uploads\\\/2017\\\/12\\\/IMAGEM-ASTROL-PSICOLO\u0301GICA-SLIDER-1-1_LOGO.jpg\",\"width\":1500,\"height\":600},{\"@type\":\"BreadcrumbList\",\"@id\":\"https:\\\/\\\/astroceap.com.br\\\/ceap\\\/astrologia-psicologica\\\/#breadcrumb\",\"itemListElement\":[{\"@type\":\"ListItem\",\"position\":1,\"name\":\"In\u00edcio\",\"item\":\"https:\\\/\\\/astroceap.com.br\\\/ceap\\\/\"},{\"@type\":\"ListItem\",\"position\":2,\"name\":\"ASTROLOGIA PSICOL\u00d3GICA &#8211; Uni\u00e3o da Psicologia e Astrologia\"}]},{\"@type\":\"WebSite\",\"@id\":\"https:\\\/\\\/astroceap.com.br\\\/ceap\\\/#website\",\"url\":\"https:\\\/\\\/astroceap.com.br\\\/ceap\\\/\",\"name\":\"C.E.A.P.\",\"description\":\"Centro de Estudos de Astrologia Psicol\u00f3gica\",\"publisher\":{\"@id\":\"https:\\\/\\\/astroceap.com.br\\\/ceap\\\/#organization\"},\"potentialAction\":[{\"@type\":\"SearchAction\",\"target\":{\"@type\":\"EntryPoint\",\"urlTemplate\":\"https:\\\/\\\/astroceap.com.br\\\/ceap\\\/?s={search_term_string}\"},\"query-input\":{\"@type\":\"PropertyValueSpecification\",\"valueRequired\":true,\"valueName\":\"search_term_string\"}}],\"inLanguage\":\"pt-BR\"},{\"@type\":\"Organization\",\"@id\":\"https:\\\/\\\/astroceap.com.br\\\/ceap\\\/#organization\",\"name\":\"CEAP Centro de Estudos de Astrologia Psicol\u00f3gica\",\"url\":\"https:\\\/\\\/astroceap.com.br\\\/ceap\\\/\",\"logo\":{\"@type\":\"ImageObject\",\"inLanguage\":\"pt-BR\",\"@id\":\"https:\\\/\\\/astroceap.com.br\\\/ceap\\\/#\\\/schema\\\/logo\\\/image\\\/\",\"url\":\"http:\\\/\\\/astroceap.com.br\\\/ceap\\\/wp-content\\\/uploads\\\/2018\\\/03\\\/LOGO_CEAP_New4site.jpg\",\"contentUrl\":\"http:\\\/\\\/astroceap.com.br\\\/ceap\\\/wp-content\\\/uploads\\\/2018\\\/03\\\/LOGO_CEAP_New4site.jpg\",\"width\":140,\"height\":174,\"caption\":\"CEAP Centro de Estudos de Astrologia Psicol\u00f3gica\"},\"image\":{\"@id\":\"https:\\\/\\\/astroceap.com.br\\\/ceap\\\/#\\\/schema\\\/logo\\\/image\\\/\"},\"sameAs\":[\"https:\\\/\\\/www.facebook.com\\\/astroceap\\\/\",\"https:\\\/\\\/x.com\\\/astrologiaceap\",\"https:\\\/\\\/www.instagram.com\\\/ceap.astrologia\\\/\",\"https:\\\/\\\/www.youtube.com\\\/channel\\\/UCDsKeXx5S7f2xoPUxNpARSQ\"]}]}<\/script>\n<!-- \/ Yoast SEO plugin. -->","yoast_head_json":{"title":"O que \u00e9 a Astrologia Psicol\u00f3gica? Cursos online e Diploma Internacional","description":"Astrologia Psicol\u00f3gica: uni\u00e3o de duas \u00e1reas para compreens\u00e3o humana e existencial e para tratamento de cada paciente em particular.","robots":{"index":"index","follow":"follow","max-snippet":"max-snippet:-1","max-image-preview":"max-image-preview:large","max-video-preview":"max-video-preview:-1"},"canonical":"https:\/\/astroceap.com.br\/ceap\/astrologia-psicologica\/","og_locale":"pt_BR","og_type":"article","og_title":"O que \u00e9 a Astrologia Psicol\u00f3gica? Cursos online e Diploma Internacional","og_description":"Astrologia Psicol\u00f3gica: uni\u00e3o de duas \u00e1reas para compreens\u00e3o humana e existencial e para tratamento de cada paciente em particular.","og_url":"https:\/\/astroceap.com.br\/ceap\/astrologia-psicologica\/","og_site_name":"C.E.A.P.","article_publisher":"https:\/\/www.facebook.com\/astroceap\/","article_modified_time":"2025-12-26T23:14:51+00:00","og_image":[{"width":1500,"height":600,"url":"https:\/\/astroceap.com.br\/ceap\/wp-content\/uploads\/2017\/12\/IMAGEM-ASTROL-PSICOLO\u0301GICA-SLIDER-1-1_LOGO.jpg","type":"image\/jpeg"}],"twitter_card":"summary_large_image","twitter_site":"@astrologiaceap","twitter_misc":{"Est. tempo de leitura":"5 minutos"},"schema":{"@context":"https:\/\/schema.org","@graph":[{"@type":"WebPage","@id":"https:\/\/astroceap.com.br\/ceap\/astrologia-psicologica\/","url":"https:\/\/astroceap.com.br\/ceap\/astrologia-psicologica\/","name":"O que \u00e9 a Astrologia Psicol\u00f3gica? Cursos online e Diploma Internacional","isPartOf":{"@id":"https:\/\/astroceap.com.br\/ceap\/#website"},"primaryImageOfPage":{"@id":"https:\/\/astroceap.com.br\/ceap\/astrologia-psicologica\/#primaryimage"},"image":{"@id":"https:\/\/astroceap.com.br\/ceap\/astrologia-psicologica\/#primaryimage"},"thumbnailUrl":"https:\/\/astroceap.com.br\/ceap\/wp-content\/uploads\/2017\/12\/IMAGEM-ASTROL-PSICOLO\u0301GICA-SLIDER-1-1_LOGO.jpg","datePublished":"2017-12-09T19:28:18+00:00","dateModified":"2025-12-26T23:14:51+00:00","description":"Astrologia Psicol\u00f3gica: uni\u00e3o de duas \u00e1reas para compreens\u00e3o humana e existencial e para tratamento de cada paciente em particular.","breadcrumb":{"@id":"https:\/\/astroceap.com.br\/ceap\/astrologia-psicologica\/#breadcrumb"},"inLanguage":"pt-BR","potentialAction":[{"@type":"ReadAction","target":["https:\/\/astroceap.com.br\/ceap\/astrologia-psicologica\/"]}]},{"@type":"ImageObject","inLanguage":"pt-BR","@id":"https:\/\/astroceap.com.br\/ceap\/astrologia-psicologica\/#primaryimage","url":"https:\/\/astroceap.com.br\/ceap\/wp-content\/uploads\/2017\/12\/IMAGEM-ASTROL-PSICOLO\u0301GICA-SLIDER-1-1_LOGO.jpg","contentUrl":"https:\/\/astroceap.com.br\/ceap\/wp-content\/uploads\/2017\/12\/IMAGEM-ASTROL-PSICOLO\u0301GICA-SLIDER-1-1_LOGO.jpg","width":1500,"height":600},{"@type":"BreadcrumbList","@id":"https:\/\/astroceap.com.br\/ceap\/astrologia-psicologica\/#breadcrumb","itemListElement":[{"@type":"ListItem","position":1,"name":"In\u00edcio","item":"https:\/\/astroceap.com.br\/ceap\/"},{"@type":"ListItem","position":2,"name":"ASTROLOGIA PSICOL\u00d3GICA &#8211; Uni\u00e3o da Psicologia e Astrologia"}]},{"@type":"WebSite","@id":"https:\/\/astroceap.com.br\/ceap\/#website","url":"https:\/\/astroceap.com.br\/ceap\/","name":"C.E.A.P.","description":"Centro de Estudos de Astrologia Psicol\u00f3gica","publisher":{"@id":"https:\/\/astroceap.com.br\/ceap\/#organization"},"potentialAction":[{"@type":"SearchAction","target":{"@type":"EntryPoint","urlTemplate":"https:\/\/astroceap.com.br\/ceap\/?s={search_term_string}"},"query-input":{"@type":"PropertyValueSpecification","valueRequired":true,"valueName":"search_term_string"}}],"inLanguage":"pt-BR"},{"@type":"Organization","@id":"https:\/\/astroceap.com.br\/ceap\/#organization","name":"CEAP Centro de Estudos de Astrologia Psicol\u00f3gica","url":"https:\/\/astroceap.com.br\/ceap\/","logo":{"@type":"ImageObject","inLanguage":"pt-BR","@id":"https:\/\/astroceap.com.br\/ceap\/#\/schema\/logo\/image\/","url":"http:\/\/astroceap.com.br\/ceap\/wp-content\/uploads\/2018\/03\/LOGO_CEAP_New4site.jpg","contentUrl":"http:\/\/astroceap.com.br\/ceap\/wp-content\/uploads\/2018\/03\/LOGO_CEAP_New4site.jpg","width":140,"height":174,"caption":"CEAP Centro de Estudos de Astrologia Psicol\u00f3gica"},"image":{"@id":"https:\/\/astroceap.com.br\/ceap\/#\/schema\/logo\/image\/"},"sameAs":["https:\/\/www.facebook.com\/astroceap\/","https:\/\/x.com\/astrologiaceap","https:\/\/www.instagram.com\/ceap.astrologia\/","https:\/\/www.youtube.com\/channel\/UCDsKeXx5S7f2xoPUxNpARSQ"]}]}},"_links":{"self":[{"href":"https:\/\/astroceap.com.br\/ceap\/wp-json\/wp\/v2\/pages\/383","targetHints":{"allow":["GET"]}}],"collection":[{"href":"https:\/\/astroceap.com.br\/ceap\/wp-json\/wp\/v2\/pages"}],"about":[{"href":"https:\/\/astroceap.com.br\/ceap\/wp-json\/wp\/v2\/types\/page"}],"author":[{"embeddable":true,"href":"https:\/\/astroceap.com.br\/ceap\/wp-json\/wp\/v2\/users\/1"}],"replies":[{"embeddable":true,"href":"https:\/\/astroceap.com.br\/ceap\/wp-json\/wp\/v2\/comments?post=383"}],"version-history":[{"count":47,"href":"https:\/\/astroceap.com.br\/ceap\/wp-json\/wp\/v2\/pages\/383\/revisions"}],"predecessor-version":[{"id":11794,"href":"https:\/\/astroceap.com.br\/ceap\/wp-json\/wp\/v2\/pages\/383\/revisions\/11794"}],"wp:featuredmedia":[{"embeddable":true,"href":"https:\/\/astroceap.com.br\/ceap\/wp-json\/wp\/v2\/media\/355"}],"wp:attachment":[{"href":"https:\/\/astroceap.com.br\/ceap\/wp-json\/wp\/v2\/media?parent=383"}],"curies":[{"name":"wp","href":"https:\/\/api.w.org\/{rel}","templated":true}]}}