{"id":8,"date":"2015-02-09T08:10:31","date_gmt":"2015-02-09T08:10:31","guid":{"rendered":"http:\/\/demo.themegrill.com\/ample\/?page_id=8"},"modified":"2025-11-13T18:09:38","modified_gmt":"2025-11-13T21:09:38","slug":"contact","status":"publish","type":"page","link":"https:\/\/astroceap.com.br\/ceap\/contact\/","title":{"rendered":"ENTRE EM CONTATO"},"content":{"rendered":"<p><span style=\"color: #ffffff;\">cursos astrologia<\/span><\/p>\n<h3><strong><span style=\"color: #993300;\">C.E.A.P. &#8211; Centro de Estudos de Astrologia Psicol\u00f3gica<\/span><\/strong><\/h3>\n<p><span style=\"color: #000000;\"><br \/>\nColoque no formul\u00e1rio abaixo, no campo <strong>Sua mensagem<\/strong>, qual o curso de seu interesse a partir de nossa grade de cursos na p\u00e1gina: <strong><a href=\"https:\/\/astroceap.com.br\/ceap\/inscricoes-cursos-online\/\">CONHE\u00c7A<\/a><\/strong><\/span><br \/>\n<span style=\"color: #000000;\">Se seu interesse for sobre Atendimento, preencha o formul\u00e1rio abaixo colocando no campo assunto qual o tipo de Atendimento procurado.<\/span><\/p>\n<p><img decoding=\"async\" class=\"size-full wp-image-5307 alignleft lazyload\" data-src=\"https:\/\/astroceap.com.br\/ceap\/wp-content\/uploads\/2020\/06\/Mapa-CEAP.png\" alt=\"\" width=\"400\" height=\"294\" data-srcset=\"https:\/\/astroceap.com.br\/ceap\/wp-content\/uploads\/2020\/06\/Mapa-CEAP.png 400w, https:\/\/astroceap.com.br\/ceap\/wp-content\/uploads\/2020\/06\/Mapa-CEAP-300x221.png 300w\" data-sizes=\"(max-width: 400px) 100vw, 400px\" src=\"data:image\/svg+xml;base64,PHN2ZyB3aWR0aD0iMSIgaGVpZ2h0PSIxIiB4bWxucz0iaHR0cDovL3d3dy53My5vcmcvMjAwMC9zdmciPjwvc3ZnPg==\" style=\"--smush-placeholder-width: 400px; --smush-placeholder-aspect-ratio: 400\/294;\" \/><\/p>\n<p>&nbsp;<\/p>\n<p>&nbsp;<\/p>\n<p>&nbsp;<\/p>\n<p>&nbsp;<\/p>\n<p>&nbsp;<\/p>\n<p>&nbsp;<\/p>\n<p>&nbsp;<\/p>\n<p>&nbsp;<\/p>\n<p><strong><span style=\"color: #993300;\">Av. Cabo Oscar Rossin, 72 &#8211; Sousas &#8211; Campinas &#8211; SP<\/span><\/strong><br \/>\n<strong><span style=\"color: #993300;\">Tel e Whatsapp: +55 (19) 3258-8342&nbsp; <img decoding=\"async\" class=\"alignnone size-full wp-image-3660 lazyload\" data-src=\"https:\/\/astroceap.com.br\/ceap\/wp-content\/uploads\/2019\/11\/whatsapp2_bem_peq2.png\" alt=\"\" width=\"15\" height=\"15\" src=\"data:image\/svg+xml;base64,PHN2ZyB3aWR0aD0iMSIgaGVpZ2h0PSIxIiB4bWxucz0iaHR0cDovL3d3dy53My5vcmcvMjAwMC9zdmciPjwvc3ZnPg==\" style=\"--smush-placeholder-width: 15px; --smush-placeholder-aspect-ratio: 15\/15;\"><br \/>\n<\/span><\/strong><\/p>\n\n\t\t\t<form id=\"sib_signup_form_5\" method=\"post\" class=\"sib_signup_form\">\n\t\t\t\t<div class=\"sib_loader\" style=\"display:none;\"><img\n\t\t\t\t\t\t\tdata-src=\"https:\/\/astroceap.com.br\/ceap\/wp-includes\/images\/spinner.gif\" alt=\"loader\" src=\"data:image\/svg+xml;base64,PHN2ZyB3aWR0aD0iMSIgaGVpZ2h0PSIxIiB4bWxucz0iaHR0cDovL3d3dy53My5vcmcvMjAwMC9zdmciPjwvc3ZnPg==\" class=\"lazyload\"><\/div>\n\t\t\t\t<input type=\"hidden\" name=\"sib_form_action\" value=\"subscribe_form_submit\">\n\t\t\t\t<input type=\"hidden\" name=\"sib_form_id\" value=\"5\">\n                <input type=\"hidden\" name=\"sib_form_alert_notice\" value=\"Por favor, preencha esse campo\">\n                <input type=\"hidden\" name=\"sib_form_invalid_email_notice\" value=\"Ops! Esse endere\u00e7o de email \u00e9 inv\u00e1lido\">\n                <input type=\"hidden\" name=\"sib_security\" value=\"d959349b5d\">\n\t\t\t\t<div class=\"sib_signup_box_inside_5\">\n\t\t\t\t\t<div style=\"\/*display:none*\/\" class=\"sib_msg_disp\">\n\t\t\t\t\t<\/div>\n                    \t\t\t\t\t<p class=\"sib-FIRST_NAME-area\">\r\n    NOME*\r\n    <input type=\"text\" class=\"sib-FIRST_NAME-area\" name=\"FIRST_NAME\" required=\"required\">\r\n<\/p>\r\n<p class=\"sib-email-area\">\r\n    EMAIL*\r\n    <input type=\"email\" class=\"sib-email-area\" name=\"email\" required=\"required\">\r\n<\/p>\r\n<p class=\"sib-WHATSAPP-area\"> \r\n    <label class=\"sib-WHATSAPP-area\">WHATSAPP<\/label> \r\n    <input type=\"text\" class=\"sib-WHATSAPP-area\" name=\"WHATSAPP\"> \r\n<\/p>\r\n<p class=\"sib-ASSUNTO-area\"> \r\n    <label class=\"sib-ASSUNTO-area\">ASSUNTO*<\/label> \r\n    <input type=\"text\" class=\"sib-ASSUNTO-area\" name=\"ASSUNTO\" required=\"required\"> \r\n<\/p>\r\n<p>\r\n<input type=\"submit\" class=\"sib-default-btn\" value=\"ENVIAR\">\r\n<\/p>\r\n\r\n\r\n\r\n\t\t\t\t<\/div>\n\t\t\t<\/form>\n\t\t\t<style>\n\t\t\t\tform#sib_signup_form_5 p.sib-alert-message {\n    padding: 6px 12px;\n    margin-bottom: 20px;\n    border: 1px solid transparent;\n    border-radius: 4px;\n    -webkit-box-sizing: border-box;\n    -moz-box-sizing: border-box;\n    box-sizing: border-box;\n}\nform#sib_signup_form_5 p.sib-alert-message-error {\n    background-color: #f2dede;\n    border-color: #ebccd1;\n    color: #a94442;\n}\nform#sib_signup_form_5 p.sib-alert-message-success {\n    background-color: #dff0d8;\n    border-color: #d6e9c6;\n    color: #3c763d;\n}\nform#sib_signup_form_5 p.sib-alert-message-warning {\n    background-color: #fcf8e3;\n    border-color: #faebcc;\n    color: #8a6d3b;\n}\n\t\t\t<\/style>\n\t\t\t\n","protected":false},"excerpt":{"rendered":"<p>cursos astrologia C.E.A.P. &#8211; Centro de Estudos de Astrologia Psicol\u00f3gica Coloque no formul\u00e1rio abaixo, no campo Sua mensagem, qual o curso de seu interesse a partir de nossa grade de cursos na p\u00e1gina: CONHE\u00c7A Se seu interesse for sobre Atendimento,<\/p>\n","protected":false},"author":1,"featured_media":0,"parent":0,"menu_order":0,"comment_status":"closed","ping_status":"closed","template":"page-templates\/template-contact.php","meta":{"ngg_post_thumbnail":0,"footnotes":""},"class_list":["post-8","page","type-page","status-publish","hentry"],"yoast_head":"<!-- This site is optimized with the Yoast SEO plugin v27.4 - https:\/\/yoast.com\/product\/yoast-seo-wordpress\/ -->\n<title>C.E.A.P. Cursos de astrologia psicol\u00f3gica Diploma Internacional<\/title>\n<meta name=\"description\" content=\"Astrologia: cursos - mapa astral, signos, ascendente, previs\u00f5es, hor\u00f3scopo e o conhecimento da psicologia - diploma internacional\" \/>\n<meta name=\"robots\" content=\"index, follow, max-snippet:-1, max-image-preview:large, max-video-preview:-1\" \/>\n<link rel=\"canonical\" href=\"https:\/\/astroceap.com.br\/ceap\/contact\/\" \/>\n<meta property=\"og:locale\" content=\"pt_BR\" \/>\n<meta property=\"og:type\" content=\"article\" \/>\n<meta property=\"og:title\" content=\"C.E.A.P. Cursos de astrologia psicol\u00f3gica Diploma Internacional\" \/>\n<meta property=\"og:description\" content=\"Astrologia: cursos - mapa astral, signos, ascendente, previs\u00f5es, hor\u00f3scopo e o conhecimento da psicologia - diploma internacional\" \/>\n<meta property=\"og:url\" content=\"https:\/\/astroceap.com.br\/ceap\/contact\/\" \/>\n<meta property=\"og:site_name\" content=\"C.E.A.P.\" \/>\n<meta property=\"article:publisher\" content=\"https:\/\/www.facebook.com\/astroceap\/\" \/>\n<meta property=\"article:modified_time\" content=\"2025-11-13T21:09:38+00:00\" \/>\n<meta property=\"og:image\" content=\"http:\/\/astroceap.com.br\/ceap\/wp-content\/uploads\/2020\/06\/Mapa-CEAP.png\" \/>\n<meta name=\"twitter:card\" content=\"summary_large_image\" \/>\n<meta name=\"twitter:site\" content=\"@astrologiaceap\" \/>\n<meta name=\"twitter:label1\" content=\"Est. tempo de leitura\" \/>\n\t<meta name=\"twitter:data1\" content=\"1 minuto\" \/>\n<script type=\"application\/ld+json\" class=\"yoast-schema-graph\">{\"@context\":\"https:\\\/\\\/schema.org\",\"@graph\":[{\"@type\":\"WebPage\",\"@id\":\"https:\\\/\\\/astroceap.com.br\\\/ceap\\\/contact\\\/\",\"url\":\"https:\\\/\\\/astroceap.com.br\\\/ceap\\\/contact\\\/\",\"name\":\"C.E.A.P. Cursos de astrologia psicol\u00f3gica Diploma Internacional\",\"isPartOf\":{\"@id\":\"https:\\\/\\\/astroceap.com.br\\\/ceap\\\/#website\"},\"primaryImageOfPage\":{\"@id\":\"https:\\\/\\\/astroceap.com.br\\\/ceap\\\/contact\\\/#primaryimage\"},\"image\":{\"@id\":\"https:\\\/\\\/astroceap.com.br\\\/ceap\\\/contact\\\/#primaryimage\"},\"thumbnailUrl\":\"http:\\\/\\\/astroceap.com.br\\\/ceap\\\/wp-content\\\/uploads\\\/2020\\\/06\\\/Mapa-CEAP.png\",\"datePublished\":\"2015-02-09T08:10:31+00:00\",\"dateModified\":\"2025-11-13T21:09:38+00:00\",\"description\":\"Astrologia: cursos - mapa astral, signos, ascendente, previs\u00f5es, hor\u00f3scopo e o conhecimento da psicologia - diploma internacional\",\"breadcrumb\":{\"@id\":\"https:\\\/\\\/astroceap.com.br\\\/ceap\\\/contact\\\/#breadcrumb\"},\"inLanguage\":\"pt-BR\",\"potentialAction\":[{\"@type\":\"ReadAction\",\"target\":[\"https:\\\/\\\/astroceap.com.br\\\/ceap\\\/contact\\\/\"]}]},{\"@type\":\"ImageObject\",\"inLanguage\":\"pt-BR\",\"@id\":\"https:\\\/\\\/astroceap.com.br\\\/ceap\\\/contact\\\/#primaryimage\",\"url\":\"http:\\\/\\\/astroceap.com.br\\\/ceap\\\/wp-content\\\/uploads\\\/2020\\\/06\\\/Mapa-CEAP.png\",\"contentUrl\":\"http:\\\/\\\/astroceap.com.br\\\/ceap\\\/wp-content\\\/uploads\\\/2020\\\/06\\\/Mapa-CEAP.png\"},{\"@type\":\"BreadcrumbList\",\"@id\":\"https:\\\/\\\/astroceap.com.br\\\/ceap\\\/contact\\\/#breadcrumb\",\"itemListElement\":[{\"@type\":\"ListItem\",\"position\":1,\"name\":\"In\u00edcio\",\"item\":\"https:\\\/\\\/astroceap.com.br\\\/ceap\\\/\"},{\"@type\":\"ListItem\",\"position\":2,\"name\":\"ENTRE EM CONTATO\"}]},{\"@type\":\"WebSite\",\"@id\":\"https:\\\/\\\/astroceap.com.br\\\/ceap\\\/#website\",\"url\":\"https:\\\/\\\/astroceap.com.br\\\/ceap\\\/\",\"name\":\"C.E.A.P.\",\"description\":\"Centro de Estudos de Astrologia Psicol\u00f3gica\",\"publisher\":{\"@id\":\"https:\\\/\\\/astroceap.com.br\\\/ceap\\\/#organization\"},\"potentialAction\":[{\"@type\":\"SearchAction\",\"target\":{\"@type\":\"EntryPoint\",\"urlTemplate\":\"https:\\\/\\\/astroceap.com.br\\\/ceap\\\/?s={search_term_string}\"},\"query-input\":{\"@type\":\"PropertyValueSpecification\",\"valueRequired\":true,\"valueName\":\"search_term_string\"}}],\"inLanguage\":\"pt-BR\"},{\"@type\":\"Organization\",\"@id\":\"https:\\\/\\\/astroceap.com.br\\\/ceap\\\/#organization\",\"name\":\"CEAP Centro de Estudos de Astrologia Psicol\u00f3gica\",\"url\":\"https:\\\/\\\/astroceap.com.br\\\/ceap\\\/\",\"logo\":{\"@type\":\"ImageObject\",\"inLanguage\":\"pt-BR\",\"@id\":\"https:\\\/\\\/astroceap.com.br\\\/ceap\\\/#\\\/schema\\\/logo\\\/image\\\/\",\"url\":\"http:\\\/\\\/astroceap.com.br\\\/ceap\\\/wp-content\\\/uploads\\\/2018\\\/03\\\/LOGO_CEAP_New4site.jpg\",\"contentUrl\":\"http:\\\/\\\/astroceap.com.br\\\/ceap\\\/wp-content\\\/uploads\\\/2018\\\/03\\\/LOGO_CEAP_New4site.jpg\",\"width\":140,\"height\":174,\"caption\":\"CEAP Centro de Estudos de Astrologia Psicol\u00f3gica\"},\"image\":{\"@id\":\"https:\\\/\\\/astroceap.com.br\\\/ceap\\\/#\\\/schema\\\/logo\\\/image\\\/\"},\"sameAs\":[\"https:\\\/\\\/www.facebook.com\\\/astroceap\\\/\",\"https:\\\/\\\/x.com\\\/astrologiaceap\",\"https:\\\/\\\/www.instagram.com\\\/ceap.astrologia\\\/\",\"https:\\\/\\\/www.youtube.com\\\/channel\\\/UCDsKeXx5S7f2xoPUxNpARSQ\"]}]}<\/script>\n<!-- \/ Yoast SEO plugin. -->","yoast_head_json":{"title":"C.E.A.P. Cursos de astrologia psicol\u00f3gica Diploma Internacional","description":"Astrologia: cursos - mapa astral, signos, ascendente, previs\u00f5es, hor\u00f3scopo e o conhecimento da psicologia - diploma internacional","robots":{"index":"index","follow":"follow","max-snippet":"max-snippet:-1","max-image-preview":"max-image-preview:large","max-video-preview":"max-video-preview:-1"},"canonical":"https:\/\/astroceap.com.br\/ceap\/contact\/","og_locale":"pt_BR","og_type":"article","og_title":"C.E.A.P. Cursos de astrologia psicol\u00f3gica Diploma Internacional","og_description":"Astrologia: cursos - mapa astral, signos, ascendente, previs\u00f5es, hor\u00f3scopo e o conhecimento da psicologia - diploma internacional","og_url":"https:\/\/astroceap.com.br\/ceap\/contact\/","og_site_name":"C.E.A.P.","article_publisher":"https:\/\/www.facebook.com\/astroceap\/","article_modified_time":"2025-11-13T21:09:38+00:00","og_image":[{"url":"http:\/\/astroceap.com.br\/ceap\/wp-content\/uploads\/2020\/06\/Mapa-CEAP.png","type":"","width":"","height":""}],"twitter_card":"summary_large_image","twitter_site":"@astrologiaceap","twitter_misc":{"Est. tempo de leitura":"1 minuto"},"schema":{"@context":"https:\/\/schema.org","@graph":[{"@type":"WebPage","@id":"https:\/\/astroceap.com.br\/ceap\/contact\/","url":"https:\/\/astroceap.com.br\/ceap\/contact\/","name":"C.E.A.P. Cursos de astrologia psicol\u00f3gica Diploma Internacional","isPartOf":{"@id":"https:\/\/astroceap.com.br\/ceap\/#website"},"primaryImageOfPage":{"@id":"https:\/\/astroceap.com.br\/ceap\/contact\/#primaryimage"},"image":{"@id":"https:\/\/astroceap.com.br\/ceap\/contact\/#primaryimage"},"thumbnailUrl":"http:\/\/astroceap.com.br\/ceap\/wp-content\/uploads\/2020\/06\/Mapa-CEAP.png","datePublished":"2015-02-09T08:10:31+00:00","dateModified":"2025-11-13T21:09:38+00:00","description":"Astrologia: cursos - mapa astral, signos, ascendente, previs\u00f5es, hor\u00f3scopo e o conhecimento da psicologia - diploma internacional","breadcrumb":{"@id":"https:\/\/astroceap.com.br\/ceap\/contact\/#breadcrumb"},"inLanguage":"pt-BR","potentialAction":[{"@type":"ReadAction","target":["https:\/\/astroceap.com.br\/ceap\/contact\/"]}]},{"@type":"ImageObject","inLanguage":"pt-BR","@id":"https:\/\/astroceap.com.br\/ceap\/contact\/#primaryimage","url":"http:\/\/astroceap.com.br\/ceap\/wp-content\/uploads\/2020\/06\/Mapa-CEAP.png","contentUrl":"http:\/\/astroceap.com.br\/ceap\/wp-content\/uploads\/2020\/06\/Mapa-CEAP.png"},{"@type":"BreadcrumbList","@id":"https:\/\/astroceap.com.br\/ceap\/contact\/#breadcrumb","itemListElement":[{"@type":"ListItem","position":1,"name":"In\u00edcio","item":"https:\/\/astroceap.com.br\/ceap\/"},{"@type":"ListItem","position":2,"name":"ENTRE EM CONTATO"}]},{"@type":"WebSite","@id":"https:\/\/astroceap.com.br\/ceap\/#website","url":"https:\/\/astroceap.com.br\/ceap\/","name":"C.E.A.P.","description":"Centro de Estudos de Astrologia Psicol\u00f3gica","publisher":{"@id":"https:\/\/astroceap.com.br\/ceap\/#organization"},"potentialAction":[{"@type":"SearchAction","target":{"@type":"EntryPoint","urlTemplate":"https:\/\/astroceap.com.br\/ceap\/?s={search_term_string}"},"query-input":{"@type":"PropertyValueSpecification","valueRequired":true,"valueName":"search_term_string"}}],"inLanguage":"pt-BR"},{"@type":"Organization","@id":"https:\/\/astroceap.com.br\/ceap\/#organization","name":"CEAP Centro de Estudos de Astrologia Psicol\u00f3gica","url":"https:\/\/astroceap.com.br\/ceap\/","logo":{"@type":"ImageObject","inLanguage":"pt-BR","@id":"https:\/\/astroceap.com.br\/ceap\/#\/schema\/logo\/image\/","url":"http:\/\/astroceap.com.br\/ceap\/wp-content\/uploads\/2018\/03\/LOGO_CEAP_New4site.jpg","contentUrl":"http:\/\/astroceap.com.br\/ceap\/wp-content\/uploads\/2018\/03\/LOGO_CEAP_New4site.jpg","width":140,"height":174,"caption":"CEAP Centro de Estudos de Astrologia Psicol\u00f3gica"},"image":{"@id":"https:\/\/astroceap.com.br\/ceap\/#\/schema\/logo\/image\/"},"sameAs":["https:\/\/www.facebook.com\/astroceap\/","https:\/\/x.com\/astrologiaceap","https:\/\/www.instagram.com\/ceap.astrologia\/","https:\/\/www.youtube.com\/channel\/UCDsKeXx5S7f2xoPUxNpARSQ"]}]}},"_links":{"self":[{"href":"https:\/\/astroceap.com.br\/ceap\/wp-json\/wp\/v2\/pages\/8","targetHints":{"allow":["GET"]}}],"collection":[{"href":"https:\/\/astroceap.com.br\/ceap\/wp-json\/wp\/v2\/pages"}],"about":[{"href":"https:\/\/astroceap.com.br\/ceap\/wp-json\/wp\/v2\/types\/page"}],"author":[{"embeddable":true,"href":"https:\/\/astroceap.com.br\/ceap\/wp-json\/wp\/v2\/users\/1"}],"replies":[{"embeddable":true,"href":"https:\/\/astroceap.com.br\/ceap\/wp-json\/wp\/v2\/comments?post=8"}],"version-history":[{"count":26,"href":"https:\/\/astroceap.com.br\/ceap\/wp-json\/wp\/v2\/pages\/8\/revisions"}],"predecessor-version":[{"id":11531,"href":"https:\/\/astroceap.com.br\/ceap\/wp-json\/wp\/v2\/pages\/8\/revisions\/11531"}],"wp:attachment":[{"href":"https:\/\/astroceap.com.br\/ceap\/wp-json\/wp\/v2\/media?parent=8"}],"curies":[{"name":"wp","href":"https:\/\/api.w.org\/{rel}","templated":true}]}}